{"id":9160,"date":"2025-06-18T18:09:14","date_gmt":"2025-06-18T10:09:14","guid":{"rendered":"https:\/\/www.hsymachinery.com\/?post_type=product&#038;p=9160"},"modified":"2025-06-28T21:30:28","modified_gmt":"2025-06-28T13:30:28","slug":"freza-na-beton-hq-c800","status":"publish","type":"product","link":"https:\/\/www.hsymachinery.com\/cs\/produkt\/freza-na-beton-hq-c800\/","title":{"rendered":"\u0158eza\u010dka betonu HQ-C800"},"content":{"rendered":"<h2 data-start=\"137\" data-end=\"168\">\u0158eza\u010dka betonu HQ-C800<\/h2>\n<h3 data-start=\"169\" data-end=\"294\">HQ-C800 Heavy-Duty Diesel Concrete Cutter | Velmi hlubok\u00e1 pila na beton s n\u00edzkou spot\u0159ebou paliva pro pr\u016fmyslov\u00e9 a silni\u010dn\u00ed stavby<\/h3>\n<h3 data-start=\"301\" data-end=\"393\">Popis produktu - Maxim\u00e1ln\u00ed hloubka \u0159ezu a odolnost pro n\u00e1ro\u010dn\u00e9 prost\u0159ed\u00ed<a href=\"https:\/\/www.hsymachinery.com\/cs\/produkty\/rezacka-betonu\/\" target=\"_blank\" rel=\"noopener\"><img fetchpriority=\"high\" decoding=\"async\" class=\"wp-image-9161 alignright\" src=\"https:\/\/www.hsymachinery.com\/wp-content\/uploads\/2025\/06\/Concrete-Cutter-HQ-C800-300x300.jpg\" alt=\"\" width=\"451\" height=\"451\" srcset=\"https:\/\/www.hsymachinery.com\/wp-content\/uploads\/2025\/06\/Concrete-Cutter-HQ-C800-300x300.jpg 300w, https:\/\/www.hsymachinery.com\/wp-content\/uploads\/2025\/06\/Concrete-Cutter-HQ-C800-150x150.jpg 150w, https:\/\/www.hsymachinery.com\/wp-content\/uploads\/2025\/06\/Concrete-Cutter-HQ-C800-100x100.jpg 100w, https:\/\/www.hsymachinery.com\/wp-content\/uploads\/2025\/06\/Concrete-Cutter-HQ-C800.jpg 600w\" sizes=\"(max-width: 451px) 100vw, 451px\" \/><\/a><\/h3>\n<p data-start=\"395\" data-end=\"807\">Na str\u00e1nk\u00e1ch <strong data-start=\"399\" data-end=\"426\">\u0158eza\u010dka betonu HQ-C800<\/strong> je zes\u00edlen\u00fd dieselov\u00fd stroj ur\u010den\u00fd pro extr\u00e9mn\u011b hlubok\u00e9, kontinu\u00e1ln\u00ed \u0159ez\u00e1n\u00ed v pr\u016fmyslu, na vozovk\u00e1ch a v z\u00e1kladov\u00fdch aplikac\u00edch. Jeho vysoce v\u00fdkonn\u00fd dieselov\u00fd motor poskytuje to\u010div\u00fd moment a v\u00fdkon pot\u0159ebn\u00fd pro snadn\u00e9 \u0159ez\u00e1n\u00ed \u017eelezobetonu, asfaltov\u00fdch silnic a betonov\u00fdch podkladov\u00fdch vrstev - a to i v extr\u00e9mn\u00edch poln\u00edch podm\u00ednk\u00e1ch.<\/p>\n<p data-start=\"809\" data-end=\"1165\">Tento model s vylep\u0161en\u00fdm konstruk\u010dn\u00edm r\u00e1mem, nadrozm\u011brnou podp\u011brou \u0159ezac\u00edho no\u017ee a lo\u017eisky s dlouhou \u017eivotnost\u00ed je vhodn\u00fd pro velk\u00e9 a n\u00e1ro\u010dn\u00e9 pr\u00e1ce, kter\u00e9 vy\u017eaduj\u00ed odolnost, spolehlivost a hloubku. Syst\u00e9m nastaviteln\u00e9 hloubky \u0159ezu modelu HQ-C800 zaji\u0161\u0165uje p\u0159esn\u00e9 a konzistentn\u00ed v\u00fdsledky i p\u0159i \u0159ez\u00e1n\u00ed hlubok\u00fdch dilata\u010dn\u00edch sp\u00e1r nebo servisn\u00edch kan\u00e1l\u016f.<\/p>\n<p data-start=\"1167\" data-end=\"1303\">Jeho velk\u00e1 n\u00e1dr\u017e na vodu zlep\u0161uje kontrolu pra\u0161nosti a chlazen\u00ed no\u017e\u016f, co\u017e umo\u017e\u0148uje del\u0161\u00ed nep\u0159etr\u017eit\u00fd provoz a prodlu\u017euje \u017eivotnost no\u017e\u016f.<\/p>\n<h3 data-start=\"1310\" data-end=\"1363\">Kl\u00ed\u010dov\u00e9 vlastnosti dieselov\u00e9 \u0159eza\u010dky betonu HQ-C800<\/h3>\n<ul data-start=\"1365\" data-end=\"1788\">\n<li data-start=\"1365\" data-end=\"1430\">\n<p data-start=\"1367\" data-end=\"1430\">V\u00fdkonn\u00fd dieselov\u00fd motor se zv\u00fd\u0161en\u00fdm to\u010div\u00fdm momentem pro t\u011b\u017ek\u00e9 \u0159ez\u00e1n\u00ed<\/p>\n<\/li>\n<li data-start=\"1431\" data-end=\"1499\">\n<p data-start=\"1433\" data-end=\"1499\">Mo\u017enost \u0159ez\u00e1n\u00ed do v\u011bt\u0161\u00ed hloubky pro siln\u00fd beton a asfalt<\/p>\n<\/li>\n<li data-start=\"1500\" data-end=\"1579\">\n<p data-start=\"1502\" data-end=\"1579\">Odoln\u00fd r\u00e1m se zv\u00fd\u0161enou konstruk\u010dn\u00ed pevnost\u00ed a odolnost\u00ed proti vibrac\u00edm<\/p>\n<\/li>\n<li data-start=\"1580\" data-end=\"1647\">\n<p data-start=\"1582\" data-end=\"1647\">Kompatibiln\u00ed s v\u011bt\u0161\u00edmi velikostmi no\u017e\u016f pro pr\u016fmyslov\u00e9 \u0159ez\u00e1n\u00ed<\/p>\n<\/li>\n<li data-start=\"1648\" data-end=\"1709\">\n<p data-start=\"1650\" data-end=\"1709\">Integrovan\u00fd syst\u00e9m vodn\u00edho chlazen\u00ed pro bezpe\u010dn\u00fd a \u010dist\u00fd provoz<\/p>\n<\/li>\n<li data-start=\"1710\" data-end=\"1788\">\n<p data-start=\"1712\" data-end=\"1788\">Ur\u010deno pro pou\u017eit\u00ed na d\u00e1lnic\u00edch, v tov\u00e1rn\u00e1ch, na stavb\u00e1ch infrastruktury a na mostech.<\/p>\n<\/li>\n<\/ul>\n<h3 data-start=\"1795\" data-end=\"1872\">Pou\u017eit\u00ed - ide\u00e1ln\u00ed pro silnice, mosty, leti\u0161t\u011b a stavebn\u00ed dvory<\/h3>\n<p data-start=\"1874\" data-end=\"2192\">Model HQ-C800 je ur\u010den pro nejn\u00e1ro\u010dn\u011bj\u0161\u00ed \u0159ezac\u00ed pr\u00e1ce p\u0159i roz\u0161i\u0159ov\u00e1n\u00ed silnic, dr\u00e1\u017ekov\u00e1n\u00ed mostn\u00edch konstrukc\u00ed, v\u00fdkopech pro leti\u0161tn\u00ed plochy a \u0159ez\u00e1n\u00ed in\u017een\u00fdrsk\u00fdch s\u00edt\u00ed. D\u00edky \u00fasporn\u00e9mu dieselov\u00e9mu syst\u00e9mu je spolehliv\u00fdm \u0159e\u0161en\u00edm pro vzd\u00e1len\u00e9 lokality a dlouh\u00e9 pracovn\u00ed sm\u011bny, kde nen\u00ed mo\u017en\u00e9 pou\u017e\u00edt elektrick\u00e9 n\u00e1\u0159ad\u00ed.<\/p>\n<p data-start=\"2194\" data-end=\"2402\">Dodavatel\u00e9 d\u016fv\u011b\u0159uj\u00ed tomuto stroji pro jeho \u0159ezn\u00fd v\u00fdkon, konstruk\u010dn\u00ed integritu a n\u00edzk\u00e9 provozn\u00ed n\u00e1klady, co\u017e z n\u011bj \u010din\u00ed \u0161pi\u010dkovou investici pro spole\u010dnosti zam\u011b\u0159en\u00e9 na produktivitu a dlouhodob\u00fd v\u00fdkon.<\/p>\n<p><iframe title=\"fr\u00e9za na beton,\u0159ez\u00e1n\u00ed betonu,motorov\u00e1 fr\u00e9za,fr\u00e9za na beton #koncretecutter #concretecutting #powercutter\" width=\"720\" height=\"405\" src=\"https:\/\/www.youtube.com\/embed\/jd-0RTo7CAs?feature=oembed\" frameborder=\"0\" allow=\"accelerometer; autoplay; clipboard-write; encrypted-media; gyroscope; picture-in-picture; web-share\" referrerpolicy=\"strict-origin-when-cross-origin\" allowfullscreen><\/iframe><\/p>","protected":false},"excerpt":{"rendered":"<p>Dieselov\u00e1 \u0159eza\u010dka betonu HQ-C800 umo\u017e\u0148uje velmi hlubok\u00e9 a efektivn\u00ed \u0159ez\u00e1n\u00ed siln\u00e9ho betonu a asfaltu na silnic\u00edch, mostech a velk\u00fdch infrastrukturn\u00edch projektech.<\/p>","protected":false},"featured_media":9161,"template":"","meta":{"_kad_post_transparent":"default","_kad_post_title":"","_kad_post_layout":"default","_kad_post_sidebar_id":"","_kad_post_content_style":"default","_kad_post_vertical_padding":"default","_kad_post_feature":"","_kad_post_feature_position":"","_kad_post_header":false,"_kad_post_footer":false},"product_brand":[],"product_cat":[57],"product_tag":[1073,1071,1080,1076,1078,1074,1077,1079,1072,1075],"class_list":{"0":"post-9160","1":"product","2":"type-product","3":"status-publish","4":"has-post-thumbnail","6":"product_cat-concrete-cutter","7":"product_tag-asphalt-cutter","8":"product_tag-concrete-cutting-machine","9":"product_tag-concrete-groove-cutting-machine","10":"product_tag-diesel-concrete-cutter","11":"product_tag-electric-concrete-cutter","12":"product_tag-floor-saw-machine","13":"product_tag-gasoline-concrete-cutter","14":"product_tag-pavement-cutter-machine","15":"product_tag-road-cutting-machine","16":"product_tag-walk-behind-concrete-cutter","18":"first","19":"instock","20":"shipping-taxable","21":"product-type-simple","22":"entry","23":"content-bg","24":"loop-entry"},"yoast_head":"<!-- This site is optimized with the Yoast SEO plugin v25.3.1 - https:\/\/yoast.com\/wordpress\/plugins\/seo\/ -->\n<title>Concrete Cutter HQ-C800 - HSY Construction Machinery<\/title>\n<meta name=\"description\" content=\"HQ-C800 diesel concrete cutter delivers ultra-deep, stable cutting performance for roads, bridge decks, and thick concrete foundations. Rugged and fuel-efficient.\" \/>\n<meta name=\"robots\" content=\"index, follow, max-snippet:-1, max-image-preview:large, max-video-preview:-1\" \/>\n<link rel=\"canonical\" href=\"https:\/\/www.hsymachinery.com\/cs\/produkt\/freza-na-beton-hq-c800\/\" \/>\n<meta property=\"og:locale\" content=\"cs_CZ\" \/>\n<meta property=\"og:type\" content=\"article\" \/>\n<meta property=\"og:title\" content=\"Concrete Cutter HQ-C800 - HSY Construction Machinery\" \/>\n<meta property=\"og:description\" content=\"HQ-C800 diesel concrete cutter delivers ultra-deep, stable cutting performance for roads, bridge decks, and thick concrete foundations. Rugged and fuel-efficient.\" \/>\n<meta property=\"og:url\" content=\"https:\/\/www.hsymachinery.com\/cs\/produkt\/freza-na-beton-hq-c800\/\" \/>\n<meta property=\"og:site_name\" content=\"HSY Construction Machinery\" \/>\n<meta property=\"article:modified_time\" content=\"2025-06-28T13:30:28+00:00\" \/>\n<meta property=\"og:image\" content=\"https:\/\/www.hsymachinery.com\/wp-content\/uploads\/2025\/06\/Concrete-Cutter-HQ-C800.jpg\" \/>\n\t<meta property=\"og:image:width\" content=\"600\" \/>\n\t<meta property=\"og:image:height\" content=\"600\" \/>\n\t<meta property=\"og:image:type\" content=\"image\/jpeg\" \/>\n<meta name=\"twitter:card\" content=\"summary_large_image\" \/>\n<meta name=\"twitter:label1\" content=\"Odhadovan\u00e1 doba \u010dten\u00ed\" \/>\n\t<meta name=\"twitter:data1\" content=\"2 minuty\" \/>\n<script type=\"application\/ld+json\" class=\"yoast-schema-graph\">{\"@context\":\"https:\/\/schema.org\",\"@graph\":[{\"@type\":\"WebPage\",\"@id\":\"https:\/\/www.hsymachinery.com\/product\/concrete-cutter-hq-c800\/\",\"url\":\"https:\/\/www.hsymachinery.com\/product\/concrete-cutter-hq-c800\/\",\"name\":\"Concrete Cutter HQ-C800 - HSY Construction Machinery\",\"isPartOf\":{\"@id\":\"https:\/\/www.hsymachinery.com\/#website\"},\"primaryImageOfPage\":{\"@id\":\"https:\/\/www.hsymachinery.com\/product\/concrete-cutter-hq-c800\/#primaryimage\"},\"image\":{\"@id\":\"https:\/\/www.hsymachinery.com\/product\/concrete-cutter-hq-c800\/#primaryimage\"},\"thumbnailUrl\":\"https:\/\/www.hsymachinery.com\/wp-content\/uploads\/2025\/06\/Concrete-Cutter-HQ-C800.jpg\",\"datePublished\":\"2025-06-18T10:09:14+00:00\",\"dateModified\":\"2025-06-28T13:30:28+00:00\",\"description\":\"HQ-C800 diesel concrete cutter delivers ultra-deep, stable cutting performance for roads, bridge decks, and thick concrete foundations. Rugged and fuel-efficient.\",\"breadcrumb\":{\"@id\":\"https:\/\/www.hsymachinery.com\/product\/concrete-cutter-hq-c800\/#breadcrumb\"},\"inLanguage\":\"cs\",\"potentialAction\":[{\"@type\":\"ReadAction\",\"target\":[\"https:\/\/www.hsymachinery.com\/product\/concrete-cutter-hq-c800\/\"]}]},{\"@type\":\"ImageObject\",\"inLanguage\":\"cs\",\"@id\":\"https:\/\/www.hsymachinery.com\/product\/concrete-cutter-hq-c800\/#primaryimage\",\"url\":\"https:\/\/www.hsymachinery.com\/wp-content\/uploads\/2025\/06\/Concrete-Cutter-HQ-C800.jpg\",\"contentUrl\":\"https:\/\/www.hsymachinery.com\/wp-content\/uploads\/2025\/06\/Concrete-Cutter-HQ-C800.jpg\",\"width\":600,\"height\":600},{\"@type\":\"BreadcrumbList\",\"@id\":\"https:\/\/www.hsymachinery.com\/product\/concrete-cutter-hq-c800\/#breadcrumb\",\"itemListElement\":[{\"@type\":\"ListItem\",\"position\":1,\"name\":\"home\",\"item\":\"https:\/\/www.hsymachinery.com\/\"},{\"@type\":\"ListItem\",\"position\":2,\"name\":\"products\",\"item\":\"https:\/\/www.hsymachinery.com\/products\/\"},{\"@type\":\"ListItem\",\"position\":3,\"name\":\"Concrete Cutter HQ-C800\"}]},{\"@type\":\"WebSite\",\"@id\":\"https:\/\/www.hsymachinery.com\/#website\",\"url\":\"https:\/\/www.hsymachinery.com\/\",\"name\":\"HSY Construction Machinery\",\"description\":\"HSY Machinery \u2013 A leading China construction machinery supplier, offering a wide range of light construction equipment. Our main products include Rebar Cutting Machine, Rebar Bending Machine, Rebar Stirrup Bending Machine, Rebar Arc Bending Machine, Rebar Straightening Machine, Five-Head Rebar Stirrup Bending Machine, Tamping Rammer, Plate Compactor, Concrete Cutter, Power Trowel, and other construction machinery. We are equipped with advanced CNC machines, and we enforce strict quality inspection standards along with comprehensive after-sales service. If you are interested in our products or services, we warmly welcome your inquiries via message.\",\"publisher\":{\"@id\":\"https:\/\/www.hsymachinery.com\/#organization\"},\"potentialAction\":[{\"@type\":\"SearchAction\",\"target\":{\"@type\":\"EntryPoint\",\"urlTemplate\":\"https:\/\/www.hsymachinery.com\/?s={search_term_string}\"},\"query-input\":{\"@type\":\"PropertyValueSpecification\",\"valueRequired\":true,\"valueName\":\"search_term_string\"}}],\"inLanguage\":\"cs\"},{\"@type\":\"Organization\",\"@id\":\"https:\/\/www.hsymachinery.com\/#organization\",\"name\":\"HSY Construction Machinery\",\"url\":\"https:\/\/www.hsymachinery.com\/\",\"logo\":{\"@type\":\"ImageObject\",\"inLanguage\":\"cs\",\"@id\":\"https:\/\/www.hsymachinery.com\/#\/schema\/logo\/image\/\",\"url\":\"https:\/\/www.hsymachinery.com\/wp-content\/uploads\/2025\/06\/cropped-HSY-machinery.png\",\"contentUrl\":\"https:\/\/www.hsymachinery.com\/wp-content\/uploads\/2025\/06\/cropped-HSY-machinery.png\",\"width\":600,\"height\":240,\"caption\":\"HSY Construction Machinery\"},\"image\":{\"@id\":\"https:\/\/www.hsymachinery.com\/#\/schema\/logo\/image\/\"}}]}<\/script>\n<!-- \/ Yoast SEO plugin. -->","yoast_head_json":{"title":"\u0158eza\u010dka betonu HQ-C800 - Stavebn\u00ed stroje HSY","description":"Dieselov\u00e1 \u0159eza\u010dka betonu HQ-C800 poskytuje velmi hlubok\u00e9 a stabiln\u00ed \u0159ez\u00e1n\u00ed silnic, mostn\u00edch konstrukc\u00ed a siln\u00fdch betonov\u00fdch z\u00e1klad\u016f. Robustn\u00ed a \u00fasporn\u00e1.","robots":{"index":"index","follow":"follow","max-snippet":"max-snippet:-1","max-image-preview":"max-image-preview:large","max-video-preview":"max-video-preview:-1"},"canonical":"https:\/\/www.hsymachinery.com\/cs\/produkt\/freza-na-beton-hq-c800\/","og_locale":"cs_CZ","og_type":"article","og_title":"Concrete Cutter HQ-C800 - HSY Construction Machinery","og_description":"HQ-C800 diesel concrete cutter delivers ultra-deep, stable cutting performance for roads, bridge decks, and thick concrete foundations. Rugged and fuel-efficient.","og_url":"https:\/\/www.hsymachinery.com\/cs\/produkt\/freza-na-beton-hq-c800\/","og_site_name":"HSY Construction Machinery","article_modified_time":"2025-06-28T13:30:28+00:00","og_image":[{"width":600,"height":600,"url":"https:\/\/www.hsymachinery.com\/wp-content\/uploads\/2025\/06\/Concrete-Cutter-HQ-C800.jpg","type":"image\/jpeg"}],"twitter_card":"summary_large_image","twitter_misc":{"Odhadovan\u00e1 doba \u010dten\u00ed":"2 minuty"},"schema":{"@context":"https:\/\/schema.org","@graph":[{"@type":"WebPage","@id":"https:\/\/www.hsymachinery.com\/product\/concrete-cutter-hq-c800\/","url":"https:\/\/www.hsymachinery.com\/product\/concrete-cutter-hq-c800\/","name":"\u0158eza\u010dka betonu HQ-C800 - Stavebn\u00ed stroje HSY","isPartOf":{"@id":"https:\/\/www.hsymachinery.com\/#website"},"primaryImageOfPage":{"@id":"https:\/\/www.hsymachinery.com\/product\/concrete-cutter-hq-c800\/#primaryimage"},"image":{"@id":"https:\/\/www.hsymachinery.com\/product\/concrete-cutter-hq-c800\/#primaryimage"},"thumbnailUrl":"https:\/\/www.hsymachinery.com\/wp-content\/uploads\/2025\/06\/Concrete-Cutter-HQ-C800.jpg","datePublished":"2025-06-18T10:09:14+00:00","dateModified":"2025-06-28T13:30:28+00:00","description":"Dieselov\u00e1 \u0159eza\u010dka betonu HQ-C800 poskytuje velmi hlubok\u00e9 a stabiln\u00ed \u0159ez\u00e1n\u00ed silnic, mostn\u00edch konstrukc\u00ed a siln\u00fdch betonov\u00fdch z\u00e1klad\u016f. Robustn\u00ed a \u00fasporn\u00e1.","breadcrumb":{"@id":"https:\/\/www.hsymachinery.com\/product\/concrete-cutter-hq-c800\/#breadcrumb"},"inLanguage":"cs","potentialAction":[{"@type":"ReadAction","target":["https:\/\/www.hsymachinery.com\/product\/concrete-cutter-hq-c800\/"]}]},{"@type":"ImageObject","inLanguage":"cs","@id":"https:\/\/www.hsymachinery.com\/product\/concrete-cutter-hq-c800\/#primaryimage","url":"https:\/\/www.hsymachinery.com\/wp-content\/uploads\/2025\/06\/Concrete-Cutter-HQ-C800.jpg","contentUrl":"https:\/\/www.hsymachinery.com\/wp-content\/uploads\/2025\/06\/Concrete-Cutter-HQ-C800.jpg","width":600,"height":600},{"@type":"BreadcrumbList","@id":"https:\/\/www.hsymachinery.com\/product\/concrete-cutter-hq-c800\/#breadcrumb","itemListElement":[{"@type":"ListItem","position":1,"name":"home","item":"https:\/\/www.hsymachinery.com\/"},{"@type":"ListItem","position":2,"name":"products","item":"https:\/\/www.hsymachinery.com\/products\/"},{"@type":"ListItem","position":3,"name":"Concrete Cutter HQ-C800"}]},{"@type":"WebSite","@id":"https:\/\/www.hsymachinery.com\/#website","url":"https:\/\/www.hsymachinery.com\/","name":"Stavebn\u00ed stroje HSY","description":"HSY Machinery - P\u0159edn\u00ed \u010d\u00ednsk\u00fd dodavatel stavebn\u00edch stroj\u016f, kter\u00fd nab\u00edz\u00ed \u0161irokou \u0161k\u00e1lu lehk\u00fdch stavebn\u00edch stroj\u016f. Mezi na\u0161e hlavn\u00ed produkty pat\u0159\u00ed \u0159eza\u010dka prut\u016f, oh\u00fdba\u010dka prut\u016f, oh\u00fdba\u010dka prut\u016f, obloukov\u00e1 oh\u00fdba\u010dka prut\u016f, rovna\u010dka prut\u016f, p\u011btihlav\u0148ov\u00e1 oh\u00fdba\u010dka prut\u016f, p\u011bchovac\u00ed kladivo, zhut\u0148ova\u010d desek, \u0159eza\u010dka betonu, motorov\u00e1 st\u011brka a dal\u0161\u00ed stavebn\u00ed stroje. Jsme vybaveni modern\u00edmi CNC stroji a prosazujeme p\u0159\u00edsn\u00e9 standardy kontroly kvality spolu s komplexn\u00edm poprodejn\u00edm servisem. Pokud m\u00e1te z\u00e1jem o na\u0161e v\u00fdrobky nebo slu\u017eby, srde\u010dn\u011b uv\u00edt\u00e1me va\u0161e dotazy prost\u0159ednictv\u00edm zpr\u00e1vy.","publisher":{"@id":"https:\/\/www.hsymachinery.com\/#organization"},"potentialAction":[{"@type":"SearchAction","target":{"@type":"EntryPoint","urlTemplate":"https:\/\/www.hsymachinery.com\/?s={search_term_string}"},"query-input":{"@type":"PropertyValueSpecification","valueRequired":true,"valueName":"search_term_string"}}],"inLanguage":"cs"},{"@type":"Organization","@id":"https:\/\/www.hsymachinery.com\/#organization","name":"Stavebn\u00ed stroje HSY","url":"https:\/\/www.hsymachinery.com\/","logo":{"@type":"ImageObject","inLanguage":"cs","@id":"https:\/\/www.hsymachinery.com\/#\/schema\/logo\/image\/","url":"https:\/\/www.hsymachinery.com\/wp-content\/uploads\/2025\/06\/cropped-HSY-machinery.png","contentUrl":"https:\/\/www.hsymachinery.com\/wp-content\/uploads\/2025\/06\/cropped-HSY-machinery.png","width":600,"height":240,"caption":"HSY Construction Machinery"},"image":{"@id":"https:\/\/www.hsymachinery.com\/#\/schema\/logo\/image\/"}}]}},"_links":{"self":[{"href":"https:\/\/www.hsymachinery.com\/cs\/wp-json\/wp\/v2\/product\/9160","targetHints":{"allow":["GET"]}}],"collection":[{"href":"https:\/\/www.hsymachinery.com\/cs\/wp-json\/wp\/v2\/product"}],"about":[{"href":"https:\/\/www.hsymachinery.com\/cs\/wp-json\/wp\/v2\/types\/product"}],"version-history":[{"count":3,"href":"https:\/\/www.hsymachinery.com\/cs\/wp-json\/wp\/v2\/product\/9160\/revisions"}],"predecessor-version":[{"id":9571,"href":"https:\/\/www.hsymachinery.com\/cs\/wp-json\/wp\/v2\/product\/9160\/revisions\/9571"}],"wp:featuredmedia":[{"embeddable":true,"href":"https:\/\/www.hsymachinery.com\/cs\/wp-json\/wp\/v2\/media\/9161"}],"wp:attachment":[{"href":"https:\/\/www.hsymachinery.com\/cs\/wp-json\/wp\/v2\/media?parent=9160"}],"wp:term":[{"taxonomy":"product_brand","embeddable":true,"href":"https:\/\/www.hsymachinery.com\/cs\/wp-json\/wp\/v2\/product_brand?post=9160"},{"taxonomy":"product_cat","embeddable":true,"href":"https:\/\/www.hsymachinery.com\/cs\/wp-json\/wp\/v2\/product_cat?post=9160"},{"taxonomy":"product_tag","embeddable":true,"href":"https:\/\/www.hsymachinery.com\/cs\/wp-json\/wp\/v2\/product_tag?post=9160"}],"curies":[{"name":"wp","href":"https:\/\/api.w.org\/{rel}","templated":true}]}}