{"id":9103,"date":"2025-06-18T16:50:53","date_gmt":"2025-06-18T08:50:53","guid":{"rendered":"https:\/\/www.hsymachinery.com\/?post_type=product&#038;p=9103"},"modified":"2025-06-28T19:39:25","modified_gmt":"2025-06-28T11:39:25","slug":"deskovy-zhutnovac-ph-h90","status":"publish","type":"product","link":"https:\/\/www.hsymachinery.com\/cs\/produkt\/deskovy-zhutnovac-ph-h90\/","title":{"rendered":"Deskov\u00fd zhut\u0148ova\u010d PH-H90"},"content":{"rendered":"<h2 data-start=\"96\" data-end=\"126\">Deskov\u00fd zhut\u0148ova\u010d PH-H90<\/h2>\n<h3 data-start=\"127\" data-end=\"243\">PH-H90 Honda Benz\u00ednov\u00fd zhut\u0148ova\u010d | Kompaktn\u00ed a odoln\u00fd zhut\u0148ova\u010d p\u016fdy pro chodn\u00edky, z\u00e1platov\u00e1n\u00ed a ter\u00e9nn\u00ed \u00fapravy<\/h3>\n<h3 data-start=\"250\" data-end=\"322\">P\u0159ehled produkt\u016f - V\u00fdkon Honda pro spolehliv\u00e9 zhut\u0148ov\u00e1n\u00ed p\u0159i lehk\u00e9m nasazen\u00ed<a href=\"https:\/\/www.hsymachinery.com\/cs\/produkty\/zhutnovac-desek\/\" target=\"_blank\" rel=\"noopener\"><img fetchpriority=\"high\" decoding=\"async\" class=\"wp-image-9110 alignright\" src=\"https:\/\/www.hsymachinery.com\/wp-content\/uploads\/2025\/06\/Plate-Compactor-PH-H90-1-e1750237264210-300x300.jpg\" alt=\"\" width=\"459\" height=\"459\" srcset=\"https:\/\/www.hsymachinery.com\/wp-content\/uploads\/2025\/06\/Plate-Compactor-PH-H90-1-e1750237264210-300x300.jpg 300w, https:\/\/www.hsymachinery.com\/wp-content\/uploads\/2025\/06\/Plate-Compactor-PH-H90-1-e1750237264210-150x150.jpg 150w, https:\/\/www.hsymachinery.com\/wp-content\/uploads\/2025\/06\/Plate-Compactor-PH-H90-1-e1750237264210-100x100.jpg 100w, https:\/\/www.hsymachinery.com\/wp-content\/uploads\/2025\/06\/Plate-Compactor-PH-H90-1-e1750237264210.jpg 600w\" sizes=\"(max-width: 459px) 100vw, 459px\" \/><\/a><\/h3>\n<p data-start=\"324\" data-end=\"700\">Na str\u00e1nk\u00e1ch <strong data-start=\"328\" data-end=\"354\">Deskov\u00fd zhut\u0148ova\u010d PH-H90<\/strong> je vybaven \u010dty\u0159taktn\u00edm benz\u00ednov\u00fdm motorem Honda GX160, kter\u00fd poskytuje spolehliv\u00fd a konzistentn\u00ed v\u00fdkon p\u0159i hutn\u011bn\u00ed pro lehk\u00e9 a\u017e st\u0159edn\u011b t\u011b\u017ek\u00e9 aplikace. Je ide\u00e1ln\u00ed pro z\u00e1platov\u00e1n\u00ed chodn\u00edk\u016f, pokl\u00e1dku chodn\u00edk\u016f, zahradn\u00ed projekty a obytnou v\u00fdstavbu, zejm\u00e9na v oblastech, kde je d\u016fle\u017eit\u00e1 spolehlivost a n\u00edzk\u00e9 emise.<\/p>\n<p data-start=\"702\" data-end=\"859\">Model PH-H90 s kompaktn\u00ed konstrukc\u00ed a osv\u011bd\u010den\u00fdm motorem Honda je obl\u00edben\u00fd u dodavatel\u016f, kte\u0159\u00ed vy\u017eaduj\u00ed efektivitu, mobilitu a odolnost na \u00farovni zna\u010dky.<\/p>\n<h3 data-start=\"866\" data-end=\"933\">Hladk\u00fd chod, dlouh\u00e1 \u017eivotnost motoru a u\u017eivatelsky p\u0159\u00edv\u011btiv\u00fd design<\/h3>\n<p data-start=\"935\" data-end=\"1232\">Motor Honda GX160 nab\u00edz\u00ed snadn\u00e9 startov\u00e1n\u00ed s nav\u00edjen\u00edm, n\u00edzkou hlu\u010dnost a vynikaj\u00edc\u00ed spot\u0159ebu paliva, tak\u017ee je tento model vhodn\u00fd pro ka\u017edodenn\u00ed pou\u017eit\u00ed na jak\u00e9mkoli pracovi\u0161ti. Jeho zes\u00edlen\u00e1 ocelov\u00e1 z\u00e1kladn\u00ed deska zaji\u0161\u0165uje rovnom\u011brn\u00e9 zhutn\u011bn\u00ed, zat\u00edmco ergonomick\u00e1 rukoje\u0165 sni\u017euje \u00fanavu obsluhy b\u011bhem dlouh\u00fdch sm\u011bn.<\/p>\n<p data-start=\"1234\" data-end=\"1337\">\u00dadr\u017eba je jednoduch\u00e1 a glob\u00e1ln\u00ed podpora spole\u010dnosti Honda umo\u017e\u0148uje \u0161irokou dostupnost n\u00e1hradn\u00edch d\u00edl\u016f a servisu.<\/p>\n<h3 data-start=\"1344\" data-end=\"1396\">Ide\u00e1ln\u00ed pro mal\u00e9 stavby a p\u0159esn\u00e9 pr\u00e1ce<\/h3>\n<p data-start=\"1398\" data-end=\"1670\">Model PH-H90 je navr\u017een pro pohyb v \u00fazk\u00fdch stavebn\u00edch z\u00f3n\u00e1ch a lze jej snadno p\u0159epravovat a pou\u017e\u00edvat na okraj\u00edch chodn\u00edk\u016f, p\u0159\u00edjezdov\u00fdch cest\u00e1ch a v \u00fazk\u00fdch v\u00fdkopech. Navzdory sv\u00fdm kompaktn\u00edm rozm\u011br\u016fm poskytuje silnou s\u00edlu \u00faderu, kter\u00e1 poka\u017ed\u00e9 zajist\u00ed hladk\u00fd a stabiln\u00ed povrch.<\/p>\n<p data-start=\"1672\" data-end=\"1801\">A\u0165 u\u017e pracujete v obytn\u00e9 z\u00e1stavb\u011b nebo p\u0159i modernizaci m\u011bst, tento stroj poskytuje v\u00fdkon, na kter\u00fd se m\u016f\u017eete spolehnout.<\/p>\n<h3 data-start=\"1808\" data-end=\"1852\">Kl\u00ed\u010dov\u00e9 vlastnosti deskov\u00e9ho zhut\u0148ova\u010de PH-H90<\/h3>\n<ul data-start=\"1854\" data-end=\"2153\">\n<li data-start=\"1854\" data-end=\"1907\">\n<p data-start=\"1856\" data-end=\"1907\">Pohon spolehliv\u00fdm benz\u00ednov\u00fdm motorem Honda GX160<\/p>\n<\/li>\n<li data-start=\"1908\" data-end=\"1971\">\n<p data-start=\"1910\" data-end=\"1971\">Zaji\u0161\u0165uje rovnom\u011brn\u00e9 zhutn\u011bn\u00ed lehk\u00e9 a\u017e st\u0159edn\u011b t\u011b\u017ek\u00e9 p\u016fdy.<\/p>\n<\/li>\n<li data-start=\"1972\" data-end=\"2038\">\n<p data-start=\"1974\" data-end=\"2038\">Ide\u00e1ln\u00ed pro drobn\u00e9 stavebn\u00ed pr\u00e1ce, ter\u00e9nn\u00ed \u00fapravy a opravy chodn\u00edk\u016f.<\/p>\n<\/li>\n<li data-start=\"2039\" data-end=\"2093\">\n<p data-start=\"2041\" data-end=\"2093\">N\u00edzk\u00e9 vibrace a tich\u00fd provoz pro pohodl\u00ed u\u017eivatele<\/p>\n<\/li>\n<li data-start=\"2094\" data-end=\"2153\">\n<p data-start=\"2096\" data-end=\"2153\">Odoln\u00e9 a kompaktn\u00ed pro snadnou p\u0159epravu a skladov\u00e1n\u00ed na staveni\u0161ti<\/p>\n<\/li>\n<\/ul>\n<p><iframe title=\"kompaktor, podb\u00edjec\u00ed beranidlo, podb\u00edje\u010dka, deskov\u00fd kompaktor, stavebn\u00ed vibrace, kompaktor machine.#tamping\" width=\"720\" height=\"405\" src=\"https:\/\/www.youtube.com\/embed\/kHw7Cpv12Zs?feature=oembed\" frameborder=\"0\" allow=\"accelerometer; autoplay; clipboard-write; encrypted-media; gyroscope; picture-in-picture; web-share\" referrerpolicy=\"strict-origin-when-cross-origin\" allowfullscreen><\/iframe><\/p>","protected":false},"excerpt":{"rendered":"<p>Deskov\u00fd zhut\u0148ova\u010d PH-H90 s motorem Honda GX160 zaji\u0161\u0165uje efektivn\u00ed, tich\u00e9 a konzistentn\u00ed zhut\u0148ov\u00e1n\u00ed. Ide\u00e1ln\u00ed pro ter\u00e9nn\u00ed \u00fapravy, opravy chodn\u00edk\u016f a mal\u00e9 stavebn\u00ed projekty.<\/p>","protected":false},"featured_media":9110,"template":"","meta":{"_kad_post_transparent":"default","_kad_post_title":"","_kad_post_layout":"default","_kad_post_sidebar_id":"","_kad_post_content_style":"default","_kad_post_vertical_padding":"default","_kad_post_feature":"","_kad_post_feature_position":"","_kad_post_header":false,"_kad_post_footer":false},"product_brand":[],"product_cat":[59],"product_tag":[1066,1062,1065,1070,1069,1063,1067,1064,1061,1068],"class_list":{"0":"post-9103","1":"product","2":"type-product","3":"status-publish","4":"has-post-thumbnail","6":"product_cat-plate-compactor","7":"product_tag-diesel-plate-compactor","8":"product_tag-forward-plate-compactor","9":"product_tag-gasoline-plate-compactor","10":"product_tag-heavy-duty-plate-compactor","11":"product_tag-plate-compactor-for-asphalt","12":"product_tag-reversible-plate-compactor","13":"product_tag-road-construction-compactor","14":"product_tag-soil-plate-compactor","15":"product_tag-vibratory-plate-compactor","16":"product_tag-walk-behind-plate-compactor","18":"first","19":"instock","20":"featured","21":"shipping-taxable","22":"product-type-simple","23":"entry","24":"content-bg","25":"loop-entry"},"yoast_head":"<!-- This site is optimized with the Yoast SEO plugin v25.3.1 - https:\/\/yoast.com\/wordpress\/plugins\/seo\/ -->\n<title>Plate Compactor PH-H90 - HSY Construction Machinery<\/title>\n<meta name=\"description\" content=\"PH-H90 Honda Plate Compactor offers reliable and quiet soil compaction. Ideal for sidewalks, driveways, and light-duty construction. Powered by a GX160 engine.\" \/>\n<meta name=\"robots\" content=\"index, follow, max-snippet:-1, max-image-preview:large, max-video-preview:-1\" \/>\n<link rel=\"canonical\" href=\"https:\/\/www.hsymachinery.com\/cs\/produkt\/deskovy-zhutnovac-ph-h90\/\" \/>\n<meta property=\"og:locale\" content=\"cs_CZ\" \/>\n<meta property=\"og:type\" content=\"article\" \/>\n<meta property=\"og:title\" content=\"Plate Compactor PH-H90 - HSY Construction Machinery\" \/>\n<meta property=\"og:description\" content=\"PH-H90 Honda Plate Compactor offers reliable and quiet soil compaction. Ideal for sidewalks, driveways, and light-duty construction. Powered by a GX160 engine.\" \/>\n<meta property=\"og:url\" content=\"https:\/\/www.hsymachinery.com\/cs\/produkt\/deskovy-zhutnovac-ph-h90\/\" \/>\n<meta property=\"og:site_name\" content=\"HSY Construction Machinery\" \/>\n<meta property=\"article:modified_time\" content=\"2025-06-28T11:39:25+00:00\" \/>\n<meta property=\"og:image\" content=\"https:\/\/www.hsymachinery.com\/wp-content\/uploads\/2025\/06\/Plate-Compactor-PH-H90-1-e1750237264210.jpg\" \/>\n\t<meta property=\"og:image:width\" content=\"600\" \/>\n\t<meta property=\"og:image:height\" content=\"600\" \/>\n\t<meta property=\"og:image:type\" content=\"image\/jpeg\" \/>\n<meta name=\"twitter:card\" content=\"summary_large_image\" \/>\n<meta name=\"twitter:label1\" content=\"Odhadovan\u00e1 doba \u010dten\u00ed\" \/>\n\t<meta name=\"twitter:data1\" content=\"2 minuty\" \/>\n<script type=\"application\/ld+json\" class=\"yoast-schema-graph\">{\"@context\":\"https:\/\/schema.org\",\"@graph\":[{\"@type\":\"WebPage\",\"@id\":\"https:\/\/www.hsymachinery.com\/product\/plate-compactor-ph-h90\/\",\"url\":\"https:\/\/www.hsymachinery.com\/product\/plate-compactor-ph-h90\/\",\"name\":\"Plate Compactor PH-H90 - HSY Construction Machinery\",\"isPartOf\":{\"@id\":\"https:\/\/www.hsymachinery.com\/#website\"},\"primaryImageOfPage\":{\"@id\":\"https:\/\/www.hsymachinery.com\/product\/plate-compactor-ph-h90\/#primaryimage\"},\"image\":{\"@id\":\"https:\/\/www.hsymachinery.com\/product\/plate-compactor-ph-h90\/#primaryimage\"},\"thumbnailUrl\":\"https:\/\/www.hsymachinery.com\/wp-content\/uploads\/2025\/06\/Plate-Compactor-PH-H90-1-e1750237264210.jpg\",\"datePublished\":\"2025-06-18T08:50:53+00:00\",\"dateModified\":\"2025-06-28T11:39:25+00:00\",\"description\":\"PH-H90 Honda Plate Compactor offers reliable and quiet soil compaction. Ideal for sidewalks, driveways, and light-duty construction. Powered by a GX160 engine.\",\"breadcrumb\":{\"@id\":\"https:\/\/www.hsymachinery.com\/product\/plate-compactor-ph-h90\/#breadcrumb\"},\"inLanguage\":\"cs\",\"potentialAction\":[{\"@type\":\"ReadAction\",\"target\":[\"https:\/\/www.hsymachinery.com\/product\/plate-compactor-ph-h90\/\"]}]},{\"@type\":\"ImageObject\",\"inLanguage\":\"cs\",\"@id\":\"https:\/\/www.hsymachinery.com\/product\/plate-compactor-ph-h90\/#primaryimage\",\"url\":\"https:\/\/www.hsymachinery.com\/wp-content\/uploads\/2025\/06\/Plate-Compactor-PH-H90-1-e1750237264210.jpg\",\"contentUrl\":\"https:\/\/www.hsymachinery.com\/wp-content\/uploads\/2025\/06\/Plate-Compactor-PH-H90-1-e1750237264210.jpg\",\"width\":600,\"height\":600},{\"@type\":\"BreadcrumbList\",\"@id\":\"https:\/\/www.hsymachinery.com\/product\/plate-compactor-ph-h90\/#breadcrumb\",\"itemListElement\":[{\"@type\":\"ListItem\",\"position\":1,\"name\":\"home\",\"item\":\"https:\/\/www.hsymachinery.com\/\"},{\"@type\":\"ListItem\",\"position\":2,\"name\":\"products\",\"item\":\"https:\/\/www.hsymachinery.com\/products\/\"},{\"@type\":\"ListItem\",\"position\":3,\"name\":\"Plate Compactor PH-H90\"}]},{\"@type\":\"WebSite\",\"@id\":\"https:\/\/www.hsymachinery.com\/#website\",\"url\":\"https:\/\/www.hsymachinery.com\/\",\"name\":\"HSY Construction Machinery\",\"description\":\"HSY Machinery \u2013 A leading China construction machinery supplier, offering a wide range of light construction equipment. Our main products include Rebar Cutting Machine, Rebar Bending Machine, Rebar Stirrup Bending Machine, Rebar Arc Bending Machine, Rebar Straightening Machine, Five-Head Rebar Stirrup Bending Machine, Tamping Rammer, Plate Compactor, Concrete Cutter, Power Trowel, and other construction machinery. We are equipped with advanced CNC machines, and we enforce strict quality inspection standards along with comprehensive after-sales service. If you are interested in our products or services, we warmly welcome your inquiries via message.\",\"publisher\":{\"@id\":\"https:\/\/www.hsymachinery.com\/#organization\"},\"potentialAction\":[{\"@type\":\"SearchAction\",\"target\":{\"@type\":\"EntryPoint\",\"urlTemplate\":\"https:\/\/www.hsymachinery.com\/?s={search_term_string}\"},\"query-input\":{\"@type\":\"PropertyValueSpecification\",\"valueRequired\":true,\"valueName\":\"search_term_string\"}}],\"inLanguage\":\"cs\"},{\"@type\":\"Organization\",\"@id\":\"https:\/\/www.hsymachinery.com\/#organization\",\"name\":\"HSY Construction Machinery\",\"url\":\"https:\/\/www.hsymachinery.com\/\",\"logo\":{\"@type\":\"ImageObject\",\"inLanguage\":\"cs\",\"@id\":\"https:\/\/www.hsymachinery.com\/#\/schema\/logo\/image\/\",\"url\":\"https:\/\/www.hsymachinery.com\/wp-content\/uploads\/2025\/06\/cropped-HSY-machinery.png\",\"contentUrl\":\"https:\/\/www.hsymachinery.com\/wp-content\/uploads\/2025\/06\/cropped-HSY-machinery.png\",\"width\":600,\"height\":240,\"caption\":\"HSY Construction Machinery\"},\"image\":{\"@id\":\"https:\/\/www.hsymachinery.com\/#\/schema\/logo\/image\/\"}}]}<\/script>\n<!-- \/ Yoast SEO plugin. -->","yoast_head_json":{"title":"Deskov\u00fd zhut\u0148ova\u010d PH-H90 - Stavebn\u00ed stroje HSY","description":"Deskov\u00fd zhut\u0148ova\u010d PH-H90 Honda nab\u00edz\u00ed spolehliv\u00e9 a tich\u00e9 zhut\u0148ov\u00e1n\u00ed p\u016fdy. Ide\u00e1ln\u00ed pro chodn\u00edky, p\u0159\u00edjezdov\u00e9 cesty a lehk\u00e9 stavebn\u00ed pr\u00e1ce. Poh\u00e1n\u011bn motorem GX160.","robots":{"index":"index","follow":"follow","max-snippet":"max-snippet:-1","max-image-preview":"max-image-preview:large","max-video-preview":"max-video-preview:-1"},"canonical":"https:\/\/www.hsymachinery.com\/cs\/produkt\/deskovy-zhutnovac-ph-h90\/","og_locale":"cs_CZ","og_type":"article","og_title":"Plate Compactor PH-H90 - HSY Construction Machinery","og_description":"PH-H90 Honda Plate Compactor offers reliable and quiet soil compaction. Ideal for sidewalks, driveways, and light-duty construction. Powered by a GX160 engine.","og_url":"https:\/\/www.hsymachinery.com\/cs\/produkt\/deskovy-zhutnovac-ph-h90\/","og_site_name":"HSY Construction Machinery","article_modified_time":"2025-06-28T11:39:25+00:00","og_image":[{"width":600,"height":600,"url":"https:\/\/www.hsymachinery.com\/wp-content\/uploads\/2025\/06\/Plate-Compactor-PH-H90-1-e1750237264210.jpg","type":"image\/jpeg"}],"twitter_card":"summary_large_image","twitter_misc":{"Odhadovan\u00e1 doba \u010dten\u00ed":"2 minuty"},"schema":{"@context":"https:\/\/schema.org","@graph":[{"@type":"WebPage","@id":"https:\/\/www.hsymachinery.com\/product\/plate-compactor-ph-h90\/","url":"https:\/\/www.hsymachinery.com\/product\/plate-compactor-ph-h90\/","name":"Deskov\u00fd zhut\u0148ova\u010d PH-H90 - Stavebn\u00ed stroje HSY","isPartOf":{"@id":"https:\/\/www.hsymachinery.com\/#website"},"primaryImageOfPage":{"@id":"https:\/\/www.hsymachinery.com\/product\/plate-compactor-ph-h90\/#primaryimage"},"image":{"@id":"https:\/\/www.hsymachinery.com\/product\/plate-compactor-ph-h90\/#primaryimage"},"thumbnailUrl":"https:\/\/www.hsymachinery.com\/wp-content\/uploads\/2025\/06\/Plate-Compactor-PH-H90-1-e1750237264210.jpg","datePublished":"2025-06-18T08:50:53+00:00","dateModified":"2025-06-28T11:39:25+00:00","description":"Deskov\u00fd zhut\u0148ova\u010d PH-H90 Honda nab\u00edz\u00ed spolehliv\u00e9 a tich\u00e9 zhut\u0148ov\u00e1n\u00ed p\u016fdy. Ide\u00e1ln\u00ed pro chodn\u00edky, p\u0159\u00edjezdov\u00e9 cesty a lehk\u00e9 stavebn\u00ed pr\u00e1ce. Poh\u00e1n\u011bn motorem GX160.","breadcrumb":{"@id":"https:\/\/www.hsymachinery.com\/product\/plate-compactor-ph-h90\/#breadcrumb"},"inLanguage":"cs","potentialAction":[{"@type":"ReadAction","target":["https:\/\/www.hsymachinery.com\/product\/plate-compactor-ph-h90\/"]}]},{"@type":"ImageObject","inLanguage":"cs","@id":"https:\/\/www.hsymachinery.com\/product\/plate-compactor-ph-h90\/#primaryimage","url":"https:\/\/www.hsymachinery.com\/wp-content\/uploads\/2025\/06\/Plate-Compactor-PH-H90-1-e1750237264210.jpg","contentUrl":"https:\/\/www.hsymachinery.com\/wp-content\/uploads\/2025\/06\/Plate-Compactor-PH-H90-1-e1750237264210.jpg","width":600,"height":600},{"@type":"BreadcrumbList","@id":"https:\/\/www.hsymachinery.com\/product\/plate-compactor-ph-h90\/#breadcrumb","itemListElement":[{"@type":"ListItem","position":1,"name":"home","item":"https:\/\/www.hsymachinery.com\/"},{"@type":"ListItem","position":2,"name":"products","item":"https:\/\/www.hsymachinery.com\/products\/"},{"@type":"ListItem","position":3,"name":"Plate Compactor PH-H90"}]},{"@type":"WebSite","@id":"https:\/\/www.hsymachinery.com\/#website","url":"https:\/\/www.hsymachinery.com\/","name":"Stavebn\u00ed stroje HSY","description":"HSY Machinery - P\u0159edn\u00ed \u010d\u00ednsk\u00fd dodavatel stavebn\u00edch stroj\u016f, kter\u00fd nab\u00edz\u00ed \u0161irokou \u0161k\u00e1lu lehk\u00fdch stavebn\u00edch stroj\u016f. Mezi na\u0161e hlavn\u00ed produkty pat\u0159\u00ed \u0159eza\u010dka prut\u016f, oh\u00fdba\u010dka prut\u016f, oh\u00fdba\u010dka prut\u016f, obloukov\u00e1 oh\u00fdba\u010dka prut\u016f, rovna\u010dka prut\u016f, p\u011btihlav\u0148ov\u00e1 oh\u00fdba\u010dka prut\u016f, p\u011bchovac\u00ed kladivo, zhut\u0148ova\u010d desek, \u0159eza\u010dka betonu, motorov\u00e1 st\u011brka a dal\u0161\u00ed stavebn\u00ed stroje. Jsme vybaveni modern\u00edmi CNC stroji a prosazujeme p\u0159\u00edsn\u00e9 standardy kontroly kvality spolu s komplexn\u00edm poprodejn\u00edm servisem. Pokud m\u00e1te z\u00e1jem o na\u0161e v\u00fdrobky nebo slu\u017eby, srde\u010dn\u011b uv\u00edt\u00e1me va\u0161e dotazy prost\u0159ednictv\u00edm zpr\u00e1vy.","publisher":{"@id":"https:\/\/www.hsymachinery.com\/#organization"},"potentialAction":[{"@type":"SearchAction","target":{"@type":"EntryPoint","urlTemplate":"https:\/\/www.hsymachinery.com\/?s={search_term_string}"},"query-input":{"@type":"PropertyValueSpecification","valueRequired":true,"valueName":"search_term_string"}}],"inLanguage":"cs"},{"@type":"Organization","@id":"https:\/\/www.hsymachinery.com\/#organization","name":"Stavebn\u00ed stroje HSY","url":"https:\/\/www.hsymachinery.com\/","logo":{"@type":"ImageObject","inLanguage":"cs","@id":"https:\/\/www.hsymachinery.com\/#\/schema\/logo\/image\/","url":"https:\/\/www.hsymachinery.com\/wp-content\/uploads\/2025\/06\/cropped-HSY-machinery.png","contentUrl":"https:\/\/www.hsymachinery.com\/wp-content\/uploads\/2025\/06\/cropped-HSY-machinery.png","width":600,"height":240,"caption":"HSY Construction Machinery"},"image":{"@id":"https:\/\/www.hsymachinery.com\/#\/schema\/logo\/image\/"}}]}},"_links":{"self":[{"href":"https:\/\/www.hsymachinery.com\/cs\/wp-json\/wp\/v2\/product\/9103","targetHints":{"allow":["GET"]}}],"collection":[{"href":"https:\/\/www.hsymachinery.com\/cs\/wp-json\/wp\/v2\/product"}],"about":[{"href":"https:\/\/www.hsymachinery.com\/cs\/wp-json\/wp\/v2\/types\/product"}],"version-history":[{"count":3,"href":"https:\/\/www.hsymachinery.com\/cs\/wp-json\/wp\/v2\/product\/9103\/revisions"}],"predecessor-version":[{"id":9527,"href":"https:\/\/www.hsymachinery.com\/cs\/wp-json\/wp\/v2\/product\/9103\/revisions\/9527"}],"wp:featuredmedia":[{"embeddable":true,"href":"https:\/\/www.hsymachinery.com\/cs\/wp-json\/wp\/v2\/media\/9110"}],"wp:attachment":[{"href":"https:\/\/www.hsymachinery.com\/cs\/wp-json\/wp\/v2\/media?parent=9103"}],"wp:term":[{"taxonomy":"product_brand","embeddable":true,"href":"https:\/\/www.hsymachinery.com\/cs\/wp-json\/wp\/v2\/product_brand?post=9103"},{"taxonomy":"product_cat","embeddable":true,"href":"https:\/\/www.hsymachinery.com\/cs\/wp-json\/wp\/v2\/product_cat?post=9103"},{"taxonomy":"product_tag","embeddable":true,"href":"https:\/\/www.hsymachinery.com\/cs\/wp-json\/wp\/v2\/product_tag?post=9103"}],"curies":[{"name":"wp","href":"https:\/\/api.w.org\/{rel}","templated":true}]}}