{"id":9091,"date":"2025-06-18T16:31:39","date_gmt":"2025-06-18T08:31:39","guid":{"rendered":"https:\/\/www.hsymachinery.com\/?post_type=product&#038;p=9091"},"modified":"2025-06-28T15:46:29","modified_gmt":"2025-06-28T07:46:29","slug":"podbijeci-beranidlo-ch-h125","status":"publish","type":"product","link":"https:\/\/www.hsymachinery.com\/cs\/produkt\/podbijeci-beranidlo-ch-h125\/","title":{"rendered":"Podb\u00edjec\u00ed beranidlo CH-H125"},"content":{"rendered":"<h2 data-start=\"111\" data-end=\"141\">Podb\u00edjec\u00ed beranidlo CH-H125<\/h2>\n<h3 data-start=\"142\" data-end=\"267\">CH-H125 Benz\u00ednov\u00e1 p\u011bchovac\u00ed p\u011bch Honda | Vysoce \u00fa\u010dinn\u00fd zhut\u0148ova\u010d p\u016fdy pro intenzivn\u00ed stavebn\u00ed a infrastrukturn\u00ed projekty<\/h3>\n<h3 data-start=\"274\" data-end=\"355\">P\u0159ehled produktu - Prvot\u0159\u00eddn\u00ed v\u00fdkon a stabilita pro profesion\u00e1ln\u00ed zemn\u00ed pr\u00e1ce<img fetchpriority=\"high\" decoding=\"async\" class=\"wp-image-9092 alignright\" src=\"https:\/\/www.hsymachinery.com\/wp-content\/uploads\/2025\/06\/Tamping-Rammer-CH-H125-300x300.jpg\" alt=\"\" width=\"470\" height=\"470\" srcset=\"https:\/\/www.hsymachinery.com\/wp-content\/uploads\/2025\/06\/Tamping-Rammer-CH-H125-300x300.jpg 300w, https:\/\/www.hsymachinery.com\/wp-content\/uploads\/2025\/06\/Tamping-Rammer-CH-H125-150x150.jpg 150w, https:\/\/www.hsymachinery.com\/wp-content\/uploads\/2025\/06\/Tamping-Rammer-CH-H125-768x768.jpg 768w, https:\/\/www.hsymachinery.com\/wp-content\/uploads\/2025\/06\/Tamping-Rammer-CH-H125-600x600.jpg 600w, https:\/\/www.hsymachinery.com\/wp-content\/uploads\/2025\/06\/Tamping-Rammer-CH-H125-100x100.jpg 100w, https:\/\/www.hsymachinery.com\/wp-content\/uploads\/2025\/06\/Tamping-Rammer-CH-H125.jpg 800w\" sizes=\"(max-width: 470px) 100vw, 470px\" \/><\/h3>\n<p data-start=\"357\" data-end=\"728\">Na str\u00e1nk\u00e1ch <strong data-start=\"361\" data-end=\"387\">CH-H125 Podb\u00edjec\u00ed beranidlo<\/strong> je vybaven v\u00fdkonn\u00fdm benz\u00ednov\u00fdm motorem Honda GX160, kter\u00fd je zn\u00e1m\u00fd svou v\u00fdjime\u010dnou \u017eivotnost\u00ed a plynul\u00fdm chodem. Tento model je navr\u017een pro n\u00e1ro\u010dn\u00e9 zhut\u0148ov\u00e1n\u00ed p\u016fdy, spolehliv\u011b funguje p\u0159i prac\u00edch na z\u00e1kladech, oprav\u00e1ch silnic, zasyp\u00e1v\u00e1n\u00ed p\u0159\u00edkop\u016f a p\u0159\u00edprav\u011b krajiny a nab\u00edz\u00ed \u0161pi\u010dkov\u00e9 \u0159e\u0161en\u00ed pro n\u00e1ro\u010dn\u00e9 prost\u0159ed\u00ed.<\/p>\n<p data-start=\"730\" data-end=\"846\">D\u00edky vysok\u00e9 p\u0159\u00edtla\u010dn\u00e9 s\u00edle a vyv\u00e1\u017een\u00e9 konstrukci zaji\u0161\u0165uje CH-H125 efektivn\u00ed v\u00fdsledky p\u0159i minim\u00e1ln\u00ed \u00fanav\u011b obsluhy.<\/p>\n<h3 data-start=\"853\" data-end=\"914\">St\u00e1l\u00e1 s\u00edla, n\u00edzk\u00e9 vibrace a dlouh\u00e1 \u017eivotnost<\/h3>\n<p data-start=\"916\" data-end=\"1241\">Motor Honda modelu CH-H125 poskytuje siln\u00fd to\u010div\u00fd moment a plynulou akceleraci, co\u017e pom\u00e1h\u00e1 udr\u017eovat stabiln\u00ed s\u00edlu podb\u00edjen\u00ed i na zhutn\u011bn\u00e9 j\u00edlovit\u00e9 nebo zrnit\u00e9 p\u016fd\u011b. Stroj je vybaven zes\u00edlenou podb\u00edjec\u00ed botkou, robustn\u00edm podvozkem a syst\u00e9mem rukojet\u00ed tlumen\u00fdch n\u00e1razy, co\u017e zaji\u0161\u0165uje pohodl\u00ed a kontrolu p\u0159i dlouhodob\u00e9m pou\u017e\u00edv\u00e1n\u00ed.<\/p>\n<p data-start=\"1243\" data-end=\"1392\">D\u00edky zp\u011btn\u00e9mu startov\u00e1n\u00ed, optimalizovan\u00e9mu chlazen\u00ed vzduchem a \u00fasporn\u00e9mu v\u00fdkonu je schopen pracovat den co den s minim\u00e1ln\u00edmi n\u00e1roky na servis.<\/p>\n<h3 data-start=\"1399\" data-end=\"1460\">Vhodn\u00e9 pro rozs\u00e1hl\u00e9 a dlouhotrvaj\u00edc\u00ed provozy na staveni\u0161ti<\/h3>\n<p data-start=\"1462\" data-end=\"1739\">Tento model je ide\u00e1ln\u00ed pro komun\u00e1ln\u00ed in\u017een\u00fdrstv\u00ed, zakl\u00e1d\u00e1n\u00ed staveb a \u00fadr\u017ebu silnic, zejm\u00e9na na pracovi\u0161t\u00edch vy\u017eaduj\u00edc\u00edch prodlou\u017een\u00e9 sm\u011bny nebo vysokou spolehlivost. A\u0165 u\u017e se jedn\u00e1 o odlehl\u00e9 projekty nebo m\u011bstsk\u00e9 oblasti s vysok\u00fdm provozem, model CH-H125 se osv\u011bd\u010d\u00ed jako spolehliv\u00fd a odoln\u00fd.<\/p>\n<p data-start=\"1741\" data-end=\"1824\">Glob\u00e1ln\u00ed s\u00ed\u0165 podpory spole\u010dnosti Honda zaji\u0161\u0165uje p\u0159\u00edstup k d\u00edl\u016fm a servisu t\u00e9m\u011b\u0159 odkudkoli.<\/p>\n<h3 data-start=\"1831\" data-end=\"1884\">Kl\u00ed\u010dov\u00e9 vlastnosti benzinov\u00e9ho p\u011bchovac\u00edho kladiva CH-H125<\/h3>\n<ul data-start=\"1886\" data-end=\"2198\">\n<li data-start=\"1886\" data-end=\"1948\">\n<p data-start=\"1888\" data-end=\"1948\">Motor Honda GX160 zaji\u0161\u0165uje \u0161pi\u010dkovou spolehlivost.<\/p>\n<\/li>\n<li data-start=\"1949\" data-end=\"1997\">\n<p data-start=\"1951\" data-end=\"1997\">Zaji\u0161\u0165uje d\u016fsledn\u00e9 a hlubok\u00e9 zhutn\u011bn\u00ed p\u016fdy<\/p>\n<\/li>\n<li data-start=\"1998\" data-end=\"2069\">\n<p data-start=\"2000\" data-end=\"2069\">Siln\u00fd podvozek se syst\u00e9mem tlumen\u00ed vibrac\u00ed pro pohodl\u00ed obsluhy<\/p>\n<\/li>\n<li data-start=\"2070\" data-end=\"2131\">\n<p data-start=\"2072\" data-end=\"2131\">Ide\u00e1ln\u00ed pro projekty v\u00fdkop\u016f, z\u00e1klad\u016f a infrastruktury.<\/p>\n<\/li>\n<li data-start=\"2132\" data-end=\"2198\">\n<p data-start=\"2134\" data-end=\"2198\">Konstrukce s dlouhou \u017eivotnost\u00ed a celosv\u011btov\u011b podporovanou dostupnost\u00ed d\u00edl\u016f<\/p>\n<\/li>\n<\/ul>\n<p><iframe title=\"kompaktor, podb\u00edjec\u00ed beranidlo, podb\u00edje\u010dka, deskov\u00fd kompaktor, stavebn\u00ed vibrace, kompaktor machine.#tamping\" width=\"720\" height=\"540\" src=\"https:\/\/www.youtube.com\/embed\/j8Nod6Mcz9w?feature=oembed\" frameborder=\"0\" allow=\"accelerometer; autoplay; clipboard-write; encrypted-media; gyroscope; picture-in-picture; web-share\" referrerpolicy=\"strict-origin-when-cross-origin\" allowfullscreen><\/iframe><\/p>","protected":false},"excerpt":{"rendered":"<p>Podb\u00edjec\u00ed beranidlo CH-H125 vyu\u017e\u00edv\u00e1 motor Honda GX160, kter\u00fd zaji\u0161\u0165uje hloubkov\u00e9 a stabiln\u00ed hutn\u011bn\u00ed na n\u00e1ro\u010dn\u00fdch stavb\u00e1ch. Spolehliv\u00e9, \u00fa\u010dinn\u00e9 a konstruovan\u00e9 pro ka\u017edodenn\u00ed pou\u017eit\u00ed.<\/p>","protected":false},"featured_media":9092,"template":"","meta":{"_kad_post_transparent":"default","_kad_post_title":"","_kad_post_layout":"default","_kad_post_sidebar_id":"","_kad_post_content_style":"default","_kad_post_vertical_padding":"default","_kad_post_feature":"","_kad_post_feature_position":"","_kad_post_header":false,"_kad_post_footer":false},"product_brand":[],"product_cat":[83],"product_tag":[1060,1057,1058,1059,1051,1052,1056,1053,1055,1054],"class_list":{"0":"post-9091","1":"product","2":"type-product","3":"status-publish","4":"has-post-thumbnail","6":"product_cat-tamping-rammer","7":"product_tag-backfill-compactor-machine","8":"product_tag-diesel-tamping-rammer","9":"product_tag-earth-tamping-machine","10":"product_tag-handheld-tamping-rammer","11":"product_tag-impact-rammer","12":"product_tag-jumping-jack-compactor","13":"product_tag-petrol-tamping-rammer","14":"product_tag-plate-tamping-rammer","15":"product_tag-soil-compaction-rammer","16":"product_tag-vibratory-tamping-rammer","18":"first","19":"instock","20":"featured","21":"shipping-taxable","22":"product-type-simple","23":"entry","24":"content-bg","25":"loop-entry"},"yoast_head":"<!-- This site is optimized with the Yoast SEO plugin v25.3.1 - https:\/\/yoast.com\/wordpress\/plugins\/seo\/ -->\n<title>Tamping Rammer CH-H125 - HSY Construction Machinery<\/title>\n<meta name=\"description\" content=\"CH-H125 Honda Tamping Rammer delivers powerful soil compaction with durable performance for trench, foundation, and roadwork. Ideal for professionals.\" \/>\n<meta name=\"robots\" content=\"index, follow, max-snippet:-1, max-image-preview:large, max-video-preview:-1\" \/>\n<link rel=\"canonical\" href=\"https:\/\/www.hsymachinery.com\/cs\/produkt\/podbijeci-beranidlo-ch-h125\/\" \/>\n<meta property=\"og:locale\" content=\"cs_CZ\" \/>\n<meta property=\"og:type\" content=\"article\" \/>\n<meta property=\"og:title\" content=\"Tamping Rammer CH-H125 - HSY Construction Machinery\" \/>\n<meta property=\"og:description\" content=\"CH-H125 Honda Tamping Rammer delivers powerful soil compaction with durable performance for trench, foundation, and roadwork. Ideal for professionals.\" \/>\n<meta property=\"og:url\" content=\"https:\/\/www.hsymachinery.com\/cs\/produkt\/podbijeci-beranidlo-ch-h125\/\" \/>\n<meta property=\"og:site_name\" content=\"HSY Construction Machinery\" \/>\n<meta property=\"article:modified_time\" content=\"2025-06-28T07:46:29+00:00\" \/>\n<meta property=\"og:image\" content=\"https:\/\/www.hsymachinery.com\/wp-content\/uploads\/2025\/06\/Tamping-Rammer-CH-H125.jpg\" \/>\n\t<meta property=\"og:image:width\" content=\"800\" \/>\n\t<meta property=\"og:image:height\" content=\"800\" \/>\n\t<meta property=\"og:image:type\" content=\"image\/jpeg\" \/>\n<meta name=\"twitter:card\" content=\"summary_large_image\" \/>\n<meta name=\"twitter:label1\" content=\"Odhadovan\u00e1 doba \u010dten\u00ed\" \/>\n\t<meta name=\"twitter:data1\" content=\"2 minuty\" \/>\n<script type=\"application\/ld+json\" class=\"yoast-schema-graph\">{\"@context\":\"https:\/\/schema.org\",\"@graph\":[{\"@type\":\"WebPage\",\"@id\":\"https:\/\/www.hsymachinery.com\/product\/tamping-rammer-ch-h125\/\",\"url\":\"https:\/\/www.hsymachinery.com\/product\/tamping-rammer-ch-h125\/\",\"name\":\"Tamping Rammer CH-H125 - HSY Construction Machinery\",\"isPartOf\":{\"@id\":\"https:\/\/www.hsymachinery.com\/#website\"},\"primaryImageOfPage\":{\"@id\":\"https:\/\/www.hsymachinery.com\/product\/tamping-rammer-ch-h125\/#primaryimage\"},\"image\":{\"@id\":\"https:\/\/www.hsymachinery.com\/product\/tamping-rammer-ch-h125\/#primaryimage\"},\"thumbnailUrl\":\"https:\/\/www.hsymachinery.com\/wp-content\/uploads\/2025\/06\/Tamping-Rammer-CH-H125.jpg\",\"datePublished\":\"2025-06-18T08:31:39+00:00\",\"dateModified\":\"2025-06-28T07:46:29+00:00\",\"description\":\"CH-H125 Honda Tamping Rammer delivers powerful soil compaction with durable performance for trench, foundation, and roadwork. Ideal for professionals.\",\"breadcrumb\":{\"@id\":\"https:\/\/www.hsymachinery.com\/product\/tamping-rammer-ch-h125\/#breadcrumb\"},\"inLanguage\":\"cs\",\"potentialAction\":[{\"@type\":\"ReadAction\",\"target\":[\"https:\/\/www.hsymachinery.com\/product\/tamping-rammer-ch-h125\/\"]}]},{\"@type\":\"ImageObject\",\"inLanguage\":\"cs\",\"@id\":\"https:\/\/www.hsymachinery.com\/product\/tamping-rammer-ch-h125\/#primaryimage\",\"url\":\"https:\/\/www.hsymachinery.com\/wp-content\/uploads\/2025\/06\/Tamping-Rammer-CH-H125.jpg\",\"contentUrl\":\"https:\/\/www.hsymachinery.com\/wp-content\/uploads\/2025\/06\/Tamping-Rammer-CH-H125.jpg\",\"width\":800,\"height\":800},{\"@type\":\"BreadcrumbList\",\"@id\":\"https:\/\/www.hsymachinery.com\/product\/tamping-rammer-ch-h125\/#breadcrumb\",\"itemListElement\":[{\"@type\":\"ListItem\",\"position\":1,\"name\":\"home\",\"item\":\"https:\/\/www.hsymachinery.com\/\"},{\"@type\":\"ListItem\",\"position\":2,\"name\":\"products\",\"item\":\"https:\/\/www.hsymachinery.com\/products\/\"},{\"@type\":\"ListItem\",\"position\":3,\"name\":\"Tamping Rammer CH-H125\"}]},{\"@type\":\"WebSite\",\"@id\":\"https:\/\/www.hsymachinery.com\/#website\",\"url\":\"https:\/\/www.hsymachinery.com\/\",\"name\":\"HSY Construction Machinery\",\"description\":\"HSY Machinery \u2013 A leading China construction machinery supplier, offering a wide range of light construction equipment. Our main products include Rebar Cutting Machine, Rebar Bending Machine, Rebar Stirrup Bending Machine, Rebar Arc Bending Machine, Rebar Straightening Machine, Five-Head Rebar Stirrup Bending Machine, Tamping Rammer, Plate Compactor, Concrete Cutter, Power Trowel, and other construction machinery. We are equipped with advanced CNC machines, and we enforce strict quality inspection standards along with comprehensive after-sales service. If you are interested in our products or services, we warmly welcome your inquiries via message.\",\"publisher\":{\"@id\":\"https:\/\/www.hsymachinery.com\/#organization\"},\"potentialAction\":[{\"@type\":\"SearchAction\",\"target\":{\"@type\":\"EntryPoint\",\"urlTemplate\":\"https:\/\/www.hsymachinery.com\/?s={search_term_string}\"},\"query-input\":{\"@type\":\"PropertyValueSpecification\",\"valueRequired\":true,\"valueName\":\"search_term_string\"}}],\"inLanguage\":\"cs\"},{\"@type\":\"Organization\",\"@id\":\"https:\/\/www.hsymachinery.com\/#organization\",\"name\":\"HSY Construction Machinery\",\"url\":\"https:\/\/www.hsymachinery.com\/\",\"logo\":{\"@type\":\"ImageObject\",\"inLanguage\":\"cs\",\"@id\":\"https:\/\/www.hsymachinery.com\/#\/schema\/logo\/image\/\",\"url\":\"https:\/\/www.hsymachinery.com\/wp-content\/uploads\/2025\/06\/cropped-HSY-machinery.png\",\"contentUrl\":\"https:\/\/www.hsymachinery.com\/wp-content\/uploads\/2025\/06\/cropped-HSY-machinery.png\",\"width\":600,\"height\":240,\"caption\":\"HSY Construction Machinery\"},\"image\":{\"@id\":\"https:\/\/www.hsymachinery.com\/#\/schema\/logo\/image\/\"}}]}<\/script>\n<!-- \/ Yoast SEO plugin. -->","yoast_head_json":{"title":"Podb\u00edjec\u00ed beranidlo CH-H125 - Stavebn\u00ed stroje HSY","description":"Podb\u00edjec\u00ed kladivo CH-H125 Honda poskytuje siln\u00e9 zhutn\u011bn\u00ed p\u016fdy s odoln\u00fdm v\u00fdkonem pro pr\u00e1ce ve v\u00fdkopech, p\u0159i zakl\u00e1d\u00e1n\u00ed staveb a p\u0159i stavb\u011b silnic. Ide\u00e1ln\u00ed pro profesion\u00e1ly.","robots":{"index":"index","follow":"follow","max-snippet":"max-snippet:-1","max-image-preview":"max-image-preview:large","max-video-preview":"max-video-preview:-1"},"canonical":"https:\/\/www.hsymachinery.com\/cs\/produkt\/podbijeci-beranidlo-ch-h125\/","og_locale":"cs_CZ","og_type":"article","og_title":"Tamping Rammer CH-H125 - HSY Construction Machinery","og_description":"CH-H125 Honda Tamping Rammer delivers powerful soil compaction with durable performance for trench, foundation, and roadwork. Ideal for professionals.","og_url":"https:\/\/www.hsymachinery.com\/cs\/produkt\/podbijeci-beranidlo-ch-h125\/","og_site_name":"HSY Construction Machinery","article_modified_time":"2025-06-28T07:46:29+00:00","og_image":[{"width":800,"height":800,"url":"https:\/\/www.hsymachinery.com\/wp-content\/uploads\/2025\/06\/Tamping-Rammer-CH-H125.jpg","type":"image\/jpeg"}],"twitter_card":"summary_large_image","twitter_misc":{"Odhadovan\u00e1 doba \u010dten\u00ed":"2 minuty"},"schema":{"@context":"https:\/\/schema.org","@graph":[{"@type":"WebPage","@id":"https:\/\/www.hsymachinery.com\/product\/tamping-rammer-ch-h125\/","url":"https:\/\/www.hsymachinery.com\/product\/tamping-rammer-ch-h125\/","name":"Podb\u00edjec\u00ed beranidlo CH-H125 - Stavebn\u00ed stroje HSY","isPartOf":{"@id":"https:\/\/www.hsymachinery.com\/#website"},"primaryImageOfPage":{"@id":"https:\/\/www.hsymachinery.com\/product\/tamping-rammer-ch-h125\/#primaryimage"},"image":{"@id":"https:\/\/www.hsymachinery.com\/product\/tamping-rammer-ch-h125\/#primaryimage"},"thumbnailUrl":"https:\/\/www.hsymachinery.com\/wp-content\/uploads\/2025\/06\/Tamping-Rammer-CH-H125.jpg","datePublished":"2025-06-18T08:31:39+00:00","dateModified":"2025-06-28T07:46:29+00:00","description":"Podb\u00edjec\u00ed kladivo CH-H125 Honda poskytuje siln\u00e9 zhutn\u011bn\u00ed p\u016fdy s odoln\u00fdm v\u00fdkonem pro pr\u00e1ce ve v\u00fdkopech, p\u0159i zakl\u00e1d\u00e1n\u00ed staveb a p\u0159i stavb\u011b silnic. Ide\u00e1ln\u00ed pro profesion\u00e1ly.","breadcrumb":{"@id":"https:\/\/www.hsymachinery.com\/product\/tamping-rammer-ch-h125\/#breadcrumb"},"inLanguage":"cs","potentialAction":[{"@type":"ReadAction","target":["https:\/\/www.hsymachinery.com\/product\/tamping-rammer-ch-h125\/"]}]},{"@type":"ImageObject","inLanguage":"cs","@id":"https:\/\/www.hsymachinery.com\/product\/tamping-rammer-ch-h125\/#primaryimage","url":"https:\/\/www.hsymachinery.com\/wp-content\/uploads\/2025\/06\/Tamping-Rammer-CH-H125.jpg","contentUrl":"https:\/\/www.hsymachinery.com\/wp-content\/uploads\/2025\/06\/Tamping-Rammer-CH-H125.jpg","width":800,"height":800},{"@type":"BreadcrumbList","@id":"https:\/\/www.hsymachinery.com\/product\/tamping-rammer-ch-h125\/#breadcrumb","itemListElement":[{"@type":"ListItem","position":1,"name":"home","item":"https:\/\/www.hsymachinery.com\/"},{"@type":"ListItem","position":2,"name":"products","item":"https:\/\/www.hsymachinery.com\/products\/"},{"@type":"ListItem","position":3,"name":"Tamping Rammer CH-H125"}]},{"@type":"WebSite","@id":"https:\/\/www.hsymachinery.com\/#website","url":"https:\/\/www.hsymachinery.com\/","name":"Stavebn\u00ed stroje HSY","description":"HSY Machinery - P\u0159edn\u00ed \u010d\u00ednsk\u00fd dodavatel stavebn\u00edch stroj\u016f, kter\u00fd nab\u00edz\u00ed \u0161irokou \u0161k\u00e1lu lehk\u00fdch stavebn\u00edch stroj\u016f. Mezi na\u0161e hlavn\u00ed produkty pat\u0159\u00ed \u0159eza\u010dka prut\u016f, oh\u00fdba\u010dka prut\u016f, oh\u00fdba\u010dka prut\u016f, obloukov\u00e1 oh\u00fdba\u010dka prut\u016f, rovna\u010dka prut\u016f, p\u011btihlav\u0148ov\u00e1 oh\u00fdba\u010dka prut\u016f, p\u011bchovac\u00ed kladivo, zhut\u0148ova\u010d desek, \u0159eza\u010dka betonu, motorov\u00e1 st\u011brka a dal\u0161\u00ed stavebn\u00ed stroje. Jsme vybaveni modern\u00edmi CNC stroji a prosazujeme p\u0159\u00edsn\u00e9 standardy kontroly kvality spolu s komplexn\u00edm poprodejn\u00edm servisem. Pokud m\u00e1te z\u00e1jem o na\u0161e v\u00fdrobky nebo slu\u017eby, srde\u010dn\u011b uv\u00edt\u00e1me va\u0161e dotazy prost\u0159ednictv\u00edm zpr\u00e1vy.","publisher":{"@id":"https:\/\/www.hsymachinery.com\/#organization"},"potentialAction":[{"@type":"SearchAction","target":{"@type":"EntryPoint","urlTemplate":"https:\/\/www.hsymachinery.com\/?s={search_term_string}"},"query-input":{"@type":"PropertyValueSpecification","valueRequired":true,"valueName":"search_term_string"}}],"inLanguage":"cs"},{"@type":"Organization","@id":"https:\/\/www.hsymachinery.com\/#organization","name":"Stavebn\u00ed stroje HSY","url":"https:\/\/www.hsymachinery.com\/","logo":{"@type":"ImageObject","inLanguage":"cs","@id":"https:\/\/www.hsymachinery.com\/#\/schema\/logo\/image\/","url":"https:\/\/www.hsymachinery.com\/wp-content\/uploads\/2025\/06\/cropped-HSY-machinery.png","contentUrl":"https:\/\/www.hsymachinery.com\/wp-content\/uploads\/2025\/06\/cropped-HSY-machinery.png","width":600,"height":240,"caption":"HSY Construction Machinery"},"image":{"@id":"https:\/\/www.hsymachinery.com\/#\/schema\/logo\/image\/"}}]}},"_links":{"self":[{"href":"https:\/\/www.hsymachinery.com\/cs\/wp-json\/wp\/v2\/product\/9091","targetHints":{"allow":["GET"]}}],"collection":[{"href":"https:\/\/www.hsymachinery.com\/cs\/wp-json\/wp\/v2\/product"}],"about":[{"href":"https:\/\/www.hsymachinery.com\/cs\/wp-json\/wp\/v2\/types\/product"}],"version-history":[{"count":3,"href":"https:\/\/www.hsymachinery.com\/cs\/wp-json\/wp\/v2\/product\/9091\/revisions"}],"predecessor-version":[{"id":9513,"href":"https:\/\/www.hsymachinery.com\/cs\/wp-json\/wp\/v2\/product\/9091\/revisions\/9513"}],"wp:featuredmedia":[{"embeddable":true,"href":"https:\/\/www.hsymachinery.com\/cs\/wp-json\/wp\/v2\/media\/9092"}],"wp:attachment":[{"href":"https:\/\/www.hsymachinery.com\/cs\/wp-json\/wp\/v2\/media?parent=9091"}],"wp:term":[{"taxonomy":"product_brand","embeddable":true,"href":"https:\/\/www.hsymachinery.com\/cs\/wp-json\/wp\/v2\/product_brand?post=9091"},{"taxonomy":"product_cat","embeddable":true,"href":"https:\/\/www.hsymachinery.com\/cs\/wp-json\/wp\/v2\/product_cat?post=9091"},{"taxonomy":"product_tag","embeddable":true,"href":"https:\/\/www.hsymachinery.com\/cs\/wp-json\/wp\/v2\/product_tag?post=9091"}],"curies":[{"name":"wp","href":"https:\/\/api.w.org\/{rel}","templated":true}]}}