{"id":9076,"date":"2025-06-18T16:25:13","date_gmt":"2025-06-18T08:25:13","guid":{"rendered":"https:\/\/www.hsymachinery.com\/?post_type=product&#038;p=9076"},"modified":"2025-06-28T15:27:47","modified_gmt":"2025-06-28T07:27:47","slug":"podbijeci-beranidlo-ch-c100","status":"publish","type":"product","link":"https:\/\/www.hsymachinery.com\/cs\/produkt\/podbijeci-beranidlo-ch-c100\/","title":{"rendered":"Podb\u00edjec\u00ed beranidlo CH-C100"},"content":{"rendered":"<h2 data-start=\"124\" data-end=\"154\">Podb\u00edjec\u00ed beranidlo CH-C100<\/h2>\n<h3 data-start=\"155\" data-end=\"261\">CH-C100 - Dieselov\u00e1 p\u011bchovac\u00ed p\u011bchova\u010dka | T\u011b\u017ek\u00fd zhut\u0148ova\u010d p\u016fdy pro n\u00e1ro\u010dn\u00e9 stavebn\u00ed prost\u0159ed\u00ed<\/h3>\n<h3 data-start=\"268\" data-end=\"352\">P\u0159ehled produkt\u016f - Dieselov\u00fd pohon s vysok\u00fdm to\u010div\u00fdm momentem pro n\u00e1ro\u010dn\u00e9 projekty hutn\u011bn\u00ed<img fetchpriority=\"high\" decoding=\"async\" class=\"wp-image-9077 alignright\" src=\"https:\/\/www.hsymachinery.com\/wp-content\/uploads\/2025\/06\/Tamping-Rammer-CH-C100-300x300.jpg\" alt=\"\" width=\"470\" height=\"470\" srcset=\"https:\/\/www.hsymachinery.com\/wp-content\/uploads\/2025\/06\/Tamping-Rammer-CH-C100-300x300.jpg 300w, https:\/\/www.hsymachinery.com\/wp-content\/uploads\/2025\/06\/Tamping-Rammer-CH-C100-150x150.jpg 150w, https:\/\/www.hsymachinery.com\/wp-content\/uploads\/2025\/06\/Tamping-Rammer-CH-C100-768x768.jpg 768w, https:\/\/www.hsymachinery.com\/wp-content\/uploads\/2025\/06\/Tamping-Rammer-CH-C100-600x600.jpg 600w, https:\/\/www.hsymachinery.com\/wp-content\/uploads\/2025\/06\/Tamping-Rammer-CH-C100-100x100.jpg 100w, https:\/\/www.hsymachinery.com\/wp-content\/uploads\/2025\/06\/Tamping-Rammer-CH-C100.jpg 800w\" sizes=\"(max-width: 470px) 100vw, 470px\" \/><\/h3>\n<p data-start=\"354\" data-end=\"697\">Na str\u00e1nk\u00e1ch <strong data-start=\"358\" data-end=\"384\">Podb\u00edjec\u00ed kladivo CH-C100<\/strong> je poh\u00e1n\u011bn robustn\u00edm vzn\u011btov\u00fdm motorem, kter\u00fd poskytuje v\u00fdjime\u010dnou beranic\u00ed s\u00edlu a vysok\u00fd to\u010div\u00fd moment i p\u0159i zat\u00ed\u017een\u00ed. Je speci\u00e1ln\u011b navr\u017een pro pou\u017eit\u00ed na odlehl\u00fdch staveni\u0161t\u00edch, p\u0159i zasyp\u00e1v\u00e1n\u00ed potrub\u00ed, p\u0159\u00edprav\u011b podlo\u017e\u00ed silnic a z\u00e1kladov\u00fdch prac\u00edch, kde je rozhoduj\u00edc\u00ed \u00faspora paliva a stabilita v\u00fdkonu.<\/p>\n<p data-start=\"699\" data-end=\"858\">Tento model nab\u00edz\u00ed bezkonkuren\u010dn\u00ed \u00fa\u010dinnost p\u0159i dlouh\u00fdch pracovn\u00edch cyklech a dob\u0159e si vede v p\u016fd\u00e1ch s vysokou hustotou, jako je j\u00edl a \u0161t\u011brk, kde leh\u010d\u00ed sb\u00edje\u010dky mohou zaost\u00e1vat.<\/p>\n<h3 data-start=\"865\" data-end=\"918\">Robustn\u00ed v\u00fdkon, spolehliv\u00e1 vzn\u011btov\u00e1 pohonn\u00e1 jednotka<\/h3>\n<p data-start=\"920\" data-end=\"1209\">Model CH-C100 je vybaven \u00fasporn\u00fdm vzn\u011btov\u00fdm motorem, kter\u00fd zaji\u0161\u0165uje ni\u017e\u0161\u00ed provozn\u00ed n\u00e1klady a vynikaj\u00edc\u00ed \u017eivotnost v pr\u016fb\u011bhu \u010dasu. Ocel\u00ed vyztu\u017een\u00e1 p\u011bchovac\u00ed botka, robustn\u00ed r\u00e1m a v\u00edcestup\u0148ov\u00fd syst\u00e9m tlumen\u00ed n\u00e1raz\u016f zaji\u0161\u0165uj\u00ed siln\u00e9 zhutn\u011bn\u00ed a z\u00e1rove\u0148 minimalizuj\u00ed \u00fanavu obsluhy.<\/p>\n<p data-start=\"1211\" data-end=\"1354\">Jeho zjednodu\u0161en\u00e1 mechanick\u00e1 konstrukce umo\u017e\u0148uje snadn\u00fd servis, tak\u017ee je ide\u00e1ln\u00ed pro n\u00e1ro\u010dn\u00e9 pracovn\u00ed podm\u00ednky s omezen\u00fdm p\u0159\u00edstupem k podp\u011b\u0159e.<\/p>\n<h3 data-start=\"1361\" data-end=\"1404\">Vytvo\u0159eno pro drsn\u00e9 podm\u00ednky na staveni\u0161ti<\/h3>\n<p data-start=\"1406\" data-end=\"1729\">D\u00edky vzn\u011btov\u00e9mu motoru je CH-C100 m\u00e9n\u011b citliv\u00fd na kvalitu paliva a m\u016f\u017ee spolehliv\u011b pracovat v pra\u0161n\u00e9m, vlhk\u00e9m nebo vysokohorsk\u00e9m prost\u0159ed\u00ed. D\u00edky tomu je preferovanou volbou pro dodavatele pracuj\u00edc\u00ed v rozvojov\u00fdch regionech, v t\u011b\u017eebn\u00ed infrastruktu\u0159e nebo v odlehl\u00fdch oblastech s prom\u011bnlivou dod\u00e1vkou energie a paliva.<\/p>\n<p data-start=\"1731\" data-end=\"1859\">Jeho stabilita, p\u0159enosnost a st\u00e1l\u00fd v\u00fdkon v n\u00e1ro\u010dn\u00fdch podm\u00ednk\u00e1ch z n\u011bj d\u011blaj\u00ed skute\u010dn\u00e9ho pracovn\u00edho kon\u011b na ka\u017ed\u00e9m staveni\u0161ti.<\/p>\n<h3 data-start=\"1866\" data-end=\"1917\">\u00a0Kl\u00ed\u010dov\u00e9 vlastnosti podb\u00edje\u010dky CH-C100 Diesel<\/h3>\n<ul data-start=\"1919\" data-end=\"2261\">\n<li data-start=\"1919\" data-end=\"1983\">\n<p data-start=\"1921\" data-end=\"1983\">Dieselov\u00fd motor pro maxim\u00e1ln\u00ed to\u010div\u00fd moment a del\u0161\u00ed dobu provozu<\/p>\n<\/li>\n<li data-start=\"1984\" data-end=\"2052\">\n<p data-start=\"1986\" data-end=\"2052\">Ide\u00e1ln\u00ed pro hl\u00ednu, \u0161t\u011brk, z\u00e1sypy v\u00fdkop\u016f a hutn\u011bn\u00ed podlo\u017e\u00ed.<\/p>\n<\/li>\n<li data-start=\"2053\" data-end=\"2119\">\n<p data-start=\"2055\" data-end=\"2119\">Robustn\u00ed konstrukce se syst\u00e9mem tlumen\u00ed vibrac\u00ed pro pohodl\u00ed u\u017eivatele<\/p>\n<\/li>\n<li data-start=\"2120\" data-end=\"2189\">\n<p data-start=\"2122\" data-end=\"2189\">\u00dasporn\u00e9 a spolehliv\u00e9 v odlehl\u00fdch oblastech nebo v oblastech s n\u00edzk\u00fdmi n\u00e1roky na \u00fadr\u017ebu.<\/p>\n<\/li>\n<li data-start=\"2190\" data-end=\"2261\">\n<p data-start=\"2192\" data-end=\"2261\">Motor a sou\u010d\u00e1sti vyroben\u00e9 tak, aby odol\u00e1valy n\u00e1ro\u010dn\u00fdm podm\u00ednk\u00e1m prost\u0159ed\u00ed.<\/p>\n<\/li>\n<\/ul>","protected":false},"excerpt":{"rendered":"<p>Dieselov\u00e1 p\u011bchovac\u00ed p\u011bch CH-C100 poskytuje v\u00fdkonn\u00e9 zhutn\u011bn\u00ed p\u016fdy s vysok\u00fdm to\u010div\u00fdm momentem a n\u00edzkou spot\u0159ebou paliva. Odoln\u00e1 konstrukce zvl\u00e1d\u00e1 n\u00e1ro\u010dn\u00e9 prost\u0159ed\u00ed a hustou p\u016fdu.<\/p>","protected":false},"featured_media":9077,"template":"","meta":{"_kad_post_transparent":"default","_kad_post_title":"","_kad_post_layout":"default","_kad_post_sidebar_id":"","_kad_post_content_style":"default","_kad_post_vertical_padding":"default","_kad_post_feature":"","_kad_post_feature_position":"","_kad_post_header":false,"_kad_post_footer":false},"product_brand":[],"product_cat":[83],"product_tag":[1060,1057,1058,1059,1051,1052,1056,1053,1055,1054],"class_list":{"0":"post-9076","1":"product","2":"type-product","3":"status-publish","4":"has-post-thumbnail","6":"product_cat-tamping-rammer","7":"product_tag-backfill-compactor-machine","8":"product_tag-diesel-tamping-rammer","9":"product_tag-earth-tamping-machine","10":"product_tag-handheld-tamping-rammer","11":"product_tag-impact-rammer","12":"product_tag-jumping-jack-compactor","13":"product_tag-petrol-tamping-rammer","14":"product_tag-plate-tamping-rammer","15":"product_tag-soil-compaction-rammer","16":"product_tag-vibratory-tamping-rammer","18":"first","19":"instock","20":"shipping-taxable","21":"product-type-simple","22":"entry","23":"content-bg","24":"loop-entry"},"yoast_head":"<!-- This site is optimized with the Yoast SEO plugin v25.3.1 - https:\/\/yoast.com\/wordpress\/plugins\/seo\/ -->\n<title>Tamping Rammer CH-C100 - HSY Construction Machinery<\/title>\n<meta name=\"description\" content=\"CH-C100 Diesel Tamping Rammer provides high-impact compaction for heavy soils. Built for durability, remote job sites, and tough environmental conditions.\" \/>\n<meta name=\"robots\" content=\"index, follow, max-snippet:-1, max-image-preview:large, max-video-preview:-1\" \/>\n<link rel=\"canonical\" href=\"https:\/\/www.hsymachinery.com\/cs\/produkt\/podbijeci-beranidlo-ch-c100\/\" \/>\n<meta property=\"og:locale\" content=\"cs_CZ\" \/>\n<meta property=\"og:type\" content=\"article\" \/>\n<meta property=\"og:title\" content=\"Tamping Rammer CH-C100 - HSY Construction Machinery\" \/>\n<meta property=\"og:description\" content=\"CH-C100 Diesel Tamping Rammer provides high-impact compaction for heavy soils. Built for durability, remote job sites, and tough environmental conditions.\" \/>\n<meta property=\"og:url\" content=\"https:\/\/www.hsymachinery.com\/cs\/produkt\/podbijeci-beranidlo-ch-c100\/\" \/>\n<meta property=\"og:site_name\" content=\"HSY Construction Machinery\" \/>\n<meta property=\"article:modified_time\" content=\"2025-06-28T07:27:47+00:00\" \/>\n<meta property=\"og:image\" content=\"https:\/\/www.hsymachinery.com\/wp-content\/uploads\/2025\/06\/Tamping-Rammer-CH-C100.jpg\" \/>\n\t<meta property=\"og:image:width\" content=\"800\" \/>\n\t<meta property=\"og:image:height\" content=\"800\" \/>\n\t<meta property=\"og:image:type\" content=\"image\/jpeg\" \/>\n<meta name=\"twitter:card\" content=\"summary_large_image\" \/>\n<meta name=\"twitter:label1\" content=\"Odhadovan\u00e1 doba \u010dten\u00ed\" \/>\n\t<meta name=\"twitter:data1\" content=\"2 minuty\" \/>\n<script type=\"application\/ld+json\" class=\"yoast-schema-graph\">{\"@context\":\"https:\/\/schema.org\",\"@graph\":[{\"@type\":\"WebPage\",\"@id\":\"https:\/\/www.hsymachinery.com\/product\/tamping-rammer-ch-c100\/\",\"url\":\"https:\/\/www.hsymachinery.com\/product\/tamping-rammer-ch-c100\/\",\"name\":\"Tamping Rammer CH-C100 - HSY Construction Machinery\",\"isPartOf\":{\"@id\":\"https:\/\/www.hsymachinery.com\/#website\"},\"primaryImageOfPage\":{\"@id\":\"https:\/\/www.hsymachinery.com\/product\/tamping-rammer-ch-c100\/#primaryimage\"},\"image\":{\"@id\":\"https:\/\/www.hsymachinery.com\/product\/tamping-rammer-ch-c100\/#primaryimage\"},\"thumbnailUrl\":\"https:\/\/www.hsymachinery.com\/wp-content\/uploads\/2025\/06\/Tamping-Rammer-CH-C100.jpg\",\"datePublished\":\"2025-06-18T08:25:13+00:00\",\"dateModified\":\"2025-06-28T07:27:47+00:00\",\"description\":\"CH-C100 Diesel Tamping Rammer provides high-impact compaction for heavy soils. Built for durability, remote job sites, and tough environmental conditions.\",\"breadcrumb\":{\"@id\":\"https:\/\/www.hsymachinery.com\/product\/tamping-rammer-ch-c100\/#breadcrumb\"},\"inLanguage\":\"cs\",\"potentialAction\":[{\"@type\":\"ReadAction\",\"target\":[\"https:\/\/www.hsymachinery.com\/product\/tamping-rammer-ch-c100\/\"]}]},{\"@type\":\"ImageObject\",\"inLanguage\":\"cs\",\"@id\":\"https:\/\/www.hsymachinery.com\/product\/tamping-rammer-ch-c100\/#primaryimage\",\"url\":\"https:\/\/www.hsymachinery.com\/wp-content\/uploads\/2025\/06\/Tamping-Rammer-CH-C100.jpg\",\"contentUrl\":\"https:\/\/www.hsymachinery.com\/wp-content\/uploads\/2025\/06\/Tamping-Rammer-CH-C100.jpg\",\"width\":800,\"height\":800},{\"@type\":\"BreadcrumbList\",\"@id\":\"https:\/\/www.hsymachinery.com\/product\/tamping-rammer-ch-c100\/#breadcrumb\",\"itemListElement\":[{\"@type\":\"ListItem\",\"position\":1,\"name\":\"home\",\"item\":\"https:\/\/www.hsymachinery.com\/\"},{\"@type\":\"ListItem\",\"position\":2,\"name\":\"products\",\"item\":\"https:\/\/www.hsymachinery.com\/products\/\"},{\"@type\":\"ListItem\",\"position\":3,\"name\":\"Tamping Rammer CH-C100\"}]},{\"@type\":\"WebSite\",\"@id\":\"https:\/\/www.hsymachinery.com\/#website\",\"url\":\"https:\/\/www.hsymachinery.com\/\",\"name\":\"HSY Construction Machinery\",\"description\":\"HSY Machinery \u2013 A leading China construction machinery supplier, offering a wide range of light construction equipment. Our main products include Rebar Cutting Machine, Rebar Bending Machine, Rebar Stirrup Bending Machine, Rebar Arc Bending Machine, Rebar Straightening Machine, Five-Head Rebar Stirrup Bending Machine, Tamping Rammer, Plate Compactor, Concrete Cutter, Power Trowel, and other construction machinery. We are equipped with advanced CNC machines, and we enforce strict quality inspection standards along with comprehensive after-sales service. If you are interested in our products or services, we warmly welcome your inquiries via message.\",\"publisher\":{\"@id\":\"https:\/\/www.hsymachinery.com\/#organization\"},\"potentialAction\":[{\"@type\":\"SearchAction\",\"target\":{\"@type\":\"EntryPoint\",\"urlTemplate\":\"https:\/\/www.hsymachinery.com\/?s={search_term_string}\"},\"query-input\":{\"@type\":\"PropertyValueSpecification\",\"valueRequired\":true,\"valueName\":\"search_term_string\"}}],\"inLanguage\":\"cs\"},{\"@type\":\"Organization\",\"@id\":\"https:\/\/www.hsymachinery.com\/#organization\",\"name\":\"HSY Construction Machinery\",\"url\":\"https:\/\/www.hsymachinery.com\/\",\"logo\":{\"@type\":\"ImageObject\",\"inLanguage\":\"cs\",\"@id\":\"https:\/\/www.hsymachinery.com\/#\/schema\/logo\/image\/\",\"url\":\"https:\/\/www.hsymachinery.com\/wp-content\/uploads\/2025\/06\/cropped-HSY-machinery.png\",\"contentUrl\":\"https:\/\/www.hsymachinery.com\/wp-content\/uploads\/2025\/06\/cropped-HSY-machinery.png\",\"width\":600,\"height\":240,\"caption\":\"HSY Construction Machinery\"},\"image\":{\"@id\":\"https:\/\/www.hsymachinery.com\/#\/schema\/logo\/image\/\"}}]}<\/script>\n<!-- \/ Yoast SEO plugin. -->","yoast_head_json":{"title":"Podb\u00edjec\u00ed beranidlo CH-C100 - Stavebn\u00ed stroje HSY","description":"Dieselov\u00e1 p\u011bchovac\u00ed p\u011bch CH-C100 zaji\u0161\u0165uje vysoce \u00fa\u010dinn\u00e9 hutn\u011bn\u00ed t\u011b\u017ek\u00fdch p\u016fd. Je konstruov\u00e1no pro dlouhou \u017eivotnost, vzd\u00e1len\u00e1 pracovi\u0161t\u011b a n\u00e1ro\u010dn\u00e9 podm\u00ednky prost\u0159ed\u00ed.","robots":{"index":"index","follow":"follow","max-snippet":"max-snippet:-1","max-image-preview":"max-image-preview:large","max-video-preview":"max-video-preview:-1"},"canonical":"https:\/\/www.hsymachinery.com\/cs\/produkt\/podbijeci-beranidlo-ch-c100\/","og_locale":"cs_CZ","og_type":"article","og_title":"Tamping Rammer CH-C100 - HSY Construction Machinery","og_description":"CH-C100 Diesel Tamping Rammer provides high-impact compaction for heavy soils. Built for durability, remote job sites, and tough environmental conditions.","og_url":"https:\/\/www.hsymachinery.com\/cs\/produkt\/podbijeci-beranidlo-ch-c100\/","og_site_name":"HSY Construction Machinery","article_modified_time":"2025-06-28T07:27:47+00:00","og_image":[{"width":800,"height":800,"url":"https:\/\/www.hsymachinery.com\/wp-content\/uploads\/2025\/06\/Tamping-Rammer-CH-C100.jpg","type":"image\/jpeg"}],"twitter_card":"summary_large_image","twitter_misc":{"Odhadovan\u00e1 doba \u010dten\u00ed":"2 minuty"},"schema":{"@context":"https:\/\/schema.org","@graph":[{"@type":"WebPage","@id":"https:\/\/www.hsymachinery.com\/product\/tamping-rammer-ch-c100\/","url":"https:\/\/www.hsymachinery.com\/product\/tamping-rammer-ch-c100\/","name":"Podb\u00edjec\u00ed beranidlo CH-C100 - Stavebn\u00ed stroje HSY","isPartOf":{"@id":"https:\/\/www.hsymachinery.com\/#website"},"primaryImageOfPage":{"@id":"https:\/\/www.hsymachinery.com\/product\/tamping-rammer-ch-c100\/#primaryimage"},"image":{"@id":"https:\/\/www.hsymachinery.com\/product\/tamping-rammer-ch-c100\/#primaryimage"},"thumbnailUrl":"https:\/\/www.hsymachinery.com\/wp-content\/uploads\/2025\/06\/Tamping-Rammer-CH-C100.jpg","datePublished":"2025-06-18T08:25:13+00:00","dateModified":"2025-06-28T07:27:47+00:00","description":"Dieselov\u00e1 p\u011bchovac\u00ed p\u011bch CH-C100 zaji\u0161\u0165uje vysoce \u00fa\u010dinn\u00e9 hutn\u011bn\u00ed t\u011b\u017ek\u00fdch p\u016fd. Je konstruov\u00e1no pro dlouhou \u017eivotnost, vzd\u00e1len\u00e1 pracovi\u0161t\u011b a n\u00e1ro\u010dn\u00e9 podm\u00ednky prost\u0159ed\u00ed.","breadcrumb":{"@id":"https:\/\/www.hsymachinery.com\/product\/tamping-rammer-ch-c100\/#breadcrumb"},"inLanguage":"cs","potentialAction":[{"@type":"ReadAction","target":["https:\/\/www.hsymachinery.com\/product\/tamping-rammer-ch-c100\/"]}]},{"@type":"ImageObject","inLanguage":"cs","@id":"https:\/\/www.hsymachinery.com\/product\/tamping-rammer-ch-c100\/#primaryimage","url":"https:\/\/www.hsymachinery.com\/wp-content\/uploads\/2025\/06\/Tamping-Rammer-CH-C100.jpg","contentUrl":"https:\/\/www.hsymachinery.com\/wp-content\/uploads\/2025\/06\/Tamping-Rammer-CH-C100.jpg","width":800,"height":800},{"@type":"BreadcrumbList","@id":"https:\/\/www.hsymachinery.com\/product\/tamping-rammer-ch-c100\/#breadcrumb","itemListElement":[{"@type":"ListItem","position":1,"name":"home","item":"https:\/\/www.hsymachinery.com\/"},{"@type":"ListItem","position":2,"name":"products","item":"https:\/\/www.hsymachinery.com\/products\/"},{"@type":"ListItem","position":3,"name":"Tamping Rammer CH-C100"}]},{"@type":"WebSite","@id":"https:\/\/www.hsymachinery.com\/#website","url":"https:\/\/www.hsymachinery.com\/","name":"Stavebn\u00ed stroje HSY","description":"HSY Machinery - P\u0159edn\u00ed \u010d\u00ednsk\u00fd dodavatel stavebn\u00edch stroj\u016f, kter\u00fd nab\u00edz\u00ed \u0161irokou \u0161k\u00e1lu lehk\u00fdch stavebn\u00edch stroj\u016f. Mezi na\u0161e hlavn\u00ed produkty pat\u0159\u00ed \u0159eza\u010dka prut\u016f, oh\u00fdba\u010dka prut\u016f, oh\u00fdba\u010dka prut\u016f, obloukov\u00e1 oh\u00fdba\u010dka prut\u016f, rovna\u010dka prut\u016f, p\u011btihlav\u0148ov\u00e1 oh\u00fdba\u010dka prut\u016f, p\u011bchovac\u00ed kladivo, zhut\u0148ova\u010d desek, \u0159eza\u010dka betonu, motorov\u00e1 st\u011brka a dal\u0161\u00ed stavebn\u00ed stroje. Jsme vybaveni modern\u00edmi CNC stroji a prosazujeme p\u0159\u00edsn\u00e9 standardy kontroly kvality spolu s komplexn\u00edm poprodejn\u00edm servisem. Pokud m\u00e1te z\u00e1jem o na\u0161e v\u00fdrobky nebo slu\u017eby, srde\u010dn\u011b uv\u00edt\u00e1me va\u0161e dotazy prost\u0159ednictv\u00edm zpr\u00e1vy.","publisher":{"@id":"https:\/\/www.hsymachinery.com\/#organization"},"potentialAction":[{"@type":"SearchAction","target":{"@type":"EntryPoint","urlTemplate":"https:\/\/www.hsymachinery.com\/?s={search_term_string}"},"query-input":{"@type":"PropertyValueSpecification","valueRequired":true,"valueName":"search_term_string"}}],"inLanguage":"cs"},{"@type":"Organization","@id":"https:\/\/www.hsymachinery.com\/#organization","name":"Stavebn\u00ed stroje HSY","url":"https:\/\/www.hsymachinery.com\/","logo":{"@type":"ImageObject","inLanguage":"cs","@id":"https:\/\/www.hsymachinery.com\/#\/schema\/logo\/image\/","url":"https:\/\/www.hsymachinery.com\/wp-content\/uploads\/2025\/06\/cropped-HSY-machinery.png","contentUrl":"https:\/\/www.hsymachinery.com\/wp-content\/uploads\/2025\/06\/cropped-HSY-machinery.png","width":600,"height":240,"caption":"HSY Construction Machinery"},"image":{"@id":"https:\/\/www.hsymachinery.com\/#\/schema\/logo\/image\/"}}]}},"_links":{"self":[{"href":"https:\/\/www.hsymachinery.com\/cs\/wp-json\/wp\/v2\/product\/9076","targetHints":{"allow":["GET"]}}],"collection":[{"href":"https:\/\/www.hsymachinery.com\/cs\/wp-json\/wp\/v2\/product"}],"about":[{"href":"https:\/\/www.hsymachinery.com\/cs\/wp-json\/wp\/v2\/types\/product"}],"version-history":[{"count":3,"href":"https:\/\/www.hsymachinery.com\/cs\/wp-json\/wp\/v2\/product\/9076\/revisions"}],"predecessor-version":[{"id":9502,"href":"https:\/\/www.hsymachinery.com\/cs\/wp-json\/wp\/v2\/product\/9076\/revisions\/9502"}],"wp:featuredmedia":[{"embeddable":true,"href":"https:\/\/www.hsymachinery.com\/cs\/wp-json\/wp\/v2\/media\/9077"}],"wp:attachment":[{"href":"https:\/\/www.hsymachinery.com\/cs\/wp-json\/wp\/v2\/media?parent=9076"}],"wp:term":[{"taxonomy":"product_brand","embeddable":true,"href":"https:\/\/www.hsymachinery.com\/cs\/wp-json\/wp\/v2\/product_brand?post=9076"},{"taxonomy":"product_cat","embeddable":true,"href":"https:\/\/www.hsymachinery.com\/cs\/wp-json\/wp\/v2\/product_cat?post=9076"},{"taxonomy":"product_tag","embeddable":true,"href":"https:\/\/www.hsymachinery.com\/cs\/wp-json\/wp\/v2\/product_tag?post=9076"}],"curies":[{"name":"wp","href":"https:\/\/api.w.org\/{rel}","templated":true}]}}