{"id":9067,"date":"2025-06-18T16:20:26","date_gmt":"2025-06-18T08:20:26","guid":{"rendered":"https:\/\/www.hsymachinery.com\/?post_type=product&#038;p=9067"},"modified":"2025-06-28T15:09:28","modified_gmt":"2025-06-28T07:09:28","slug":"podbijeci-beranidlo-ch-d125","status":"publish","type":"product","link":"https:\/\/www.hsymachinery.com\/cs\/produkt\/podbijeci-beranidlo-ch-d125\/","title":{"rendered":"Podb\u00edjec\u00ed beranidlo CH-D125"},"content":{"rendered":"<h2 data-start=\"112\" data-end=\"142\">Podb\u00edjec\u00ed beranidlo CH-D125<\/h2>\n<h3 data-start=\"143\" data-end=\"257\">CH-D125 Elektrick\u00e1 podb\u00edje\u010dka pro velk\u00e9 zat\u00ed\u017een\u00ed | Hutn\u011bn\u00ed s vysok\u00fdm \u00fa\u010dinkem a nulov\u00fdmi emisemi p\u0159i zakl\u00e1d\u00e1n\u00ed staveb a stavb\u011b silnic<\/h3>\n<h3 data-start=\"264\" data-end=\"350\">P\u0159ehled v\u00fdrobk\u016f - Maxim\u00e1ln\u00ed v\u00fdkon s elektrickou p\u0159esnost\u00ed pro n\u00e1ro\u010dn\u00e1 pracovi\u0161t\u011b<a href=\"https:\/\/www.hsymachinery.com\/cs\/produkty\/podbijeci-beranidlo\/\" target=\"_blank\" rel=\"noopener\"><img fetchpriority=\"high\" decoding=\"async\" class=\"wp-image-9068 alignright\" src=\"https:\/\/www.hsymachinery.com\/wp-content\/uploads\/2025\/06\/Tamping-Rammer-CH-D125-300x300.jpg\" alt=\"\" width=\"473\" height=\"473\" srcset=\"https:\/\/www.hsymachinery.com\/wp-content\/uploads\/2025\/06\/Tamping-Rammer-CH-D125-300x300.jpg 300w, https:\/\/www.hsymachinery.com\/wp-content\/uploads\/2025\/06\/Tamping-Rammer-CH-D125-150x150.jpg 150w, https:\/\/www.hsymachinery.com\/wp-content\/uploads\/2025\/06\/Tamping-Rammer-CH-D125-768x768.jpg 768w, https:\/\/www.hsymachinery.com\/wp-content\/uploads\/2025\/06\/Tamping-Rammer-CH-D125-600x600.jpg 600w, https:\/\/www.hsymachinery.com\/wp-content\/uploads\/2025\/06\/Tamping-Rammer-CH-D125-100x100.jpg 100w, https:\/\/www.hsymachinery.com\/wp-content\/uploads\/2025\/06\/Tamping-Rammer-CH-D125.jpg 800w\" sizes=\"(max-width: 473px) 100vw, 473px\" \/><\/a><\/h3>\n<p data-start=\"352\" data-end=\"760\">Na str\u00e1nk\u00e1ch <strong data-start=\"356\" data-end=\"391\">CH-D125 Elektrick\u00e1 p\u011bchovac\u00ed p\u011bchova\u010dka<\/strong> je nejrobustn\u011bj\u0161\u00edm modelem na\u0161\u00ed elektrick\u00e9 \u0159ady, kter\u00fd je ur\u010den pro aplikace s vysok\u00fdm stupn\u011bm zhutn\u011bn\u00ed, jako jsou opravy silnic, v\u00fdkopy v tvrd\u00e9 hl\u00edn\u011b a stabilizace z\u00e1klad\u016f. Je poh\u00e1n\u011bn vysoce v\u00fdkonn\u00fdm elektromotorem a poskytuje konzistentn\u00ed s\u00edlu p\u0159i ub\u00edjen\u00ed s nulov\u00fdmi emisemi, tak\u017ee je ide\u00e1ln\u00ed pro pou\u017eit\u00ed v m\u00edstech citliv\u00fdch na \u017eivotn\u00ed prost\u0159ed\u00ed nebo v interi\u00e9rech.<\/p>\n<p data-start=\"762\" data-end=\"891\">Tento model je \u0159e\u0161en\u00edm pro dodavatele, kte\u0159\u00ed pot\u0159ebuj\u00ed v\u00fdkonn\u00e9 hutn\u011bn\u00ed bez nev\u00fdhod benzinov\u00fdch nebo naftov\u00fdch motor\u016f.<\/p>\n<h3 data-start=\"898\" data-end=\"939\">Vytvo\u0159eno pro vysok\u00e9 zat\u00ed\u017een\u00ed a n\u00edzk\u00e9 prostoje<\/h3>\n<p data-start=\"941\" data-end=\"1234\">D\u00edky zdokonalen\u00e9mu pru\u017einov\u00e9mu mechanismu, siln\u011bj\u0161\u00edmu p\u011bchovac\u00edmu b\u0159itu a stabiln\u00edmu ocelov\u00e9mu r\u00e1mu zhut\u0148uje model CH-D125 \u00fa\u010dinn\u011b hou\u017eevnat\u00e9 materi\u00e1ly, jako je hl\u00edna, p\u00edsek a drcen\u00fd \u0161t\u011brk. Syst\u00e9m elektrick\u00e9ho pohonu zaji\u0161\u0165uje n\u00edzk\u00e9 provozn\u00ed n\u00e1klady, proto\u017ee odpad\u00e1 manipulace s palivem a \u00fadr\u017eba motoru.<\/p>\n<p data-start=\"1236\" data-end=\"1382\">Je tak\u00e9 vybaven v\u00edcevrstvou izolac\u00ed vibrac\u00ed, tak\u017ee je pohodln\u00fd pro dlouhou pr\u00e1ci a z\u00e1rove\u0148 sni\u017euje nam\u00e1h\u00e1n\u00ed mechanick\u00fdch sou\u010d\u00e1st\u00ed.<\/p>\n<h3 data-start=\"1389\" data-end=\"1452\">\u010cist\u00e1 energie pro m\u011bstskou infrastrukturu a vnit\u0159n\u00ed projekty<\/h3>\n<p data-start=\"1454\" data-end=\"1721\">D\u00edky bezv\u00fdfukov\u00e9mu provozu a tich\u00e9mu motoru je CH-D125 ide\u00e1ln\u00ed pro modernizaci m\u011bstsk\u00e9 infrastruktury, komun\u00e1ln\u00ed \u00fadr\u017ebu a podzemn\u00ed stavby. Kompaktn\u00ed, ale vyztu\u017een\u00fd podvozek umo\u017e\u0148uje p\u0159\u00edstup do st\u00edsn\u011bn\u00fdch prostor bez ztr\u00e1ty v\u00fdkonu.<\/p>\n<p data-start=\"1723\" data-end=\"1852\">A\u0165 u\u017e zhut\u0148ujete p\u016fdu uvnit\u0159 budovy nebo na \u00fazk\u00e9 silnici, tato elektrick\u00e1 sb\u00edje\u010dka je va\u0161\u00edm tich\u00fdm a \u010dist\u00fdm spole\u010dn\u00edkem.<\/p>\n<h3 data-start=\"1859\" data-end=\"1912\">Kl\u00ed\u010dov\u00e9 vlastnosti elektrick\u00e9ho podb\u00edjec\u00edho kladiva CH-D125<\/h3>\n<ul data-start=\"1914\" data-end=\"2212\">\n<li data-start=\"1914\" data-end=\"1988\">\n<p data-start=\"1916\" data-end=\"1988\">Navr\u017eeno pro n\u00e1ro\u010dn\u00e9 \u00fakoly zhut\u0148ov\u00e1n\u00ed v prost\u0159ed\u00ed s omezen\u00fdm prostorem.<\/p>\n<\/li>\n<li data-start=\"1989\" data-end=\"2045\">\n<p data-start=\"1991\" data-end=\"2045\">Elektrick\u00fd motor zaji\u0161\u0165uje \u010dist\u00fd a st\u00e1l\u00fd v\u00fdkon<\/p>\n<\/li>\n<li data-start=\"2046\" data-end=\"2104\">\n<p data-start=\"2048\" data-end=\"2104\">Siln\u011bj\u0161\u00ed beranic\u00ed v\u00fdkon ne\u017e standardn\u00ed elektrick\u00e9 podb\u00edje\u010dky<\/p>\n<\/li>\n<li data-start=\"2105\" data-end=\"2151\">\n<p data-start=\"2107\" data-end=\"2151\">Nulov\u00e9 emise v\u00fdfukov\u00fdch plyn\u016f a tich\u00fd provoz<\/p>\n<\/li>\n<li data-start=\"2152\" data-end=\"2212\">\n<p data-start=\"2154\" data-end=\"2212\">Ide\u00e1ln\u00ed pro vnit\u0159n\u00ed i venkovn\u00ed infrastrukturn\u00ed aplikace<\/p>\n<\/li>\n<\/ul>\n<p><iframe title=\"kompaktor, podb\u00edjec\u00ed beranidlo, podb\u00edje\u010dka, deskov\u00fd kompaktor, stavebn\u00ed vibrace, kompaktor machine.#tamping\" width=\"720\" height=\"540\" src=\"https:\/\/www.youtube.com\/embed\/j8Nod6Mcz9w?feature=oembed\" frameborder=\"0\" allow=\"accelerometer; autoplay; clipboard-write; encrypted-media; gyroscope; picture-in-picture; web-share\" referrerpolicy=\"strict-origin-when-cross-origin\" allowfullscreen><\/iframe><\/p>","protected":false},"excerpt":{"rendered":"<p>Elektrick\u00e1 p\u011bchovac\u00ed p\u011bch CH-D125 zaji\u0161\u0165uje vysoce \u00fa\u010dinn\u00e9 hutn\u011bn\u00ed bez emis\u00ed. Ide\u00e1ln\u00ed pro opravy silnic, hutn\u011bn\u00ed v\u00fdkop\u016f a vnit\u0159n\u00ed stavebn\u00ed z\u00f3ny.<\/p>","protected":false},"featured_media":9068,"template":"","meta":{"_kad_post_transparent":"default","_kad_post_title":"","_kad_post_layout":"default","_kad_post_sidebar_id":"","_kad_post_content_style":"default","_kad_post_vertical_padding":"default","_kad_post_feature":"","_kad_post_feature_position":"","_kad_post_header":false,"_kad_post_footer":false},"product_brand":[],"product_cat":[83],"product_tag":[1060,1057,1058,1059,1051,1052,1056,1053,1055,1054],"class_list":{"0":"post-9067","1":"product","2":"type-product","3":"status-publish","4":"has-post-thumbnail","6":"product_cat-tamping-rammer","7":"product_tag-backfill-compactor-machine","8":"product_tag-diesel-tamping-rammer","9":"product_tag-earth-tamping-machine","10":"product_tag-handheld-tamping-rammer","11":"product_tag-impact-rammer","12":"product_tag-jumping-jack-compactor","13":"product_tag-petrol-tamping-rammer","14":"product_tag-plate-tamping-rammer","15":"product_tag-soil-compaction-rammer","16":"product_tag-vibratory-tamping-rammer","18":"first","19":"instock","20":"shipping-taxable","21":"product-type-simple","22":"entry","23":"content-bg","24":"loop-entry"},"yoast_head":"<!-- This site is optimized with the Yoast SEO plugin v25.3.1 - https:\/\/yoast.com\/wordpress\/plugins\/seo\/ -->\n<title>Tamping Rammer CH-D125 - HSY Construction Machinery<\/title>\n<meta name=\"description\" content=\"CH-D125 Electric Tamping Rammer offers powerful, emission-free soil compaction. Ideal for heavy-duty use in foundations, roads, and confined spaces.\" \/>\n<meta name=\"robots\" content=\"index, follow, max-snippet:-1, max-image-preview:large, max-video-preview:-1\" \/>\n<link rel=\"canonical\" href=\"https:\/\/www.hsymachinery.com\/cs\/produkt\/podbijeci-beranidlo-ch-d125\/\" \/>\n<meta property=\"og:locale\" content=\"cs_CZ\" \/>\n<meta property=\"og:type\" content=\"article\" \/>\n<meta property=\"og:title\" content=\"Tamping Rammer CH-D125 - HSY Construction Machinery\" \/>\n<meta property=\"og:description\" content=\"CH-D125 Electric Tamping Rammer offers powerful, emission-free soil compaction. Ideal for heavy-duty use in foundations, roads, and confined spaces.\" \/>\n<meta property=\"og:url\" content=\"https:\/\/www.hsymachinery.com\/cs\/produkt\/podbijeci-beranidlo-ch-d125\/\" \/>\n<meta property=\"og:site_name\" content=\"HSY Construction Machinery\" \/>\n<meta property=\"article:modified_time\" content=\"2025-06-28T07:09:28+00:00\" \/>\n<meta property=\"og:image\" content=\"https:\/\/www.hsymachinery.com\/wp-content\/uploads\/2025\/06\/Tamping-Rammer-CH-D125.jpg\" \/>\n\t<meta property=\"og:image:width\" content=\"800\" \/>\n\t<meta property=\"og:image:height\" content=\"800\" \/>\n\t<meta property=\"og:image:type\" content=\"image\/jpeg\" \/>\n<meta name=\"twitter:card\" content=\"summary_large_image\" \/>\n<meta name=\"twitter:label1\" content=\"Odhadovan\u00e1 doba \u010dten\u00ed\" \/>\n\t<meta name=\"twitter:data1\" content=\"2 minuty\" \/>\n<script type=\"application\/ld+json\" class=\"yoast-schema-graph\">{\"@context\":\"https:\/\/schema.org\",\"@graph\":[{\"@type\":\"WebPage\",\"@id\":\"https:\/\/www.hsymachinery.com\/product\/tamping-rammer-ch-d125\/\",\"url\":\"https:\/\/www.hsymachinery.com\/product\/tamping-rammer-ch-d125\/\",\"name\":\"Tamping Rammer CH-D125 - HSY Construction Machinery\",\"isPartOf\":{\"@id\":\"https:\/\/www.hsymachinery.com\/#website\"},\"primaryImageOfPage\":{\"@id\":\"https:\/\/www.hsymachinery.com\/product\/tamping-rammer-ch-d125\/#primaryimage\"},\"image\":{\"@id\":\"https:\/\/www.hsymachinery.com\/product\/tamping-rammer-ch-d125\/#primaryimage\"},\"thumbnailUrl\":\"https:\/\/www.hsymachinery.com\/wp-content\/uploads\/2025\/06\/Tamping-Rammer-CH-D125.jpg\",\"datePublished\":\"2025-06-18T08:20:26+00:00\",\"dateModified\":\"2025-06-28T07:09:28+00:00\",\"description\":\"CH-D125 Electric Tamping Rammer offers powerful, emission-free soil compaction. Ideal for heavy-duty use in foundations, roads, and confined spaces.\",\"breadcrumb\":{\"@id\":\"https:\/\/www.hsymachinery.com\/product\/tamping-rammer-ch-d125\/#breadcrumb\"},\"inLanguage\":\"cs\",\"potentialAction\":[{\"@type\":\"ReadAction\",\"target\":[\"https:\/\/www.hsymachinery.com\/product\/tamping-rammer-ch-d125\/\"]}]},{\"@type\":\"ImageObject\",\"inLanguage\":\"cs\",\"@id\":\"https:\/\/www.hsymachinery.com\/product\/tamping-rammer-ch-d125\/#primaryimage\",\"url\":\"https:\/\/www.hsymachinery.com\/wp-content\/uploads\/2025\/06\/Tamping-Rammer-CH-D125.jpg\",\"contentUrl\":\"https:\/\/www.hsymachinery.com\/wp-content\/uploads\/2025\/06\/Tamping-Rammer-CH-D125.jpg\",\"width\":800,\"height\":800},{\"@type\":\"BreadcrumbList\",\"@id\":\"https:\/\/www.hsymachinery.com\/product\/tamping-rammer-ch-d125\/#breadcrumb\",\"itemListElement\":[{\"@type\":\"ListItem\",\"position\":1,\"name\":\"home\",\"item\":\"https:\/\/www.hsymachinery.com\/\"},{\"@type\":\"ListItem\",\"position\":2,\"name\":\"products\",\"item\":\"https:\/\/www.hsymachinery.com\/products\/\"},{\"@type\":\"ListItem\",\"position\":3,\"name\":\"Tamping Rammer CH-D125\"}]},{\"@type\":\"WebSite\",\"@id\":\"https:\/\/www.hsymachinery.com\/#website\",\"url\":\"https:\/\/www.hsymachinery.com\/\",\"name\":\"HSY Construction Machinery\",\"description\":\"HSY Machinery \u2013 A leading China construction machinery supplier, offering a wide range of light construction equipment. Our main products include Rebar Cutting Machine, Rebar Bending Machine, Rebar Stirrup Bending Machine, Rebar Arc Bending Machine, Rebar Straightening Machine, Five-Head Rebar Stirrup Bending Machine, Tamping Rammer, Plate Compactor, Concrete Cutter, Power Trowel, and other construction machinery. We are equipped with advanced CNC machines, and we enforce strict quality inspection standards along with comprehensive after-sales service. If you are interested in our products or services, we warmly welcome your inquiries via message.\",\"publisher\":{\"@id\":\"https:\/\/www.hsymachinery.com\/#organization\"},\"potentialAction\":[{\"@type\":\"SearchAction\",\"target\":{\"@type\":\"EntryPoint\",\"urlTemplate\":\"https:\/\/www.hsymachinery.com\/?s={search_term_string}\"},\"query-input\":{\"@type\":\"PropertyValueSpecification\",\"valueRequired\":true,\"valueName\":\"search_term_string\"}}],\"inLanguage\":\"cs\"},{\"@type\":\"Organization\",\"@id\":\"https:\/\/www.hsymachinery.com\/#organization\",\"name\":\"HSY Construction Machinery\",\"url\":\"https:\/\/www.hsymachinery.com\/\",\"logo\":{\"@type\":\"ImageObject\",\"inLanguage\":\"cs\",\"@id\":\"https:\/\/www.hsymachinery.com\/#\/schema\/logo\/image\/\",\"url\":\"https:\/\/www.hsymachinery.com\/wp-content\/uploads\/2025\/06\/cropped-HSY-machinery.png\",\"contentUrl\":\"https:\/\/www.hsymachinery.com\/wp-content\/uploads\/2025\/06\/cropped-HSY-machinery.png\",\"width\":600,\"height\":240,\"caption\":\"HSY Construction Machinery\"},\"image\":{\"@id\":\"https:\/\/www.hsymachinery.com\/#\/schema\/logo\/image\/\"}}]}<\/script>\n<!-- \/ Yoast SEO plugin. -->","yoast_head_json":{"title":"Podb\u00edjec\u00ed beranidlo CH-D125 - Stavebn\u00ed stroje HSY","description":"Elektrick\u00e1 p\u011bchovac\u00ed p\u011bch CH-D125 nab\u00edz\u00ed v\u00fdkonn\u00e9 zhut\u0148ov\u00e1n\u00ed p\u016fdy bez emis\u00ed. Ide\u00e1ln\u00ed pro n\u00e1ro\u010dn\u00e9 pou\u017eit\u00ed v z\u00e1kladech, na silnic\u00edch a ve st\u00edsn\u011bn\u00fdch prostorech.","robots":{"index":"index","follow":"follow","max-snippet":"max-snippet:-1","max-image-preview":"max-image-preview:large","max-video-preview":"max-video-preview:-1"},"canonical":"https:\/\/www.hsymachinery.com\/cs\/produkt\/podbijeci-beranidlo-ch-d125\/","og_locale":"cs_CZ","og_type":"article","og_title":"Tamping Rammer CH-D125 - HSY Construction Machinery","og_description":"CH-D125 Electric Tamping Rammer offers powerful, emission-free soil compaction. Ideal for heavy-duty use in foundations, roads, and confined spaces.","og_url":"https:\/\/www.hsymachinery.com\/cs\/produkt\/podbijeci-beranidlo-ch-d125\/","og_site_name":"HSY Construction Machinery","article_modified_time":"2025-06-28T07:09:28+00:00","og_image":[{"width":800,"height":800,"url":"https:\/\/www.hsymachinery.com\/wp-content\/uploads\/2025\/06\/Tamping-Rammer-CH-D125.jpg","type":"image\/jpeg"}],"twitter_card":"summary_large_image","twitter_misc":{"Odhadovan\u00e1 doba \u010dten\u00ed":"2 minuty"},"schema":{"@context":"https:\/\/schema.org","@graph":[{"@type":"WebPage","@id":"https:\/\/www.hsymachinery.com\/product\/tamping-rammer-ch-d125\/","url":"https:\/\/www.hsymachinery.com\/product\/tamping-rammer-ch-d125\/","name":"Podb\u00edjec\u00ed beranidlo CH-D125 - Stavebn\u00ed stroje HSY","isPartOf":{"@id":"https:\/\/www.hsymachinery.com\/#website"},"primaryImageOfPage":{"@id":"https:\/\/www.hsymachinery.com\/product\/tamping-rammer-ch-d125\/#primaryimage"},"image":{"@id":"https:\/\/www.hsymachinery.com\/product\/tamping-rammer-ch-d125\/#primaryimage"},"thumbnailUrl":"https:\/\/www.hsymachinery.com\/wp-content\/uploads\/2025\/06\/Tamping-Rammer-CH-D125.jpg","datePublished":"2025-06-18T08:20:26+00:00","dateModified":"2025-06-28T07:09:28+00:00","description":"Elektrick\u00e1 p\u011bchovac\u00ed p\u011bch CH-D125 nab\u00edz\u00ed v\u00fdkonn\u00e9 zhut\u0148ov\u00e1n\u00ed p\u016fdy bez emis\u00ed. Ide\u00e1ln\u00ed pro n\u00e1ro\u010dn\u00e9 pou\u017eit\u00ed v z\u00e1kladech, na silnic\u00edch a ve st\u00edsn\u011bn\u00fdch prostorech.","breadcrumb":{"@id":"https:\/\/www.hsymachinery.com\/product\/tamping-rammer-ch-d125\/#breadcrumb"},"inLanguage":"cs","potentialAction":[{"@type":"ReadAction","target":["https:\/\/www.hsymachinery.com\/product\/tamping-rammer-ch-d125\/"]}]},{"@type":"ImageObject","inLanguage":"cs","@id":"https:\/\/www.hsymachinery.com\/product\/tamping-rammer-ch-d125\/#primaryimage","url":"https:\/\/www.hsymachinery.com\/wp-content\/uploads\/2025\/06\/Tamping-Rammer-CH-D125.jpg","contentUrl":"https:\/\/www.hsymachinery.com\/wp-content\/uploads\/2025\/06\/Tamping-Rammer-CH-D125.jpg","width":800,"height":800},{"@type":"BreadcrumbList","@id":"https:\/\/www.hsymachinery.com\/product\/tamping-rammer-ch-d125\/#breadcrumb","itemListElement":[{"@type":"ListItem","position":1,"name":"home","item":"https:\/\/www.hsymachinery.com\/"},{"@type":"ListItem","position":2,"name":"products","item":"https:\/\/www.hsymachinery.com\/products\/"},{"@type":"ListItem","position":3,"name":"Tamping Rammer CH-D125"}]},{"@type":"WebSite","@id":"https:\/\/www.hsymachinery.com\/#website","url":"https:\/\/www.hsymachinery.com\/","name":"Stavebn\u00ed stroje HSY","description":"HSY Machinery - P\u0159edn\u00ed \u010d\u00ednsk\u00fd dodavatel stavebn\u00edch stroj\u016f, kter\u00fd nab\u00edz\u00ed \u0161irokou \u0161k\u00e1lu lehk\u00fdch stavebn\u00edch stroj\u016f. Mezi na\u0161e hlavn\u00ed produkty pat\u0159\u00ed \u0159eza\u010dka prut\u016f, oh\u00fdba\u010dka prut\u016f, oh\u00fdba\u010dka prut\u016f, obloukov\u00e1 oh\u00fdba\u010dka prut\u016f, rovna\u010dka prut\u016f, p\u011btihlav\u0148ov\u00e1 oh\u00fdba\u010dka prut\u016f, p\u011bchovac\u00ed kladivo, zhut\u0148ova\u010d desek, \u0159eza\u010dka betonu, motorov\u00e1 st\u011brka a dal\u0161\u00ed stavebn\u00ed stroje. Jsme vybaveni modern\u00edmi CNC stroji a prosazujeme p\u0159\u00edsn\u00e9 standardy kontroly kvality spolu s komplexn\u00edm poprodejn\u00edm servisem. Pokud m\u00e1te z\u00e1jem o na\u0161e v\u00fdrobky nebo slu\u017eby, srde\u010dn\u011b uv\u00edt\u00e1me va\u0161e dotazy prost\u0159ednictv\u00edm zpr\u00e1vy.","publisher":{"@id":"https:\/\/www.hsymachinery.com\/#organization"},"potentialAction":[{"@type":"SearchAction","target":{"@type":"EntryPoint","urlTemplate":"https:\/\/www.hsymachinery.com\/?s={search_term_string}"},"query-input":{"@type":"PropertyValueSpecification","valueRequired":true,"valueName":"search_term_string"}}],"inLanguage":"cs"},{"@type":"Organization","@id":"https:\/\/www.hsymachinery.com\/#organization","name":"Stavebn\u00ed stroje HSY","url":"https:\/\/www.hsymachinery.com\/","logo":{"@type":"ImageObject","inLanguage":"cs","@id":"https:\/\/www.hsymachinery.com\/#\/schema\/logo\/image\/","url":"https:\/\/www.hsymachinery.com\/wp-content\/uploads\/2025\/06\/cropped-HSY-machinery.png","contentUrl":"https:\/\/www.hsymachinery.com\/wp-content\/uploads\/2025\/06\/cropped-HSY-machinery.png","width":600,"height":240,"caption":"HSY Construction Machinery"},"image":{"@id":"https:\/\/www.hsymachinery.com\/#\/schema\/logo\/image\/"}}]}},"_links":{"self":[{"href":"https:\/\/www.hsymachinery.com\/cs\/wp-json\/wp\/v2\/product\/9067","targetHints":{"allow":["GET"]}}],"collection":[{"href":"https:\/\/www.hsymachinery.com\/cs\/wp-json\/wp\/v2\/product"}],"about":[{"href":"https:\/\/www.hsymachinery.com\/cs\/wp-json\/wp\/v2\/types\/product"}],"version-history":[{"count":3,"href":"https:\/\/www.hsymachinery.com\/cs\/wp-json\/wp\/v2\/product\/9067\/revisions"}],"predecessor-version":[{"id":9495,"href":"https:\/\/www.hsymachinery.com\/cs\/wp-json\/wp\/v2\/product\/9067\/revisions\/9495"}],"wp:featuredmedia":[{"embeddable":true,"href":"https:\/\/www.hsymachinery.com\/cs\/wp-json\/wp\/v2\/media\/9068"}],"wp:attachment":[{"href":"https:\/\/www.hsymachinery.com\/cs\/wp-json\/wp\/v2\/media?parent=9067"}],"wp:term":[{"taxonomy":"product_brand","embeddable":true,"href":"https:\/\/www.hsymachinery.com\/cs\/wp-json\/wp\/v2\/product_brand?post=9067"},{"taxonomy":"product_cat","embeddable":true,"href":"https:\/\/www.hsymachinery.com\/cs\/wp-json\/wp\/v2\/product_cat?post=9067"},{"taxonomy":"product_tag","embeddable":true,"href":"https:\/\/www.hsymachinery.com\/cs\/wp-json\/wp\/v2\/product_tag?post=9067"}],"curies":[{"name":"wp","href":"https:\/\/api.w.org\/{rel}","templated":true}]}}