{"id":9050,"date":"2025-06-18T15:35:27","date_gmt":"2025-06-18T07:35:27","guid":{"rendered":"https:\/\/www.hsymachinery.com\/?post_type=product&#038;p=9050"},"modified":"2025-06-28T13:46:51","modified_gmt":"2025-06-28T05:46:51","slug":"automaticka-ohybacka-trmenu-stwq4-14b","status":"publish","type":"product","link":"https:\/\/www.hsymachinery.com\/cs\/produkt\/automaticka-ohybacka-trmenu-stwq4-14b\/","title":{"rendered":"Automatick\u00fd stroj na oh\u00fdb\u00e1n\u00ed t\u0159men\u016f STWQ4-14B"},"content":{"rendered":"<h2 data-start=\"124\" data-end=\"175\">Automatick\u00fd stroj na oh\u00fdb\u00e1n\u00ed t\u0159men\u016f STWQ4-14B<\/h2>\n<h3 data-start=\"176\" data-end=\"296\">STWQ4-14B Automatick\u00e9 oh\u00fdba\u010dky v\u00fdztu\u017ee | Pokro\u010dil\u00fd CNC oh\u00fdba\u010d ocelov\u00fdch ty\u010d\u00ed typu Coil pro v\u00fdztu\u017e 4-12 mm<\/h3>\n<h3 data-start=\"303\" data-end=\"382\">P\u0159ehled v\u00fdrobk\u016f - Optimalizov\u00e1no pro flexibiln\u00ed, vysokorychlostn\u00ed v\u00fdrobu t\u0159men\u016f<a href=\"https:\/\/www.hsymachinery.com\/cs\/produkty\/automaticka-ohybacka-trmenu\/\" target=\"_blank\" rel=\"noopener\"><img fetchpriority=\"high\" decoding=\"async\" class=\"wp-image-9051 alignright\" src=\"https:\/\/www.hsymachinery.com\/wp-content\/uploads\/2025\/06\/Automatic-Stirrup-Bending-Machine-STWQ4-14B-parameter-300x300.jpg\" alt=\"\" width=\"502\" height=\"502\" srcset=\"https:\/\/www.hsymachinery.com\/wp-content\/uploads\/2025\/06\/Automatic-Stirrup-Bending-Machine-STWQ4-14B-parameter-300x300.jpg 300w, https:\/\/www.hsymachinery.com\/wp-content\/uploads\/2025\/06\/Automatic-Stirrup-Bending-Machine-STWQ4-14B-parameter-150x150.jpg 150w, https:\/\/www.hsymachinery.com\/wp-content\/uploads\/2025\/06\/Automatic-Stirrup-Bending-Machine-STWQ4-14B-parameter-100x100.jpg 100w, https:\/\/www.hsymachinery.com\/wp-content\/uploads\/2025\/06\/Automatic-Stirrup-Bending-Machine-STWQ4-14B-parameter.jpg 600w\" sizes=\"(max-width: 502px) 100vw, 502px\" \/><\/a><\/h3>\n<p data-start=\"384\" data-end=\"782\">Na str\u00e1nk\u00e1ch <strong data-start=\"388\" data-end=\"435\">STWQ4-14B Automatick\u00fd stroj na oh\u00fdb\u00e1n\u00ed t\u0159men\u016f<\/strong> je zkonstruov\u00e1n tak, aby umo\u017e\u0148oval p\u0159esn\u00e9 a vysokorychlostn\u00ed tvarov\u00e1n\u00ed t\u0159men\u016f ze svitkov\u00e9 v\u00fdztu\u017ee o pr\u016fm\u011bru od 4 mm do 12 mm. Tento model vynik\u00e1 zv\u00fd\u0161enou stabilitou r\u00e1mu, plynulej\u0161\u00edm syst\u00e9mem pod\u00e1v\u00e1n\u00ed a rychlej\u0161\u00edmi \u010dasy cykl\u016f, co\u017e z n\u011bj \u010din\u00ed \u0161pi\u010dkovou volbu pro vysoce efektivn\u00ed staveni\u0161t\u011b, modul\u00e1rn\u00ed v\u00fdrobn\u00ed d\u00edlny a st\u0159ediska pro zpracov\u00e1n\u00ed v\u00fdztu\u017ee.<\/p>\n<p data-start=\"784\" data-end=\"943\">D\u00edky integraci pln\u011b automatizovan\u00fdch proces\u016f rovn\u00e1n\u00ed, \u0159ez\u00e1n\u00ed a oh\u00fdb\u00e1n\u00ed stroj zefektiv\u0148uje v\u00fdrobu a z\u00e1rove\u0148 sni\u017euje pl\u00fdtv\u00e1n\u00ed materi\u00e1lem a n\u00e1klady na pracovn\u00ed s\u00edlu.<\/p>\n<h3 data-start=\"950\" data-end=\"1005\">Chytr\u00fd provoz, rychl\u00e9 p\u0159ep\u00edn\u00e1n\u00ed a \u010dist\u00e9 ohyby<\/h3>\n<p data-start=\"1007\" data-end=\"1303\">Stroj STWQ4-14B je vybaven modernizovan\u00fdm ovl\u00e1dac\u00edm panelem CNC, kter\u00fd podporuje ukl\u00e1d\u00e1n\u00ed do pam\u011bti tvaru, co\u017e obsluze umo\u017e\u0148uje p\u0159ep\u00ednat mezi n\u00e1vrhy b\u011bhem n\u011bkolika sekund. Jeho vysoce p\u0159esn\u00e9 servomotory poh\u00e1n\u011bj\u00ed automatick\u00e1 pod\u00e1vac\u00ed a oh\u00fdbac\u00ed ramena, \u010d\u00edm\u017e je zaji\u0161t\u011bna jednotn\u00e1 kvalita i p\u0159i velk\u00fdch v\u00fdrobn\u00edch s\u00e9ri\u00edch.<\/p>\n<p data-start=\"1305\" data-end=\"1462\">Nastaviteln\u00fd v\u00e1le\u010dkov\u00fd rovna\u010d minimalizuje deformace a podporuje p\u0159esn\u00e9 proveden\u00ed \u00fahlu, vhodn\u00e9 pro symetrick\u00e9 i slo\u017eit\u00e9 konstrukce t\u0159men\u016f.<\/p>\n<h3 data-start=\"1469\" data-end=\"1526\">Zes\u00edlen\u00fd design s mezin\u00e1rodn\u00ed kompatibilitou<\/h3>\n<p data-start=\"1528\" data-end=\"1801\">Model STWQ4-14B m\u00e1 siln\u011bj\u0161\u00ed ocelov\u00fd r\u00e1m, kter\u00fd sni\u017euje vibrace a zvy\u0161uje dlouhodobou odolnost. Jeho modul\u00e1rn\u00ed konstrukce umo\u017e\u0148uje snadn\u011bj\u0161\u00ed p\u0159\u00edstup k \u00fadr\u017eb\u011b a stroj je vybaven bezpe\u010dnostn\u00edmi alarmy, centr\u00e1ln\u00edm maz\u00e1n\u00edm a funkcemi ochrany nap\u00e1jen\u00ed.<\/p>\n<p data-start=\"1803\" data-end=\"1931\">Pracuje s nap\u011bt\u00edm 380 V\/50 Hz a lze jej p\u0159izp\u016fsobit mezin\u00e1rodn\u00edm nap\u011b\u0165ov\u00fdm standard\u016fm, \u010d\u00edm\u017e snadno spl\u0148uje glob\u00e1ln\u00ed exportn\u00ed po\u017eadavky.<\/p>\n<h3 data-start=\"1938\" data-end=\"1994\">Kl\u00ed\u010dov\u00e9 vlastnosti automatick\u00e9 oh\u00fdba\u010dky t\u0159men\u016f STWQ4-14B<\/h3>\n<ul data-start=\"1996\" data-end=\"2313\">\n<li data-start=\"1996\" data-end=\"2062\">\n<p data-start=\"1998\" data-end=\"2062\">Zpracov\u00e1v\u00e1 4-12mm svinut\u00e9 ocelov\u00e9 ty\u010de do r\u016fzn\u00fdch tvar\u016f t\u0159men\u016f.<\/p>\n<\/li>\n<li data-start=\"2063\" data-end=\"2133\">\n<p data-start=\"2065\" data-end=\"2133\">Pokro\u010dil\u00e9 rozhran\u00ed CNC s tvarovou pam\u011bt\u00ed pro rychl\u00e9 zm\u011bny programu<\/p>\n<\/li>\n<li data-start=\"2134\" data-end=\"2190\">\n<p data-start=\"2136\" data-end=\"2190\">Vylep\u0161en\u00fd motorov\u00fd syst\u00e9m a rychl\u00e9 oh\u00fdbac\u00ed hlavy<\/p>\n<\/li>\n<li data-start=\"2191\" data-end=\"2252\">\n<p data-start=\"2193\" data-end=\"2252\">Robustn\u00ed r\u00e1m s integrovan\u00fdm maz\u00e1n\u00edm a signalizac\u00ed poruchy<\/p>\n<\/li>\n<li data-start=\"2253\" data-end=\"2313\">\n<p data-start=\"2255\" data-end=\"2313\">Navr\u017eeno pro exportn\u00ed trhy a pr\u016fmyslov\u00e9 pou\u017eit\u00ed s dlouhou dobou provozu<\/p>\n<\/li>\n<\/ul>\n<p><iframe title=\"Oh\u00fdba\u010dka t\u0159men\u016f, cnc oh\u00fdba\u010dka v\u00fdztu\u017ee, stroj na v\u00fdztu\u017e, oh\u00fdba\u010dka t\u0159men\u016f v\u00fdztu\u017ee\" width=\"720\" height=\"540\" src=\"https:\/\/www.youtube.com\/embed\/7lyC3GtmOvI?feature=oembed\" frameborder=\"0\" allow=\"accelerometer; autoplay; clipboard-write; encrypted-media; gyroscope; picture-in-picture; web-share\" referrerpolicy=\"strict-origin-when-cross-origin\" allowfullscreen><\/iframe><\/p>","protected":false},"excerpt":{"rendered":"<p>STWQ4-14B tvaruje 4-12mm svinutou v\u00fdztu\u017e do t\u0159men\u016f s p\u0159esnost\u00ed CNC. Nab\u00edz\u00ed rychl\u00e9 p\u0159ep\u00edn\u00e1n\u00ed program\u016f, silnou stabilitu a vysokorychlostn\u00ed tvarov\u00e1n\u00ed pro pr\u016fmyslov\u00e9 pr\u00e1ce.<\/p>","protected":false},"featured_media":9052,"template":"","meta":{"_kad_post_transparent":"default","_kad_post_title":"","_kad_post_layout":"default","_kad_post_sidebar_id":"","_kad_post_content_style":"default","_kad_post_vertical_padding":"default","_kad_post_feature":"","_kad_post_feature_position":"","_kad_post_header":false,"_kad_post_footer":false},"product_brand":[],"product_cat":[61],"product_tag":[998,1043,1042,1044,1046,1048,1045,1050,1047,1049],"class_list":{"0":"post-9050","1":"product","2":"type-product","3":"status-publish","4":"has-post-thumbnail","6":"product_cat-automatic-stirrup-bending-machine","7":"product_tag-automatic-rebar-bending-machine","8":"product_tag-automatic-rebar-stirrup-bending-and-cutting-machine","9":"product_tag-cnc-automatic-stirrup-bending-and-cutting-machine","10":"product_tag-cnc-stirrup-bending-machine","11":"product_tag-rebar-stirrup-making-machine","12":"product_tag-reinforcement-bar-stirrup-bender","13":"product_tag-steel-bar-stirrup-bender","14":"product_tag-stirrup-bender-for-construction-steel","15":"product_tag-stirrup-forming-machine","16":"product_tag-wire-stirrup-bending-equipment","18":"first","19":"instock","20":"featured","21":"shipping-taxable","22":"product-type-simple","23":"entry","24":"content-bg","25":"loop-entry"},"yoast_head":"<!-- This site is optimized with the Yoast SEO plugin v25.3.1 - https:\/\/yoast.com\/wordpress\/plugins\/seo\/ -->\n<title>Automatic Stirrup Bending Machine STWQ4-14B - HSY Construction Machinery<\/title>\n<meta name=\"description\" content=\"Automatic Stirrup Bending Machine STWQ4-14B bends 4\u201312mm coiled steel bars into stirrups. Stable, fast, and built for heavy-duty fabrication and global use.\" \/>\n<meta name=\"robots\" content=\"index, follow, max-snippet:-1, max-image-preview:large, max-video-preview:-1\" \/>\n<link rel=\"canonical\" href=\"https:\/\/www.hsymachinery.com\/cs\/produkt\/automaticka-ohybacka-trmenu-stwq4-14b\/\" \/>\n<meta property=\"og:locale\" content=\"cs_CZ\" \/>\n<meta property=\"og:type\" content=\"article\" \/>\n<meta property=\"og:title\" content=\"Automatic Stirrup Bending Machine STWQ4-14B - HSY Construction Machinery\" \/>\n<meta property=\"og:description\" content=\"Automatic Stirrup Bending Machine STWQ4-14B bends 4\u201312mm coiled steel bars into stirrups. Stable, fast, and built for heavy-duty fabrication and global use.\" \/>\n<meta property=\"og:url\" content=\"https:\/\/www.hsymachinery.com\/cs\/produkt\/automaticka-ohybacka-trmenu-stwq4-14b\/\" \/>\n<meta property=\"og:site_name\" content=\"HSY Construction Machinery\" \/>\n<meta property=\"article:modified_time\" content=\"2025-06-28T05:46:51+00:00\" \/>\n<meta property=\"og:image\" content=\"https:\/\/www.hsymachinery.com\/wp-content\/uploads\/2025\/06\/Automatic-Stirrup-Bending-Machine-STWQ4-14B.jpg\" \/>\n\t<meta property=\"og:image:width\" content=\"600\" \/>\n\t<meta property=\"og:image:height\" content=\"600\" \/>\n\t<meta property=\"og:image:type\" content=\"image\/jpeg\" \/>\n<meta name=\"twitter:card\" content=\"summary_large_image\" \/>\n<meta name=\"twitter:label1\" content=\"Odhadovan\u00e1 doba \u010dten\u00ed\" \/>\n\t<meta name=\"twitter:data1\" content=\"2 minuty\" \/>\n<script type=\"application\/ld+json\" class=\"yoast-schema-graph\">{\"@context\":\"https:\/\/schema.org\",\"@graph\":[{\"@type\":\"WebPage\",\"@id\":\"https:\/\/www.hsymachinery.com\/product\/automatic-stirrup-bending-machine-stwq4-14b\/\",\"url\":\"https:\/\/www.hsymachinery.com\/product\/automatic-stirrup-bending-machine-stwq4-14b\/\",\"name\":\"Automatic Stirrup Bending Machine STWQ4-14B - HSY Construction Machinery\",\"isPartOf\":{\"@id\":\"https:\/\/www.hsymachinery.com\/#website\"},\"primaryImageOfPage\":{\"@id\":\"https:\/\/www.hsymachinery.com\/product\/automatic-stirrup-bending-machine-stwq4-14b\/#primaryimage\"},\"image\":{\"@id\":\"https:\/\/www.hsymachinery.com\/product\/automatic-stirrup-bending-machine-stwq4-14b\/#primaryimage\"},\"thumbnailUrl\":\"https:\/\/www.hsymachinery.com\/wp-content\/uploads\/2025\/06\/Automatic-Stirrup-Bending-Machine-STWQ4-14B.jpg\",\"datePublished\":\"2025-06-18T07:35:27+00:00\",\"dateModified\":\"2025-06-28T05:46:51+00:00\",\"description\":\"Automatic Stirrup Bending Machine STWQ4-14B bends 4\u201312mm coiled steel bars into stirrups. Stable, fast, and built for heavy-duty fabrication and global use.\",\"breadcrumb\":{\"@id\":\"https:\/\/www.hsymachinery.com\/product\/automatic-stirrup-bending-machine-stwq4-14b\/#breadcrumb\"},\"inLanguage\":\"cs\",\"potentialAction\":[{\"@type\":\"ReadAction\",\"target\":[\"https:\/\/www.hsymachinery.com\/product\/automatic-stirrup-bending-machine-stwq4-14b\/\"]}]},{\"@type\":\"ImageObject\",\"inLanguage\":\"cs\",\"@id\":\"https:\/\/www.hsymachinery.com\/product\/automatic-stirrup-bending-machine-stwq4-14b\/#primaryimage\",\"url\":\"https:\/\/www.hsymachinery.com\/wp-content\/uploads\/2025\/06\/Automatic-Stirrup-Bending-Machine-STWQ4-14B.jpg\",\"contentUrl\":\"https:\/\/www.hsymachinery.com\/wp-content\/uploads\/2025\/06\/Automatic-Stirrup-Bending-Machine-STWQ4-14B.jpg\",\"width\":600,\"height\":600},{\"@type\":\"BreadcrumbList\",\"@id\":\"https:\/\/www.hsymachinery.com\/product\/automatic-stirrup-bending-machine-stwq4-14b\/#breadcrumb\",\"itemListElement\":[{\"@type\":\"ListItem\",\"position\":1,\"name\":\"home\",\"item\":\"https:\/\/www.hsymachinery.com\/\"},{\"@type\":\"ListItem\",\"position\":2,\"name\":\"products\",\"item\":\"https:\/\/www.hsymachinery.com\/products\/\"},{\"@type\":\"ListItem\",\"position\":3,\"name\":\"Automatic Stirrup Bending Machine STWQ4-14B\"}]},{\"@type\":\"WebSite\",\"@id\":\"https:\/\/www.hsymachinery.com\/#website\",\"url\":\"https:\/\/www.hsymachinery.com\/\",\"name\":\"HSY Construction Machinery\",\"description\":\"HSY Machinery \u2013 A leading China construction machinery supplier, offering a wide range of light construction equipment. Our main products include Rebar Cutting Machine, Rebar Bending Machine, Rebar Stirrup Bending Machine, Rebar Arc Bending Machine, Rebar Straightening Machine, Five-Head Rebar Stirrup Bending Machine, Tamping Rammer, Plate Compactor, Concrete Cutter, Power Trowel, and other construction machinery. We are equipped with advanced CNC machines, and we enforce strict quality inspection standards along with comprehensive after-sales service. If you are interested in our products or services, we warmly welcome your inquiries via message.\",\"publisher\":{\"@id\":\"https:\/\/www.hsymachinery.com\/#organization\"},\"potentialAction\":[{\"@type\":\"SearchAction\",\"target\":{\"@type\":\"EntryPoint\",\"urlTemplate\":\"https:\/\/www.hsymachinery.com\/?s={search_term_string}\"},\"query-input\":{\"@type\":\"PropertyValueSpecification\",\"valueRequired\":true,\"valueName\":\"search_term_string\"}}],\"inLanguage\":\"cs\"},{\"@type\":\"Organization\",\"@id\":\"https:\/\/www.hsymachinery.com\/#organization\",\"name\":\"HSY Construction Machinery\",\"url\":\"https:\/\/www.hsymachinery.com\/\",\"logo\":{\"@type\":\"ImageObject\",\"inLanguage\":\"cs\",\"@id\":\"https:\/\/www.hsymachinery.com\/#\/schema\/logo\/image\/\",\"url\":\"https:\/\/www.hsymachinery.com\/wp-content\/uploads\/2025\/06\/cropped-HSY-machinery.png\",\"contentUrl\":\"https:\/\/www.hsymachinery.com\/wp-content\/uploads\/2025\/06\/cropped-HSY-machinery.png\",\"width\":600,\"height\":240,\"caption\":\"HSY Construction Machinery\"},\"image\":{\"@id\":\"https:\/\/www.hsymachinery.com\/#\/schema\/logo\/image\/\"}}]}<\/script>\n<!-- \/ Yoast SEO plugin. -->","yoast_head_json":{"title":"Automatick\u00fd oh\u00fdba\u010d t\u0159men\u016f STWQ4-14B - Stavebn\u00ed stroje HSY","description":"Automatick\u00e1 oh\u00fdba\u010dka t\u0159men\u016f STWQ4-14B oh\u00fdb\u00e1 4-12mm svinut\u00e9 ocelov\u00e9 ty\u010de do t\u0159men\u016f. Stabiln\u00ed, rychl\u00fd a konstruovan\u00fd pro n\u00e1ro\u010dnou v\u00fdrobu a celosv\u011btov\u00e9 pou\u017eit\u00ed.","robots":{"index":"index","follow":"follow","max-snippet":"max-snippet:-1","max-image-preview":"max-image-preview:large","max-video-preview":"max-video-preview:-1"},"canonical":"https:\/\/www.hsymachinery.com\/cs\/produkt\/automaticka-ohybacka-trmenu-stwq4-14b\/","og_locale":"cs_CZ","og_type":"article","og_title":"Automatic Stirrup Bending Machine STWQ4-14B - HSY Construction Machinery","og_description":"Automatic Stirrup Bending Machine STWQ4-14B bends 4\u201312mm coiled steel bars into stirrups. Stable, fast, and built for heavy-duty fabrication and global use.","og_url":"https:\/\/www.hsymachinery.com\/cs\/produkt\/automaticka-ohybacka-trmenu-stwq4-14b\/","og_site_name":"HSY Construction Machinery","article_modified_time":"2025-06-28T05:46:51+00:00","og_image":[{"width":600,"height":600,"url":"https:\/\/www.hsymachinery.com\/wp-content\/uploads\/2025\/06\/Automatic-Stirrup-Bending-Machine-STWQ4-14B.jpg","type":"image\/jpeg"}],"twitter_card":"summary_large_image","twitter_misc":{"Odhadovan\u00e1 doba \u010dten\u00ed":"2 minuty"},"schema":{"@context":"https:\/\/schema.org","@graph":[{"@type":"WebPage","@id":"https:\/\/www.hsymachinery.com\/product\/automatic-stirrup-bending-machine-stwq4-14b\/","url":"https:\/\/www.hsymachinery.com\/product\/automatic-stirrup-bending-machine-stwq4-14b\/","name":"Automatick\u00fd oh\u00fdba\u010d t\u0159men\u016f STWQ4-14B - Stavebn\u00ed stroje HSY","isPartOf":{"@id":"https:\/\/www.hsymachinery.com\/#website"},"primaryImageOfPage":{"@id":"https:\/\/www.hsymachinery.com\/product\/automatic-stirrup-bending-machine-stwq4-14b\/#primaryimage"},"image":{"@id":"https:\/\/www.hsymachinery.com\/product\/automatic-stirrup-bending-machine-stwq4-14b\/#primaryimage"},"thumbnailUrl":"https:\/\/www.hsymachinery.com\/wp-content\/uploads\/2025\/06\/Automatic-Stirrup-Bending-Machine-STWQ4-14B.jpg","datePublished":"2025-06-18T07:35:27+00:00","dateModified":"2025-06-28T05:46:51+00:00","description":"Automatick\u00e1 oh\u00fdba\u010dka t\u0159men\u016f STWQ4-14B oh\u00fdb\u00e1 4-12mm svinut\u00e9 ocelov\u00e9 ty\u010de do t\u0159men\u016f. Stabiln\u00ed, rychl\u00fd a konstruovan\u00fd pro n\u00e1ro\u010dnou v\u00fdrobu a celosv\u011btov\u00e9 pou\u017eit\u00ed.","breadcrumb":{"@id":"https:\/\/www.hsymachinery.com\/product\/automatic-stirrup-bending-machine-stwq4-14b\/#breadcrumb"},"inLanguage":"cs","potentialAction":[{"@type":"ReadAction","target":["https:\/\/www.hsymachinery.com\/product\/automatic-stirrup-bending-machine-stwq4-14b\/"]}]},{"@type":"ImageObject","inLanguage":"cs","@id":"https:\/\/www.hsymachinery.com\/product\/automatic-stirrup-bending-machine-stwq4-14b\/#primaryimage","url":"https:\/\/www.hsymachinery.com\/wp-content\/uploads\/2025\/06\/Automatic-Stirrup-Bending-Machine-STWQ4-14B.jpg","contentUrl":"https:\/\/www.hsymachinery.com\/wp-content\/uploads\/2025\/06\/Automatic-Stirrup-Bending-Machine-STWQ4-14B.jpg","width":600,"height":600},{"@type":"BreadcrumbList","@id":"https:\/\/www.hsymachinery.com\/product\/automatic-stirrup-bending-machine-stwq4-14b\/#breadcrumb","itemListElement":[{"@type":"ListItem","position":1,"name":"home","item":"https:\/\/www.hsymachinery.com\/"},{"@type":"ListItem","position":2,"name":"products","item":"https:\/\/www.hsymachinery.com\/products\/"},{"@type":"ListItem","position":3,"name":"Automatic Stirrup Bending Machine STWQ4-14B"}]},{"@type":"WebSite","@id":"https:\/\/www.hsymachinery.com\/#website","url":"https:\/\/www.hsymachinery.com\/","name":"Stavebn\u00ed stroje HSY","description":"HSY Machinery - P\u0159edn\u00ed \u010d\u00ednsk\u00fd dodavatel stavebn\u00edch stroj\u016f, kter\u00fd nab\u00edz\u00ed \u0161irokou \u0161k\u00e1lu lehk\u00fdch stavebn\u00edch stroj\u016f. Mezi na\u0161e hlavn\u00ed produkty pat\u0159\u00ed \u0159eza\u010dka prut\u016f, oh\u00fdba\u010dka prut\u016f, oh\u00fdba\u010dka prut\u016f, obloukov\u00e1 oh\u00fdba\u010dka prut\u016f, rovna\u010dka prut\u016f, p\u011btihlav\u0148ov\u00e1 oh\u00fdba\u010dka prut\u016f, p\u011bchovac\u00ed kladivo, zhut\u0148ova\u010d desek, \u0159eza\u010dka betonu, motorov\u00e1 st\u011brka a dal\u0161\u00ed stavebn\u00ed stroje. Jsme vybaveni modern\u00edmi CNC stroji a prosazujeme p\u0159\u00edsn\u00e9 standardy kontroly kvality spolu s komplexn\u00edm poprodejn\u00edm servisem. Pokud m\u00e1te z\u00e1jem o na\u0161e v\u00fdrobky nebo slu\u017eby, srde\u010dn\u011b uv\u00edt\u00e1me va\u0161e dotazy prost\u0159ednictv\u00edm zpr\u00e1vy.","publisher":{"@id":"https:\/\/www.hsymachinery.com\/#organization"},"potentialAction":[{"@type":"SearchAction","target":{"@type":"EntryPoint","urlTemplate":"https:\/\/www.hsymachinery.com\/?s={search_term_string}"},"query-input":{"@type":"PropertyValueSpecification","valueRequired":true,"valueName":"search_term_string"}}],"inLanguage":"cs"},{"@type":"Organization","@id":"https:\/\/www.hsymachinery.com\/#organization","name":"Stavebn\u00ed stroje HSY","url":"https:\/\/www.hsymachinery.com\/","logo":{"@type":"ImageObject","inLanguage":"cs","@id":"https:\/\/www.hsymachinery.com\/#\/schema\/logo\/image\/","url":"https:\/\/www.hsymachinery.com\/wp-content\/uploads\/2025\/06\/cropped-HSY-machinery.png","contentUrl":"https:\/\/www.hsymachinery.com\/wp-content\/uploads\/2025\/06\/cropped-HSY-machinery.png","width":600,"height":240,"caption":"HSY Construction Machinery"},"image":{"@id":"https:\/\/www.hsymachinery.com\/#\/schema\/logo\/image\/"}}]}},"_links":{"self":[{"href":"https:\/\/www.hsymachinery.com\/cs\/wp-json\/wp\/v2\/product\/9050","targetHints":{"allow":["GET"]}}],"collection":[{"href":"https:\/\/www.hsymachinery.com\/cs\/wp-json\/wp\/v2\/product"}],"about":[{"href":"https:\/\/www.hsymachinery.com\/cs\/wp-json\/wp\/v2\/types\/product"}],"version-history":[{"count":3,"href":"https:\/\/www.hsymachinery.com\/cs\/wp-json\/wp\/v2\/product\/9050\/revisions"}],"predecessor-version":[{"id":9482,"href":"https:\/\/www.hsymachinery.com\/cs\/wp-json\/wp\/v2\/product\/9050\/revisions\/9482"}],"wp:featuredmedia":[{"embeddable":true,"href":"https:\/\/www.hsymachinery.com\/cs\/wp-json\/wp\/v2\/media\/9052"}],"wp:attachment":[{"href":"https:\/\/www.hsymachinery.com\/cs\/wp-json\/wp\/v2\/media?parent=9050"}],"wp:term":[{"taxonomy":"product_brand","embeddable":true,"href":"https:\/\/www.hsymachinery.com\/cs\/wp-json\/wp\/v2\/product_brand?post=9050"},{"taxonomy":"product_cat","embeddable":true,"href":"https:\/\/www.hsymachinery.com\/cs\/wp-json\/wp\/v2\/product_cat?post=9050"},{"taxonomy":"product_tag","embeddable":true,"href":"https:\/\/www.hsymachinery.com\/cs\/wp-json\/wp\/v2\/product_tag?post=9050"}],"curies":[{"name":"wp","href":"https:\/\/api.w.org\/{rel}","templated":true}]}}