{"id":9042,"date":"2025-06-18T15:30:53","date_gmt":"2025-06-18T07:30:53","guid":{"rendered":"https:\/\/www.hsymachinery.com\/?post_type=product&#038;p=9042"},"modified":"2025-06-28T13:28:00","modified_gmt":"2025-06-28T05:28:00","slug":"automaticka-ohybacka-trmenu-stwq4-12a","status":"publish","type":"product","link":"https:\/\/www.hsymachinery.com\/cs\/produkt\/automaticka-ohybacka-trmenu-stwq4-12a\/","title":{"rendered":"Automatick\u00fd stroj na oh\u00fdb\u00e1n\u00ed t\u0159men\u016f STWQ4-12A"},"content":{"rendered":"<h2 data-start=\"110\" data-end=\"161\">Automatick\u00fd stroj na oh\u00fdb\u00e1n\u00ed t\u0159men\u016f STWQ4-12A<\/h2>\n<h3 data-start=\"162\" data-end=\"265\">STWQ4-12A CNC Automatick\u00e9 oh\u00fdba\u010dky armatur | Oh\u00fdba\u010dka ocelov\u00fdch ty\u010d\u00ed typu Coil pro 4-10mm armatury<\/h3>\n<h3 data-start=\"272\" data-end=\"361\">P\u0159ehled v\u00fdrobk\u016f - Efektivn\u00ed oh\u00fdb\u00e1n\u00ed v\u00fdztu\u017ee ve svitc\u00edch pro stavebn\u00ed a montovan\u00e9 z\u00e1vody<a href=\"https:\/\/www.hsymachinery.com\/cs\/produkty\/automaticka-ohybacka-trmenu\/\" target=\"_blank\" rel=\"noopener\"><img fetchpriority=\"high\" decoding=\"async\" class=\"wp-image-9043 alignright\" src=\"https:\/\/www.hsymachinery.com\/wp-content\/uploads\/2025\/06\/Automatic-Stirrup-Bending-Machine-STWQ4-12A-parameter-300x300.jpg\" alt=\"\" width=\"491\" height=\"491\" srcset=\"https:\/\/www.hsymachinery.com\/wp-content\/uploads\/2025\/06\/Automatic-Stirrup-Bending-Machine-STWQ4-12A-parameter-300x300.jpg 300w, https:\/\/www.hsymachinery.com\/wp-content\/uploads\/2025\/06\/Automatic-Stirrup-Bending-Machine-STWQ4-12A-parameter-150x150.jpg 150w, https:\/\/www.hsymachinery.com\/wp-content\/uploads\/2025\/06\/Automatic-Stirrup-Bending-Machine-STWQ4-12A-parameter-100x100.jpg 100w, https:\/\/www.hsymachinery.com\/wp-content\/uploads\/2025\/06\/Automatic-Stirrup-Bending-Machine-STWQ4-12A-parameter.jpg 600w\" sizes=\"(max-width: 491px) 100vw, 491px\" \/><\/a><\/h3>\n<p data-start=\"363\" data-end=\"801\">Na str\u00e1nk\u00e1ch <strong data-start=\"367\" data-end=\"414\">Automatick\u00fd stroj na oh\u00fdb\u00e1n\u00ed t\u0159men\u016f STWQ4-12A<\/strong> nab\u00edz\u00ed spolehliv\u00e9 \u0159e\u0161en\u00ed pro zpracov\u00e1n\u00ed svitkov\u00e9 v\u00fdztu\u017ee od 4 mm do 10 mm do p\u0159esn\u00fdch tvar\u016f t\u0159men\u016f. Tento stroj je navr\u017een s automatizac\u00ed CNC a dv\u011bma servomotory a zaji\u0161\u0165uje vysokou v\u00fdrobn\u00ed rychlost, p\u0159esn\u00e9 \u00fahly ohybu a konzistentn\u00ed v\u00fdstup, d\u00edky \u010demu\u017e je obl\u00edbenou volbou v tov\u00e1rn\u00e1ch na v\u00fdrobu prefabrikovan\u00fdch d\u00edl\u016f, na dvorech pro zpracov\u00e1n\u00ed ocelov\u00fdch ty\u010d\u00ed a v m\u011bstsk\u00fdch stavebn\u00edch projektech.<\/p>\n<p data-start=\"803\" data-end=\"920\">Jeho kompaktn\u00ed konstrukce a automatick\u00fd syst\u00e9m pod\u00e1v\u00e1n\u00ed omezuj\u00ed ru\u010dn\u00ed manipulaci a z\u00e1rove\u0148 zvy\u0161uj\u00ed celkovou efektivitu oh\u00fdb\u00e1n\u00ed.<\/p>\n<h3 data-start=\"927\" data-end=\"974\">Inteligentn\u00ed \u0159\u00edzen\u00ed a p\u0159esn\u00fd syst\u00e9m tv\u00e1\u0159en\u00ed<\/h3>\n<p data-start=\"976\" data-end=\"1287\">STWQ4-12A integruje po\u010d\u00edta\u010dov\u00fd \u0159\u00eddic\u00ed syst\u00e9m s dotykov\u00fdm rozhran\u00edm, kter\u00fd umo\u017e\u0148uje obsluze snadno naprogramovat v\u00edce tvar\u016f a \u00fahl\u016f t\u0159men\u016f. Stroj automaticky vtahuje svinutou ocel, rovn\u00e1 ji, \u0159e\u017ee na d\u00e9lku a oh\u00fdb\u00e1 do ur\u010den\u00e9ho tvaru - to v\u0161e v jednom nep\u0159etr\u017eit\u00e9m cyklu.<\/p>\n<p data-start=\"1289\" data-end=\"1444\">Servopohon oh\u00fdbac\u00ed hlavy zaji\u0161\u0165uje \u010dist\u00e9, konzistentn\u00ed \u00fahly a rychl\u00e9 oh\u00fdb\u00e1n\u00ed, zat\u00edmco v\u00e1le\u010dkov\u00fd syst\u00e9m rovn\u00e1n\u00ed minimalizuje deformace.<\/p>\n<h3 data-start=\"1451\" data-end=\"1499\">Kompaktn\u00ed a odoln\u00e9, ur\u010den\u00e9 pro exportn\u00ed pou\u017eit\u00ed<\/h3>\n<p data-start=\"1501\" data-end=\"1791\">Model STWQ4-12A je vyroben z vysokopevnostn\u00ed oceli a navr\u017een s ohledem na odolnost proti vibrac\u00edm, tak\u017ee je odoln\u00fd a prostorov\u011b \u00fasporn\u00fd. Je vybaven syst\u00e9mem detekce poruch, centr\u00e1ln\u00edm maz\u00e1n\u00edm a podporuje standardn\u00ed pr\u016fmyslov\u00e9 nap\u00e1jen\u00ed 380 V\/50 Hz (p\u0159izp\u016fsobiteln\u00e9 pro export).<\/p>\n<p data-start=\"1793\" data-end=\"1936\">D\u00edky automatizovan\u00e9mu pracovn\u00edmu postupu a stabiln\u00edmu v\u00fdkonu je ide\u00e1ln\u00edm strojem pro velkoobjemovou v\u00fdrobu v\u00fdztu\u017en\u00fdch t\u0159men\u016f na sv\u011btov\u00fdch stavebn\u00edch trz\u00edch.<\/p>\n<h3 data-start=\"1943\" data-end=\"1998\">Kl\u00ed\u010dov\u00e9 vlastnosti stroje na oh\u00fdb\u00e1n\u00ed t\u0159men\u016f STWQ4-12A<\/h3>\n<ul data-start=\"2000\" data-end=\"2305\">\n<li data-start=\"2000\" data-end=\"2066\">\n<p data-start=\"2002\" data-end=\"2066\">Automaticky narovn\u00e1v\u00e1, \u0159e\u017ee a oh\u00fdb\u00e1 4-10mm svitkovou v\u00fdztu\u017e.<\/p>\n<\/li>\n<li data-start=\"2067\" data-end=\"2125\">\n<p data-start=\"2069\" data-end=\"2125\">Dotykov\u00fd \u0159\u00eddic\u00ed syst\u00e9m CNC s programov\u00e1n\u00edm s tvarovou pam\u011bt\u00ed<\/p>\n<\/li>\n<li data-start=\"2126\" data-end=\"2183\">\n<p data-start=\"2128\" data-end=\"2183\">Vysokorychlostn\u00ed servomotory pro rychl\u00e9 a p\u0159esn\u00e9 tv\u00e1\u0159en\u00ed<\/p>\n<\/li>\n<li data-start=\"2184\" data-end=\"2247\">\n<p data-start=\"2186\" data-end=\"2247\">Kompaktn\u00ed konstrukce vhodn\u00e1 pro instalaci ve v\u00fdrobn\u00edm z\u00e1vod\u011b nebo na pracovi\u0161ti<\/p>\n<\/li>\n<li data-start=\"2248\" data-end=\"2305\">\n<p data-start=\"2250\" data-end=\"2305\">Nap\u011bt\u00ed vhodn\u00e9 pro export s odolnou pr\u016fmyslovou konstrukc\u00ed<\/p>\n<\/li>\n<\/ul>\n<p><iframe title=\"Oh\u00fdba\u010dka t\u0159men\u016f, cnc oh\u00fdba\u010dka v\u00fdztu\u017ee, stroj na v\u00fdztu\u017e, oh\u00fdba\u010dka t\u0159men\u016f, oh\u00fdba\u010dka ocelov\u00fdch ty\u010d\u00ed\" width=\"720\" height=\"405\" src=\"https:\/\/www.youtube.com\/embed\/20OwGP6WX-M?feature=oembed\" frameborder=\"0\" allow=\"accelerometer; autoplay; clipboard-write; encrypted-media; gyroscope; picture-in-picture; web-share\" referrerpolicy=\"strict-origin-when-cross-origin\" allowfullscreen><\/iframe><\/p>","protected":false},"excerpt":{"rendered":"<p>STWQ4-12A oh\u00fdb\u00e1 4-10mm svitkovou v\u00fdztu\u017e do t\u0159men\u016f automaticky pomoc\u00ed CNC \u0159\u00edzen\u00ed. Rychl\u00e9, p\u0159esn\u00e9 a ide\u00e1ln\u00ed pro prefabrikaci a projekty zpracov\u00e1n\u00ed oceli.<\/p>","protected":false},"featured_media":9044,"template":"","meta":{"_kad_post_transparent":"default","_kad_post_title":"","_kad_post_layout":"default","_kad_post_sidebar_id":"","_kad_post_content_style":"default","_kad_post_vertical_padding":"default","_kad_post_feature":"","_kad_post_feature_position":"","_kad_post_header":false,"_kad_post_footer":false},"product_brand":[],"product_cat":[61],"product_tag":[998,1043,1042,1044,1046,1048,1045,1050,1047,1049],"class_list":{"0":"post-9042","1":"product","2":"type-product","3":"status-publish","4":"has-post-thumbnail","6":"product_cat-automatic-stirrup-bending-machine","7":"product_tag-automatic-rebar-bending-machine","8":"product_tag-automatic-rebar-stirrup-bending-and-cutting-machine","9":"product_tag-cnc-automatic-stirrup-bending-and-cutting-machine","10":"product_tag-cnc-stirrup-bending-machine","11":"product_tag-rebar-stirrup-making-machine","12":"product_tag-reinforcement-bar-stirrup-bender","13":"product_tag-steel-bar-stirrup-bender","14":"product_tag-stirrup-bender-for-construction-steel","15":"product_tag-stirrup-forming-machine","16":"product_tag-wire-stirrup-bending-equipment","18":"first","19":"instock","20":"shipping-taxable","21":"product-type-simple","22":"entry","23":"content-bg","24":"loop-entry"},"yoast_head":"<!-- This site is optimized with the Yoast SEO plugin v25.3.1 - https:\/\/yoast.com\/wordpress\/plugins\/seo\/ -->\n<title>Automatic Stirrup Bending Machine STWQ4-12A - HSY Construction Machinery<\/title>\n<meta name=\"description\" content=\"Automatic Stirrup Bending Machine STWQ4-12A processes 4\u201310mm coiled rebar into stirrups. CNC-controlled, compact, and built for high-efficiency production lines.\" \/>\n<meta name=\"robots\" content=\"index, follow, max-snippet:-1, max-image-preview:large, max-video-preview:-1\" \/>\n<link rel=\"canonical\" href=\"https:\/\/www.hsymachinery.com\/cs\/produkt\/automaticka-ohybacka-trmenu-stwq4-12a\/\" \/>\n<meta property=\"og:locale\" content=\"cs_CZ\" \/>\n<meta property=\"og:type\" content=\"article\" \/>\n<meta property=\"og:title\" content=\"Automatic Stirrup Bending Machine STWQ4-12A - HSY Construction Machinery\" \/>\n<meta property=\"og:description\" content=\"Automatic Stirrup Bending Machine STWQ4-12A processes 4\u201310mm coiled rebar into stirrups. CNC-controlled, compact, and built for high-efficiency production lines.\" \/>\n<meta property=\"og:url\" content=\"https:\/\/www.hsymachinery.com\/cs\/produkt\/automaticka-ohybacka-trmenu-stwq4-12a\/\" \/>\n<meta property=\"og:site_name\" content=\"HSY Construction Machinery\" \/>\n<meta property=\"article:modified_time\" content=\"2025-06-28T05:28:00+00:00\" \/>\n<meta property=\"og:image\" content=\"https:\/\/www.hsymachinery.com\/wp-content\/uploads\/2025\/06\/Automatic-Stirrup-Bending-Machine-STWQ4-12A.jpg\" \/>\n\t<meta property=\"og:image:width\" content=\"600\" \/>\n\t<meta property=\"og:image:height\" content=\"600\" \/>\n\t<meta property=\"og:image:type\" content=\"image\/jpeg\" \/>\n<meta name=\"twitter:card\" content=\"summary_large_image\" \/>\n<meta name=\"twitter:label1\" content=\"Odhadovan\u00e1 doba \u010dten\u00ed\" \/>\n\t<meta name=\"twitter:data1\" content=\"2 minuty\" \/>\n<script type=\"application\/ld+json\" class=\"yoast-schema-graph\">{\"@context\":\"https:\/\/schema.org\",\"@graph\":[{\"@type\":\"WebPage\",\"@id\":\"https:\/\/www.hsymachinery.com\/product\/automatic-stirrup-bending-machine-stwq4-12a\/\",\"url\":\"https:\/\/www.hsymachinery.com\/product\/automatic-stirrup-bending-machine-stwq4-12a\/\",\"name\":\"Automatic Stirrup Bending Machine STWQ4-12A - HSY Construction Machinery\",\"isPartOf\":{\"@id\":\"https:\/\/www.hsymachinery.com\/#website\"},\"primaryImageOfPage\":{\"@id\":\"https:\/\/www.hsymachinery.com\/product\/automatic-stirrup-bending-machine-stwq4-12a\/#primaryimage\"},\"image\":{\"@id\":\"https:\/\/www.hsymachinery.com\/product\/automatic-stirrup-bending-machine-stwq4-12a\/#primaryimage\"},\"thumbnailUrl\":\"https:\/\/www.hsymachinery.com\/wp-content\/uploads\/2025\/06\/Automatic-Stirrup-Bending-Machine-STWQ4-12A.jpg\",\"datePublished\":\"2025-06-18T07:30:53+00:00\",\"dateModified\":\"2025-06-28T05:28:00+00:00\",\"description\":\"Automatic Stirrup Bending Machine STWQ4-12A processes 4\u201310mm coiled rebar into stirrups. CNC-controlled, compact, and built for high-efficiency production lines.\",\"breadcrumb\":{\"@id\":\"https:\/\/www.hsymachinery.com\/product\/automatic-stirrup-bending-machine-stwq4-12a\/#breadcrumb\"},\"inLanguage\":\"cs\",\"potentialAction\":[{\"@type\":\"ReadAction\",\"target\":[\"https:\/\/www.hsymachinery.com\/product\/automatic-stirrup-bending-machine-stwq4-12a\/\"]}]},{\"@type\":\"ImageObject\",\"inLanguage\":\"cs\",\"@id\":\"https:\/\/www.hsymachinery.com\/product\/automatic-stirrup-bending-machine-stwq4-12a\/#primaryimage\",\"url\":\"https:\/\/www.hsymachinery.com\/wp-content\/uploads\/2025\/06\/Automatic-Stirrup-Bending-Machine-STWQ4-12A.jpg\",\"contentUrl\":\"https:\/\/www.hsymachinery.com\/wp-content\/uploads\/2025\/06\/Automatic-Stirrup-Bending-Machine-STWQ4-12A.jpg\",\"width\":600,\"height\":600},{\"@type\":\"BreadcrumbList\",\"@id\":\"https:\/\/www.hsymachinery.com\/product\/automatic-stirrup-bending-machine-stwq4-12a\/#breadcrumb\",\"itemListElement\":[{\"@type\":\"ListItem\",\"position\":1,\"name\":\"home\",\"item\":\"https:\/\/www.hsymachinery.com\/\"},{\"@type\":\"ListItem\",\"position\":2,\"name\":\"products\",\"item\":\"https:\/\/www.hsymachinery.com\/products\/\"},{\"@type\":\"ListItem\",\"position\":3,\"name\":\"Automatic Stirrup Bending Machine STWQ4-12A\"}]},{\"@type\":\"WebSite\",\"@id\":\"https:\/\/www.hsymachinery.com\/#website\",\"url\":\"https:\/\/www.hsymachinery.com\/\",\"name\":\"HSY Construction Machinery\",\"description\":\"HSY Machinery \u2013 A leading China construction machinery supplier, offering a wide range of light construction equipment. Our main products include Rebar Cutting Machine, Rebar Bending Machine, Rebar Stirrup Bending Machine, Rebar Arc Bending Machine, Rebar Straightening Machine, Five-Head Rebar Stirrup Bending Machine, Tamping Rammer, Plate Compactor, Concrete Cutter, Power Trowel, and other construction machinery. We are equipped with advanced CNC machines, and we enforce strict quality inspection standards along with comprehensive after-sales service. If you are interested in our products or services, we warmly welcome your inquiries via message.\",\"publisher\":{\"@id\":\"https:\/\/www.hsymachinery.com\/#organization\"},\"potentialAction\":[{\"@type\":\"SearchAction\",\"target\":{\"@type\":\"EntryPoint\",\"urlTemplate\":\"https:\/\/www.hsymachinery.com\/?s={search_term_string}\"},\"query-input\":{\"@type\":\"PropertyValueSpecification\",\"valueRequired\":true,\"valueName\":\"search_term_string\"}}],\"inLanguage\":\"cs\"},{\"@type\":\"Organization\",\"@id\":\"https:\/\/www.hsymachinery.com\/#organization\",\"name\":\"HSY Construction Machinery\",\"url\":\"https:\/\/www.hsymachinery.com\/\",\"logo\":{\"@type\":\"ImageObject\",\"inLanguage\":\"cs\",\"@id\":\"https:\/\/www.hsymachinery.com\/#\/schema\/logo\/image\/\",\"url\":\"https:\/\/www.hsymachinery.com\/wp-content\/uploads\/2025\/06\/cropped-HSY-machinery.png\",\"contentUrl\":\"https:\/\/www.hsymachinery.com\/wp-content\/uploads\/2025\/06\/cropped-HSY-machinery.png\",\"width\":600,\"height\":240,\"caption\":\"HSY Construction Machinery\"},\"image\":{\"@id\":\"https:\/\/www.hsymachinery.com\/#\/schema\/logo\/image\/\"}}]}<\/script>\n<!-- \/ Yoast SEO plugin. -->","yoast_head_json":{"title":"Automatick\u00fd oh\u00fdba\u010d t\u0159men\u016f STWQ4-12A - Stavebn\u00ed stroje HSY","description":"Automatick\u00fd stroj na oh\u00fdb\u00e1n\u00ed t\u0159men\u016f STWQ4-12A zpracov\u00e1v\u00e1 4-10mm svinutou v\u00fdztu\u017e do t\u0159men\u016f. CNC \u0159\u00edzen\u00fd, kompaktn\u00ed a konstruovan\u00fd pro vysoce efektivn\u00ed v\u00fdrobn\u00ed linky.","robots":{"index":"index","follow":"follow","max-snippet":"max-snippet:-1","max-image-preview":"max-image-preview:large","max-video-preview":"max-video-preview:-1"},"canonical":"https:\/\/www.hsymachinery.com\/cs\/produkt\/automaticka-ohybacka-trmenu-stwq4-12a\/","og_locale":"cs_CZ","og_type":"article","og_title":"Automatic Stirrup Bending Machine STWQ4-12A - HSY Construction Machinery","og_description":"Automatic Stirrup Bending Machine STWQ4-12A processes 4\u201310mm coiled rebar into stirrups. CNC-controlled, compact, and built for high-efficiency production lines.","og_url":"https:\/\/www.hsymachinery.com\/cs\/produkt\/automaticka-ohybacka-trmenu-stwq4-12a\/","og_site_name":"HSY Construction Machinery","article_modified_time":"2025-06-28T05:28:00+00:00","og_image":[{"width":600,"height":600,"url":"https:\/\/www.hsymachinery.com\/wp-content\/uploads\/2025\/06\/Automatic-Stirrup-Bending-Machine-STWQ4-12A.jpg","type":"image\/jpeg"}],"twitter_card":"summary_large_image","twitter_misc":{"Odhadovan\u00e1 doba \u010dten\u00ed":"2 minuty"},"schema":{"@context":"https:\/\/schema.org","@graph":[{"@type":"WebPage","@id":"https:\/\/www.hsymachinery.com\/product\/automatic-stirrup-bending-machine-stwq4-12a\/","url":"https:\/\/www.hsymachinery.com\/product\/automatic-stirrup-bending-machine-stwq4-12a\/","name":"Automatick\u00fd oh\u00fdba\u010d t\u0159men\u016f STWQ4-12A - Stavebn\u00ed stroje HSY","isPartOf":{"@id":"https:\/\/www.hsymachinery.com\/#website"},"primaryImageOfPage":{"@id":"https:\/\/www.hsymachinery.com\/product\/automatic-stirrup-bending-machine-stwq4-12a\/#primaryimage"},"image":{"@id":"https:\/\/www.hsymachinery.com\/product\/automatic-stirrup-bending-machine-stwq4-12a\/#primaryimage"},"thumbnailUrl":"https:\/\/www.hsymachinery.com\/wp-content\/uploads\/2025\/06\/Automatic-Stirrup-Bending-Machine-STWQ4-12A.jpg","datePublished":"2025-06-18T07:30:53+00:00","dateModified":"2025-06-28T05:28:00+00:00","description":"Automatick\u00fd stroj na oh\u00fdb\u00e1n\u00ed t\u0159men\u016f STWQ4-12A zpracov\u00e1v\u00e1 4-10mm svinutou v\u00fdztu\u017e do t\u0159men\u016f. CNC \u0159\u00edzen\u00fd, kompaktn\u00ed a konstruovan\u00fd pro vysoce efektivn\u00ed v\u00fdrobn\u00ed linky.","breadcrumb":{"@id":"https:\/\/www.hsymachinery.com\/product\/automatic-stirrup-bending-machine-stwq4-12a\/#breadcrumb"},"inLanguage":"cs","potentialAction":[{"@type":"ReadAction","target":["https:\/\/www.hsymachinery.com\/product\/automatic-stirrup-bending-machine-stwq4-12a\/"]}]},{"@type":"ImageObject","inLanguage":"cs","@id":"https:\/\/www.hsymachinery.com\/product\/automatic-stirrup-bending-machine-stwq4-12a\/#primaryimage","url":"https:\/\/www.hsymachinery.com\/wp-content\/uploads\/2025\/06\/Automatic-Stirrup-Bending-Machine-STWQ4-12A.jpg","contentUrl":"https:\/\/www.hsymachinery.com\/wp-content\/uploads\/2025\/06\/Automatic-Stirrup-Bending-Machine-STWQ4-12A.jpg","width":600,"height":600},{"@type":"BreadcrumbList","@id":"https:\/\/www.hsymachinery.com\/product\/automatic-stirrup-bending-machine-stwq4-12a\/#breadcrumb","itemListElement":[{"@type":"ListItem","position":1,"name":"home","item":"https:\/\/www.hsymachinery.com\/"},{"@type":"ListItem","position":2,"name":"products","item":"https:\/\/www.hsymachinery.com\/products\/"},{"@type":"ListItem","position":3,"name":"Automatic Stirrup Bending Machine STWQ4-12A"}]},{"@type":"WebSite","@id":"https:\/\/www.hsymachinery.com\/#website","url":"https:\/\/www.hsymachinery.com\/","name":"Stavebn\u00ed stroje HSY","description":"HSY Machinery - P\u0159edn\u00ed \u010d\u00ednsk\u00fd dodavatel stavebn\u00edch stroj\u016f, kter\u00fd nab\u00edz\u00ed \u0161irokou \u0161k\u00e1lu lehk\u00fdch stavebn\u00edch stroj\u016f. Mezi na\u0161e hlavn\u00ed produkty pat\u0159\u00ed \u0159eza\u010dka prut\u016f, oh\u00fdba\u010dka prut\u016f, oh\u00fdba\u010dka prut\u016f, obloukov\u00e1 oh\u00fdba\u010dka prut\u016f, rovna\u010dka prut\u016f, p\u011btihlav\u0148ov\u00e1 oh\u00fdba\u010dka prut\u016f, p\u011bchovac\u00ed kladivo, zhut\u0148ova\u010d desek, \u0159eza\u010dka betonu, motorov\u00e1 st\u011brka a dal\u0161\u00ed stavebn\u00ed stroje. Jsme vybaveni modern\u00edmi CNC stroji a prosazujeme p\u0159\u00edsn\u00e9 standardy kontroly kvality spolu s komplexn\u00edm poprodejn\u00edm servisem. Pokud m\u00e1te z\u00e1jem o na\u0161e v\u00fdrobky nebo slu\u017eby, srde\u010dn\u011b uv\u00edt\u00e1me va\u0161e dotazy prost\u0159ednictv\u00edm zpr\u00e1vy.","publisher":{"@id":"https:\/\/www.hsymachinery.com\/#organization"},"potentialAction":[{"@type":"SearchAction","target":{"@type":"EntryPoint","urlTemplate":"https:\/\/www.hsymachinery.com\/?s={search_term_string}"},"query-input":{"@type":"PropertyValueSpecification","valueRequired":true,"valueName":"search_term_string"}}],"inLanguage":"cs"},{"@type":"Organization","@id":"https:\/\/www.hsymachinery.com\/#organization","name":"Stavebn\u00ed stroje HSY","url":"https:\/\/www.hsymachinery.com\/","logo":{"@type":"ImageObject","inLanguage":"cs","@id":"https:\/\/www.hsymachinery.com\/#\/schema\/logo\/image\/","url":"https:\/\/www.hsymachinery.com\/wp-content\/uploads\/2025\/06\/cropped-HSY-machinery.png","contentUrl":"https:\/\/www.hsymachinery.com\/wp-content\/uploads\/2025\/06\/cropped-HSY-machinery.png","width":600,"height":240,"caption":"HSY Construction Machinery"},"image":{"@id":"https:\/\/www.hsymachinery.com\/#\/schema\/logo\/image\/"}}]}},"_links":{"self":[{"href":"https:\/\/www.hsymachinery.com\/cs\/wp-json\/wp\/v2\/product\/9042","targetHints":{"allow":["GET"]}}],"collection":[{"href":"https:\/\/www.hsymachinery.com\/cs\/wp-json\/wp\/v2\/product"}],"about":[{"href":"https:\/\/www.hsymachinery.com\/cs\/wp-json\/wp\/v2\/types\/product"}],"version-history":[{"count":4,"href":"https:\/\/www.hsymachinery.com\/cs\/wp-json\/wp\/v2\/product\/9042\/revisions"}],"predecessor-version":[{"id":9476,"href":"https:\/\/www.hsymachinery.com\/cs\/wp-json\/wp\/v2\/product\/9042\/revisions\/9476"}],"wp:featuredmedia":[{"embeddable":true,"href":"https:\/\/www.hsymachinery.com\/cs\/wp-json\/wp\/v2\/media\/9044"}],"wp:attachment":[{"href":"https:\/\/www.hsymachinery.com\/cs\/wp-json\/wp\/v2\/media?parent=9042"}],"wp:term":[{"taxonomy":"product_brand","embeddable":true,"href":"https:\/\/www.hsymachinery.com\/cs\/wp-json\/wp\/v2\/product_brand?post=9042"},{"taxonomy":"product_cat","embeddable":true,"href":"https:\/\/www.hsymachinery.com\/cs\/wp-json\/wp\/v2\/product_cat?post=9042"},{"taxonomy":"product_tag","embeddable":true,"href":"https:\/\/www.hsymachinery.com\/cs\/wp-json\/wp\/v2\/product_tag?post=9042"}],"curies":[{"name":"wp","href":"https:\/\/api.w.org\/{rel}","templated":true}]}}