{"id":9030,"date":"2025-06-18T14:39:16","date_gmt":"2025-06-18T06:39:16","guid":{"rendered":"https:\/\/www.hsymachinery.com\/?post_type=product&#038;p=9030"},"modified":"2025-06-28T11:42:45","modified_gmt":"2025-06-28T03:42:45","slug":"ohybacka-vyztuznych-prutu-s-peti-hlavami-gff-18","status":"publish","type":"product","link":"https:\/\/www.hsymachinery.com\/cs\/produkt\/ohybacka-vyztuznych-prutu-s-peti-hlavami-gff-18\/","title":{"rendered":"P\u011btihlav\u00fd stroj na oh\u00fdb\u00e1n\u00ed v\u00fdztu\u017ee GFF-18"},"content":{"rendered":"<h2 data-start=\"117\" data-end=\"171\">P\u011btihlav\u00fd stroj na oh\u00fdb\u00e1n\u00ed v\u00fdztu\u017ee GFF-18<\/h2>\n<h3 data-start=\"172\" data-end=\"271\">GFF-18 Five-Head Rebar Stirrup Bender | Vysokorychlostn\u00ed CNC stroj na tvarov\u00e1n\u00ed t\u0159men\u016f pro 6-18mm v\u00fdztu\u017ee<\/h3>\n<h3 data-start=\"278\" data-end=\"345\">P\u0159ehled produktu - rychl\u00fd, p\u0159esn\u00fd a efektivn\u00ed ve v\u00edce ohybov\u00fdch re\u017eimech<a href=\"https:\/\/www.hsymachinery.com\/cs\/produkty\/ohybacka-vyztuznych-trmenu-s-peti-hlavami\/\" target=\"_blank\" rel=\"noopener\"><img fetchpriority=\"high\" decoding=\"async\" class=\"wp-image-9456 alignright\" src=\"https:\/\/www.hsymachinery.com\/wp-content\/uploads\/2025\/06\/CNC-Stirrup-Bending-Equipment-225x300.jpg\" alt=\"\" width=\"400\" height=\"533\" srcset=\"https:\/\/www.hsymachinery.com\/wp-content\/uploads\/2025\/06\/CNC-Stirrup-Bending-Equipment-225x300.jpg 225w, https:\/\/www.hsymachinery.com\/wp-content\/uploads\/2025\/06\/CNC-Stirrup-Bending-Equipment-768x1024.jpg 768w, https:\/\/www.hsymachinery.com\/wp-content\/uploads\/2025\/06\/CNC-Stirrup-Bending-Equipment-600x800.jpg 600w, https:\/\/www.hsymachinery.com\/wp-content\/uploads\/2025\/06\/CNC-Stirrup-Bending-Equipment.jpg 800w\" sizes=\"(max-width: 400px) 100vw, 400px\" \/><\/a><\/h3>\n<p data-start=\"347\" data-end=\"741\">Na str\u00e1nk\u00e1ch <strong data-start=\"351\" data-end=\"401\">P\u011btihlav\u00fd stroj na oh\u00fdb\u00e1n\u00ed v\u00fdztu\u017ee GFF-18<\/strong> je vysoce v\u00fdkonn\u00fd stroj ur\u010den\u00fd k p\u0159esn\u00e9mu oh\u00fdb\u00e1n\u00ed 6mm a\u017e 18mm ocelov\u00fdch ty\u010d\u00ed do t\u0159men\u016f a slo\u017eit\u00fdch tvar\u016f. Je vybaven p\u011bti nez\u00e1visl\u00fdmi oh\u00fdbac\u00edmi hlavami, kter\u00e9 umo\u017e\u0148uj\u00ed soub\u011b\u017en\u00e9 nebo postupn\u00e9 oh\u00fdb\u00e1n\u00ed, co\u017e v\u00fdrazn\u011b zvy\u0161uje produktivitu v prefabrikovan\u00fdch d\u00edln\u00e1ch, tov\u00e1rn\u00e1ch na v\u00fdztu\u017ee a na stavb\u00e1ch.<\/p>\n<p data-start=\"743\" data-end=\"916\">D\u00edky programovateln\u00e9mu logick\u00e9mu automatu (PLC) a automatick\u00e9mu provozu tento stroj v\u00fdrazn\u011b sni\u017euje mno\u017estv\u00ed ru\u010dn\u00ed pr\u00e1ce a z\u00e1rove\u0148 zvy\u0161uje p\u0159esnost tvaru a rychlost v\u00fdroby.<\/p>\n<h3 data-start=\"923\" data-end=\"980\">Flexibiln\u00ed provoz s v\u00edce hlavicemi a spolehliv\u00fdm v\u00fdstupem<\/h3>\n<p data-start=\"982\" data-end=\"1308\">Ka\u017ed\u00e1 z p\u011bti oh\u00fdbac\u00edch hlavic pracuje s nez\u00e1visl\u00fdmi motory a synchronizovan\u00fdm pohybem, co\u017e nab\u00edz\u00ed flexibilitu p\u0159i oh\u00fdb\u00e1n\u00ed v\u00edce t\u0159men\u016f najednou nebo prov\u00e1d\u011bn\u00ed slo\u017eit\u00fdch \u00fahl\u016f v rychl\u00e9m sledu. Stroj m\u016f\u017eete naprogramovat pro r\u016fzn\u00e9 tvary a velikosti a nastavit parametry p\u0159\u00edmo z palubn\u00edho ovl\u00e1dac\u00edho panelu.<\/p>\n<p data-start=\"1310\" data-end=\"1558\">Jeho zes\u00edlen\u00e1 oh\u00fdbac\u00ed ramena, vysoce p\u0159esn\u00e9 servomotory a odoln\u00e9 v\u00e1lce zaji\u0161\u0165uj\u00ed konzistenci p\u0159i velkoobjemov\u00fdch operac\u00edch. A\u0165 u\u017e vyr\u00e1b\u00edte \u010dtvercov\u00e9, obd\u00e9ln\u00edkov\u00e9 nebo zak\u00e1zkov\u00e9 konstrukce t\u0159men\u016f, stroj GFF-18 poskytuje bezkonkuren\u010dn\u00ed v\u00fdkon.<\/p>\n<h3 data-start=\"1565\" data-end=\"1617\">Robustn\u00ed konstrukce s pr\u016fmyslovou stabilitou<\/h3>\n<p data-start=\"1619\" data-end=\"1954\">Model GFF-18 je postaven na odoln\u00e9m ocelov\u00e9m r\u00e1mu, kter\u00fd odol\u00e1v\u00e1 vibrac\u00edm a deformac\u00edm p\u0159i vysokorychlostn\u00edm provozu. Je navr\u017een pro snadnou \u00fadr\u017ebu a dlouhou \u017eivotnost, obsahuje syst\u00e9m automatick\u00e9ho maz\u00e1n\u00ed a displej s alarmem poruchy. Podporuje t\u0159\u00edf\u00e1zov\u00e9 nap\u011bt\u00ed (typicky 380 V, p\u0159izp\u016fsobiteln\u00e9) pro glob\u00e1ln\u00ed export.<\/p>\n<p data-start=\"1956\" data-end=\"2082\">Tento stroj je ide\u00e1ln\u00ed pro s\u00e9riovou v\u00fdrobu t\u0159men\u016f a pom\u00e1h\u00e1 v\u00fdrobc\u016fm snadno dodr\u017eovat n\u00e1ro\u010dn\u00e9 term\u00edny v\u00fdstavby.<\/p>\n<h3 data-start=\"2089\" data-end=\"2151\">Kl\u00ed\u010dov\u00e9 vlastnosti p\u011btihlav\u00e9ho oh\u00fdba\u010de t\u0159men\u016f GFF-18<\/h3>\n<ul data-start=\"2153\" data-end=\"2472\">\n<li data-start=\"2153\" data-end=\"2208\">\n<p data-start=\"2155\" data-end=\"2208\">Oh\u00fdb\u00e1 6-18mm armovac\u00ed pruty do t\u0159men\u016f a slo\u017eit\u00fdch tvar\u016f.<\/p>\n<\/li>\n<li data-start=\"2209\" data-end=\"2277\">\n<p data-start=\"2211\" data-end=\"2277\">P\u011bt synchronizovan\u00fdch oh\u00fdbac\u00edch hlav pro v\u00edcebodov\u00e9 tv\u00e1\u0159en\u00ed<\/p>\n<\/li>\n<li data-start=\"2278\" data-end=\"2335\">\n<p data-start=\"2280\" data-end=\"2335\">Vybaveno inteligentn\u00edm \u0159\u00edzen\u00edm PLC a dotykov\u00fdm panelem<\/p>\n<\/li>\n<li data-start=\"2336\" data-end=\"2399\">\n<p data-start=\"2338\" data-end=\"2399\">Odoln\u00fd r\u00e1m, automatick\u00e9 maz\u00e1n\u00ed a diagnostika z\u00e1vad<\/p>\n<\/li>\n<li data-start=\"2400\" data-end=\"2472\">\n<p data-start=\"2402\" data-end=\"2472\">Vhodn\u00e9 pro velkoplo\u0161nou prefabrikaci a zpracov\u00e1n\u00ed v\u00fdztu\u017ee<\/p>\n<\/li>\n<\/ul>\n<p><iframe title=\"Oh\u00fdba\u010dka prut\u016f, oh\u00fdba\u010dka prut\u016f, oh\u00fdba\u010dka prut\u016f, oh\u00fdba\u010dka prut\u016f, oh\u00fdba\u010dka prut\u016f, stroj na pruty\" width=\"720\" height=\"405\" src=\"https:\/\/www.youtube.com\/embed\/Xle14Q0gqpc?feature=oembed\" frameborder=\"0\" allow=\"accelerometer; autoplay; clipboard-write; encrypted-media; gyroscope; picture-in-picture; web-share\" referrerpolicy=\"strict-origin-when-cross-origin\" allowfullscreen><\/iframe><\/p>","protected":false},"excerpt":{"rendered":"<p>Oh\u00fdba\u010dka t\u0159men\u016f GFF-18 vyu\u017e\u00edv\u00e1 p\u011bt synchronizovan\u00fdch hlav k efektivn\u00edmu oh\u00fdb\u00e1n\u00ed 6-18mm v\u00fdztu\u017ee do t\u0159men\u016f. Ide\u00e1ln\u00ed pro vysokorychlostn\u00ed a velkoobjemov\u00e9 v\u00fdrobn\u00ed linky.<\/p>","protected":false},"featured_media":9033,"template":"","meta":{"_kad_post_transparent":"default","_kad_post_title":"","_kad_post_layout":"default","_kad_post_sidebar_id":"","_kad_post_content_style":"default","_kad_post_vertical_padding":"default","_kad_post_feature":"","_kad_post_feature_position":"","_kad_post_header":false,"_kad_post_footer":false},"product_brand":[],"product_cat":[60],"product_tag":[1039,1036,1038,1037,1035,1041,1040],"class_list":{"0":"post-9030","1":"product","2":"type-product","3":"status-publish","4":"has-post-thumbnail","6":"product_cat-five-head-rebar-stirrup-bending-machine","7":"product_tag-5-head-rebar-bender-for-stirrup","8":"product_tag-automatic-stirrup-bender-with-five-heads","9":"product_tag-cnc-stirrup-bending-equipment","10":"product_tag-high-speed-rebar-stirrup-machine","11":"product_tag-multi-head-rebar-stirrup-bending-machine","12":"product_tag-rebar-stirrup-forming-machine","13":"product_tag-steel-bar-stirrup-making-machine","15":"first","16":"instock","17":"shipping-taxable","18":"product-type-simple","19":"entry","20":"content-bg","21":"loop-entry"},"yoast_head":"<!-- This site is optimized with the Yoast SEO plugin v25.3.1 - https:\/\/yoast.com\/wordpress\/plugins\/seo\/ -->\n<title>Five-Head Rebar Stirrup Bending Machine GFF-18 - HSY Construction Machinery<\/title>\n<meta name=\"description\" content=\"GFF-18 Five-Head Stirrup Bending Machine bends 6\u201318mm rebar into stirrups with speed and precision. Features PLC control and multi-head efficiency.\" \/>\n<meta name=\"robots\" content=\"index, follow, max-snippet:-1, max-image-preview:large, max-video-preview:-1\" \/>\n<link rel=\"canonical\" href=\"https:\/\/www.hsymachinery.com\/cs\/produkt\/ohybacka-vyztuznych-prutu-s-peti-hlavami-gff-18\/\" \/>\n<meta property=\"og:locale\" content=\"cs_CZ\" \/>\n<meta property=\"og:type\" content=\"article\" \/>\n<meta property=\"og:title\" content=\"Five-Head Rebar Stirrup Bending Machine GFF-18 - HSY Construction Machinery\" \/>\n<meta property=\"og:description\" content=\"GFF-18 Five-Head Stirrup Bending Machine bends 6\u201318mm rebar into stirrups with speed and precision. Features PLC control and multi-head efficiency.\" \/>\n<meta property=\"og:url\" content=\"https:\/\/www.hsymachinery.com\/cs\/produkt\/ohybacka-vyztuznych-prutu-s-peti-hlavami-gff-18\/\" \/>\n<meta property=\"og:site_name\" content=\"HSY Construction Machinery\" \/>\n<meta property=\"article:modified_time\" content=\"2025-06-28T03:42:45+00:00\" \/>\n<meta property=\"og:image\" content=\"https:\/\/www.hsymachinery.com\/wp-content\/uploads\/2025\/06\/Five-Head-Rebar-Stirrup-Bending-Machine-GFF-18-e1750229454438.jpg\" \/>\n\t<meta property=\"og:image:width\" content=\"600\" \/>\n\t<meta property=\"og:image:height\" content=\"600\" \/>\n\t<meta property=\"og:image:type\" content=\"image\/jpeg\" \/>\n<meta name=\"twitter:card\" content=\"summary_large_image\" \/>\n<meta name=\"twitter:label1\" content=\"Odhadovan\u00e1 doba \u010dten\u00ed\" \/>\n\t<meta name=\"twitter:data1\" content=\"2 minuty\" \/>\n<script type=\"application\/ld+json\" class=\"yoast-schema-graph\">{\"@context\":\"https:\/\/schema.org\",\"@graph\":[{\"@type\":\"WebPage\",\"@id\":\"https:\/\/www.hsymachinery.com\/product\/five-head-rebar-stirrup-bending-machine-gff-18\/\",\"url\":\"https:\/\/www.hsymachinery.com\/product\/five-head-rebar-stirrup-bending-machine-gff-18\/\",\"name\":\"Five-Head Rebar Stirrup Bending Machine GFF-18 - HSY Construction Machinery\",\"isPartOf\":{\"@id\":\"https:\/\/www.hsymachinery.com\/#website\"},\"primaryImageOfPage\":{\"@id\":\"https:\/\/www.hsymachinery.com\/product\/five-head-rebar-stirrup-bending-machine-gff-18\/#primaryimage\"},\"image\":{\"@id\":\"https:\/\/www.hsymachinery.com\/product\/five-head-rebar-stirrup-bending-machine-gff-18\/#primaryimage\"},\"thumbnailUrl\":\"https:\/\/www.hsymachinery.com\/wp-content\/uploads\/2025\/06\/Five-Head-Rebar-Stirrup-Bending-Machine-GFF-18-e1750229454438.jpg\",\"datePublished\":\"2025-06-18T06:39:16+00:00\",\"dateModified\":\"2025-06-28T03:42:45+00:00\",\"description\":\"GFF-18 Five-Head Stirrup Bending Machine bends 6\u201318mm rebar into stirrups with speed and precision. Features PLC control and multi-head efficiency.\",\"breadcrumb\":{\"@id\":\"https:\/\/www.hsymachinery.com\/product\/five-head-rebar-stirrup-bending-machine-gff-18\/#breadcrumb\"},\"inLanguage\":\"cs\",\"potentialAction\":[{\"@type\":\"ReadAction\",\"target\":[\"https:\/\/www.hsymachinery.com\/product\/five-head-rebar-stirrup-bending-machine-gff-18\/\"]}]},{\"@type\":\"ImageObject\",\"inLanguage\":\"cs\",\"@id\":\"https:\/\/www.hsymachinery.com\/product\/five-head-rebar-stirrup-bending-machine-gff-18\/#primaryimage\",\"url\":\"https:\/\/www.hsymachinery.com\/wp-content\/uploads\/2025\/06\/Five-Head-Rebar-Stirrup-Bending-Machine-GFF-18-e1750229454438.jpg\",\"contentUrl\":\"https:\/\/www.hsymachinery.com\/wp-content\/uploads\/2025\/06\/Five-Head-Rebar-Stirrup-Bending-Machine-GFF-18-e1750229454438.jpg\",\"width\":600,\"height\":600},{\"@type\":\"BreadcrumbList\",\"@id\":\"https:\/\/www.hsymachinery.com\/product\/five-head-rebar-stirrup-bending-machine-gff-18\/#breadcrumb\",\"itemListElement\":[{\"@type\":\"ListItem\",\"position\":1,\"name\":\"home\",\"item\":\"https:\/\/www.hsymachinery.com\/\"},{\"@type\":\"ListItem\",\"position\":2,\"name\":\"products\",\"item\":\"https:\/\/www.hsymachinery.com\/products\/\"},{\"@type\":\"ListItem\",\"position\":3,\"name\":\"Five-Head Rebar Stirrup Bending Machine GFF-18\"}]},{\"@type\":\"WebSite\",\"@id\":\"https:\/\/www.hsymachinery.com\/#website\",\"url\":\"https:\/\/www.hsymachinery.com\/\",\"name\":\"HSY Construction Machinery\",\"description\":\"HSY Machinery \u2013 A leading China construction machinery supplier, offering a wide range of light construction equipment. Our main products include Rebar Cutting Machine, Rebar Bending Machine, Rebar Stirrup Bending Machine, Rebar Arc Bending Machine, Rebar Straightening Machine, Five-Head Rebar Stirrup Bending Machine, Tamping Rammer, Plate Compactor, Concrete Cutter, Power Trowel, and other construction machinery. We are equipped with advanced CNC machines, and we enforce strict quality inspection standards along with comprehensive after-sales service. If you are interested in our products or services, we warmly welcome your inquiries via message.\",\"publisher\":{\"@id\":\"https:\/\/www.hsymachinery.com\/#organization\"},\"potentialAction\":[{\"@type\":\"SearchAction\",\"target\":{\"@type\":\"EntryPoint\",\"urlTemplate\":\"https:\/\/www.hsymachinery.com\/?s={search_term_string}\"},\"query-input\":{\"@type\":\"PropertyValueSpecification\",\"valueRequired\":true,\"valueName\":\"search_term_string\"}}],\"inLanguage\":\"cs\"},{\"@type\":\"Organization\",\"@id\":\"https:\/\/www.hsymachinery.com\/#organization\",\"name\":\"HSY Construction Machinery\",\"url\":\"https:\/\/www.hsymachinery.com\/\",\"logo\":{\"@type\":\"ImageObject\",\"inLanguage\":\"cs\",\"@id\":\"https:\/\/www.hsymachinery.com\/#\/schema\/logo\/image\/\",\"url\":\"https:\/\/www.hsymachinery.com\/wp-content\/uploads\/2025\/06\/cropped-HSY-machinery.png\",\"contentUrl\":\"https:\/\/www.hsymachinery.com\/wp-content\/uploads\/2025\/06\/cropped-HSY-machinery.png\",\"width\":600,\"height\":240,\"caption\":\"HSY Construction Machinery\"},\"image\":{\"@id\":\"https:\/\/www.hsymachinery.com\/#\/schema\/logo\/image\/\"}}]}<\/script>\n<!-- \/ Yoast SEO plugin. -->","yoast_head_json":{"title":"P\u011btihlav\u00fd stroj na oh\u00fdb\u00e1n\u00ed v\u00fdztu\u017ee GFF-18 - Stavebn\u00ed stroje HSY","description":"P\u011btihlav\u00fd oh\u00fdba\u010d t\u0159men\u016f GFF-18 oh\u00fdb\u00e1 6-18mm armovac\u00ed pruty do t\u0159men\u016f s rychlost\u00ed a p\u0159esnost\u00ed. Je vybaven \u0159\u00edzen\u00edm PLC a \u00fa\u010dinnost\u00ed v\u00edce hlav.","robots":{"index":"index","follow":"follow","max-snippet":"max-snippet:-1","max-image-preview":"max-image-preview:large","max-video-preview":"max-video-preview:-1"},"canonical":"https:\/\/www.hsymachinery.com\/cs\/produkt\/ohybacka-vyztuznych-prutu-s-peti-hlavami-gff-18\/","og_locale":"cs_CZ","og_type":"article","og_title":"Five-Head Rebar Stirrup Bending Machine GFF-18 - HSY Construction Machinery","og_description":"GFF-18 Five-Head Stirrup Bending Machine bends 6\u201318mm rebar into stirrups with speed and precision. Features PLC control and multi-head efficiency.","og_url":"https:\/\/www.hsymachinery.com\/cs\/produkt\/ohybacka-vyztuznych-prutu-s-peti-hlavami-gff-18\/","og_site_name":"HSY Construction Machinery","article_modified_time":"2025-06-28T03:42:45+00:00","og_image":[{"width":600,"height":600,"url":"https:\/\/www.hsymachinery.com\/wp-content\/uploads\/2025\/06\/Five-Head-Rebar-Stirrup-Bending-Machine-GFF-18-e1750229454438.jpg","type":"image\/jpeg"}],"twitter_card":"summary_large_image","twitter_misc":{"Odhadovan\u00e1 doba \u010dten\u00ed":"2 minuty"},"schema":{"@context":"https:\/\/schema.org","@graph":[{"@type":"WebPage","@id":"https:\/\/www.hsymachinery.com\/product\/five-head-rebar-stirrup-bending-machine-gff-18\/","url":"https:\/\/www.hsymachinery.com\/product\/five-head-rebar-stirrup-bending-machine-gff-18\/","name":"P\u011btihlav\u00fd stroj na oh\u00fdb\u00e1n\u00ed v\u00fdztu\u017ee GFF-18 - Stavebn\u00ed stroje HSY","isPartOf":{"@id":"https:\/\/www.hsymachinery.com\/#website"},"primaryImageOfPage":{"@id":"https:\/\/www.hsymachinery.com\/product\/five-head-rebar-stirrup-bending-machine-gff-18\/#primaryimage"},"image":{"@id":"https:\/\/www.hsymachinery.com\/product\/five-head-rebar-stirrup-bending-machine-gff-18\/#primaryimage"},"thumbnailUrl":"https:\/\/www.hsymachinery.com\/wp-content\/uploads\/2025\/06\/Five-Head-Rebar-Stirrup-Bending-Machine-GFF-18-e1750229454438.jpg","datePublished":"2025-06-18T06:39:16+00:00","dateModified":"2025-06-28T03:42:45+00:00","description":"P\u011btihlav\u00fd oh\u00fdba\u010d t\u0159men\u016f GFF-18 oh\u00fdb\u00e1 6-18mm armovac\u00ed pruty do t\u0159men\u016f s rychlost\u00ed a p\u0159esnost\u00ed. Je vybaven \u0159\u00edzen\u00edm PLC a \u00fa\u010dinnost\u00ed v\u00edce hlav.","breadcrumb":{"@id":"https:\/\/www.hsymachinery.com\/product\/five-head-rebar-stirrup-bending-machine-gff-18\/#breadcrumb"},"inLanguage":"cs","potentialAction":[{"@type":"ReadAction","target":["https:\/\/www.hsymachinery.com\/product\/five-head-rebar-stirrup-bending-machine-gff-18\/"]}]},{"@type":"ImageObject","inLanguage":"cs","@id":"https:\/\/www.hsymachinery.com\/product\/five-head-rebar-stirrup-bending-machine-gff-18\/#primaryimage","url":"https:\/\/www.hsymachinery.com\/wp-content\/uploads\/2025\/06\/Five-Head-Rebar-Stirrup-Bending-Machine-GFF-18-e1750229454438.jpg","contentUrl":"https:\/\/www.hsymachinery.com\/wp-content\/uploads\/2025\/06\/Five-Head-Rebar-Stirrup-Bending-Machine-GFF-18-e1750229454438.jpg","width":600,"height":600},{"@type":"BreadcrumbList","@id":"https:\/\/www.hsymachinery.com\/product\/five-head-rebar-stirrup-bending-machine-gff-18\/#breadcrumb","itemListElement":[{"@type":"ListItem","position":1,"name":"home","item":"https:\/\/www.hsymachinery.com\/"},{"@type":"ListItem","position":2,"name":"products","item":"https:\/\/www.hsymachinery.com\/products\/"},{"@type":"ListItem","position":3,"name":"Five-Head Rebar Stirrup Bending Machine GFF-18"}]},{"@type":"WebSite","@id":"https:\/\/www.hsymachinery.com\/#website","url":"https:\/\/www.hsymachinery.com\/","name":"Stavebn\u00ed stroje HSY","description":"HSY Machinery - P\u0159edn\u00ed \u010d\u00ednsk\u00fd dodavatel stavebn\u00edch stroj\u016f, kter\u00fd nab\u00edz\u00ed \u0161irokou \u0161k\u00e1lu lehk\u00fdch stavebn\u00edch stroj\u016f. Mezi na\u0161e hlavn\u00ed produkty pat\u0159\u00ed \u0159eza\u010dka prut\u016f, oh\u00fdba\u010dka prut\u016f, oh\u00fdba\u010dka prut\u016f, obloukov\u00e1 oh\u00fdba\u010dka prut\u016f, rovna\u010dka prut\u016f, p\u011btihlav\u0148ov\u00e1 oh\u00fdba\u010dka prut\u016f, p\u011bchovac\u00ed kladivo, zhut\u0148ova\u010d desek, \u0159eza\u010dka betonu, motorov\u00e1 st\u011brka a dal\u0161\u00ed stavebn\u00ed stroje. Jsme vybaveni modern\u00edmi CNC stroji a prosazujeme p\u0159\u00edsn\u00e9 standardy kontroly kvality spolu s komplexn\u00edm poprodejn\u00edm servisem. Pokud m\u00e1te z\u00e1jem o na\u0161e v\u00fdrobky nebo slu\u017eby, srde\u010dn\u011b uv\u00edt\u00e1me va\u0161e dotazy prost\u0159ednictv\u00edm zpr\u00e1vy.","publisher":{"@id":"https:\/\/www.hsymachinery.com\/#organization"},"potentialAction":[{"@type":"SearchAction","target":{"@type":"EntryPoint","urlTemplate":"https:\/\/www.hsymachinery.com\/?s={search_term_string}"},"query-input":{"@type":"PropertyValueSpecification","valueRequired":true,"valueName":"search_term_string"}}],"inLanguage":"cs"},{"@type":"Organization","@id":"https:\/\/www.hsymachinery.com\/#organization","name":"Stavebn\u00ed stroje HSY","url":"https:\/\/www.hsymachinery.com\/","logo":{"@type":"ImageObject","inLanguage":"cs","@id":"https:\/\/www.hsymachinery.com\/#\/schema\/logo\/image\/","url":"https:\/\/www.hsymachinery.com\/wp-content\/uploads\/2025\/06\/cropped-HSY-machinery.png","contentUrl":"https:\/\/www.hsymachinery.com\/wp-content\/uploads\/2025\/06\/cropped-HSY-machinery.png","width":600,"height":240,"caption":"HSY Construction Machinery"},"image":{"@id":"https:\/\/www.hsymachinery.com\/#\/schema\/logo\/image\/"}}]}},"_links":{"self":[{"href":"https:\/\/www.hsymachinery.com\/cs\/wp-json\/wp\/v2\/product\/9030","targetHints":{"allow":["GET"]}}],"collection":[{"href":"https:\/\/www.hsymachinery.com\/cs\/wp-json\/wp\/v2\/product"}],"about":[{"href":"https:\/\/www.hsymachinery.com\/cs\/wp-json\/wp\/v2\/types\/product"}],"version-history":[{"count":7,"href":"https:\/\/www.hsymachinery.com\/cs\/wp-json\/wp\/v2\/product\/9030\/revisions"}],"predecessor-version":[{"id":9462,"href":"https:\/\/www.hsymachinery.com\/cs\/wp-json\/wp\/v2\/product\/9030\/revisions\/9462"}],"wp:featuredmedia":[{"embeddable":true,"href":"https:\/\/www.hsymachinery.com\/cs\/wp-json\/wp\/v2\/media\/9033"}],"wp:attachment":[{"href":"https:\/\/www.hsymachinery.com\/cs\/wp-json\/wp\/v2\/media?parent=9030"}],"wp:term":[{"taxonomy":"product_brand","embeddable":true,"href":"https:\/\/www.hsymachinery.com\/cs\/wp-json\/wp\/v2\/product_brand?post=9030"},{"taxonomy":"product_cat","embeddable":true,"href":"https:\/\/www.hsymachinery.com\/cs\/wp-json\/wp\/v2\/product_cat?post=9030"},{"taxonomy":"product_tag","embeddable":true,"href":"https:\/\/www.hsymachinery.com\/cs\/wp-json\/wp\/v2\/product_tag?post=9030"}],"curies":[{"name":"wp","href":"https:\/\/api.w.org\/{rel}","templated":true}]}}