{"id":9020,"date":"2025-06-18T14:21:32","date_gmt":"2025-06-18T06:21:32","guid":{"rendered":"https:\/\/www.hsymachinery.com\/?post_type=product&#038;p=9020"},"modified":"2025-06-28T00:40:55","modified_gmt":"2025-06-27T16:40:55","slug":"rovnacka-vyztuze-gtf4-14","status":"publish","type":"product","link":"https:\/\/www.hsymachinery.com\/cs\/produkt\/rovnacka-vyztuze-gtf4-14\/","title":{"rendered":"Stroj na rovn\u00e1n\u00ed v\u00fdztu\u017ee GTF4-14"},"content":{"rendered":"<h2 data-start=\"171\" data-end=\"214\">Stroj na rovn\u00e1n\u00ed v\u00fdztu\u017ee GTF4-14<\/h2>\n<h3 data-start=\"215\" data-end=\"348\">GTF4-14 Rovna\u010dka s prom\u011bnlivou frekvenc\u00ed pro ocelov\u00e9 ty\u010de 4-14 mm | Vysokorychlostn\u00ed rovna\u010dka c\u00edvek s \u0159\u00edzen\u00edm invertoru<\/h3>\n<h3 data-start=\"355\" data-end=\"432\">P\u0159ehled produkt\u016f - Inteligentn\u00ed narovn\u00e1v\u00e1n\u00ed s variabiln\u00ed regulac\u00ed frekvence<\/h3>\n<p data-start=\"434\" data-end=\"843\">Na str\u00e1nk\u00e1ch <strong data-start=\"438\" data-end=\"477\"><a href=\"https:\/\/www.hsymachinery.com\/cs\/produkty\/stroj-na-rovnani-vyztuze\/\" target=\"_blank\" rel=\"noopener\">Stroj na rovn\u00e1n\u00ed v\u00fdztu\u017ee<\/a> GTF4-14<\/strong> kombinuje vysokokapacitn\u00ed v\u00fdkon s pokro\u010dilou regulac\u00ed frekvence a umo\u017e\u0148uje u\u017eivatel\u016fm rovnat ocelov\u00e9 ty\u010de o pr\u016fm\u011bru 4 a\u017e 14 mm s p\u0159esnost\u00ed a energetickou \u00fa\u010dinnost\u00ed. Tento model je vhodn\u00fd pro rozs\u00e1hl\u00e1 staveni\u0161t\u011b, centra pro zpracov\u00e1n\u00ed v\u00fdztu\u017ee a v\u00fdrobn\u00ed linky na prefabrik\u00e1ty, kde je rozhoduj\u00edc\u00ed flexibiln\u00ed rychlost a spolehliv\u00fd v\u00fdkon.<\/p>\n<p data-start=\"845\" data-end=\"977\">D\u00edky integraci invertorov\u00e9 technologie nab\u00edz\u00ed nastavitelnou regulaci ot\u00e1\u010dek a ni\u017e\u0161\u00ed nam\u00e1h\u00e1n\u00ed motoru p\u0159i spou\u0161t\u011bn\u00ed a provozu.<\/p>\n<h3 data-start=\"984\" data-end=\"1040\">M\u011bni\u010dem \u0159\u00edzen\u00e9 ot\u00e1\u010dky s vysok\u00fdm to\u010div\u00fdm momentem na v\u00fdstupu<\/h3>\n<p data-start=\"1042\" data-end=\"1299\">Model GTF4-14 je vybaven frekven\u010dn\u00edm m\u011bni\u010dem (VFD), kter\u00fd umo\u017e\u0148uje plynulou regulaci rychlosti rovn\u00e1n\u00ed. Obsluha m\u016f\u017ee v re\u00e1ln\u00e9m \u010dase upravovat rychlost posuvu tak, aby odpov\u00eddala r\u016fzn\u00fdm typ\u016fm ty\u010d\u00ed, co\u017e zvy\u0161uje efektivitu v\u00fdroby a z\u00e1rove\u0148 minimalizuje opot\u0159eben\u00ed sou\u010d\u00e1st\u00ed.<\/p>\n<p data-start=\"1301\" data-end=\"1559\">P\u0159esn\u00fd v\u00e1le\u010dkov\u00fd syst\u00e9m zaji\u0161\u0165uje, \u017ee ka\u017ed\u00e1 ty\u010d vych\u00e1z\u00ed rovn\u011b a rovnom\u011brn\u011b. Motor s vysok\u00fdm to\u010div\u00fdm momentem ve spojen\u00ed s m\u011bni\u010dem zaji\u0161\u0165uje stabiln\u00ed ta\u017enou s\u00edlu i p\u0159i velk\u00e9m pracovn\u00edm zat\u00ed\u017een\u00ed, tak\u017ee je stroj vhodn\u00fd pro ty\u010de z m\u011bkk\u00e9 i vysokopevnostn\u00ed oceli.<\/p>\n<h3 data-start=\"1566\" data-end=\"1616\">Robustn\u00ed r\u00e1m a glob\u00e1ln\u00ed kompatibilita nap\u00e1jen\u00ed<\/h3>\n<p data-start=\"1618\" data-end=\"1886\">Siln\u00fd ocelov\u00fd r\u00e1m tlum\u00ed vibrace p\u0159i nep\u0159etr\u017eit\u00e9m provozu a zaji\u0161\u0165uje dlouhou \u017eivotnost a stabiln\u00ed v\u00fdkon. Navzdory sv\u00e9 siln\u00e9 konstrukci m\u00e1 GTF4-14 kompaktn\u00ed rozm\u011bry, kter\u00e9 jsou vhodn\u00e9 pro instalaci v t\u011bsn\u00fdch d\u00edln\u00e1ch nebo mobiln\u00edch poln\u00edch sestav\u00e1ch.<\/p>\n<p data-start=\"1888\" data-end=\"1994\">Podporuje dvoj\u00ed nap\u011bt\u00ed (220V\/380V, 50Hz\/60Hz), tak\u017ee je p\u0159ipraven pro export na r\u016fzn\u00e9 sv\u011btov\u00e9 trhy.<\/p>\n<h3 data-start=\"2001\" data-end=\"2058\">Kl\u00ed\u010dov\u00e9 vlastnosti rovna\u010dky armatur GTF4-14<\/h3>\n<ul data-start=\"2060\" data-end=\"2350\">\n<li data-start=\"2060\" data-end=\"2120\">\n<p data-start=\"2062\" data-end=\"2120\">Rovn\u00e1 ocelov\u00e9 ty\u010de o pr\u016fm\u011bru 4-14 mm s vysokou p\u0159esnost\u00ed.<\/p>\n<\/li>\n<li data-start=\"2121\" data-end=\"2186\">\n<p data-start=\"2123\" data-end=\"2186\">Funkce <strong data-start=\"2132\" data-end=\"2166\">frekven\u010dn\u00ed m\u011bni\u010d (VFD)<\/strong> pro regulaci ot\u00e1\u010dek<\/p>\n<\/li>\n<li data-start=\"2187\" data-end=\"2248\">\n<p data-start=\"2189\" data-end=\"2248\">Ide\u00e1ln\u00ed pro pr\u016fmyslov\u00e9 a exportn\u011b orientovan\u00e9 zpracov\u00e1n\u00ed v\u00fdztu\u017ee<\/p>\n<\/li>\n<li data-start=\"2249\" data-end=\"2304\">\n<p data-start=\"2251\" data-end=\"2304\">Siln\u00fd trak\u010dn\u00ed syst\u00e9m a nastaviteln\u00e9 uspo\u0159\u00e1d\u00e1n\u00ed v\u00e1le\u010dk\u016f<\/p>\n<\/li>\n<li data-start=\"2305\" data-end=\"2350\">\n<p data-start=\"2307\" data-end=\"2350\">Kompaktn\u00ed, odoln\u00e1 konstrukce p\u0159ipraven\u00e1 na export<\/p>\n<\/li>\n<\/ul>\n<p><iframe title=\"Rovna\u010dka v\u00fdztu\u017ee. \u0158eza\u010dka v\u00fdztu\u017ee. \u0158ezac\u00ed stroj na v\u00fdztu\u017e. 1TP10\u0158ezac\u00ed stroj na pruty 1TP10\u0158ezac\u00ed stroj na pruty\" width=\"720\" height=\"405\" src=\"https:\/\/www.youtube.com\/embed\/7FKkySPeKVQ?feature=oembed\" frameborder=\"0\" allow=\"accelerometer; autoplay; clipboard-write; encrypted-media; gyroscope; picture-in-picture; web-share\" referrerpolicy=\"strict-origin-when-cross-origin\" allowfullscreen><\/iframe><\/p>","protected":false},"excerpt":{"rendered":"<p>Rovna\u010dka armatur GTF4-14 rovn\u00e1 svitkov\u00e9 ty\u010de o pr\u016fm\u011bru 4-14 mm s rychlost\u00ed \u0159\u00edzenou invertorem. Je zkonstruov\u00e1n pro vysoce efektivn\u00ed v\u00fdkon ve stavebnictv\u00ed a prefabrikaci.<\/p>","protected":false},"featured_media":9021,"template":"","meta":{"_kad_post_transparent":"default","_kad_post_title":"","_kad_post_layout":"default","_kad_post_sidebar_id":"","_kad_post_content_style":"default","_kad_post_vertical_padding":"default","_kad_post_feature":"","_kad_post_feature_position":"","_kad_post_header":false,"_kad_post_footer":false},"product_brand":[],"product_cat":[62],"product_tag":[1026,1028,1030,1031,1034,1027,1032,1025,1029,1033],"class_list":{"0":"post-9020","1":"product","2":"type-product","3":"status-publish","4":"has-post-thumbnail","6":"product_cat-rebar-straightening-machine","7":"product_tag-automatic-rebar-straightener","8":"product_tag-cnc-rebar-straightening-equipment","9":"product_tag-coiled-rebar-straightening-machine","10":"product_tag-construction-bar-straightening-machine","11":"product_tag-high-speed-rebar-straightening-tool","12":"product_tag-hydraulic-rebar-straightening-machine","13":"product_tag-rebar-leveling-and-cutting-machine","14":"product_tag-steel-bar-straightening-machine","15":"product_tag-steel-wire-straightener-and-cutter","16":"product_tag-straightening-machine-for-steel-rods","18":"first","19":"instock","20":"featured","21":"shipping-taxable","22":"product-type-simple","23":"entry","24":"content-bg","25":"loop-entry"},"yoast_head":"<!-- This site is optimized with the Yoast SEO plugin v25.3.1 - https:\/\/yoast.com\/wordpress\/plugins\/seo\/ -->\n<title>Rebar Straightening Machine GTF4-14 - HSY Construction Machinery<\/title>\n<meta name=\"description\" content=\"Rebar Straightening Machine GTF4-14 with variable frequency control straightens 4\u201314mm bars. Ideal for industrial use with inverter technology and global voltage support.\" \/>\n<meta name=\"robots\" content=\"index, follow, max-snippet:-1, max-image-preview:large, max-video-preview:-1\" \/>\n<link rel=\"canonical\" href=\"https:\/\/www.hsymachinery.com\/cs\/produkt\/rovnacka-vyztuze-gtf4-14\/\" \/>\n<meta property=\"og:locale\" content=\"cs_CZ\" \/>\n<meta property=\"og:type\" content=\"article\" \/>\n<meta property=\"og:title\" content=\"Rebar Straightening Machine GTF4-14 - HSY Construction Machinery\" \/>\n<meta property=\"og:description\" content=\"Rebar Straightening Machine GTF4-14 with variable frequency control straightens 4\u201314mm bars. Ideal for industrial use with inverter technology and global voltage support.\" \/>\n<meta property=\"og:url\" content=\"https:\/\/www.hsymachinery.com\/cs\/produkt\/rovnacka-vyztuze-gtf4-14\/\" \/>\n<meta property=\"og:site_name\" content=\"HSY Construction Machinery\" \/>\n<meta property=\"article:modified_time\" content=\"2025-06-27T16:40:55+00:00\" \/>\n<meta property=\"og:image\" content=\"https:\/\/www.hsymachinery.com\/wp-content\/uploads\/2025\/06\/Rebar-Straightening-Machine-GTF4-14.jpg\" \/>\n\t<meta property=\"og:image:width\" content=\"600\" \/>\n\t<meta property=\"og:image:height\" content=\"600\" \/>\n\t<meta property=\"og:image:type\" content=\"image\/jpeg\" \/>\n<meta name=\"twitter:card\" content=\"summary_large_image\" \/>\n<meta name=\"twitter:label1\" content=\"Odhadovan\u00e1 doba \u010dten\u00ed\" \/>\n\t<meta name=\"twitter:data1\" content=\"2 minuty\" \/>\n<script type=\"application\/ld+json\" class=\"yoast-schema-graph\">{\"@context\":\"https:\/\/schema.org\",\"@graph\":[{\"@type\":\"WebPage\",\"@id\":\"https:\/\/www.hsymachinery.com\/product\/rebar-straightening-machine-gtf4-14\/\",\"url\":\"https:\/\/www.hsymachinery.com\/product\/rebar-straightening-machine-gtf4-14\/\",\"name\":\"Rebar Straightening Machine GTF4-14 - HSY Construction Machinery\",\"isPartOf\":{\"@id\":\"https:\/\/www.hsymachinery.com\/#website\"},\"primaryImageOfPage\":{\"@id\":\"https:\/\/www.hsymachinery.com\/product\/rebar-straightening-machine-gtf4-14\/#primaryimage\"},\"image\":{\"@id\":\"https:\/\/www.hsymachinery.com\/product\/rebar-straightening-machine-gtf4-14\/#primaryimage\"},\"thumbnailUrl\":\"https:\/\/www.hsymachinery.com\/wp-content\/uploads\/2025\/06\/Rebar-Straightening-Machine-GTF4-14.jpg\",\"datePublished\":\"2025-06-18T06:21:32+00:00\",\"dateModified\":\"2025-06-27T16:40:55+00:00\",\"description\":\"Rebar Straightening Machine GTF4-14 with variable frequency control straightens 4\u201314mm bars. Ideal for industrial use with inverter technology and global voltage support.\",\"breadcrumb\":{\"@id\":\"https:\/\/www.hsymachinery.com\/product\/rebar-straightening-machine-gtf4-14\/#breadcrumb\"},\"inLanguage\":\"cs\",\"potentialAction\":[{\"@type\":\"ReadAction\",\"target\":[\"https:\/\/www.hsymachinery.com\/product\/rebar-straightening-machine-gtf4-14\/\"]}]},{\"@type\":\"ImageObject\",\"inLanguage\":\"cs\",\"@id\":\"https:\/\/www.hsymachinery.com\/product\/rebar-straightening-machine-gtf4-14\/#primaryimage\",\"url\":\"https:\/\/www.hsymachinery.com\/wp-content\/uploads\/2025\/06\/Rebar-Straightening-Machine-GTF4-14.jpg\",\"contentUrl\":\"https:\/\/www.hsymachinery.com\/wp-content\/uploads\/2025\/06\/Rebar-Straightening-Machine-GTF4-14.jpg\",\"width\":600,\"height\":600},{\"@type\":\"BreadcrumbList\",\"@id\":\"https:\/\/www.hsymachinery.com\/product\/rebar-straightening-machine-gtf4-14\/#breadcrumb\",\"itemListElement\":[{\"@type\":\"ListItem\",\"position\":1,\"name\":\"home\",\"item\":\"https:\/\/www.hsymachinery.com\/\"},{\"@type\":\"ListItem\",\"position\":2,\"name\":\"products\",\"item\":\"https:\/\/www.hsymachinery.com\/products\/\"},{\"@type\":\"ListItem\",\"position\":3,\"name\":\"Rebar Straightening Machine GTF4-14\"}]},{\"@type\":\"WebSite\",\"@id\":\"https:\/\/www.hsymachinery.com\/#website\",\"url\":\"https:\/\/www.hsymachinery.com\/\",\"name\":\"HSY Construction Machinery\",\"description\":\"HSY Machinery \u2013 A leading China construction machinery supplier, offering a wide range of light construction equipment. Our main products include Rebar Cutting Machine, Rebar Bending Machine, Rebar Stirrup Bending Machine, Rebar Arc Bending Machine, Rebar Straightening Machine, Five-Head Rebar Stirrup Bending Machine, Tamping Rammer, Plate Compactor, Concrete Cutter, Power Trowel, and other construction machinery. We are equipped with advanced CNC machines, and we enforce strict quality inspection standards along with comprehensive after-sales service. If you are interested in our products or services, we warmly welcome your inquiries via message.\",\"publisher\":{\"@id\":\"https:\/\/www.hsymachinery.com\/#organization\"},\"potentialAction\":[{\"@type\":\"SearchAction\",\"target\":{\"@type\":\"EntryPoint\",\"urlTemplate\":\"https:\/\/www.hsymachinery.com\/?s={search_term_string}\"},\"query-input\":{\"@type\":\"PropertyValueSpecification\",\"valueRequired\":true,\"valueName\":\"search_term_string\"}}],\"inLanguage\":\"cs\"},{\"@type\":\"Organization\",\"@id\":\"https:\/\/www.hsymachinery.com\/#organization\",\"name\":\"HSY Construction Machinery\",\"url\":\"https:\/\/www.hsymachinery.com\/\",\"logo\":{\"@type\":\"ImageObject\",\"inLanguage\":\"cs\",\"@id\":\"https:\/\/www.hsymachinery.com\/#\/schema\/logo\/image\/\",\"url\":\"https:\/\/www.hsymachinery.com\/wp-content\/uploads\/2025\/06\/cropped-HSY-machinery.png\",\"contentUrl\":\"https:\/\/www.hsymachinery.com\/wp-content\/uploads\/2025\/06\/cropped-HSY-machinery.png\",\"width\":600,\"height\":240,\"caption\":\"HSY Construction Machinery\"},\"image\":{\"@id\":\"https:\/\/www.hsymachinery.com\/#\/schema\/logo\/image\/\"}}]}<\/script>\n<!-- \/ Yoast SEO plugin. -->","yoast_head_json":{"title":"Rovna\u010dka v\u00fdztu\u017e\u00ed GTF4-14 - Stavebn\u00ed stroje HSY","description":"Rovna\u010dka prut\u016f GTF4-14 s variabiln\u00ed frekven\u010dn\u00ed regulac\u00ed rovn\u00e1 pruty o pr\u016fm\u011bru 4-14 mm. Ide\u00e1ln\u00ed pro pr\u016fmyslov\u00e9 pou\u017eit\u00ed s invertorovou technologi\u00ed a podporou glob\u00e1ln\u00edho nap\u011bt\u00ed.","robots":{"index":"index","follow":"follow","max-snippet":"max-snippet:-1","max-image-preview":"max-image-preview:large","max-video-preview":"max-video-preview:-1"},"canonical":"https:\/\/www.hsymachinery.com\/cs\/produkt\/rovnacka-vyztuze-gtf4-14\/","og_locale":"cs_CZ","og_type":"article","og_title":"Rebar Straightening Machine GTF4-14 - HSY Construction Machinery","og_description":"Rebar Straightening Machine GTF4-14 with variable frequency control straightens 4\u201314mm bars. Ideal for industrial use with inverter technology and global voltage support.","og_url":"https:\/\/www.hsymachinery.com\/cs\/produkt\/rovnacka-vyztuze-gtf4-14\/","og_site_name":"HSY Construction Machinery","article_modified_time":"2025-06-27T16:40:55+00:00","og_image":[{"width":600,"height":600,"url":"https:\/\/www.hsymachinery.com\/wp-content\/uploads\/2025\/06\/Rebar-Straightening-Machine-GTF4-14.jpg","type":"image\/jpeg"}],"twitter_card":"summary_large_image","twitter_misc":{"Odhadovan\u00e1 doba \u010dten\u00ed":"2 minuty"},"schema":{"@context":"https:\/\/schema.org","@graph":[{"@type":"WebPage","@id":"https:\/\/www.hsymachinery.com\/product\/rebar-straightening-machine-gtf4-14\/","url":"https:\/\/www.hsymachinery.com\/product\/rebar-straightening-machine-gtf4-14\/","name":"Rovna\u010dka v\u00fdztu\u017e\u00ed GTF4-14 - Stavebn\u00ed stroje HSY","isPartOf":{"@id":"https:\/\/www.hsymachinery.com\/#website"},"primaryImageOfPage":{"@id":"https:\/\/www.hsymachinery.com\/product\/rebar-straightening-machine-gtf4-14\/#primaryimage"},"image":{"@id":"https:\/\/www.hsymachinery.com\/product\/rebar-straightening-machine-gtf4-14\/#primaryimage"},"thumbnailUrl":"https:\/\/www.hsymachinery.com\/wp-content\/uploads\/2025\/06\/Rebar-Straightening-Machine-GTF4-14.jpg","datePublished":"2025-06-18T06:21:32+00:00","dateModified":"2025-06-27T16:40:55+00:00","description":"Rovna\u010dka prut\u016f GTF4-14 s variabiln\u00ed frekven\u010dn\u00ed regulac\u00ed rovn\u00e1 pruty o pr\u016fm\u011bru 4-14 mm. Ide\u00e1ln\u00ed pro pr\u016fmyslov\u00e9 pou\u017eit\u00ed s invertorovou technologi\u00ed a podporou glob\u00e1ln\u00edho nap\u011bt\u00ed.","breadcrumb":{"@id":"https:\/\/www.hsymachinery.com\/product\/rebar-straightening-machine-gtf4-14\/#breadcrumb"},"inLanguage":"cs","potentialAction":[{"@type":"ReadAction","target":["https:\/\/www.hsymachinery.com\/product\/rebar-straightening-machine-gtf4-14\/"]}]},{"@type":"ImageObject","inLanguage":"cs","@id":"https:\/\/www.hsymachinery.com\/product\/rebar-straightening-machine-gtf4-14\/#primaryimage","url":"https:\/\/www.hsymachinery.com\/wp-content\/uploads\/2025\/06\/Rebar-Straightening-Machine-GTF4-14.jpg","contentUrl":"https:\/\/www.hsymachinery.com\/wp-content\/uploads\/2025\/06\/Rebar-Straightening-Machine-GTF4-14.jpg","width":600,"height":600},{"@type":"BreadcrumbList","@id":"https:\/\/www.hsymachinery.com\/product\/rebar-straightening-machine-gtf4-14\/#breadcrumb","itemListElement":[{"@type":"ListItem","position":1,"name":"home","item":"https:\/\/www.hsymachinery.com\/"},{"@type":"ListItem","position":2,"name":"products","item":"https:\/\/www.hsymachinery.com\/products\/"},{"@type":"ListItem","position":3,"name":"Rebar Straightening Machine GTF4-14"}]},{"@type":"WebSite","@id":"https:\/\/www.hsymachinery.com\/#website","url":"https:\/\/www.hsymachinery.com\/","name":"Stavebn\u00ed stroje HSY","description":"HSY Machinery - P\u0159edn\u00ed \u010d\u00ednsk\u00fd dodavatel stavebn\u00edch stroj\u016f, kter\u00fd nab\u00edz\u00ed \u0161irokou \u0161k\u00e1lu lehk\u00fdch stavebn\u00edch stroj\u016f. Mezi na\u0161e hlavn\u00ed produkty pat\u0159\u00ed \u0159eza\u010dka prut\u016f, oh\u00fdba\u010dka prut\u016f, oh\u00fdba\u010dka prut\u016f, obloukov\u00e1 oh\u00fdba\u010dka prut\u016f, rovna\u010dka prut\u016f, p\u011btihlav\u0148ov\u00e1 oh\u00fdba\u010dka prut\u016f, p\u011bchovac\u00ed kladivo, zhut\u0148ova\u010d desek, \u0159eza\u010dka betonu, motorov\u00e1 st\u011brka a dal\u0161\u00ed stavebn\u00ed stroje. Jsme vybaveni modern\u00edmi CNC stroji a prosazujeme p\u0159\u00edsn\u00e9 standardy kontroly kvality spolu s komplexn\u00edm poprodejn\u00edm servisem. Pokud m\u00e1te z\u00e1jem o na\u0161e v\u00fdrobky nebo slu\u017eby, srde\u010dn\u011b uv\u00edt\u00e1me va\u0161e dotazy prost\u0159ednictv\u00edm zpr\u00e1vy.","publisher":{"@id":"https:\/\/www.hsymachinery.com\/#organization"},"potentialAction":[{"@type":"SearchAction","target":{"@type":"EntryPoint","urlTemplate":"https:\/\/www.hsymachinery.com\/?s={search_term_string}"},"query-input":{"@type":"PropertyValueSpecification","valueRequired":true,"valueName":"search_term_string"}}],"inLanguage":"cs"},{"@type":"Organization","@id":"https:\/\/www.hsymachinery.com\/#organization","name":"Stavebn\u00ed stroje HSY","url":"https:\/\/www.hsymachinery.com\/","logo":{"@type":"ImageObject","inLanguage":"cs","@id":"https:\/\/www.hsymachinery.com\/#\/schema\/logo\/image\/","url":"https:\/\/www.hsymachinery.com\/wp-content\/uploads\/2025\/06\/cropped-HSY-machinery.png","contentUrl":"https:\/\/www.hsymachinery.com\/wp-content\/uploads\/2025\/06\/cropped-HSY-machinery.png","width":600,"height":240,"caption":"HSY Construction Machinery"},"image":{"@id":"https:\/\/www.hsymachinery.com\/#\/schema\/logo\/image\/"}}]}},"_links":{"self":[{"href":"https:\/\/www.hsymachinery.com\/cs\/wp-json\/wp\/v2\/product\/9020","targetHints":{"allow":["GET"]}}],"collection":[{"href":"https:\/\/www.hsymachinery.com\/cs\/wp-json\/wp\/v2\/product"}],"about":[{"href":"https:\/\/www.hsymachinery.com\/cs\/wp-json\/wp\/v2\/types\/product"}],"version-history":[{"count":3,"href":"https:\/\/www.hsymachinery.com\/cs\/wp-json\/wp\/v2\/product\/9020\/revisions"}],"predecessor-version":[{"id":9445,"href":"https:\/\/www.hsymachinery.com\/cs\/wp-json\/wp\/v2\/product\/9020\/revisions\/9445"}],"wp:featuredmedia":[{"embeddable":true,"href":"https:\/\/www.hsymachinery.com\/cs\/wp-json\/wp\/v2\/media\/9021"}],"wp:attachment":[{"href":"https:\/\/www.hsymachinery.com\/cs\/wp-json\/wp\/v2\/media?parent=9020"}],"wp:term":[{"taxonomy":"product_brand","embeddable":true,"href":"https:\/\/www.hsymachinery.com\/cs\/wp-json\/wp\/v2\/product_brand?post=9020"},{"taxonomy":"product_cat","embeddable":true,"href":"https:\/\/www.hsymachinery.com\/cs\/wp-json\/wp\/v2\/product_cat?post=9020"},{"taxonomy":"product_tag","embeddable":true,"href":"https:\/\/www.hsymachinery.com\/cs\/wp-json\/wp\/v2\/product_tag?post=9020"}],"curies":[{"name":"wp","href":"https:\/\/api.w.org\/{rel}","templated":true}]}}