{"id":8983,"date":"2025-06-18T12:22:53","date_gmt":"2025-06-18T04:22:53","guid":{"rendered":"https:\/\/www.hsymachinery.com\/?post_type=product&#038;p=8983"},"modified":"2025-06-27T22:31:07","modified_gmt":"2025-06-27T14:31:07","slug":"obloukova-ohybacka-armatur-gwh24","status":"publish","type":"product","link":"https:\/\/www.hsymachinery.com\/cs\/produkt\/obloukova-ohybacka-armatur-gwh24\/","title":{"rendered":"Obloukov\u00e9 oh\u00fdb\u00e1n\u00ed v\u00fdztu\u017ee GWH24"},"content":{"rendered":"<h2 data-start=\"96\" data-end=\"135\">Obloukov\u00e9 oh\u00fdb\u00e1n\u00ed v\u00fdztu\u017ee GWH24<\/h2>\n<h3 data-start=\"136\" data-end=\"257\">St\u0159edn\u011b t\u011b\u017ek\u00fd obloukov\u00fd oh\u00fdba\u010d pro 12-24mm v\u00fdztu\u017ee | GWH24 Steel Bar Curving Equipment for Construction and Landscaping<\/h3>\n<h3 data-start=\"264\" data-end=\"348\">P\u0159ehled v\u00fdrobk\u016f - Univerz\u00e1ln\u00ed oh\u00fdba\u010dka ty\u010d\u00ed pro vyztu\u017eov\u00e1n\u00ed konstrukc\u00ed<\/h3>\n<p data-start=\"350\" data-end=\"651\">Na str\u00e1nk\u00e1ch <strong data-start=\"354\" data-end=\"389\"><a href=\"https:\/\/www.hsymachinery.com\/cs\/produkty\/obloukova-ohybacka-vyztuze-2\/\" target=\"_blank\" rel=\"noopener\">Obloukov\u00e9 oh\u00fdb\u00e1n\u00ed v\u00fdztu\u017ee<\/a> GWH24<\/strong> poskytuje spolehliv\u00e9 a efektivn\u00ed \u0159e\u0161en\u00ed pro tvarov\u00e1n\u00ed 6mm a\u017e 24mm v\u00fdztu\u017ee do oblouk\u016f, smy\u010dek a k\u0159ivek. Je ur\u010den pro armovac\u00ed pr\u00e1ce st\u0159edn\u00ed t\u0159\u00eddy a b\u011b\u017en\u011b se pou\u017e\u00edv\u00e1 v ter\u00e9nn\u00edch \u00faprav\u00e1ch st\u011bn, prefabrikovan\u00fdch nosn\u00edc\u00edch, d\u00e1lni\u010dn\u00edch svodidlech a zak\u0159iven\u00fdch betonov\u00fdch prvc\u00edch.<\/p>\n<p data-start=\"653\" data-end=\"821\">A\u0165 u\u017e pracuje ve v\u00fdrobn\u00ed d\u00edln\u011b nebo na stavb\u011b, poskytuje GWH24 vysoce p\u0159esn\u00fd v\u00fdkon pro tvarov\u00e1n\u00ed konzistentn\u00edch a hladk\u00fdch k\u0159ivek v\u00fdztu\u017ee.<\/p>\n<h3 data-start=\"828\" data-end=\"885\">Konzistentn\u00ed v\u00fdstupn\u00ed oblouk s vylep\u0161enou regulac\u00ed polom\u011bru<\/h3>\n<p data-start=\"887\" data-end=\"1144\">Stroj obsahuje nastavitelnou v\u00e1le\u010dkovou plo\u0161inu a odoln\u00fd \u0159\u00eddic\u00ed syst\u00e9m, kter\u00fd umo\u017e\u0148uje u\u017eivatel\u016fm p\u0159esn\u011b nastavit polom\u011br ohybu. Jeho motor s vysok\u00fdm to\u010div\u00fdm momentem poh\u00e1n\u00ed rovnom\u011brn\u00e9 ot\u00e1\u010den\u00ed ty\u010d\u00ed, \u010d\u00edm\u017e zachov\u00e1v\u00e1 p\u0159esnost a celistvost povrchu v cel\u00e9m ohybu.<\/p>\n<p data-start=\"1146\" data-end=\"1311\">Pro r\u016fzn\u00e9 pot\u0159eby na staveni\u0161ti podporuje GWH24 ru\u010dn\u00ed ovl\u00e1d\u00e1n\u00ed rukojet\u00ed nebo voliteln\u00e9 ovl\u00e1d\u00e1n\u00ed ped\u00e1lem, co\u017e zaji\u0161\u0165uje bezpe\u010dn\u00e9 a flexibiln\u00ed pou\u017eit\u00ed v r\u016fzn\u00fdch podm\u00ednk\u00e1ch.<\/p>\n<h3 data-start=\"1318\" data-end=\"1373\">Vytvo\u0159eno pro n\u00e1ro\u010dn\u00e1 pracovn\u00ed m\u00edsta s exportn\u00edmi specifikacemi<\/h3>\n<p data-start=\"1375\" data-end=\"1700\">Obloukov\u00e1 oh\u00fdba\u010dka GWH24 m\u00e1 zes\u00edlen\u00e9 ocelov\u00e9 t\u011blo, kter\u00e9 je konstruov\u00e1no tak, aby odol\u00e1valo nam\u00e1h\u00e1n\u00ed a vibrac\u00edm p\u0159i dlouhodob\u00e9m pou\u017e\u00edv\u00e1n\u00ed. Jej\u00ed kompaktn\u00ed r\u00e1m je osazen kole\u010dky pro mobilitu, zat\u00edmco elektrick\u00e9 komponenty lze konfigurovat pro p\u0159\u00edvod 220 V nebo 380 V, tak\u017ee je vhodn\u00e1 pro export na sv\u011btov\u00e9 trhy.<\/p>\n<p data-start=\"1702\" data-end=\"1810\">Tento model nab\u00edz\u00ed dokonalou rovnov\u00e1hu mezi v\u00fdkonem, p\u0159esnost\u00ed a p\u0159enosnost\u00ed - ide\u00e1ln\u00ed pro konstruk\u010dn\u00ed obloukov\u00e9 tv\u00e1\u0159en\u00ed.<\/p>\n<h3 data-start=\"1817\" data-end=\"1870\">Kl\u00ed\u010dov\u00e9 vlastnosti obloukov\u00e9 oh\u00fdba\u010dky prut\u016f GWH24<\/h3>\n<ul data-start=\"1872\" data-end=\"2095\">\n<li data-start=\"1872\" data-end=\"1917\">\n<p data-start=\"1874\" data-end=\"1917\">Zpracov\u00e1v\u00e1 12-24mm armovac\u00ed pruty do zak\u0159iven\u00fdch tvar\u016f<\/p>\n<\/li>\n<li data-start=\"1918\" data-end=\"1985\">\n<p data-start=\"1920\" data-end=\"1985\">Pou\u017eiteln\u00e9 pro d\u00e1lnice, op\u011brn\u00e9 zdi a prefabrikovan\u00e9 prvky.<\/p>\n<\/li>\n<li data-start=\"1986\" data-end=\"2042\">\n<p data-start=\"1988\" data-end=\"2042\">Nastaviteln\u00fd polom\u011br oblouku pro r\u016fzn\u00e9 pot\u0159eby oh\u00fdb\u00e1n\u00ed<\/p>\n<\/li>\n<li data-start=\"2043\" data-end=\"2095\">\n<p data-start=\"2045\" data-end=\"2095\">Konfigurace se dv\u011bma nap\u011bt\u00edmi pro mezin\u00e1rodn\u00ed pou\u017eit\u00ed<\/p>\n<\/li>\n<\/ul>\n<p><iframe title=\"# stavebn\u00ed d\u011bln\u00edk # stavebn\u00ed d\u011bln\u00edk # stavebn\u00ed d\u011bln\u00edk # stavebn\u00ed d\u011bln\u00edk # stavebn\u00ed d\u011bln\u00edk # stavebn\u00ed d\u011bln\u00edk # stavebn\u00ed d\u011bln\u00edk\" width=\"720\" height=\"405\" src=\"https:\/\/www.youtube.com\/embed\/kZFU0Z3IPgM?feature=oembed\" frameborder=\"0\" allow=\"accelerometer; autoplay; clipboard-write; encrypted-media; gyroscope; picture-in-picture; web-share\" referrerpolicy=\"strict-origin-when-cross-origin\" allowfullscreen><\/iframe><\/p>","protected":false},"excerpt":{"rendered":"<p>Obloukov\u00e1 oh\u00fdba\u010dka GWH24 oh\u00fdb\u00e1 12-24mm ocelov\u00e9 ty\u010de do p\u0159esn\u00fdch oblouk\u016f. Navr\u017eeno pro pot\u0159eby st\u0159edn\u011b velk\u00fdch konstrukc\u00ed s mo\u017enost\u00ed nap\u00e1jen\u00ed kompatibiln\u00edho s exportem a stabiln\u00edm v\u00fdkonem.<\/p>","protected":false},"featured_media":8984,"template":"","meta":{"_kad_post_transparent":"default","_kad_post_title":"","_kad_post_layout":"default","_kad_post_sidebar_id":"","_kad_post_content_style":"default","_kad_post_vertical_padding":"default","_kad_post_feature":"","_kad_post_feature_position":"","_kad_post_header":false,"_kad_post_footer":false},"product_brand":[],"product_cat":[54],"product_tag":[1022,1016,1024,1018,1023,1017,1019,1021,1020,1015],"class_list":{"0":"post-8983","1":"product","2":"type-product","3":"status-publish","4":"has-post-thumbnail","6":"product_cat-rebar-arc-bending-machine","7":"product_tag-arc-shape-bending-machine-for-rebar","8":"product_tag-automatic-rebar-arc-bender","9":"product_tag-bar-arc-bending-machine-for-construction","10":"product_tag-cnc-rebar-arc-bending-equipment","11":"product_tag-curved-rebar-bending-tool","12":"product_tag-hydraulic-arc-bending-machine","13":"product_tag-rebar-circular-bending-machine","14":"product_tag-rebar-radius-bending-machine","15":"product_tag-round-bending-machine-for-steel-bars","16":"product_tag-steel-arc-bending-machine","18":"first","19":"instock","20":"shipping-taxable","21":"product-type-simple","22":"entry","23":"content-bg","24":"loop-entry"},"yoast_head":"<!-- This site is optimized with the Yoast SEO plugin v25.3.1 - https:\/\/yoast.com\/wordpress\/plugins\/seo\/ -->\n<title>Rebar Arc Bending Machine GWH24 - HSY Construction Machinery<\/title>\n<meta name=\"description\" content=\"Rebar Arc Bending Machine GWH24 bends 12\u201324mm steel bars into curves. Reliable for mid-size projects and export-friendly with flexible voltage support.\" \/>\n<meta name=\"robots\" content=\"index, follow, max-snippet:-1, max-image-preview:large, max-video-preview:-1\" \/>\n<link rel=\"canonical\" href=\"https:\/\/www.hsymachinery.com\/cs\/produkt\/obloukova-ohybacka-armatur-gwh24\/\" \/>\n<meta property=\"og:locale\" content=\"cs_CZ\" \/>\n<meta property=\"og:type\" content=\"article\" \/>\n<meta property=\"og:title\" content=\"Rebar Arc Bending Machine GWH24 - HSY Construction Machinery\" \/>\n<meta property=\"og:description\" content=\"Rebar Arc Bending Machine GWH24 bends 12\u201324mm steel bars into curves. Reliable for mid-size projects and export-friendly with flexible voltage support.\" \/>\n<meta property=\"og:url\" content=\"https:\/\/www.hsymachinery.com\/cs\/produkt\/obloukova-ohybacka-armatur-gwh24\/\" \/>\n<meta property=\"og:site_name\" content=\"HSY Construction Machinery\" \/>\n<meta property=\"article:modified_time\" content=\"2025-06-27T14:31:07+00:00\" \/>\n<meta property=\"og:image\" content=\"https:\/\/www.hsymachinery.com\/wp-content\/uploads\/2025\/06\/Rebar-Arc-Bending-Machine-GWH24.jpg\" \/>\n\t<meta property=\"og:image:width\" content=\"600\" \/>\n\t<meta property=\"og:image:height\" content=\"600\" \/>\n\t<meta property=\"og:image:type\" content=\"image\/jpeg\" \/>\n<meta name=\"twitter:card\" content=\"summary_large_image\" \/>\n<meta name=\"twitter:label1\" content=\"Odhadovan\u00e1 doba \u010dten\u00ed\" \/>\n\t<meta name=\"twitter:data1\" content=\"2 minuty\" \/>\n<script type=\"application\/ld+json\" class=\"yoast-schema-graph\">{\"@context\":\"https:\/\/schema.org\",\"@graph\":[{\"@type\":\"WebPage\",\"@id\":\"https:\/\/www.hsymachinery.com\/product\/rebar-arc-bending-machine-gwh24\/\",\"url\":\"https:\/\/www.hsymachinery.com\/product\/rebar-arc-bending-machine-gwh24\/\",\"name\":\"Rebar Arc Bending Machine GWH24 - HSY Construction Machinery\",\"isPartOf\":{\"@id\":\"https:\/\/www.hsymachinery.com\/#website\"},\"primaryImageOfPage\":{\"@id\":\"https:\/\/www.hsymachinery.com\/product\/rebar-arc-bending-machine-gwh24\/#primaryimage\"},\"image\":{\"@id\":\"https:\/\/www.hsymachinery.com\/product\/rebar-arc-bending-machine-gwh24\/#primaryimage\"},\"thumbnailUrl\":\"https:\/\/www.hsymachinery.com\/wp-content\/uploads\/2025\/06\/Rebar-Arc-Bending-Machine-GWH24.jpg\",\"datePublished\":\"2025-06-18T04:22:53+00:00\",\"dateModified\":\"2025-06-27T14:31:07+00:00\",\"description\":\"Rebar Arc Bending Machine GWH24 bends 12\u201324mm steel bars into curves. Reliable for mid-size projects and export-friendly with flexible voltage support.\",\"breadcrumb\":{\"@id\":\"https:\/\/www.hsymachinery.com\/product\/rebar-arc-bending-machine-gwh24\/#breadcrumb\"},\"inLanguage\":\"cs\",\"potentialAction\":[{\"@type\":\"ReadAction\",\"target\":[\"https:\/\/www.hsymachinery.com\/product\/rebar-arc-bending-machine-gwh24\/\"]}]},{\"@type\":\"ImageObject\",\"inLanguage\":\"cs\",\"@id\":\"https:\/\/www.hsymachinery.com\/product\/rebar-arc-bending-machine-gwh24\/#primaryimage\",\"url\":\"https:\/\/www.hsymachinery.com\/wp-content\/uploads\/2025\/06\/Rebar-Arc-Bending-Machine-GWH24.jpg\",\"contentUrl\":\"https:\/\/www.hsymachinery.com\/wp-content\/uploads\/2025\/06\/Rebar-Arc-Bending-Machine-GWH24.jpg\",\"width\":600,\"height\":600},{\"@type\":\"BreadcrumbList\",\"@id\":\"https:\/\/www.hsymachinery.com\/product\/rebar-arc-bending-machine-gwh24\/#breadcrumb\",\"itemListElement\":[{\"@type\":\"ListItem\",\"position\":1,\"name\":\"home\",\"item\":\"https:\/\/www.hsymachinery.com\/\"},{\"@type\":\"ListItem\",\"position\":2,\"name\":\"products\",\"item\":\"https:\/\/www.hsymachinery.com\/products\/\"},{\"@type\":\"ListItem\",\"position\":3,\"name\":\"Rebar Arc Bending Machine GWH24\"}]},{\"@type\":\"WebSite\",\"@id\":\"https:\/\/www.hsymachinery.com\/#website\",\"url\":\"https:\/\/www.hsymachinery.com\/\",\"name\":\"HSY Construction Machinery\",\"description\":\"HSY Machinery \u2013 A leading China construction machinery supplier, offering a wide range of light construction equipment. Our main products include Rebar Cutting Machine, Rebar Bending Machine, Rebar Stirrup Bending Machine, Rebar Arc Bending Machine, Rebar Straightening Machine, Five-Head Rebar Stirrup Bending Machine, Tamping Rammer, Plate Compactor, Concrete Cutter, Power Trowel, and other construction machinery. We are equipped with advanced CNC machines, and we enforce strict quality inspection standards along with comprehensive after-sales service. If you are interested in our products or services, we warmly welcome your inquiries via message.\",\"publisher\":{\"@id\":\"https:\/\/www.hsymachinery.com\/#organization\"},\"potentialAction\":[{\"@type\":\"SearchAction\",\"target\":{\"@type\":\"EntryPoint\",\"urlTemplate\":\"https:\/\/www.hsymachinery.com\/?s={search_term_string}\"},\"query-input\":{\"@type\":\"PropertyValueSpecification\",\"valueRequired\":true,\"valueName\":\"search_term_string\"}}],\"inLanguage\":\"cs\"},{\"@type\":\"Organization\",\"@id\":\"https:\/\/www.hsymachinery.com\/#organization\",\"name\":\"HSY Construction Machinery\",\"url\":\"https:\/\/www.hsymachinery.com\/\",\"logo\":{\"@type\":\"ImageObject\",\"inLanguage\":\"cs\",\"@id\":\"https:\/\/www.hsymachinery.com\/#\/schema\/logo\/image\/\",\"url\":\"https:\/\/www.hsymachinery.com\/wp-content\/uploads\/2025\/06\/cropped-HSY-machinery.png\",\"contentUrl\":\"https:\/\/www.hsymachinery.com\/wp-content\/uploads\/2025\/06\/cropped-HSY-machinery.png\",\"width\":600,\"height\":240,\"caption\":\"HSY Construction Machinery\"},\"image\":{\"@id\":\"https:\/\/www.hsymachinery.com\/#\/schema\/logo\/image\/\"}}]}<\/script>\n<!-- \/ Yoast SEO plugin. -->","yoast_head_json":{"title":"Obloukov\u00fd oh\u00fdba\u010d v\u00fdztu\u017ee GWH24 - Stavebn\u00ed stroje HSY","description":"Obloukov\u00e1 oh\u00fdba\u010dka prut\u016f GWH24 oh\u00fdb\u00e1 12-24mm ocelov\u00e9 ty\u010de do oblouk\u016f. Spolehliv\u00fd pro st\u0159edn\u011b velk\u00e9 projekty a vhodn\u00fd pro export d\u00edky flexibiln\u00ed podpo\u0159e nap\u011bt\u00ed.","robots":{"index":"index","follow":"follow","max-snippet":"max-snippet:-1","max-image-preview":"max-image-preview:large","max-video-preview":"max-video-preview:-1"},"canonical":"https:\/\/www.hsymachinery.com\/cs\/produkt\/obloukova-ohybacka-armatur-gwh24\/","og_locale":"cs_CZ","og_type":"article","og_title":"Rebar Arc Bending Machine GWH24 - HSY Construction Machinery","og_description":"Rebar Arc Bending Machine GWH24 bends 12\u201324mm steel bars into curves. Reliable for mid-size projects and export-friendly with flexible voltage support.","og_url":"https:\/\/www.hsymachinery.com\/cs\/produkt\/obloukova-ohybacka-armatur-gwh24\/","og_site_name":"HSY Construction Machinery","article_modified_time":"2025-06-27T14:31:07+00:00","og_image":[{"width":600,"height":600,"url":"https:\/\/www.hsymachinery.com\/wp-content\/uploads\/2025\/06\/Rebar-Arc-Bending-Machine-GWH24.jpg","type":"image\/jpeg"}],"twitter_card":"summary_large_image","twitter_misc":{"Odhadovan\u00e1 doba \u010dten\u00ed":"2 minuty"},"schema":{"@context":"https:\/\/schema.org","@graph":[{"@type":"WebPage","@id":"https:\/\/www.hsymachinery.com\/product\/rebar-arc-bending-machine-gwh24\/","url":"https:\/\/www.hsymachinery.com\/product\/rebar-arc-bending-machine-gwh24\/","name":"Obloukov\u00fd oh\u00fdba\u010d v\u00fdztu\u017ee GWH24 - Stavebn\u00ed stroje HSY","isPartOf":{"@id":"https:\/\/www.hsymachinery.com\/#website"},"primaryImageOfPage":{"@id":"https:\/\/www.hsymachinery.com\/product\/rebar-arc-bending-machine-gwh24\/#primaryimage"},"image":{"@id":"https:\/\/www.hsymachinery.com\/product\/rebar-arc-bending-machine-gwh24\/#primaryimage"},"thumbnailUrl":"https:\/\/www.hsymachinery.com\/wp-content\/uploads\/2025\/06\/Rebar-Arc-Bending-Machine-GWH24.jpg","datePublished":"2025-06-18T04:22:53+00:00","dateModified":"2025-06-27T14:31:07+00:00","description":"Obloukov\u00e1 oh\u00fdba\u010dka prut\u016f GWH24 oh\u00fdb\u00e1 12-24mm ocelov\u00e9 ty\u010de do oblouk\u016f. Spolehliv\u00fd pro st\u0159edn\u011b velk\u00e9 projekty a vhodn\u00fd pro export d\u00edky flexibiln\u00ed podpo\u0159e nap\u011bt\u00ed.","breadcrumb":{"@id":"https:\/\/www.hsymachinery.com\/product\/rebar-arc-bending-machine-gwh24\/#breadcrumb"},"inLanguage":"cs","potentialAction":[{"@type":"ReadAction","target":["https:\/\/www.hsymachinery.com\/product\/rebar-arc-bending-machine-gwh24\/"]}]},{"@type":"ImageObject","inLanguage":"cs","@id":"https:\/\/www.hsymachinery.com\/product\/rebar-arc-bending-machine-gwh24\/#primaryimage","url":"https:\/\/www.hsymachinery.com\/wp-content\/uploads\/2025\/06\/Rebar-Arc-Bending-Machine-GWH24.jpg","contentUrl":"https:\/\/www.hsymachinery.com\/wp-content\/uploads\/2025\/06\/Rebar-Arc-Bending-Machine-GWH24.jpg","width":600,"height":600},{"@type":"BreadcrumbList","@id":"https:\/\/www.hsymachinery.com\/product\/rebar-arc-bending-machine-gwh24\/#breadcrumb","itemListElement":[{"@type":"ListItem","position":1,"name":"home","item":"https:\/\/www.hsymachinery.com\/"},{"@type":"ListItem","position":2,"name":"products","item":"https:\/\/www.hsymachinery.com\/products\/"},{"@type":"ListItem","position":3,"name":"Rebar Arc Bending Machine GWH24"}]},{"@type":"WebSite","@id":"https:\/\/www.hsymachinery.com\/#website","url":"https:\/\/www.hsymachinery.com\/","name":"Stavebn\u00ed stroje HSY","description":"HSY Machinery - P\u0159edn\u00ed \u010d\u00ednsk\u00fd dodavatel stavebn\u00edch stroj\u016f, kter\u00fd nab\u00edz\u00ed \u0161irokou \u0161k\u00e1lu lehk\u00fdch stavebn\u00edch stroj\u016f. Mezi na\u0161e hlavn\u00ed produkty pat\u0159\u00ed \u0159eza\u010dka prut\u016f, oh\u00fdba\u010dka prut\u016f, oh\u00fdba\u010dka prut\u016f, obloukov\u00e1 oh\u00fdba\u010dka prut\u016f, rovna\u010dka prut\u016f, p\u011btihlav\u0148ov\u00e1 oh\u00fdba\u010dka prut\u016f, p\u011bchovac\u00ed kladivo, zhut\u0148ova\u010d desek, \u0159eza\u010dka betonu, motorov\u00e1 st\u011brka a dal\u0161\u00ed stavebn\u00ed stroje. Jsme vybaveni modern\u00edmi CNC stroji a prosazujeme p\u0159\u00edsn\u00e9 standardy kontroly kvality spolu s komplexn\u00edm poprodejn\u00edm servisem. Pokud m\u00e1te z\u00e1jem o na\u0161e v\u00fdrobky nebo slu\u017eby, srde\u010dn\u011b uv\u00edt\u00e1me va\u0161e dotazy prost\u0159ednictv\u00edm zpr\u00e1vy.","publisher":{"@id":"https:\/\/www.hsymachinery.com\/#organization"},"potentialAction":[{"@type":"SearchAction","target":{"@type":"EntryPoint","urlTemplate":"https:\/\/www.hsymachinery.com\/?s={search_term_string}"},"query-input":{"@type":"PropertyValueSpecification","valueRequired":true,"valueName":"search_term_string"}}],"inLanguage":"cs"},{"@type":"Organization","@id":"https:\/\/www.hsymachinery.com\/#organization","name":"Stavebn\u00ed stroje HSY","url":"https:\/\/www.hsymachinery.com\/","logo":{"@type":"ImageObject","inLanguage":"cs","@id":"https:\/\/www.hsymachinery.com\/#\/schema\/logo\/image\/","url":"https:\/\/www.hsymachinery.com\/wp-content\/uploads\/2025\/06\/cropped-HSY-machinery.png","contentUrl":"https:\/\/www.hsymachinery.com\/wp-content\/uploads\/2025\/06\/cropped-HSY-machinery.png","width":600,"height":240,"caption":"HSY Construction Machinery"},"image":{"@id":"https:\/\/www.hsymachinery.com\/#\/schema\/logo\/image\/"}}]}},"_links":{"self":[{"href":"https:\/\/www.hsymachinery.com\/cs\/wp-json\/wp\/v2\/product\/8983","targetHints":{"allow":["GET"]}}],"collection":[{"href":"https:\/\/www.hsymachinery.com\/cs\/wp-json\/wp\/v2\/product"}],"about":[{"href":"https:\/\/www.hsymachinery.com\/cs\/wp-json\/wp\/v2\/types\/product"}],"version-history":[{"count":4,"href":"https:\/\/www.hsymachinery.com\/cs\/wp-json\/wp\/v2\/product\/8983\/revisions"}],"predecessor-version":[{"id":9402,"href":"https:\/\/www.hsymachinery.com\/cs\/wp-json\/wp\/v2\/product\/8983\/revisions\/9402"}],"wp:featuredmedia":[{"embeddable":true,"href":"https:\/\/www.hsymachinery.com\/cs\/wp-json\/wp\/v2\/media\/8984"}],"wp:attachment":[{"href":"https:\/\/www.hsymachinery.com\/cs\/wp-json\/wp\/v2\/media?parent=8983"}],"wp:term":[{"taxonomy":"product_brand","embeddable":true,"href":"https:\/\/www.hsymachinery.com\/cs\/wp-json\/wp\/v2\/product_brand?post=8983"},{"taxonomy":"product_cat","embeddable":true,"href":"https:\/\/www.hsymachinery.com\/cs\/wp-json\/wp\/v2\/product_cat?post=8983"},{"taxonomy":"product_tag","embeddable":true,"href":"https:\/\/www.hsymachinery.com\/cs\/wp-json\/wp\/v2\/product_tag?post=8983"}],"curies":[{"name":"wp","href":"https:\/\/api.w.org\/{rel}","templated":true}]}}