{"id":8965,"date":"2025-06-18T12:09:00","date_gmt":"2025-06-18T04:09:00","guid":{"rendered":"https:\/\/www.hsymachinery.com\/?post_type=product&#038;p=8965"},"modified":"2025-06-27T17:54:45","modified_gmt":"2025-06-27T09:54:45","slug":"ohybacka-vyztuznych-trmenu-gf28","status":"publish","type":"product","link":"https:\/\/www.hsymachinery.com\/cs\/produkt\/ohybacka-vyztuznych-trmenu-gf28\/","title":{"rendered":"Stroj na oh\u00fdb\u00e1n\u00ed v\u00fdztu\u017ee GF28"},"content":{"rendered":"<h2 data-start=\"100\" data-end=\"142\">Stroj na oh\u00fdb\u00e1n\u00ed v\u00fdztu\u017ee GF28<\/h2>\n<h3 data-start=\"143\" data-end=\"263\">T\u011b\u017ek\u00e1 oh\u00fdba\u010dka pro 6-22mm v\u00fdztu\u017ee | P\u0159esn\u00fd stroj na oh\u00fdb\u00e1n\u00ed v\u00fdztu\u017e\u00ed GF28 pro beton\u00e1\u0159skou v\u00fdztu\u017e<\/h3>\n<h3 data-start=\"270\" data-end=\"362\">\u00a0P\u0159ehled v\u00fdrobk\u016f - Spolehliv\u00e9 za\u0159\u00edzen\u00ed na tvarov\u00e1n\u00ed t\u0159men\u016f pro vyztu\u017eov\u00e1n\u00ed nosn\u00edk\u016f a desek<\/h3>\n<p data-start=\"364\" data-end=\"678\">Na str\u00e1nk\u00e1ch <strong data-start=\"368\" data-end=\"406\"><a href=\"https:\/\/www.hsymachinery.com\/cs\/produkty\/ohybacka-vyztuznych-trmenu\/\" target=\"_blank\" rel=\"noopener\">Stroj na oh\u00fdb\u00e1n\u00ed v\u00fdztu\u017ee<\/a> GF28<\/strong> nab\u00edz\u00ed rychlou, spolehlivou a konzistentn\u00ed metodu oh\u00fdb\u00e1n\u00ed v\u00fdztu\u017en\u00fdch ty\u010d\u00ed o pr\u016fm\u011bru 6 a\u017e 25 mm do tvaru t\u0159men\u016f. Tento stroj je ur\u010den pro n\u00e1ro\u010dn\u00e1 pracovi\u0161t\u011b a nach\u00e1z\u00ed \u0161irok\u00e9 uplatn\u011bn\u00ed p\u0159i v\u00fdstavb\u011b infrastruktury, v\u00fd\u0161kov\u00fdch projekt\u016f a zpracov\u00e1n\u00ed prefabrikovan\u00e9 oceli.<\/p>\n<p data-start=\"680\" data-end=\"826\">D\u00edky sv\u00e9 pevn\u00e9 konstrukci, v\u00fdkonn\u00e9mu motoru a snadn\u00e9mu ovl\u00e1d\u00e1n\u00ed je stroj GF28 ide\u00e1ln\u00ed pro v\u00fdrobu t\u0159men\u016f pot\u0159ebn\u00fdch pro nosn\u00edky, sloupy a desky.<\/p>\n<h3 data-start=\"833\" data-end=\"876\">Hladk\u00e9 oh\u00fdb\u00e1n\u00ed s pr\u016fmyslov\u00fdm v\u00fdkonem<\/h3>\n<p data-start=\"878\" data-end=\"1247\">Na str\u00e1nk\u00e1ch <strong data-start=\"882\" data-end=\"905\">Oh\u00fdba\u010dka t\u0159men\u016f GF28<\/strong> je vybaven vysoce p\u0159esn\u00fdm kotou\u010dov\u00fdm syst\u00e9mem a dvojit\u00fdmi \u00fahlov\u00fdmi zar\u00e1\u017ekami, kter\u00e9 pom\u00e1haj\u00ed vytv\u00e1\u0159et p\u0159esn\u00e9 tvary t\u0159men\u016f s minim\u00e1ln\u00edm \u00fasil\u00edm. A\u0165 u\u017e tvo\u0159\u00edte \u010dtvercov\u00e9, obd\u00e9ln\u00edkov\u00e9 nebo mnoho\u00faheln\u00edkov\u00e9 t\u0159meny, obsluha m\u016f\u017ee dos\u00e1hnout opakovateln\u00e9 kontroly \u00fahlu a\u017e do 180\u00b0. V\u00fdkonn\u00fd motor s m\u011bd\u011bn\u00fdm j\u00e1drem zaji\u0161\u0165uje plynul\u00fd, nep\u0159eru\u0161ovan\u00fd to\u010div\u00fd moment p\u0159i del\u0161\u00edm provozu.<\/p>\n<p data-start=\"1249\" data-end=\"1414\">Ut\u011bsn\u011bn\u00e1, olejem mazan\u00e1 p\u0159evodovka sni\u017euje hlu\u010dnost a chr\u00e1n\u00ed vnit\u0159n\u00ed sou\u010d\u00e1sti, zat\u00edmco ru\u010dn\u00ed nebo no\u017en\u00ed ovl\u00e1d\u00e1n\u00ed poskytuje u\u017eivatel\u016fm plnou flexibilitu a bezpe\u010dnost.<\/p>\n<h3 data-start=\"1421\" data-end=\"1464\">Vytvo\u0159eno pro v\u00fdkon na glob\u00e1ln\u00edch pracovi\u0161t\u00edch<\/h3>\n<p data-start=\"1466\" data-end=\"1782\">Konstrukce GF28 je vyrobena ze zes\u00edlen\u00e9 oceli a je odoln\u00e1 v\u016f\u010di vibrac\u00edm a tlaku s vysok\u00fdm to\u010div\u00fdm momentem. Jeho pr\u016fmyslov\u011b mobiln\u00ed kole\u010dka umo\u017e\u0148uj\u00ed p\u0159emis\u0165ov\u00e1n\u00ed v pracovn\u00edch z\u00f3n\u00e1ch a d\u00edky voliteln\u00e9mu nap\u011bt\u00ed (220 V\/380 V, 50 Hz\/60 Hz) je kompatibiln\u00ed s energetick\u00fdmi normami v Asii, na St\u0159edn\u00edm v\u00fdchod\u011b, v Africe a Ji\u017en\u00ed Americe.<\/p>\n<p data-start=\"1784\" data-end=\"1902\">D\u00edky vysok\u00e9 efektivit\u011b a snadn\u00e9mu u\u010den\u00ed pom\u00e1h\u00e1 GF28 sn\u00ed\u017eit n\u00e1klady na pracovn\u00ed s\u00edlu a z\u00e1rove\u0148 zv\u00fd\u0161it produktivitu.<\/p>\n<h3 data-start=\"1909\" data-end=\"1965\">Kl\u00ed\u010dov\u00e9 vlastnosti oh\u00fdba\u010dky v\u00fdztu\u017ee GF28<\/h3>\n<ul data-start=\"1967\" data-end=\"2218\">\n<li data-start=\"1967\" data-end=\"2026\">\n<p data-start=\"1969\" data-end=\"2026\">Tvaruje 6-25mm ocelov\u00e9 ty\u010de do t\u0159men\u016f s \u010dist\u00fdmi \u00fahly.<\/p>\n<\/li>\n<li data-start=\"2027\" data-end=\"2095\">\n<p data-start=\"2029\" data-end=\"2095\">Odoln\u00e1 p\u0159evodovka, pr\u016fmyslov\u00fd motor a r\u00e1m odoln\u00fd proti vibrac\u00edm.<\/p>\n<\/li>\n<li data-start=\"2096\" data-end=\"2152\">\n<p data-start=\"2098\" data-end=\"2152\">Dvoj\u00ed syst\u00e9m ovl\u00e1d\u00e1n\u00ed: no\u017en\u00ed ped\u00e1l a ru\u010dn\u00ed ovl\u00e1d\u00e1n\u00ed<\/p>\n<\/li>\n<li data-start=\"2153\" data-end=\"2218\">\n<p data-start=\"2155\" data-end=\"2218\">P\u0159izp\u016fsoben\u00ed nap\u011bt\u00ed pro export a mezin\u00e1rodn\u00ed nasazen\u00ed<\/p>\n<\/li>\n<\/ul>\n<p><iframe title=\"# stavebn\u00ed d\u011bln\u00edk # stavebn\u00ed d\u011bln\u00edk # stavebn\u00ed d\u011bln\u00edk # stavebn\u00ed d\u011bln\u00edk # stavebn\u00ed d\u011bln\u00edk # stavebn\u00ed d\u011bln\u00edk # stavebn\u00ed d\u011bln\u00edk\" width=\"720\" height=\"405\" src=\"https:\/\/www.youtube.com\/embed\/lK_ZDXYgtu0?feature=oembed\" frameborder=\"0\" allow=\"accelerometer; autoplay; clipboard-write; encrypted-media; gyroscope; picture-in-picture; web-share\" referrerpolicy=\"strict-origin-when-cross-origin\" allowfullscreen><\/iframe><\/p>","protected":false},"excerpt":{"rendered":"<p data-start=\"2258\" data-end=\"2438\">Stroj na oh\u00fdb\u00e1n\u00ed t\u0159men\u016f GF28 oh\u00fdb\u00e1 6-25mm armovac\u00ed pruty do t\u0159men\u016f pro stavebn\u00ed \u00fa\u010dely. D\u00edky v\u00fdkonn\u00e9mu motoru a robustn\u00edmu r\u00e1mu spolehliv\u011b funguje v n\u00e1ro\u010dn\u00fdch podm\u00ednk\u00e1ch.<\/p>","protected":false},"featured_media":8966,"template":"","meta":{"_kad_post_transparent":"default","_kad_post_title":"","_kad_post_layout":"default","_kad_post_sidebar_id":"","_kad_post_content_style":"default","_kad_post_vertical_padding":"default","_kad_post_feature":"","_kad_post_feature_position":"","_kad_post_header":false,"_kad_post_footer":false},"product_brand":[],"product_cat":[46],"product_tag":[1005,1006,1010,1008,1009,1013,1012,1014,1007,1011],"class_list":{"0":"post-8965","1":"product","2":"type-product","3":"status-publish","4":"has-post-thumbnail","6":"product_cat-rebar-stirrup-bending-machine","7":"product_tag-automatic-stirrup-bending-machine","8":"product_tag-cnc-rebar-stirrup-bender","9":"product_tag-hydraulic-stirrup-bender","10":"product_tag-rebar-stirrup-bender-machine","11":"product_tag-steel-stirrup-bending-machine","12":"product_tag-stirrup-bender-for-construction","13":"product_tag-stirrup-bending-equipment","14":"product_tag-stirrup-bending-machine-price","15":"product_tag-stirrup-making-machine","16":"product_tag-wire-stirrup-bending-machine","18":"first","19":"instock","20":"featured","21":"shipping-taxable","22":"product-type-simple","23":"entry","24":"content-bg","25":"loop-entry"},"yoast_head":"<!-- This site is optimized with the Yoast SEO plugin v25.3.1 - https:\/\/yoast.com\/wordpress\/plugins\/seo\/ -->\n<title>Rebar Stirrup Bending Machine GF28 - HSY Construction Machinery<\/title>\n<meta name=\"description\" content=\"Rebar Stirrup Bending Machine GF28 bends 6\u201325mm bars into stirrups with speed and precision. Heavy-duty, export-ready, and ideal for beam and slab reinforcement.\" \/>\n<meta name=\"robots\" content=\"index, follow, max-snippet:-1, max-image-preview:large, max-video-preview:-1\" \/>\n<link rel=\"canonical\" href=\"https:\/\/www.hsymachinery.com\/cs\/produkt\/ohybacka-vyztuznych-trmenu-gf28\/\" \/>\n<meta property=\"og:locale\" content=\"cs_CZ\" \/>\n<meta property=\"og:type\" content=\"article\" \/>\n<meta property=\"og:title\" content=\"Rebar Stirrup Bending Machine GF28 - HSY Construction Machinery\" \/>\n<meta property=\"og:description\" content=\"Rebar Stirrup Bending Machine GF28 bends 6\u201325mm bars into stirrups with speed and precision. Heavy-duty, export-ready, and ideal for beam and slab reinforcement.\" \/>\n<meta property=\"og:url\" content=\"https:\/\/www.hsymachinery.com\/cs\/produkt\/ohybacka-vyztuznych-trmenu-gf28\/\" \/>\n<meta property=\"og:site_name\" content=\"HSY Construction Machinery\" \/>\n<meta property=\"article:modified_time\" content=\"2025-06-27T09:54:45+00:00\" \/>\n<meta property=\"og:image\" content=\"https:\/\/www.hsymachinery.com\/wp-content\/uploads\/2025\/06\/Rebar-Stirrup-Bending-Machine-GF28.jpg\" \/>\n\t<meta property=\"og:image:width\" content=\"600\" \/>\n\t<meta property=\"og:image:height\" content=\"600\" \/>\n\t<meta property=\"og:image:type\" content=\"image\/jpeg\" \/>\n<meta name=\"twitter:card\" content=\"summary_large_image\" \/>\n<meta name=\"twitter:label1\" content=\"Odhadovan\u00e1 doba \u010dten\u00ed\" \/>\n\t<meta name=\"twitter:data1\" content=\"2 minuty\" \/>\n<script type=\"application\/ld+json\" class=\"yoast-schema-graph\">{\"@context\":\"https:\/\/schema.org\",\"@graph\":[{\"@type\":\"WebPage\",\"@id\":\"https:\/\/www.hsymachinery.com\/product\/rebar-stirrup-bending-machine-gf28\/\",\"url\":\"https:\/\/www.hsymachinery.com\/product\/rebar-stirrup-bending-machine-gf28\/\",\"name\":\"Rebar Stirrup Bending Machine GF28 - HSY Construction Machinery\",\"isPartOf\":{\"@id\":\"https:\/\/www.hsymachinery.com\/#website\"},\"primaryImageOfPage\":{\"@id\":\"https:\/\/www.hsymachinery.com\/product\/rebar-stirrup-bending-machine-gf28\/#primaryimage\"},\"image\":{\"@id\":\"https:\/\/www.hsymachinery.com\/product\/rebar-stirrup-bending-machine-gf28\/#primaryimage\"},\"thumbnailUrl\":\"https:\/\/www.hsymachinery.com\/wp-content\/uploads\/2025\/06\/Rebar-Stirrup-Bending-Machine-GF28.jpg\",\"datePublished\":\"2025-06-18T04:09:00+00:00\",\"dateModified\":\"2025-06-27T09:54:45+00:00\",\"description\":\"Rebar Stirrup Bending Machine GF28 bends 6\u201325mm bars into stirrups with speed and precision. Heavy-duty, export-ready, and ideal for beam and slab reinforcement.\",\"breadcrumb\":{\"@id\":\"https:\/\/www.hsymachinery.com\/product\/rebar-stirrup-bending-machine-gf28\/#breadcrumb\"},\"inLanguage\":\"cs\",\"potentialAction\":[{\"@type\":\"ReadAction\",\"target\":[\"https:\/\/www.hsymachinery.com\/product\/rebar-stirrup-bending-machine-gf28\/\"]}]},{\"@type\":\"ImageObject\",\"inLanguage\":\"cs\",\"@id\":\"https:\/\/www.hsymachinery.com\/product\/rebar-stirrup-bending-machine-gf28\/#primaryimage\",\"url\":\"https:\/\/www.hsymachinery.com\/wp-content\/uploads\/2025\/06\/Rebar-Stirrup-Bending-Machine-GF28.jpg\",\"contentUrl\":\"https:\/\/www.hsymachinery.com\/wp-content\/uploads\/2025\/06\/Rebar-Stirrup-Bending-Machine-GF28.jpg\",\"width\":600,\"height\":600},{\"@type\":\"BreadcrumbList\",\"@id\":\"https:\/\/www.hsymachinery.com\/product\/rebar-stirrup-bending-machine-gf28\/#breadcrumb\",\"itemListElement\":[{\"@type\":\"ListItem\",\"position\":1,\"name\":\"home\",\"item\":\"https:\/\/www.hsymachinery.com\/\"},{\"@type\":\"ListItem\",\"position\":2,\"name\":\"products\",\"item\":\"https:\/\/www.hsymachinery.com\/products\/\"},{\"@type\":\"ListItem\",\"position\":3,\"name\":\"Rebar Stirrup Bending Machine GF28\"}]},{\"@type\":\"WebSite\",\"@id\":\"https:\/\/www.hsymachinery.com\/#website\",\"url\":\"https:\/\/www.hsymachinery.com\/\",\"name\":\"HSY Construction Machinery\",\"description\":\"HSY Machinery \u2013 A leading China construction machinery supplier, offering a wide range of light construction equipment. Our main products include Rebar Cutting Machine, Rebar Bending Machine, Rebar Stirrup Bending Machine, Rebar Arc Bending Machine, Rebar Straightening Machine, Five-Head Rebar Stirrup Bending Machine, Tamping Rammer, Plate Compactor, Concrete Cutter, Power Trowel, and other construction machinery. We are equipped with advanced CNC machines, and we enforce strict quality inspection standards along with comprehensive after-sales service. If you are interested in our products or services, we warmly welcome your inquiries via message.\",\"publisher\":{\"@id\":\"https:\/\/www.hsymachinery.com\/#organization\"},\"potentialAction\":[{\"@type\":\"SearchAction\",\"target\":{\"@type\":\"EntryPoint\",\"urlTemplate\":\"https:\/\/www.hsymachinery.com\/?s={search_term_string}\"},\"query-input\":{\"@type\":\"PropertyValueSpecification\",\"valueRequired\":true,\"valueName\":\"search_term_string\"}}],\"inLanguage\":\"cs\"},{\"@type\":\"Organization\",\"@id\":\"https:\/\/www.hsymachinery.com\/#organization\",\"name\":\"HSY Construction Machinery\",\"url\":\"https:\/\/www.hsymachinery.com\/\",\"logo\":{\"@type\":\"ImageObject\",\"inLanguage\":\"cs\",\"@id\":\"https:\/\/www.hsymachinery.com\/#\/schema\/logo\/image\/\",\"url\":\"https:\/\/www.hsymachinery.com\/wp-content\/uploads\/2025\/06\/cropped-HSY-machinery.png\",\"contentUrl\":\"https:\/\/www.hsymachinery.com\/wp-content\/uploads\/2025\/06\/cropped-HSY-machinery.png\",\"width\":600,\"height\":240,\"caption\":\"HSY Construction Machinery\"},\"image\":{\"@id\":\"https:\/\/www.hsymachinery.com\/#\/schema\/logo\/image\/\"}}]}<\/script>\n<!-- \/ Yoast SEO plugin. -->","yoast_head_json":{"title":"Stroj na oh\u00fdb\u00e1n\u00ed v\u00fdztu\u017ee GF28 - Stavebn\u00ed stroje HSY","description":"Oh\u00fdba\u010dka t\u0159men\u016f GF28 oh\u00fdb\u00e1 6-25mm ty\u010de do t\u0159men\u016f s rychlost\u00ed a p\u0159esnost\u00ed. T\u011b\u017ek\u00fd provoz, p\u0159ipraven\u00fd na export a ide\u00e1ln\u00ed pro vyztu\u017eov\u00e1n\u00ed nosn\u00edk\u016f a desek.","robots":{"index":"index","follow":"follow","max-snippet":"max-snippet:-1","max-image-preview":"max-image-preview:large","max-video-preview":"max-video-preview:-1"},"canonical":"https:\/\/www.hsymachinery.com\/cs\/produkt\/ohybacka-vyztuznych-trmenu-gf28\/","og_locale":"cs_CZ","og_type":"article","og_title":"Rebar Stirrup Bending Machine GF28 - HSY Construction Machinery","og_description":"Rebar Stirrup Bending Machine GF28 bends 6\u201325mm bars into stirrups with speed and precision. Heavy-duty, export-ready, and ideal for beam and slab reinforcement.","og_url":"https:\/\/www.hsymachinery.com\/cs\/produkt\/ohybacka-vyztuznych-trmenu-gf28\/","og_site_name":"HSY Construction Machinery","article_modified_time":"2025-06-27T09:54:45+00:00","og_image":[{"width":600,"height":600,"url":"https:\/\/www.hsymachinery.com\/wp-content\/uploads\/2025\/06\/Rebar-Stirrup-Bending-Machine-GF28.jpg","type":"image\/jpeg"}],"twitter_card":"summary_large_image","twitter_misc":{"Odhadovan\u00e1 doba \u010dten\u00ed":"2 minuty"},"schema":{"@context":"https:\/\/schema.org","@graph":[{"@type":"WebPage","@id":"https:\/\/www.hsymachinery.com\/product\/rebar-stirrup-bending-machine-gf28\/","url":"https:\/\/www.hsymachinery.com\/product\/rebar-stirrup-bending-machine-gf28\/","name":"Stroj na oh\u00fdb\u00e1n\u00ed v\u00fdztu\u017ee GF28 - Stavebn\u00ed stroje HSY","isPartOf":{"@id":"https:\/\/www.hsymachinery.com\/#website"},"primaryImageOfPage":{"@id":"https:\/\/www.hsymachinery.com\/product\/rebar-stirrup-bending-machine-gf28\/#primaryimage"},"image":{"@id":"https:\/\/www.hsymachinery.com\/product\/rebar-stirrup-bending-machine-gf28\/#primaryimage"},"thumbnailUrl":"https:\/\/www.hsymachinery.com\/wp-content\/uploads\/2025\/06\/Rebar-Stirrup-Bending-Machine-GF28.jpg","datePublished":"2025-06-18T04:09:00+00:00","dateModified":"2025-06-27T09:54:45+00:00","description":"Oh\u00fdba\u010dka t\u0159men\u016f GF28 oh\u00fdb\u00e1 6-25mm ty\u010de do t\u0159men\u016f s rychlost\u00ed a p\u0159esnost\u00ed. T\u011b\u017ek\u00fd provoz, p\u0159ipraven\u00fd na export a ide\u00e1ln\u00ed pro vyztu\u017eov\u00e1n\u00ed nosn\u00edk\u016f a desek.","breadcrumb":{"@id":"https:\/\/www.hsymachinery.com\/product\/rebar-stirrup-bending-machine-gf28\/#breadcrumb"},"inLanguage":"cs","potentialAction":[{"@type":"ReadAction","target":["https:\/\/www.hsymachinery.com\/product\/rebar-stirrup-bending-machine-gf28\/"]}]},{"@type":"ImageObject","inLanguage":"cs","@id":"https:\/\/www.hsymachinery.com\/product\/rebar-stirrup-bending-machine-gf28\/#primaryimage","url":"https:\/\/www.hsymachinery.com\/wp-content\/uploads\/2025\/06\/Rebar-Stirrup-Bending-Machine-GF28.jpg","contentUrl":"https:\/\/www.hsymachinery.com\/wp-content\/uploads\/2025\/06\/Rebar-Stirrup-Bending-Machine-GF28.jpg","width":600,"height":600},{"@type":"BreadcrumbList","@id":"https:\/\/www.hsymachinery.com\/product\/rebar-stirrup-bending-machine-gf28\/#breadcrumb","itemListElement":[{"@type":"ListItem","position":1,"name":"home","item":"https:\/\/www.hsymachinery.com\/"},{"@type":"ListItem","position":2,"name":"products","item":"https:\/\/www.hsymachinery.com\/products\/"},{"@type":"ListItem","position":3,"name":"Rebar Stirrup Bending Machine GF28"}]},{"@type":"WebSite","@id":"https:\/\/www.hsymachinery.com\/#website","url":"https:\/\/www.hsymachinery.com\/","name":"Stavebn\u00ed stroje HSY","description":"HSY Machinery - P\u0159edn\u00ed \u010d\u00ednsk\u00fd dodavatel stavebn\u00edch stroj\u016f, kter\u00fd nab\u00edz\u00ed \u0161irokou \u0161k\u00e1lu lehk\u00fdch stavebn\u00edch stroj\u016f. Mezi na\u0161e hlavn\u00ed produkty pat\u0159\u00ed \u0159eza\u010dka prut\u016f, oh\u00fdba\u010dka prut\u016f, oh\u00fdba\u010dka prut\u016f, obloukov\u00e1 oh\u00fdba\u010dka prut\u016f, rovna\u010dka prut\u016f, p\u011btihlav\u0148ov\u00e1 oh\u00fdba\u010dka prut\u016f, p\u011bchovac\u00ed kladivo, zhut\u0148ova\u010d desek, \u0159eza\u010dka betonu, motorov\u00e1 st\u011brka a dal\u0161\u00ed stavebn\u00ed stroje. Jsme vybaveni modern\u00edmi CNC stroji a prosazujeme p\u0159\u00edsn\u00e9 standardy kontroly kvality spolu s komplexn\u00edm poprodejn\u00edm servisem. Pokud m\u00e1te z\u00e1jem o na\u0161e v\u00fdrobky nebo slu\u017eby, srde\u010dn\u011b uv\u00edt\u00e1me va\u0161e dotazy prost\u0159ednictv\u00edm zpr\u00e1vy.","publisher":{"@id":"https:\/\/www.hsymachinery.com\/#organization"},"potentialAction":[{"@type":"SearchAction","target":{"@type":"EntryPoint","urlTemplate":"https:\/\/www.hsymachinery.com\/?s={search_term_string}"},"query-input":{"@type":"PropertyValueSpecification","valueRequired":true,"valueName":"search_term_string"}}],"inLanguage":"cs"},{"@type":"Organization","@id":"https:\/\/www.hsymachinery.com\/#organization","name":"Stavebn\u00ed stroje HSY","url":"https:\/\/www.hsymachinery.com\/","logo":{"@type":"ImageObject","inLanguage":"cs","@id":"https:\/\/www.hsymachinery.com\/#\/schema\/logo\/image\/","url":"https:\/\/www.hsymachinery.com\/wp-content\/uploads\/2025\/06\/cropped-HSY-machinery.png","contentUrl":"https:\/\/www.hsymachinery.com\/wp-content\/uploads\/2025\/06\/cropped-HSY-machinery.png","width":600,"height":240,"caption":"HSY Construction Machinery"},"image":{"@id":"https:\/\/www.hsymachinery.com\/#\/schema\/logo\/image\/"}}]}},"_links":{"self":[{"href":"https:\/\/www.hsymachinery.com\/cs\/wp-json\/wp\/v2\/product\/8965","targetHints":{"allow":["GET"]}}],"collection":[{"href":"https:\/\/www.hsymachinery.com\/cs\/wp-json\/wp\/v2\/product"}],"about":[{"href":"https:\/\/www.hsymachinery.com\/cs\/wp-json\/wp\/v2\/types\/product"}],"version-history":[{"count":3,"href":"https:\/\/www.hsymachinery.com\/cs\/wp-json\/wp\/v2\/product\/8965\/revisions"}],"predecessor-version":[{"id":9381,"href":"https:\/\/www.hsymachinery.com\/cs\/wp-json\/wp\/v2\/product\/8965\/revisions\/9381"}],"wp:featuredmedia":[{"embeddable":true,"href":"https:\/\/www.hsymachinery.com\/cs\/wp-json\/wp\/v2\/media\/8966"}],"wp:attachment":[{"href":"https:\/\/www.hsymachinery.com\/cs\/wp-json\/wp\/v2\/media?parent=8965"}],"wp:term":[{"taxonomy":"product_brand","embeddable":true,"href":"https:\/\/www.hsymachinery.com\/cs\/wp-json\/wp\/v2\/product_brand?post=8965"},{"taxonomy":"product_cat","embeddable":true,"href":"https:\/\/www.hsymachinery.com\/cs\/wp-json\/wp\/v2\/product_cat?post=8965"},{"taxonomy":"product_tag","embeddable":true,"href":"https:\/\/www.hsymachinery.com\/cs\/wp-json\/wp\/v2\/product_tag?post=8965"}],"curies":[{"name":"wp","href":"https:\/\/api.w.org\/{rel}","templated":true}]}}