{"id":8949,"date":"2025-06-18T12:02:08","date_gmt":"2025-06-18T04:02:08","guid":{"rendered":"https:\/\/www.hsymachinery.com\/?post_type=product&#038;p=8949"},"modified":"2025-06-25T23:27:08","modified_gmt":"2025-06-25T15:27:08","slug":"ohybacka-vyztuze-gw55","status":"publish","type":"product","link":"https:\/\/www.hsymachinery.com\/cs\/produkt\/ohybacka-vyztuze-gw55\/","title":{"rendered":"Stroj na oh\u00fdb\u00e1n\u00ed v\u00fdztu\u017ee GW55"},"content":{"rendered":"<h3 data-start=\"147\" data-end=\"247\">Pokro\u010dil\u00e9 za\u0159\u00edzen\u00ed na oh\u00fdb\u00e1n\u00ed v\u00fdztu\u017ee pro 6-42mm ocel | Pr\u016fmyslov\u00e1 oh\u00fdba\u010dka ty\u010d\u00ed pro t\u011b\u017ek\u00e9 stavby<\/h3>\n<h3 data-start=\"254\" data-end=\"340\">P\u0159ehled v\u00fdrobk\u016f - Vysokokapacitn\u00ed oh\u00fdba\u010dka v\u00fdztu\u017ee pro velk\u00e9 projekty<\/h3>\n<p data-start=\"342\" data-end=\"627\">Na str\u00e1nk\u00e1ch <strong data-start=\"346\" data-end=\"376\">Stroj na oh\u00fdb\u00e1n\u00ed v\u00fdztu\u017ee GW55<\/strong> je navr\u017een tak, aby se oh\u00fdbal <strong data-start=\"397\" data-end=\"412\">6 mm a\u017e 42 mm<\/strong> v\u00fdztu\u017en\u00e9 ty\u010de s pevnost\u00ed, p\u0159esnost\u00ed a opakovateln\u00fdm v\u00fdkonem. Tento model je ide\u00e1ln\u00ed pro dodavatele pod\u00edlej\u00edc\u00ed se na zakl\u00e1d\u00e1n\u00ed most\u016f, pr\u016fmyslov\u00fdch konstrukc\u00ed, podp\u016frn\u00fdch syst\u00e9m\u016f tunel\u016f a v\u00fd\u0161kov\u00fdch staveb.<\/p>\n<p data-start=\"629\" data-end=\"817\">D\u00edky odoln\u00fdm komponent\u016fm a optimalizovan\u00e9mu mechanick\u00e9mu syst\u00e9mu zvl\u00e1dne oh\u00fdba\u010dka v\u00fdztu\u017ee GW55 zpracovat siln\u011bj\u0161\u00ed ocelov\u00e9 ty\u010de bez poklesu v\u00fdkonu, a to i b\u011bhem del\u0161\u00edho provozu.<\/p>\n<h3 data-start=\"824\" data-end=\"883\">Konzistentn\u00ed oh\u00fdbac\u00ed v\u00fdkon s flexibiln\u00edm \u0159\u00edzen\u00edm \u00fahlu<\/h3>\n<p data-start=\"885\" data-end=\"1191\">Tento <strong data-start=\"890\" data-end=\"915\">oh\u00fdba\u010dka v\u00fdztu\u017ee<\/strong> je vybaven siln\u00fdm oh\u00fdbac\u00edm kotou\u010dem, robustn\u00edmi kol\u00edky a dv\u011bma nastaviteln\u00fdmi \u00fahlov\u00fdmi zar\u00e1\u017ekami. Spole\u010dn\u011b umo\u017e\u0148uj\u00ed obsluze nastavit a udr\u017eovat p\u0159esn\u00e9 \u00fahly ohybu a\u017e do 180\u00b0. Stroj vyu\u017e\u00edv\u00e1 pr\u016fmyslov\u00fd motor s m\u011bd\u011bn\u00fdm j\u00e1drem, kter\u00fd poskytuje nep\u0159etr\u017eit\u00fd to\u010div\u00fd moment pro ka\u017edodenn\u00ed tvarov\u00e1n\u00ed ocelov\u00fdch ty\u010d\u00ed.<\/p>\n<p data-start=\"1193\" data-end=\"1363\">Krom\u011b toho ut\u011bsn\u011bn\u00e1 p\u0159evodovka nab\u00edz\u00ed hlad\u0161\u00ed p\u0159echody mezi p\u0159evody, n\u00edzkou hlu\u010dnost a dlouhou \u017eivotnost. D\u00edky tomu je p\u0159evodovka GW55 vhodn\u00e1 pro nep\u0159etr\u017eit\u00e9 pou\u017eit\u00ed v tov\u00e1rn\u011b nebo na stavb\u011b.<\/p>\n<h3 data-start=\"1370\" data-end=\"1417\">Odoln\u00e1 konstrukce pro n\u00e1ro\u010dn\u00e1 prost\u0159ed\u00ed<\/h3>\n<p data-start=\"1419\" data-end=\"1747\">R\u00e1m GW55 je vyroben ze zes\u00edlen\u00e9 lit\u00e9 oceli, kter\u00e1 tlum\u00ed vibrace a odol\u00e1v\u00e1 opot\u0159eben\u00ed i p\u0159i velk\u00e9m zat\u00ed\u017een\u00ed. Stroj je vybaven vysoce odoln\u00fdmi koly pro flexibiln\u00ed pohyb po staveni\u0161ti. Obsluha m\u016f\u017ee \u0159\u00eddit proces oh\u00fdb\u00e1n\u00ed pomoc\u00ed no\u017en\u00edho sp\u00edna\u010de nebo ru\u010dn\u00edho ovl\u00e1d\u00e1n\u00ed, co\u017e zvy\u0161uje bezpe\u010dnost a p\u0159esnost.<\/p>\n<p data-start=\"1749\" data-end=\"1863\">Podporuje tak\u00e9 celosv\u011btov\u00e9 mo\u017enosti nap\u011bt\u00ed (220V\/380V, 50Hz\/60Hz), co\u017e zaji\u0161\u0165uje p\u0159izp\u016fsobivost pro z\u00e1kazn\u00edky po cel\u00e9m sv\u011bt\u011b.<\/p>\n<h3 data-start=\"1870\" data-end=\"1918\">Pro\u010d si vybrat oh\u00fdba\u010dku v\u00fdztu\u017ee GW55?<\/h3>\n<ul data-start=\"1920\" data-end=\"2167\">\n<li data-start=\"1920\" data-end=\"1984\">\n<p data-start=\"1922\" data-end=\"1984\">Zvl\u00e1d\u00e1 oh\u00fdb\u00e1n\u00ed 6-42mm ocelov\u00fdch ty\u010d\u00ed s konzistentn\u00edm v\u00fdkonem<\/p>\n<\/li>\n<li data-start=\"1985\" data-end=\"2046\">\n<p data-start=\"1987\" data-end=\"2046\">Vyrobeno s odolnou konstrukc\u00ed a p\u0159esn\u00fdm ovl\u00e1d\u00e1n\u00edm \u00fahlu.<\/p>\n<\/li>\n<li data-start=\"2047\" data-end=\"2110\">\n<p data-start=\"2049\" data-end=\"2110\">Ide\u00e1ln\u00ed pro pou\u017eit\u00ed v tov\u00e1rn\u00e1ch, na stavb\u00e1ch a v pr\u016fmyslov\u00e9 v\u00fdrob\u011b.<\/p>\n<\/li>\n<li data-start=\"2111\" data-end=\"2167\">\n<p data-start=\"2113\" data-end=\"2167\">Podpora v\u00edce nap\u011bt\u00ed pro mezin\u00e1rodn\u00ed trhy<\/p>\n<\/li>\n<\/ul>\n<p><iframe title=\"# stavebn\u00ed d\u011bln\u00edk # stavebn\u00ed d\u011bln\u00edk # oh\u00fdba\u010dka # oh\u00fdba\u010dka # oh\u00fdba\u010dka\" width=\"720\" height=\"405\" src=\"https:\/\/www.youtube.com\/embed\/PJ1hngSXwUg?feature=oembed\" frameborder=\"0\" allow=\"accelerometer; autoplay; clipboard-write; encrypted-media; gyroscope; picture-in-picture; web-share\" referrerpolicy=\"strict-origin-when-cross-origin\" allowfullscreen><\/iframe><\/p>","protected":false},"excerpt":{"rendered":"<p>Oh\u00fdba\u010dka v\u00fdztu\u017ee GW55 zpracov\u00e1v\u00e1 v\u00fdztu\u017e 6-42 mm se siln\u00fdm to\u010div\u00fdm momentem a p\u0159esnou regulac\u00ed \u00fahlu. Ide\u00e1ln\u00ed pro pr\u016fmyslov\u00e9 projekty a kompatibiln\u00ed s celosv\u011btov\u00fdmi normami nap\u011bt\u00ed.<\/p>","protected":false},"featured_media":8950,"template":"","meta":{"_kad_post_transparent":"default","_kad_post_title":"","_kad_post_layout":"default","_kad_post_sidebar_id":"","_kad_post_content_style":"default","_kad_post_vertical_padding":"default","_kad_post_feature":"","_kad_post_feature_position":"","_kad_post_header":false,"_kad_post_footer":false},"product_brand":[],"product_cat":[28],"product_tag":[998,1004,996,1003,997,1000,1001,999,995,1002],"class_list":{"0":"post-8949","1":"product","2":"type-product","3":"status-publish","4":"has-post-thumbnail","6":"product_cat-rebar-bending-machine","7":"product_tag-automatic-rebar-bending-machine","8":"product_tag-bar-bending-machine-price","9":"product_tag-cnc-rebar-bending-machine","10":"product_tag-construction-rebar-bender","11":"product_tag-electric-rebar-bender","12":"product_tag-electric-rebar-bending-machine","13":"product_tag-hydraulic-rebar-bending-machine","14":"product_tag-portable-rebar-bender","15":"product_tag-rebar-bender","16":"product_tag-steel-bar-bender","18":"first","19":"instock","20":"shipping-taxable","21":"product-type-simple","22":"entry","23":"content-bg","24":"loop-entry"},"yoast_head":"<!-- This site is optimized with the Yoast SEO plugin v25.3.1 - https:\/\/yoast.com\/wordpress\/plugins\/seo\/ -->\n<title>Rebar Bending Machine GW55 - HSY Construction Machinery<\/title>\n<meta name=\"description\" content=\"Rebar Bending Machine GW55 bends 6\u201342mm steel bars accurately and efficiently. Designed for industrial construction and international export compatibility.\" \/>\n<meta name=\"robots\" content=\"index, follow, max-snippet:-1, max-image-preview:large, max-video-preview:-1\" \/>\n<link rel=\"canonical\" href=\"https:\/\/www.hsymachinery.com\/cs\/produkt\/ohybacka-vyztuze-gw55\/\" \/>\n<meta property=\"og:locale\" content=\"cs_CZ\" \/>\n<meta property=\"og:type\" content=\"article\" \/>\n<meta property=\"og:title\" content=\"Rebar Bending Machine GW55 - HSY Construction Machinery\" \/>\n<meta property=\"og:description\" content=\"Rebar Bending Machine GW55 bends 6\u201342mm steel bars accurately and efficiently. Designed for industrial construction and international export compatibility.\" \/>\n<meta property=\"og:url\" content=\"https:\/\/www.hsymachinery.com\/cs\/produkt\/ohybacka-vyztuze-gw55\/\" \/>\n<meta property=\"og:site_name\" content=\"HSY Construction Machinery\" \/>\n<meta property=\"article:modified_time\" content=\"2025-06-25T15:27:08+00:00\" \/>\n<meta property=\"og:image\" content=\"https:\/\/www.hsymachinery.com\/wp-content\/uploads\/2025\/06\/Rebar-Bending-Machine-GW55.jpg\" \/>\n\t<meta property=\"og:image:width\" content=\"600\" \/>\n\t<meta property=\"og:image:height\" content=\"600\" \/>\n\t<meta property=\"og:image:type\" content=\"image\/jpeg\" \/>\n<meta name=\"twitter:card\" content=\"summary_large_image\" \/>\n<meta name=\"twitter:label1\" content=\"Odhadovan\u00e1 doba \u010dten\u00ed\" \/>\n\t<meta name=\"twitter:data1\" content=\"2 minuty\" \/>\n<script type=\"application\/ld+json\" class=\"yoast-schema-graph\">{\"@context\":\"https:\/\/schema.org\",\"@graph\":[{\"@type\":\"WebPage\",\"@id\":\"https:\/\/www.hsymachinery.com\/product\/rebar-bending-machine-gw55\/\",\"url\":\"https:\/\/www.hsymachinery.com\/product\/rebar-bending-machine-gw55\/\",\"name\":\"Rebar Bending Machine GW55 - HSY Construction Machinery\",\"isPartOf\":{\"@id\":\"https:\/\/www.hsymachinery.com\/#website\"},\"primaryImageOfPage\":{\"@id\":\"https:\/\/www.hsymachinery.com\/product\/rebar-bending-machine-gw55\/#primaryimage\"},\"image\":{\"@id\":\"https:\/\/www.hsymachinery.com\/product\/rebar-bending-machine-gw55\/#primaryimage\"},\"thumbnailUrl\":\"https:\/\/www.hsymachinery.com\/wp-content\/uploads\/2025\/06\/Rebar-Bending-Machine-GW55.jpg\",\"datePublished\":\"2025-06-18T04:02:08+00:00\",\"dateModified\":\"2025-06-25T15:27:08+00:00\",\"description\":\"Rebar Bending Machine GW55 bends 6\u201342mm steel bars accurately and efficiently. Designed for industrial construction and international export compatibility.\",\"breadcrumb\":{\"@id\":\"https:\/\/www.hsymachinery.com\/product\/rebar-bending-machine-gw55\/#breadcrumb\"},\"inLanguage\":\"cs\",\"potentialAction\":[{\"@type\":\"ReadAction\",\"target\":[\"https:\/\/www.hsymachinery.com\/product\/rebar-bending-machine-gw55\/\"]}]},{\"@type\":\"ImageObject\",\"inLanguage\":\"cs\",\"@id\":\"https:\/\/www.hsymachinery.com\/product\/rebar-bending-machine-gw55\/#primaryimage\",\"url\":\"https:\/\/www.hsymachinery.com\/wp-content\/uploads\/2025\/06\/Rebar-Bending-Machine-GW55.jpg\",\"contentUrl\":\"https:\/\/www.hsymachinery.com\/wp-content\/uploads\/2025\/06\/Rebar-Bending-Machine-GW55.jpg\",\"width\":600,\"height\":600},{\"@type\":\"BreadcrumbList\",\"@id\":\"https:\/\/www.hsymachinery.com\/product\/rebar-bending-machine-gw55\/#breadcrumb\",\"itemListElement\":[{\"@type\":\"ListItem\",\"position\":1,\"name\":\"home\",\"item\":\"https:\/\/www.hsymachinery.com\/\"},{\"@type\":\"ListItem\",\"position\":2,\"name\":\"products\",\"item\":\"https:\/\/www.hsymachinery.com\/products\/\"},{\"@type\":\"ListItem\",\"position\":3,\"name\":\"Rebar Bending Machine GW55\"}]},{\"@type\":\"WebSite\",\"@id\":\"https:\/\/www.hsymachinery.com\/#website\",\"url\":\"https:\/\/www.hsymachinery.com\/\",\"name\":\"HSY Construction Machinery\",\"description\":\"HSY Machinery \u2013 A leading China construction machinery supplier, offering a wide range of light construction equipment. Our main products include Rebar Cutting Machine, Rebar Bending Machine, Rebar Stirrup Bending Machine, Rebar Arc Bending Machine, Rebar Straightening Machine, Five-Head Rebar Stirrup Bending Machine, Tamping Rammer, Plate Compactor, Concrete Cutter, Power Trowel, and other construction machinery. We are equipped with advanced CNC machines, and we enforce strict quality inspection standards along with comprehensive after-sales service. If you are interested in our products or services, we warmly welcome your inquiries via message.\",\"publisher\":{\"@id\":\"https:\/\/www.hsymachinery.com\/#organization\"},\"potentialAction\":[{\"@type\":\"SearchAction\",\"target\":{\"@type\":\"EntryPoint\",\"urlTemplate\":\"https:\/\/www.hsymachinery.com\/?s={search_term_string}\"},\"query-input\":{\"@type\":\"PropertyValueSpecification\",\"valueRequired\":true,\"valueName\":\"search_term_string\"}}],\"inLanguage\":\"cs\"},{\"@type\":\"Organization\",\"@id\":\"https:\/\/www.hsymachinery.com\/#organization\",\"name\":\"HSY Construction Machinery\",\"url\":\"https:\/\/www.hsymachinery.com\/\",\"logo\":{\"@type\":\"ImageObject\",\"inLanguage\":\"cs\",\"@id\":\"https:\/\/www.hsymachinery.com\/#\/schema\/logo\/image\/\",\"url\":\"https:\/\/www.hsymachinery.com\/wp-content\/uploads\/2025\/06\/cropped-HSY-machinery.png\",\"contentUrl\":\"https:\/\/www.hsymachinery.com\/wp-content\/uploads\/2025\/06\/cropped-HSY-machinery.png\",\"width\":600,\"height\":240,\"caption\":\"HSY Construction Machinery\"},\"image\":{\"@id\":\"https:\/\/www.hsymachinery.com\/#\/schema\/logo\/image\/\"}}]}<\/script>\n<!-- \/ Yoast SEO plugin. -->","yoast_head_json":{"title":"Oh\u00fdba\u010dka v\u00fdztu\u017ee GW55 - Stavebn\u00ed stroje HSY","description":"Oh\u00fdba\u010dka armatur GW55 oh\u00fdb\u00e1 p\u0159esn\u011b a efektivn\u011b ocelov\u00e9 ty\u010de o pr\u016fm\u011bru 6-42 mm. Ur\u010deno pro pr\u016fmyslov\u00e9 stavebnictv\u00ed a kompatibilitu s mezin\u00e1rodn\u00edm exportem.","robots":{"index":"index","follow":"follow","max-snippet":"max-snippet:-1","max-image-preview":"max-image-preview:large","max-video-preview":"max-video-preview:-1"},"canonical":"https:\/\/www.hsymachinery.com\/cs\/produkt\/ohybacka-vyztuze-gw55\/","og_locale":"cs_CZ","og_type":"article","og_title":"Rebar Bending Machine GW55 - HSY Construction Machinery","og_description":"Rebar Bending Machine GW55 bends 6\u201342mm steel bars accurately and efficiently. Designed for industrial construction and international export compatibility.","og_url":"https:\/\/www.hsymachinery.com\/cs\/produkt\/ohybacka-vyztuze-gw55\/","og_site_name":"HSY Construction Machinery","article_modified_time":"2025-06-25T15:27:08+00:00","og_image":[{"width":600,"height":600,"url":"https:\/\/www.hsymachinery.com\/wp-content\/uploads\/2025\/06\/Rebar-Bending-Machine-GW55.jpg","type":"image\/jpeg"}],"twitter_card":"summary_large_image","twitter_misc":{"Odhadovan\u00e1 doba \u010dten\u00ed":"2 minuty"},"schema":{"@context":"https:\/\/schema.org","@graph":[{"@type":"WebPage","@id":"https:\/\/www.hsymachinery.com\/product\/rebar-bending-machine-gw55\/","url":"https:\/\/www.hsymachinery.com\/product\/rebar-bending-machine-gw55\/","name":"Oh\u00fdba\u010dka v\u00fdztu\u017ee GW55 - Stavebn\u00ed stroje HSY","isPartOf":{"@id":"https:\/\/www.hsymachinery.com\/#website"},"primaryImageOfPage":{"@id":"https:\/\/www.hsymachinery.com\/product\/rebar-bending-machine-gw55\/#primaryimage"},"image":{"@id":"https:\/\/www.hsymachinery.com\/product\/rebar-bending-machine-gw55\/#primaryimage"},"thumbnailUrl":"https:\/\/www.hsymachinery.com\/wp-content\/uploads\/2025\/06\/Rebar-Bending-Machine-GW55.jpg","datePublished":"2025-06-18T04:02:08+00:00","dateModified":"2025-06-25T15:27:08+00:00","description":"Oh\u00fdba\u010dka armatur GW55 oh\u00fdb\u00e1 p\u0159esn\u011b a efektivn\u011b ocelov\u00e9 ty\u010de o pr\u016fm\u011bru 6-42 mm. Ur\u010deno pro pr\u016fmyslov\u00e9 stavebnictv\u00ed a kompatibilitu s mezin\u00e1rodn\u00edm exportem.","breadcrumb":{"@id":"https:\/\/www.hsymachinery.com\/product\/rebar-bending-machine-gw55\/#breadcrumb"},"inLanguage":"cs","potentialAction":[{"@type":"ReadAction","target":["https:\/\/www.hsymachinery.com\/product\/rebar-bending-machine-gw55\/"]}]},{"@type":"ImageObject","inLanguage":"cs","@id":"https:\/\/www.hsymachinery.com\/product\/rebar-bending-machine-gw55\/#primaryimage","url":"https:\/\/www.hsymachinery.com\/wp-content\/uploads\/2025\/06\/Rebar-Bending-Machine-GW55.jpg","contentUrl":"https:\/\/www.hsymachinery.com\/wp-content\/uploads\/2025\/06\/Rebar-Bending-Machine-GW55.jpg","width":600,"height":600},{"@type":"BreadcrumbList","@id":"https:\/\/www.hsymachinery.com\/product\/rebar-bending-machine-gw55\/#breadcrumb","itemListElement":[{"@type":"ListItem","position":1,"name":"home","item":"https:\/\/www.hsymachinery.com\/"},{"@type":"ListItem","position":2,"name":"products","item":"https:\/\/www.hsymachinery.com\/products\/"},{"@type":"ListItem","position":3,"name":"Rebar Bending Machine GW55"}]},{"@type":"WebSite","@id":"https:\/\/www.hsymachinery.com\/#website","url":"https:\/\/www.hsymachinery.com\/","name":"Stavebn\u00ed stroje HSY","description":"HSY Machinery - P\u0159edn\u00ed \u010d\u00ednsk\u00fd dodavatel stavebn\u00edch stroj\u016f, kter\u00fd nab\u00edz\u00ed \u0161irokou \u0161k\u00e1lu lehk\u00fdch stavebn\u00edch stroj\u016f. Mezi na\u0161e hlavn\u00ed produkty pat\u0159\u00ed \u0159eza\u010dka prut\u016f, oh\u00fdba\u010dka prut\u016f, oh\u00fdba\u010dka prut\u016f, obloukov\u00e1 oh\u00fdba\u010dka prut\u016f, rovna\u010dka prut\u016f, p\u011btihlav\u0148ov\u00e1 oh\u00fdba\u010dka prut\u016f, p\u011bchovac\u00ed kladivo, zhut\u0148ova\u010d desek, \u0159eza\u010dka betonu, motorov\u00e1 st\u011brka a dal\u0161\u00ed stavebn\u00ed stroje. Jsme vybaveni modern\u00edmi CNC stroji a prosazujeme p\u0159\u00edsn\u00e9 standardy kontroly kvality spolu s komplexn\u00edm poprodejn\u00edm servisem. Pokud m\u00e1te z\u00e1jem o na\u0161e v\u00fdrobky nebo slu\u017eby, srde\u010dn\u011b uv\u00edt\u00e1me va\u0161e dotazy prost\u0159ednictv\u00edm zpr\u00e1vy.","publisher":{"@id":"https:\/\/www.hsymachinery.com\/#organization"},"potentialAction":[{"@type":"SearchAction","target":{"@type":"EntryPoint","urlTemplate":"https:\/\/www.hsymachinery.com\/?s={search_term_string}"},"query-input":{"@type":"PropertyValueSpecification","valueRequired":true,"valueName":"search_term_string"}}],"inLanguage":"cs"},{"@type":"Organization","@id":"https:\/\/www.hsymachinery.com\/#organization","name":"Stavebn\u00ed stroje HSY","url":"https:\/\/www.hsymachinery.com\/","logo":{"@type":"ImageObject","inLanguage":"cs","@id":"https:\/\/www.hsymachinery.com\/#\/schema\/logo\/image\/","url":"https:\/\/www.hsymachinery.com\/wp-content\/uploads\/2025\/06\/cropped-HSY-machinery.png","contentUrl":"https:\/\/www.hsymachinery.com\/wp-content\/uploads\/2025\/06\/cropped-HSY-machinery.png","width":600,"height":240,"caption":"HSY Construction Machinery"},"image":{"@id":"https:\/\/www.hsymachinery.com\/#\/schema\/logo\/image\/"}}]}},"_links":{"self":[{"href":"https:\/\/www.hsymachinery.com\/cs\/wp-json\/wp\/v2\/product\/8949","targetHints":{"allow":["GET"]}}],"collection":[{"href":"https:\/\/www.hsymachinery.com\/cs\/wp-json\/wp\/v2\/product"}],"about":[{"href":"https:\/\/www.hsymachinery.com\/cs\/wp-json\/wp\/v2\/types\/product"}],"version-history":[{"count":3,"href":"https:\/\/www.hsymachinery.com\/cs\/wp-json\/wp\/v2\/product\/8949\/revisions"}],"predecessor-version":[{"id":9357,"href":"https:\/\/www.hsymachinery.com\/cs\/wp-json\/wp\/v2\/product\/8949\/revisions\/9357"}],"wp:featuredmedia":[{"embeddable":true,"href":"https:\/\/www.hsymachinery.com\/cs\/wp-json\/wp\/v2\/media\/8950"}],"wp:attachment":[{"href":"https:\/\/www.hsymachinery.com\/cs\/wp-json\/wp\/v2\/media?parent=8949"}],"wp:term":[{"taxonomy":"product_brand","embeddable":true,"href":"https:\/\/www.hsymachinery.com\/cs\/wp-json\/wp\/v2\/product_brand?post=8949"},{"taxonomy":"product_cat","embeddable":true,"href":"https:\/\/www.hsymachinery.com\/cs\/wp-json\/wp\/v2\/product_cat?post=8949"},{"taxonomy":"product_tag","embeddable":true,"href":"https:\/\/www.hsymachinery.com\/cs\/wp-json\/wp\/v2\/product_tag?post=8949"}],"curies":[{"name":"wp","href":"https:\/\/api.w.org\/{rel}","templated":true}]}}