{"id":8946,"date":"2025-06-18T12:01:02","date_gmt":"2025-06-18T04:01:02","guid":{"rendered":"https:\/\/www.hsymachinery.com\/?post_type=product&#038;p=8946"},"modified":"2025-06-25T23:19:27","modified_gmt":"2025-06-25T15:19:27","slug":"ohybacka-vyztuze-gw50","status":"publish","type":"product","link":"https:\/\/www.hsymachinery.com\/cs\/produkt\/ohybacka-vyztuze-gw50\/","title":{"rendered":"Stroj na oh\u00fdb\u00e1n\u00ed v\u00fdztu\u017ee GW50"},"content":{"rendered":"<h3 data-start=\"211\" data-end=\"297\">Vysoce v\u00fdkonn\u00e1 oh\u00fdba\u010dka prut\u016f pro ocelov\u00e9 ty\u010de 6-40 mm | Za\u0159\u00edzen\u00ed pro oh\u00fdb\u00e1n\u00ed pr\u016fmyslov\u00fdch ty\u010d\u00ed<\/h3>\n<h3 data-start=\"211\" data-end=\"297\">P\u0159ehled v\u00fdrobk\u016f - oh\u00fdba\u010dka v\u00fdztu\u017ee pro t\u011b\u017ek\u00e9 stavebn\u00ed a montovan\u00e9 pr\u00e1ce<\/h3>\n<p data-start=\"299\" data-end=\"688\">Na str\u00e1nk\u00e1ch <strong data-start=\"303\" data-end=\"333\">Stroj na oh\u00fdb\u00e1n\u00ed v\u00fdztu\u017ee GW50<\/strong> je konstruov\u00e1n pro pr\u016fmyslov\u00e9 oh\u00fdb\u00e1n\u00ed <strong data-start=\"375\" data-end=\"390\">6 mm a\u017e 40 mm<\/strong> v\u00fdztu\u017en\u00e9 ocelov\u00e9 ty\u010de. Je ide\u00e1ln\u00ed volbou pro velk\u00e9 stavebn\u00ed projekty, jako jsou prefabrik\u00e1ty, mosty, v\u00fd\u0161kov\u00e9 budovy a rozvoj infrastruktury. D\u00edky vysok\u00e9mu kroutic\u00edmu momentu a nastaviteln\u00e9 regulaci \u00fahlu zaji\u0161\u0165uje tento stroj rychl\u00e9 a p\u0159esn\u00e9 oh\u00fdb\u00e1n\u00ed pro ka\u017edodenn\u00ed v\u00fdrobu.<\/p>\n<p data-start=\"690\" data-end=\"834\">Profesion\u00e1lov\u00e9 d\u016fv\u011b\u0159uj\u00ed oh\u00fdba\u010dce v\u00fdztu\u017ee GW50 pro jej\u00ed stabilitu, p\u0159esnost a nep\u0159etr\u017eit\u00fd v\u00fdkon v n\u00e1ro\u010dn\u00fdch podm\u00ednk\u00e1ch.<\/p>\n<h3 data-start=\"841\" data-end=\"888\">Siln\u00fd to\u010div\u00fd moment a p\u0159esn\u00e9 \u0159\u00edzen\u00ed \u00fahlu<\/h3>\n<p data-start=\"890\" data-end=\"1247\">Na str\u00e1nk\u00e1ch <strong data-start=\"894\" data-end=\"924\"><a href=\"https:\/\/www.hsymachinery.com\/cs\/produkty\/ohybacka-vyztuze-2\/\" target=\"_blank\" rel=\"noopener\">Stroj na oh\u00fdb\u00e1n\u00ed v\u00fdztu\u017ee<\/a> GW50<\/strong> pou\u017e\u00edv\u00e1 odoln\u00fd pracovn\u00ed kotou\u010d a dva p\u0159ednastaven\u00e9 dorazy, kter\u00e9 zaji\u0161\u0165uj\u00ed spolehliv\u00e9 oh\u00fdb\u00e1n\u00ed v rozsahu 0\u00b0 a\u017e 180\u00b0. To umo\u017e\u0148uje obsluze efektivn\u011b vyr\u00e1b\u011bt v\u00edce tvar\u016f v\u00fdztu\u017ee. D\u00edky zes\u00edlen\u00e9 p\u0159evodovce a motoru s m\u011bd\u011bn\u00fdm j\u00e1drem si stroj udr\u017euje st\u00e1l\u00fd kroutic\u00ed moment bez p\u0159eh\u0159\u00edv\u00e1n\u00ed a vibrac\u00ed.<\/p>\n<p data-start=\"1249\" data-end=\"1389\">Krom\u011b toho ut\u011bsn\u011bn\u00e1 p\u0159evodovka sni\u017euje hlu\u010dnost a opot\u0159eben\u00ed, \u010d\u00edm\u017e prodlu\u017euje celkovou \u017eivotnost stroje a minimalizuje \u00fadr\u017ebu.<\/p>\n<h3 data-start=\"1396\" data-end=\"1455\">Odoln\u00e1 konstrukce s mezin\u00e1rodn\u00ed podporou nap\u011bt\u00ed<\/h3>\n<p data-start=\"1457\" data-end=\"1743\">R\u00e1m modelu GW50 je vyroben ze zes\u00edlen\u00e9 lit\u00e9 oceli, kter\u00e1 je navr\u017eena tak, aby odol\u00e1vala vibrac\u00edm a siln\u00fdm n\u00e1raz\u016fm. Je vybaven pevn\u00fdmi poj\u00edzdn\u00fdmi kole\u010dky pro snadn\u00e9 p\u0159emis\u0165ov\u00e1n\u00ed na pracovi\u0161t\u011b. Stroj podporuje ovl\u00e1d\u00e1n\u00ed ru\u010dn\u00edm sp\u00edna\u010dem i no\u017en\u00edm ped\u00e1lem, co\u017e u\u017eivateli poskytuje flexibiln\u00ed ovl\u00e1d\u00e1n\u00ed.<\/p>\n<p data-start=\"1745\" data-end=\"1895\">D\u00edky mo\u017enosti volby nap\u011bt\u00ed 220V\/380V (50Hz\/60Hz) je oh\u00fdba\u010dka v\u00fdztu\u017ee GW50 pln\u011b kompatibiln\u00ed s glob\u00e1ln\u00edmi trhy a exportn\u00edmi po\u017eadavky.<\/p>\n<h3 data-start=\"1902\" data-end=\"1941\">Pro\u010d si vybrat oh\u00fdba\u010dku v\u00fdztu\u017ee GW50?<\/h3>\n<ul data-start=\"1943\" data-end=\"2164\">\n<li data-start=\"1943\" data-end=\"1988\">\n<p data-start=\"1945\" data-end=\"1988\">P\u0159esn\u00e9 a rychl\u00e9 oh\u00fdb\u00e1n\u00ed 6-40mm v\u00fdztu\u017ee<\/p>\n<\/li>\n<li data-start=\"1989\" data-end=\"2056\">\n<p data-start=\"1991\" data-end=\"2056\">Navr\u017eeno pro pr\u016fmyslov\u00e9 aplikace s vysok\u00fdm zat\u00ed\u017een\u00edm a trval\u00fdm provozem.<\/p>\n<\/li>\n<li data-start=\"2057\" data-end=\"2098\">\n<p data-start=\"2059\" data-end=\"2098\">Kompaktn\u00ed, mobiln\u00ed a snadno udr\u017eovateln\u00fd<\/p>\n<\/li>\n<li data-start=\"2099\" data-end=\"2164\">\n<p data-start=\"2101\" data-end=\"2164\">Vhodn\u00e9 pro mezin\u00e1rodn\u00ed kupuj\u00edc\u00ed s flexibiln\u00edm vstupn\u00edm nap\u011bt\u00edm<\/p>\n<\/li>\n<\/ul>\n<p><iframe title=\"# stavebn\u00ed d\u011bln\u00edk # stavebn\u00ed d\u011bln\u00edk # stavebn\u00ed d\u011bln\u00edk # stavebn\u00ed d\u011bln\u00edk # stavebn\u00ed d\u011bln\u00edk # stavebn\u00ed d\u011bln\u00edk # stavebn\u00ed d\u011bln\u00edk\" width=\"720\" height=\"405\" src=\"https:\/\/www.youtube.com\/embed\/GX-U7SGMcVc?feature=oembed\" frameborder=\"0\" allow=\"accelerometer; autoplay; clipboard-write; encrypted-media; gyroscope; picture-in-picture; web-share\" referrerpolicy=\"strict-origin-when-cross-origin\" allowfullscreen><\/iframe><\/p>","protected":false},"excerpt":{"rendered":"<p>Oh\u00fdba\u010dka prut\u016f GW50 nab\u00edz\u00ed v\u00fdkonn\u00e9 a p\u0159esn\u00e9 oh\u00fdb\u00e1n\u00ed ocelov\u00fdch ty\u010d\u00ed o pr\u016fm\u011bru 6-40 mm. Je zkonstruov\u00e1na pro pr\u016fmyslov\u00e9 pou\u017eit\u00ed, podporuje celosv\u011btov\u00e9 normy nap\u011bt\u00ed a velkoobjemovou v\u00fdrobu.<\/p>","protected":false},"featured_media":8947,"template":"","meta":{"_kad_post_transparent":"default","_kad_post_title":"","_kad_post_layout":"default","_kad_post_sidebar_id":"","_kad_post_content_style":"default","_kad_post_vertical_padding":"default","_kad_post_feature":"","_kad_post_feature_position":"","_kad_post_header":false,"_kad_post_footer":false},"product_brand":[],"product_cat":[28],"product_tag":[998,1004,996,1003,997,1000,1001,999,995,1002],"class_list":{"0":"post-8946","1":"product","2":"type-product","3":"status-publish","4":"has-post-thumbnail","6":"product_cat-rebar-bending-machine","7":"product_tag-automatic-rebar-bending-machine","8":"product_tag-bar-bending-machine-price","9":"product_tag-cnc-rebar-bending-machine","10":"product_tag-construction-rebar-bender","11":"product_tag-electric-rebar-bender","12":"product_tag-electric-rebar-bending-machine","13":"product_tag-hydraulic-rebar-bending-machine","14":"product_tag-portable-rebar-bender","15":"product_tag-rebar-bender","16":"product_tag-steel-bar-bender","18":"first","19":"instock","20":"shipping-taxable","21":"product-type-simple","22":"entry","23":"content-bg","24":"loop-entry"},"yoast_head":"<!-- This site is optimized with the Yoast SEO plugin v25.3.1 - https:\/\/yoast.com\/wordpress\/plugins\/seo\/ -->\n<title>Rebar Bending Machine GW50 - HSY Construction Machinery<\/title>\n<meta name=\"description\" content=\"Rebar Bending Machine GW50 bends 6\u201340mm steel bars with high precision. Suitable for prefab plants, construction sites, and export to international markets.\" \/>\n<meta name=\"robots\" content=\"index, follow, max-snippet:-1, max-image-preview:large, max-video-preview:-1\" \/>\n<link rel=\"canonical\" href=\"https:\/\/www.hsymachinery.com\/cs\/produkt\/ohybacka-vyztuze-gw50\/\" \/>\n<meta property=\"og:locale\" content=\"cs_CZ\" \/>\n<meta property=\"og:type\" content=\"article\" \/>\n<meta property=\"og:title\" content=\"Rebar Bending Machine GW50 - HSY Construction Machinery\" \/>\n<meta property=\"og:description\" content=\"Rebar Bending Machine GW50 bends 6\u201340mm steel bars with high precision. Suitable for prefab plants, construction sites, and export to international markets.\" \/>\n<meta property=\"og:url\" content=\"https:\/\/www.hsymachinery.com\/cs\/produkt\/ohybacka-vyztuze-gw50\/\" \/>\n<meta property=\"og:site_name\" content=\"HSY Construction Machinery\" \/>\n<meta property=\"article:modified_time\" content=\"2025-06-25T15:19:27+00:00\" \/>\n<meta property=\"og:image\" content=\"https:\/\/www.hsymachinery.com\/wp-content\/uploads\/2025\/06\/Rebar-Bending-Machine-GW50.jpg\" \/>\n\t<meta property=\"og:image:width\" content=\"600\" \/>\n\t<meta property=\"og:image:height\" content=\"600\" \/>\n\t<meta property=\"og:image:type\" content=\"image\/jpeg\" \/>\n<meta name=\"twitter:card\" content=\"summary_large_image\" \/>\n<meta name=\"twitter:label1\" content=\"Odhadovan\u00e1 doba \u010dten\u00ed\" \/>\n\t<meta name=\"twitter:data1\" content=\"2 minuty\" \/>\n<script type=\"application\/ld+json\" class=\"yoast-schema-graph\">{\"@context\":\"https:\/\/schema.org\",\"@graph\":[{\"@type\":\"WebPage\",\"@id\":\"https:\/\/www.hsymachinery.com\/product\/rebar-bending-machine-gw50\/\",\"url\":\"https:\/\/www.hsymachinery.com\/product\/rebar-bending-machine-gw50\/\",\"name\":\"Rebar Bending Machine GW50 - HSY Construction Machinery\",\"isPartOf\":{\"@id\":\"https:\/\/www.hsymachinery.com\/#website\"},\"primaryImageOfPage\":{\"@id\":\"https:\/\/www.hsymachinery.com\/product\/rebar-bending-machine-gw50\/#primaryimage\"},\"image\":{\"@id\":\"https:\/\/www.hsymachinery.com\/product\/rebar-bending-machine-gw50\/#primaryimage\"},\"thumbnailUrl\":\"https:\/\/www.hsymachinery.com\/wp-content\/uploads\/2025\/06\/Rebar-Bending-Machine-GW50.jpg\",\"datePublished\":\"2025-06-18T04:01:02+00:00\",\"dateModified\":\"2025-06-25T15:19:27+00:00\",\"description\":\"Rebar Bending Machine GW50 bends 6\u201340mm steel bars with high precision. Suitable for prefab plants, construction sites, and export to international markets.\",\"breadcrumb\":{\"@id\":\"https:\/\/www.hsymachinery.com\/product\/rebar-bending-machine-gw50\/#breadcrumb\"},\"inLanguage\":\"cs\",\"potentialAction\":[{\"@type\":\"ReadAction\",\"target\":[\"https:\/\/www.hsymachinery.com\/product\/rebar-bending-machine-gw50\/\"]}]},{\"@type\":\"ImageObject\",\"inLanguage\":\"cs\",\"@id\":\"https:\/\/www.hsymachinery.com\/product\/rebar-bending-machine-gw50\/#primaryimage\",\"url\":\"https:\/\/www.hsymachinery.com\/wp-content\/uploads\/2025\/06\/Rebar-Bending-Machine-GW50.jpg\",\"contentUrl\":\"https:\/\/www.hsymachinery.com\/wp-content\/uploads\/2025\/06\/Rebar-Bending-Machine-GW50.jpg\",\"width\":600,\"height\":600},{\"@type\":\"BreadcrumbList\",\"@id\":\"https:\/\/www.hsymachinery.com\/product\/rebar-bending-machine-gw50\/#breadcrumb\",\"itemListElement\":[{\"@type\":\"ListItem\",\"position\":1,\"name\":\"home\",\"item\":\"https:\/\/www.hsymachinery.com\/\"},{\"@type\":\"ListItem\",\"position\":2,\"name\":\"products\",\"item\":\"https:\/\/www.hsymachinery.com\/products\/\"},{\"@type\":\"ListItem\",\"position\":3,\"name\":\"Rebar Bending Machine GW50\"}]},{\"@type\":\"WebSite\",\"@id\":\"https:\/\/www.hsymachinery.com\/#website\",\"url\":\"https:\/\/www.hsymachinery.com\/\",\"name\":\"HSY Construction Machinery\",\"description\":\"HSY Machinery \u2013 A leading China construction machinery supplier, offering a wide range of light construction equipment. Our main products include Rebar Cutting Machine, Rebar Bending Machine, Rebar Stirrup Bending Machine, Rebar Arc Bending Machine, Rebar Straightening Machine, Five-Head Rebar Stirrup Bending Machine, Tamping Rammer, Plate Compactor, Concrete Cutter, Power Trowel, and other construction machinery. We are equipped with advanced CNC machines, and we enforce strict quality inspection standards along with comprehensive after-sales service. If you are interested in our products or services, we warmly welcome your inquiries via message.\",\"publisher\":{\"@id\":\"https:\/\/www.hsymachinery.com\/#organization\"},\"potentialAction\":[{\"@type\":\"SearchAction\",\"target\":{\"@type\":\"EntryPoint\",\"urlTemplate\":\"https:\/\/www.hsymachinery.com\/?s={search_term_string}\"},\"query-input\":{\"@type\":\"PropertyValueSpecification\",\"valueRequired\":true,\"valueName\":\"search_term_string\"}}],\"inLanguage\":\"cs\"},{\"@type\":\"Organization\",\"@id\":\"https:\/\/www.hsymachinery.com\/#organization\",\"name\":\"HSY Construction Machinery\",\"url\":\"https:\/\/www.hsymachinery.com\/\",\"logo\":{\"@type\":\"ImageObject\",\"inLanguage\":\"cs\",\"@id\":\"https:\/\/www.hsymachinery.com\/#\/schema\/logo\/image\/\",\"url\":\"https:\/\/www.hsymachinery.com\/wp-content\/uploads\/2025\/06\/cropped-HSY-machinery.png\",\"contentUrl\":\"https:\/\/www.hsymachinery.com\/wp-content\/uploads\/2025\/06\/cropped-HSY-machinery.png\",\"width\":600,\"height\":240,\"caption\":\"HSY Construction Machinery\"},\"image\":{\"@id\":\"https:\/\/www.hsymachinery.com\/#\/schema\/logo\/image\/\"}}]}<\/script>\n<!-- \/ Yoast SEO plugin. -->","yoast_head_json":{"title":"Oh\u00fdba\u010dka v\u00fdztu\u017e\u00ed GW50 - Stavebn\u00ed stroje HSY","description":"Oh\u00fdba\u010dka prut\u016f GW50 oh\u00fdb\u00e1 6-40mm ocelov\u00e9 ty\u010de s vysokou p\u0159esnost\u00ed. Vhodn\u00e9 pro montovan\u00e9 z\u00e1vody, staveni\u0161t\u011b a export na mezin\u00e1rodn\u00ed trhy.","robots":{"index":"index","follow":"follow","max-snippet":"max-snippet:-1","max-image-preview":"max-image-preview:large","max-video-preview":"max-video-preview:-1"},"canonical":"https:\/\/www.hsymachinery.com\/cs\/produkt\/ohybacka-vyztuze-gw50\/","og_locale":"cs_CZ","og_type":"article","og_title":"Rebar Bending Machine GW50 - HSY Construction Machinery","og_description":"Rebar Bending Machine GW50 bends 6\u201340mm steel bars with high precision. Suitable for prefab plants, construction sites, and export to international markets.","og_url":"https:\/\/www.hsymachinery.com\/cs\/produkt\/ohybacka-vyztuze-gw50\/","og_site_name":"HSY Construction Machinery","article_modified_time":"2025-06-25T15:19:27+00:00","og_image":[{"width":600,"height":600,"url":"https:\/\/www.hsymachinery.com\/wp-content\/uploads\/2025\/06\/Rebar-Bending-Machine-GW50.jpg","type":"image\/jpeg"}],"twitter_card":"summary_large_image","twitter_misc":{"Odhadovan\u00e1 doba \u010dten\u00ed":"2 minuty"},"schema":{"@context":"https:\/\/schema.org","@graph":[{"@type":"WebPage","@id":"https:\/\/www.hsymachinery.com\/product\/rebar-bending-machine-gw50\/","url":"https:\/\/www.hsymachinery.com\/product\/rebar-bending-machine-gw50\/","name":"Oh\u00fdba\u010dka v\u00fdztu\u017e\u00ed GW50 - Stavebn\u00ed stroje HSY","isPartOf":{"@id":"https:\/\/www.hsymachinery.com\/#website"},"primaryImageOfPage":{"@id":"https:\/\/www.hsymachinery.com\/product\/rebar-bending-machine-gw50\/#primaryimage"},"image":{"@id":"https:\/\/www.hsymachinery.com\/product\/rebar-bending-machine-gw50\/#primaryimage"},"thumbnailUrl":"https:\/\/www.hsymachinery.com\/wp-content\/uploads\/2025\/06\/Rebar-Bending-Machine-GW50.jpg","datePublished":"2025-06-18T04:01:02+00:00","dateModified":"2025-06-25T15:19:27+00:00","description":"Oh\u00fdba\u010dka prut\u016f GW50 oh\u00fdb\u00e1 6-40mm ocelov\u00e9 ty\u010de s vysokou p\u0159esnost\u00ed. Vhodn\u00e9 pro montovan\u00e9 z\u00e1vody, staveni\u0161t\u011b a export na mezin\u00e1rodn\u00ed trhy.","breadcrumb":{"@id":"https:\/\/www.hsymachinery.com\/product\/rebar-bending-machine-gw50\/#breadcrumb"},"inLanguage":"cs","potentialAction":[{"@type":"ReadAction","target":["https:\/\/www.hsymachinery.com\/product\/rebar-bending-machine-gw50\/"]}]},{"@type":"ImageObject","inLanguage":"cs","@id":"https:\/\/www.hsymachinery.com\/product\/rebar-bending-machine-gw50\/#primaryimage","url":"https:\/\/www.hsymachinery.com\/wp-content\/uploads\/2025\/06\/Rebar-Bending-Machine-GW50.jpg","contentUrl":"https:\/\/www.hsymachinery.com\/wp-content\/uploads\/2025\/06\/Rebar-Bending-Machine-GW50.jpg","width":600,"height":600},{"@type":"BreadcrumbList","@id":"https:\/\/www.hsymachinery.com\/product\/rebar-bending-machine-gw50\/#breadcrumb","itemListElement":[{"@type":"ListItem","position":1,"name":"home","item":"https:\/\/www.hsymachinery.com\/"},{"@type":"ListItem","position":2,"name":"products","item":"https:\/\/www.hsymachinery.com\/products\/"},{"@type":"ListItem","position":3,"name":"Rebar Bending Machine GW50"}]},{"@type":"WebSite","@id":"https:\/\/www.hsymachinery.com\/#website","url":"https:\/\/www.hsymachinery.com\/","name":"Stavebn\u00ed stroje HSY","description":"HSY Machinery - P\u0159edn\u00ed \u010d\u00ednsk\u00fd dodavatel stavebn\u00edch stroj\u016f, kter\u00fd nab\u00edz\u00ed \u0161irokou \u0161k\u00e1lu lehk\u00fdch stavebn\u00edch stroj\u016f. Mezi na\u0161e hlavn\u00ed produkty pat\u0159\u00ed \u0159eza\u010dka prut\u016f, oh\u00fdba\u010dka prut\u016f, oh\u00fdba\u010dka prut\u016f, obloukov\u00e1 oh\u00fdba\u010dka prut\u016f, rovna\u010dka prut\u016f, p\u011btihlav\u0148ov\u00e1 oh\u00fdba\u010dka prut\u016f, p\u011bchovac\u00ed kladivo, zhut\u0148ova\u010d desek, \u0159eza\u010dka betonu, motorov\u00e1 st\u011brka a dal\u0161\u00ed stavebn\u00ed stroje. Jsme vybaveni modern\u00edmi CNC stroji a prosazujeme p\u0159\u00edsn\u00e9 standardy kontroly kvality spolu s komplexn\u00edm poprodejn\u00edm servisem. Pokud m\u00e1te z\u00e1jem o na\u0161e v\u00fdrobky nebo slu\u017eby, srde\u010dn\u011b uv\u00edt\u00e1me va\u0161e dotazy prost\u0159ednictv\u00edm zpr\u00e1vy.","publisher":{"@id":"https:\/\/www.hsymachinery.com\/#organization"},"potentialAction":[{"@type":"SearchAction","target":{"@type":"EntryPoint","urlTemplate":"https:\/\/www.hsymachinery.com\/?s={search_term_string}"},"query-input":{"@type":"PropertyValueSpecification","valueRequired":true,"valueName":"search_term_string"}}],"inLanguage":"cs"},{"@type":"Organization","@id":"https:\/\/www.hsymachinery.com\/#organization","name":"Stavebn\u00ed stroje HSY","url":"https:\/\/www.hsymachinery.com\/","logo":{"@type":"ImageObject","inLanguage":"cs","@id":"https:\/\/www.hsymachinery.com\/#\/schema\/logo\/image\/","url":"https:\/\/www.hsymachinery.com\/wp-content\/uploads\/2025\/06\/cropped-HSY-machinery.png","contentUrl":"https:\/\/www.hsymachinery.com\/wp-content\/uploads\/2025\/06\/cropped-HSY-machinery.png","width":600,"height":240,"caption":"HSY Construction Machinery"},"image":{"@id":"https:\/\/www.hsymachinery.com\/#\/schema\/logo\/image\/"}}]}},"_links":{"self":[{"href":"https:\/\/www.hsymachinery.com\/cs\/wp-json\/wp\/v2\/product\/8946","targetHints":{"allow":["GET"]}}],"collection":[{"href":"https:\/\/www.hsymachinery.com\/cs\/wp-json\/wp\/v2\/product"}],"about":[{"href":"https:\/\/www.hsymachinery.com\/cs\/wp-json\/wp\/v2\/types\/product"}],"version-history":[{"count":4,"href":"https:\/\/www.hsymachinery.com\/cs\/wp-json\/wp\/v2\/product\/8946\/revisions"}],"predecessor-version":[{"id":9355,"href":"https:\/\/www.hsymachinery.com\/cs\/wp-json\/wp\/v2\/product\/8946\/revisions\/9355"}],"wp:featuredmedia":[{"embeddable":true,"href":"https:\/\/www.hsymachinery.com\/cs\/wp-json\/wp\/v2\/media\/8947"}],"wp:attachment":[{"href":"https:\/\/www.hsymachinery.com\/cs\/wp-json\/wp\/v2\/media?parent=8946"}],"wp:term":[{"taxonomy":"product_brand","embeddable":true,"href":"https:\/\/www.hsymachinery.com\/cs\/wp-json\/wp\/v2\/product_brand?post=8946"},{"taxonomy":"product_cat","embeddable":true,"href":"https:\/\/www.hsymachinery.com\/cs\/wp-json\/wp\/v2\/product_cat?post=8946"},{"taxonomy":"product_tag","embeddable":true,"href":"https:\/\/www.hsymachinery.com\/cs\/wp-json\/wp\/v2\/product_tag?post=8946"}],"curies":[{"name":"wp","href":"https:\/\/api.w.org\/{rel}","templated":true}]}}