{"id":8943,"date":"2025-06-18T11:59:17","date_gmt":"2025-06-18T03:59:17","guid":{"rendered":"https:\/\/www.hsymachinery.com\/?post_type=product&#038;p=8943"},"modified":"2025-06-25T23:11:34","modified_gmt":"2025-06-25T15:11:34","slug":"ohybacka-vyztuze-gw45","status":"publish","type":"product","link":"https:\/\/www.hsymachinery.com\/cs\/produkt\/ohybacka-vyztuze-gw45\/","title":{"rendered":"Stroj na oh\u00fdb\u00e1n\u00ed v\u00fdztu\u017ee GW45"},"content":{"rendered":"<h3 data-start=\"110\" data-end=\"191\">Oh\u00fdba\u010dka ocelov\u00fdch prut\u016f st\u0159edn\u00ed velikosti pro ty\u010de 6-36 mm | Stavebn\u00ed oh\u00fdbac\u00ed za\u0159\u00edzen\u00ed<\/h3>\n<h3 data-start=\"198\" data-end=\"297\">P\u0159ehled v\u00fdrobk\u016f - oh\u00fdba\u010dka t\u011b\u017ek\u00fdch v\u00fdztu\u017e\u00ed pro stavebn\u00ed a infrastrukturn\u00ed projekty<\/h3>\n<p data-start=\"299\" data-end=\"609\">Na str\u00e1nk\u00e1ch <strong data-start=\"303\" data-end=\"333\">Stroj na oh\u00fdb\u00e1n\u00ed v\u00fdztu\u017ee GW45<\/strong> je navr\u017een tak, aby zvl\u00e1dl <strong data-start=\"358\" data-end=\"373\">6 mm a\u017e 36 mm<\/strong> ocelov\u00e9 ty\u010de s vysokou p\u0159esnost\u00ed a \u00fa\u010dinnost\u00ed oh\u00fdb\u00e1n\u00ed. Tato oh\u00fdba\u010dka armovac\u00edch prut\u016f pro stavebn\u00ed \u00fa\u010dely je vhodn\u00e1 pro pr\u00e1ce na staveni\u0161ti i ve v\u00fdrobn\u00edch hal\u00e1ch, zejm\u00e9na v projektech, jako jsou d\u00e1lnice, obytn\u00e9 komplexy, mosty a tunely.<\/p>\n<p data-start=\"611\" data-end=\"796\">D\u00edky odoln\u00e9mu r\u00e1mu, v\u00fdkonn\u00e9mu motoru a nastaviteln\u00fdm \u00fahl\u016fm ohybu je GW45 ide\u00e1ln\u00ed pro profesion\u00e1ly, kte\u0159\u00ed hledaj\u00ed spolehlivost a flexibilitu p\u0159i ka\u017edodenn\u00ed pr\u00e1ci s ocelovou v\u00fdztu\u017e\u00ed.<\/p>\n<h3 data-start=\"803\" data-end=\"853\">Vylep\u0161en\u00e9 ovl\u00e1d\u00e1n\u00ed a vysoce p\u0159esn\u00e9 oh\u00fdb\u00e1n\u00ed<\/h3>\n<p data-start=\"855\" data-end=\"1182\">Na str\u00e1nk\u00e1ch <strong data-start=\"859\" data-end=\"889\"><a href=\"https:\/\/www.hsymachinery.com\/cs\/produkty\/ohybacka-vyztuze-2\/\" target=\"_blank\" rel=\"noopener\">Stroj na oh\u00fdb\u00e1n\u00ed v\u00fdztu\u017ee<\/a> GW45<\/strong> vyu\u017e\u00edv\u00e1 rota\u010dn\u00ed oh\u00fdbac\u00ed kotou\u010d a mechanick\u00fd syst\u00e9m zar\u00e1\u017eek k vytv\u00e1\u0159en\u00ed p\u0159esn\u00fdch ohyb\u016f od 0\u00b0 do 180\u00b0. Obsluha m\u016f\u017ee rychle a konzistentn\u011b nastavit r\u016fzn\u00e9 \u00fahly pro slo\u017eit\u00e9 t\u0159meny nebo vlastn\u00ed tvary v\u00fdztu\u017ee. Siln\u00fd ploch\u00fd oh\u00fdbac\u00ed kotou\u010d si nav\u00edc porad\u00ed s ocel\u00ed velk\u00e9ho pr\u016fm\u011bru bez deformace.<\/p>\n<p data-start=\"1184\" data-end=\"1384\">A <strong data-start=\"1186\" data-end=\"1207\">motor s m\u011bd\u011bn\u00fdm j\u00e1drem<\/strong> poh\u00e1n\u00ed stroj, poskytuje konstantn\u00ed to\u010div\u00fd moment a n\u00edzkou hlu\u010dnost. Na str\u00e1nk\u00e1ch <strong data-start=\"1281\" data-end=\"1299\">ut\u011bsn\u011bn\u00e1 p\u0159evodovka<\/strong> zaji\u0161\u0165uje plynulej\u0161\u00ed p\u0159evod, ni\u017e\u0161\u00ed n\u00e1roky na \u00fadr\u017ebu a del\u0161\u00ed provozn\u00ed \u017eivotnost.<\/p>\n<h3 data-start=\"1391\" data-end=\"1446\">\u00a0Vytvo\u0159eno tak, aby odolalo n\u00e1ro\u010dn\u00fdm stavebn\u00edm podm\u00ednk\u00e1m<\/h3>\n<p data-start=\"1448\" data-end=\"1709\">Model GW45 m\u00e1 zes\u00edlen\u00fd ocelov\u00fd r\u00e1m a komponenty pro oh\u00fdb\u00e1n\u00ed s vysokou odolnost\u00ed proti n\u00e1raz\u016fm. Spolehliv\u011b funguje v n\u00e1ro\u010dn\u00fdch podm\u00ednk\u00e1ch, jako jsou pra\u0161n\u00e1 staveni\u0161t\u011b a mobiln\u00ed d\u00edlny. D\u00edky pevn\u00fdm kol\u016fm mohou u\u017eivatel\u00e9 stroj snadno p\u0159em\u00edstit podle pot\u0159eby.<\/p>\n<p data-start=\"1711\" data-end=\"1936\">Krom\u011b toho je tato oh\u00fdba\u010dka v\u00fdztu\u017ee vybavena no\u017en\u00edm ped\u00e1lem nebo ru\u010dn\u00edm sp\u00edna\u010dem pro bezpe\u010dnost a pohodl\u00ed p\u0159i pr\u00e1ci. D\u00edky mo\u017enosti volby nap\u011bt\u00ed a frekvence (220V\/380V, 50Hz\/60Hz) je GW45 vhodn\u00e1 pro glob\u00e1ln\u00ed trhy.<\/p>\n<h3 data-start=\"1943\" data-end=\"1991\">Pro\u010d si vybrat oh\u00fdba\u010dku v\u00fdztu\u017ee GW45?<\/h3>\n<ul data-start=\"1993\" data-end=\"2219\">\n<li data-start=\"1993\" data-end=\"2060\">\n<p data-start=\"1995\" data-end=\"2060\">P\u0159esn\u00e9 oh\u00fdb\u00e1n\u00ed ocelov\u00fdch ty\u010d\u00ed o pr\u016fm\u011bru 6-36 mm s d\u016fslednou kontrolou \u00fahlu.<\/p>\n<\/li>\n<li data-start=\"2061\" data-end=\"2112\">\n<p data-start=\"2063\" data-end=\"2112\">Siln\u00fd m\u011bd\u011bn\u00fd motor a p\u0159evodovka nen\u00e1ro\u010dn\u00e1 na \u00fadr\u017ebu<\/p>\n<\/li>\n<li data-start=\"2113\" data-end=\"2169\">\n<p data-start=\"2115\" data-end=\"2169\">Odoln\u00e9, mobiln\u00ed a vhodn\u00e9 pro podm\u00ednky na staveni\u0161ti<\/p>\n<\/li>\n<li data-start=\"2170\" data-end=\"2219\">\n<p data-start=\"2172\" data-end=\"2219\">P\u0159ipraveno na export s konfigurac\u00ed pro v\u00edce nap\u011bt\u00ed<\/p>\n<\/li>\n<\/ul>\n<p><iframe title=\"# stavebn\u00ed d\u011bln\u00edk # stavebn\u00ed d\u011bln\u00edk # oh\u00fdba\u010dka # oh\u00fdba\u010dka # oh\u00fdba\u010dka\" width=\"720\" height=\"405\" src=\"https:\/\/www.youtube.com\/embed\/PJ1hngSXwUg?feature=oembed\" frameborder=\"0\" allow=\"accelerometer; autoplay; clipboard-write; encrypted-media; gyroscope; picture-in-picture; web-share\" referrerpolicy=\"strict-origin-when-cross-origin\" allowfullscreen><\/iframe><\/p>","protected":false},"excerpt":{"rendered":"<p>Oh\u00fdba\u010dka prut\u016f GW45 oh\u00fdb\u00e1 ocelov\u00e9 ty\u010de o pr\u016fm\u011bru 6-36 mm s plynul\u00fdm to\u010div\u00fdm momentem a vysokou p\u0159esnost\u00ed. D\u00edky robustn\u00ed konstrukci a flexibiln\u00edmu ovl\u00e1d\u00e1n\u00ed je ide\u00e1ln\u00ed pro pou\u017eit\u00ed na staveni\u0161ti i v d\u00edln\u011b.<\/p>","protected":false},"featured_media":8944,"template":"","meta":{"_kad_post_transparent":"default","_kad_post_title":"","_kad_post_layout":"default","_kad_post_sidebar_id":"","_kad_post_content_style":"default","_kad_post_vertical_padding":"default","_kad_post_feature":"","_kad_post_feature_position":"","_kad_post_header":false,"_kad_post_footer":false},"product_brand":[],"product_cat":[28],"product_tag":[998,1004,996,1003,997,1000,1001,999,995,1002],"class_list":{"0":"post-8943","1":"product","2":"type-product","3":"status-publish","4":"has-post-thumbnail","6":"product_cat-rebar-bending-machine","7":"product_tag-automatic-rebar-bending-machine","8":"product_tag-bar-bending-machine-price","9":"product_tag-cnc-rebar-bending-machine","10":"product_tag-construction-rebar-bender","11":"product_tag-electric-rebar-bender","12":"product_tag-electric-rebar-bending-machine","13":"product_tag-hydraulic-rebar-bending-machine","14":"product_tag-portable-rebar-bender","15":"product_tag-rebar-bender","16":"product_tag-steel-bar-bender","18":"first","19":"instock","20":"shipping-taxable","21":"product-type-simple","22":"entry","23":"content-bg","24":"loop-entry"},"yoast_head":"<!-- This site is optimized with the Yoast SEO plugin v25.3.1 - https:\/\/yoast.com\/wordpress\/plugins\/seo\/ -->\n<title>Rebar Bending Machine GW45 - HSY Construction Machinery<\/title>\n<meta name=\"description\" content=\"Rebar Bending Machine GW45 bends 6\u201336mm rebar with excellent control. Reliable, mobile, and ideal for medium-scale construction and steel reinforcement projects.\" \/>\n<meta name=\"robots\" content=\"index, follow, max-snippet:-1, max-image-preview:large, max-video-preview:-1\" \/>\n<link rel=\"canonical\" href=\"https:\/\/www.hsymachinery.com\/cs\/produkt\/ohybacka-vyztuze-gw45\/\" \/>\n<meta property=\"og:locale\" content=\"cs_CZ\" \/>\n<meta property=\"og:type\" content=\"article\" \/>\n<meta property=\"og:title\" content=\"Rebar Bending Machine GW45 - HSY Construction Machinery\" \/>\n<meta property=\"og:description\" content=\"Rebar Bending Machine GW45 bends 6\u201336mm rebar with excellent control. Reliable, mobile, and ideal for medium-scale construction and steel reinforcement projects.\" \/>\n<meta property=\"og:url\" content=\"https:\/\/www.hsymachinery.com\/cs\/produkt\/ohybacka-vyztuze-gw45\/\" \/>\n<meta property=\"og:site_name\" content=\"HSY Construction Machinery\" \/>\n<meta property=\"article:modified_time\" content=\"2025-06-25T15:11:34+00:00\" \/>\n<meta property=\"og:image\" content=\"https:\/\/www.hsymachinery.com\/wp-content\/uploads\/2025\/06\/Rebar-Bending-Machine-GW45.jpg\" \/>\n\t<meta property=\"og:image:width\" content=\"600\" \/>\n\t<meta property=\"og:image:height\" content=\"600\" \/>\n\t<meta property=\"og:image:type\" content=\"image\/jpeg\" \/>\n<meta name=\"twitter:card\" content=\"summary_large_image\" \/>\n<meta name=\"twitter:label1\" content=\"Odhadovan\u00e1 doba \u010dten\u00ed\" \/>\n\t<meta name=\"twitter:data1\" content=\"2 minuty\" \/>\n<script type=\"application\/ld+json\" class=\"yoast-schema-graph\">{\"@context\":\"https:\/\/schema.org\",\"@graph\":[{\"@type\":\"WebPage\",\"@id\":\"https:\/\/www.hsymachinery.com\/product\/rebar-bending-machine-gw45\/\",\"url\":\"https:\/\/www.hsymachinery.com\/product\/rebar-bending-machine-gw45\/\",\"name\":\"Rebar Bending Machine GW45 - HSY Construction Machinery\",\"isPartOf\":{\"@id\":\"https:\/\/www.hsymachinery.com\/#website\"},\"primaryImageOfPage\":{\"@id\":\"https:\/\/www.hsymachinery.com\/product\/rebar-bending-machine-gw45\/#primaryimage\"},\"image\":{\"@id\":\"https:\/\/www.hsymachinery.com\/product\/rebar-bending-machine-gw45\/#primaryimage\"},\"thumbnailUrl\":\"https:\/\/www.hsymachinery.com\/wp-content\/uploads\/2025\/06\/Rebar-Bending-Machine-GW45.jpg\",\"datePublished\":\"2025-06-18T03:59:17+00:00\",\"dateModified\":\"2025-06-25T15:11:34+00:00\",\"description\":\"Rebar Bending Machine GW45 bends 6\u201336mm rebar with excellent control. Reliable, mobile, and ideal for medium-scale construction and steel reinforcement projects.\",\"breadcrumb\":{\"@id\":\"https:\/\/www.hsymachinery.com\/product\/rebar-bending-machine-gw45\/#breadcrumb\"},\"inLanguage\":\"cs\",\"potentialAction\":[{\"@type\":\"ReadAction\",\"target\":[\"https:\/\/www.hsymachinery.com\/product\/rebar-bending-machine-gw45\/\"]}]},{\"@type\":\"ImageObject\",\"inLanguage\":\"cs\",\"@id\":\"https:\/\/www.hsymachinery.com\/product\/rebar-bending-machine-gw45\/#primaryimage\",\"url\":\"https:\/\/www.hsymachinery.com\/wp-content\/uploads\/2025\/06\/Rebar-Bending-Machine-GW45.jpg\",\"contentUrl\":\"https:\/\/www.hsymachinery.com\/wp-content\/uploads\/2025\/06\/Rebar-Bending-Machine-GW45.jpg\",\"width\":600,\"height\":600},{\"@type\":\"BreadcrumbList\",\"@id\":\"https:\/\/www.hsymachinery.com\/product\/rebar-bending-machine-gw45\/#breadcrumb\",\"itemListElement\":[{\"@type\":\"ListItem\",\"position\":1,\"name\":\"home\",\"item\":\"https:\/\/www.hsymachinery.com\/\"},{\"@type\":\"ListItem\",\"position\":2,\"name\":\"products\",\"item\":\"https:\/\/www.hsymachinery.com\/products\/\"},{\"@type\":\"ListItem\",\"position\":3,\"name\":\"Rebar Bending Machine GW45\"}]},{\"@type\":\"WebSite\",\"@id\":\"https:\/\/www.hsymachinery.com\/#website\",\"url\":\"https:\/\/www.hsymachinery.com\/\",\"name\":\"HSY Construction Machinery\",\"description\":\"HSY Machinery \u2013 A leading China construction machinery supplier, offering a wide range of light construction equipment. Our main products include Rebar Cutting Machine, Rebar Bending Machine, Rebar Stirrup Bending Machine, Rebar Arc Bending Machine, Rebar Straightening Machine, Five-Head Rebar Stirrup Bending Machine, Tamping Rammer, Plate Compactor, Concrete Cutter, Power Trowel, and other construction machinery. We are equipped with advanced CNC machines, and we enforce strict quality inspection standards along with comprehensive after-sales service. If you are interested in our products or services, we warmly welcome your inquiries via message.\",\"publisher\":{\"@id\":\"https:\/\/www.hsymachinery.com\/#organization\"},\"potentialAction\":[{\"@type\":\"SearchAction\",\"target\":{\"@type\":\"EntryPoint\",\"urlTemplate\":\"https:\/\/www.hsymachinery.com\/?s={search_term_string}\"},\"query-input\":{\"@type\":\"PropertyValueSpecification\",\"valueRequired\":true,\"valueName\":\"search_term_string\"}}],\"inLanguage\":\"cs\"},{\"@type\":\"Organization\",\"@id\":\"https:\/\/www.hsymachinery.com\/#organization\",\"name\":\"HSY Construction Machinery\",\"url\":\"https:\/\/www.hsymachinery.com\/\",\"logo\":{\"@type\":\"ImageObject\",\"inLanguage\":\"cs\",\"@id\":\"https:\/\/www.hsymachinery.com\/#\/schema\/logo\/image\/\",\"url\":\"https:\/\/www.hsymachinery.com\/wp-content\/uploads\/2025\/06\/cropped-HSY-machinery.png\",\"contentUrl\":\"https:\/\/www.hsymachinery.com\/wp-content\/uploads\/2025\/06\/cropped-HSY-machinery.png\",\"width\":600,\"height\":240,\"caption\":\"HSY Construction Machinery\"},\"image\":{\"@id\":\"https:\/\/www.hsymachinery.com\/#\/schema\/logo\/image\/\"}}]}<\/script>\n<!-- \/ Yoast SEO plugin. -->","yoast_head_json":{"title":"Oh\u00fdba\u010dka v\u00fdztu\u017e\u00ed GW45 - Stavebn\u00ed stroje HSY","description":"Oh\u00fdba\u010dka v\u00fdztu\u017ee GW45 oh\u00fdb\u00e1 6-36mm v\u00fdztu\u017e s vynikaj\u00edc\u00ed kontrolou. Je spolehliv\u00fd, mobiln\u00ed a ide\u00e1ln\u00ed pro st\u0159edn\u011b rozs\u00e1hl\u00e9 stavebn\u00ed projekty a projekty ocelov\u00e9 v\u00fdztu\u017ee.","robots":{"index":"index","follow":"follow","max-snippet":"max-snippet:-1","max-image-preview":"max-image-preview:large","max-video-preview":"max-video-preview:-1"},"canonical":"https:\/\/www.hsymachinery.com\/cs\/produkt\/ohybacka-vyztuze-gw45\/","og_locale":"cs_CZ","og_type":"article","og_title":"Rebar Bending Machine GW45 - HSY Construction Machinery","og_description":"Rebar Bending Machine GW45 bends 6\u201336mm rebar with excellent control. Reliable, mobile, and ideal for medium-scale construction and steel reinforcement projects.","og_url":"https:\/\/www.hsymachinery.com\/cs\/produkt\/ohybacka-vyztuze-gw45\/","og_site_name":"HSY Construction Machinery","article_modified_time":"2025-06-25T15:11:34+00:00","og_image":[{"width":600,"height":600,"url":"https:\/\/www.hsymachinery.com\/wp-content\/uploads\/2025\/06\/Rebar-Bending-Machine-GW45.jpg","type":"image\/jpeg"}],"twitter_card":"summary_large_image","twitter_misc":{"Odhadovan\u00e1 doba \u010dten\u00ed":"2 minuty"},"schema":{"@context":"https:\/\/schema.org","@graph":[{"@type":"WebPage","@id":"https:\/\/www.hsymachinery.com\/product\/rebar-bending-machine-gw45\/","url":"https:\/\/www.hsymachinery.com\/product\/rebar-bending-machine-gw45\/","name":"Oh\u00fdba\u010dka v\u00fdztu\u017e\u00ed GW45 - Stavebn\u00ed stroje HSY","isPartOf":{"@id":"https:\/\/www.hsymachinery.com\/#website"},"primaryImageOfPage":{"@id":"https:\/\/www.hsymachinery.com\/product\/rebar-bending-machine-gw45\/#primaryimage"},"image":{"@id":"https:\/\/www.hsymachinery.com\/product\/rebar-bending-machine-gw45\/#primaryimage"},"thumbnailUrl":"https:\/\/www.hsymachinery.com\/wp-content\/uploads\/2025\/06\/Rebar-Bending-Machine-GW45.jpg","datePublished":"2025-06-18T03:59:17+00:00","dateModified":"2025-06-25T15:11:34+00:00","description":"Oh\u00fdba\u010dka v\u00fdztu\u017ee GW45 oh\u00fdb\u00e1 6-36mm v\u00fdztu\u017e s vynikaj\u00edc\u00ed kontrolou. Je spolehliv\u00fd, mobiln\u00ed a ide\u00e1ln\u00ed pro st\u0159edn\u011b rozs\u00e1hl\u00e9 stavebn\u00ed projekty a projekty ocelov\u00e9 v\u00fdztu\u017ee.","breadcrumb":{"@id":"https:\/\/www.hsymachinery.com\/product\/rebar-bending-machine-gw45\/#breadcrumb"},"inLanguage":"cs","potentialAction":[{"@type":"ReadAction","target":["https:\/\/www.hsymachinery.com\/product\/rebar-bending-machine-gw45\/"]}]},{"@type":"ImageObject","inLanguage":"cs","@id":"https:\/\/www.hsymachinery.com\/product\/rebar-bending-machine-gw45\/#primaryimage","url":"https:\/\/www.hsymachinery.com\/wp-content\/uploads\/2025\/06\/Rebar-Bending-Machine-GW45.jpg","contentUrl":"https:\/\/www.hsymachinery.com\/wp-content\/uploads\/2025\/06\/Rebar-Bending-Machine-GW45.jpg","width":600,"height":600},{"@type":"BreadcrumbList","@id":"https:\/\/www.hsymachinery.com\/product\/rebar-bending-machine-gw45\/#breadcrumb","itemListElement":[{"@type":"ListItem","position":1,"name":"home","item":"https:\/\/www.hsymachinery.com\/"},{"@type":"ListItem","position":2,"name":"products","item":"https:\/\/www.hsymachinery.com\/products\/"},{"@type":"ListItem","position":3,"name":"Rebar Bending Machine GW45"}]},{"@type":"WebSite","@id":"https:\/\/www.hsymachinery.com\/#website","url":"https:\/\/www.hsymachinery.com\/","name":"Stavebn\u00ed stroje HSY","description":"HSY Machinery - P\u0159edn\u00ed \u010d\u00ednsk\u00fd dodavatel stavebn\u00edch stroj\u016f, kter\u00fd nab\u00edz\u00ed \u0161irokou \u0161k\u00e1lu lehk\u00fdch stavebn\u00edch stroj\u016f. Mezi na\u0161e hlavn\u00ed produkty pat\u0159\u00ed \u0159eza\u010dka prut\u016f, oh\u00fdba\u010dka prut\u016f, oh\u00fdba\u010dka prut\u016f, obloukov\u00e1 oh\u00fdba\u010dka prut\u016f, rovna\u010dka prut\u016f, p\u011btihlav\u0148ov\u00e1 oh\u00fdba\u010dka prut\u016f, p\u011bchovac\u00ed kladivo, zhut\u0148ova\u010d desek, \u0159eza\u010dka betonu, motorov\u00e1 st\u011brka a dal\u0161\u00ed stavebn\u00ed stroje. Jsme vybaveni modern\u00edmi CNC stroji a prosazujeme p\u0159\u00edsn\u00e9 standardy kontroly kvality spolu s komplexn\u00edm poprodejn\u00edm servisem. Pokud m\u00e1te z\u00e1jem o na\u0161e v\u00fdrobky nebo slu\u017eby, srde\u010dn\u011b uv\u00edt\u00e1me va\u0161e dotazy prost\u0159ednictv\u00edm zpr\u00e1vy.","publisher":{"@id":"https:\/\/www.hsymachinery.com\/#organization"},"potentialAction":[{"@type":"SearchAction","target":{"@type":"EntryPoint","urlTemplate":"https:\/\/www.hsymachinery.com\/?s={search_term_string}"},"query-input":{"@type":"PropertyValueSpecification","valueRequired":true,"valueName":"search_term_string"}}],"inLanguage":"cs"},{"@type":"Organization","@id":"https:\/\/www.hsymachinery.com\/#organization","name":"Stavebn\u00ed stroje HSY","url":"https:\/\/www.hsymachinery.com\/","logo":{"@type":"ImageObject","inLanguage":"cs","@id":"https:\/\/www.hsymachinery.com\/#\/schema\/logo\/image\/","url":"https:\/\/www.hsymachinery.com\/wp-content\/uploads\/2025\/06\/cropped-HSY-machinery.png","contentUrl":"https:\/\/www.hsymachinery.com\/wp-content\/uploads\/2025\/06\/cropped-HSY-machinery.png","width":600,"height":240,"caption":"HSY Construction Machinery"},"image":{"@id":"https:\/\/www.hsymachinery.com\/#\/schema\/logo\/image\/"}}]}},"_links":{"self":[{"href":"https:\/\/www.hsymachinery.com\/cs\/wp-json\/wp\/v2\/product\/8943","targetHints":{"allow":["GET"]}}],"collection":[{"href":"https:\/\/www.hsymachinery.com\/cs\/wp-json\/wp\/v2\/product"}],"about":[{"href":"https:\/\/www.hsymachinery.com\/cs\/wp-json\/wp\/v2\/types\/product"}],"version-history":[{"count":3,"href":"https:\/\/www.hsymachinery.com\/cs\/wp-json\/wp\/v2\/product\/8943\/revisions"}],"predecessor-version":[{"id":9352,"href":"https:\/\/www.hsymachinery.com\/cs\/wp-json\/wp\/v2\/product\/8943\/revisions\/9352"}],"wp:featuredmedia":[{"embeddable":true,"href":"https:\/\/www.hsymachinery.com\/cs\/wp-json\/wp\/v2\/media\/8944"}],"wp:attachment":[{"href":"https:\/\/www.hsymachinery.com\/cs\/wp-json\/wp\/v2\/media?parent=8943"}],"wp:term":[{"taxonomy":"product_brand","embeddable":true,"href":"https:\/\/www.hsymachinery.com\/cs\/wp-json\/wp\/v2\/product_brand?post=8943"},{"taxonomy":"product_cat","embeddable":true,"href":"https:\/\/www.hsymachinery.com\/cs\/wp-json\/wp\/v2\/product_cat?post=8943"},{"taxonomy":"product_tag","embeddable":true,"href":"https:\/\/www.hsymachinery.com\/cs\/wp-json\/wp\/v2\/product_tag?post=8943"}],"curies":[{"name":"wp","href":"https:\/\/api.w.org\/{rel}","templated":true}]}}