{"id":8933,"date":"2025-06-18T11:30:13","date_gmt":"2025-06-18T03:30:13","guid":{"rendered":"https:\/\/www.hsymachinery.com\/?post_type=product&#038;p=8933"},"modified":"2025-06-25T22:20:03","modified_gmt":"2025-06-25T14:20:03","slug":"stroj-na-rezani-vyztuze-gq60-plochy-nuz","status":"publish","type":"product","link":"https:\/\/www.hsymachinery.com\/cs\/produkt\/stroj-na-rezani-vyztuze-gq60-plochy-nuz\/","title":{"rendered":"\u0158ezac\u00ed stroj na armatury GQ60 (ploch\u00fd n\u016f\u017e)"},"content":{"rendered":"<h3 data-start=\"151\" data-end=\"233\">Mimo\u0159\u00e1dn\u011b t\u011b\u017ek\u00e9 \u0161t\u00edpac\u00ed kle\u0161t\u011b s ploch\u00fdm no\u017eem pro pr\u016fmyslov\u00e9 armov\u00e1n\u00ed<\/h3>\n<h3 data-start=\"240\" data-end=\"309\">P\u0159ehled produkt\u016f - N\u016f\u017eky na ocelov\u00e9 ty\u010de s plochou \u010depel\u00ed pro 6-50mm armovac\u00ed pruty<\/h3>\n<p data-start=\"311\" data-end=\"784\">Na str\u00e1nk\u00e1ch <strong data-start=\"315\" data-end=\"358\"><a href=\"https:\/\/www.hsymachinery.com\/cs\/produkty\/stroj-na-rezani-vyztuze\/\" target=\"_blank\" rel=\"noopener\">\u0158ezac\u00ed stroj na v\u00fdztu\u017e<\/a> GQ60 (ploch\u00fd n\u016f\u017e)<\/strong> je navr\u017eena pro \u0159ez\u00e1n\u00ed armovac\u00edch prut\u016f o velk\u00e9m pr\u016fm\u011bru v n\u00e1ro\u010dn\u00fdch stavebn\u00edch podm\u00ednk\u00e1ch. Tento stroj je schopen zpracov\u00e1vat ocelov\u00e9 ty\u010de od 6 mm do 50 mm, co\u017e z n\u011bj \u010din\u00ed ide\u00e1ln\u00ed volbu pro stavbu p\u0159ehrad, d\u00e1lni\u010dn\u00edch nadjezd\u016f, v\u00fdrobu ocelov\u00fdch konstrukc\u00ed a vyztu\u017eov\u00e1n\u00ed tunel\u016f. Jeho syst\u00e9m ploch\u00fdch no\u017e\u016f vyv\u00edj\u00ed rovnom\u011brn\u00fd \u0159ezn\u00fd tlak, co\u017e vede k hladk\u00e9mu a p\u0159esn\u00e9mu st\u0159\u00edh\u00e1n\u00ed bez naru\u0161en\u00ed celistvosti ty\u010de.<\/p>\n<p data-start=\"786\" data-end=\"927\">Tento model se zv\u00fd\u0161en\u00fdm kroutic\u00edm momentem, mechanickou pevnost\u00ed a rozsahem \u0159ezu je ur\u010den pro pr\u00e1ce, kde je v\u00fdkon i p\u0159esnost nepostradateln\u00e1.<\/p>\n<h3 data-start=\"934\" data-end=\"984\">Pr\u016fmyslov\u00fd \u0159ezn\u00fd v\u00fdkon s \u010dist\u00fdmi v\u00fdsledky<\/h3>\n<p data-start=\"986\" data-end=\"1294\">Ploch\u00e1 konstrukce no\u017ee GQ60 umo\u017e\u0148uje, aby se n\u016f\u017e p\u0159i st\u0159\u00edh\u00e1n\u00ed rovnom\u011brn\u011b dot\u00fdkal cel\u00e9ho povrchu ocelov\u00e9 ty\u010de. T\u00edm se v\u00fdrazn\u011b sni\u017euje odlamov\u00e1n\u00ed hran a deformace ty\u010de. Siln\u00fd ocelov\u00fd n\u016f\u017e je nav\u00edc tepeln\u011b zpracov\u00e1n, aby z\u016fstal ostr\u00fd a stabiln\u00ed i po dlouh\u00fdch hodin\u00e1ch nep\u0159etr\u017eit\u00e9ho provozu.<\/p>\n<p data-start=\"1296\" data-end=\"1603\">\u0158ezac\u00ed stroj na armatury GQ60 (ploch\u00fd n\u016f\u017e) poh\u00e1n\u011bn\u00fd vysoce v\u00fdkonn\u00fdm motorem s m\u011bd\u011bn\u00fdm j\u00e1drem poskytuje ve sv\u00e9 velikostn\u00ed t\u0159\u00edd\u011b bezkonkuren\u010dn\u00ed to\u010div\u00fd moment. Pracuje stabiln\u011b, produkuje n\u00edzk\u00e9 vibrace a minim\u00e1ln\u00ed energetick\u00e9 ztr\u00e1ty. P\u0159evodovka a sestava pohonu jsou optimalizov\u00e1ny pro dlouhou \u017eivotnost p\u0159i pr\u016fmyslov\u00e9m nam\u00e1h\u00e1n\u00ed.<\/p>\n<h3 data-start=\"1610\" data-end=\"1663\">Zes\u00edlen\u00e1 karoserie a glob\u00e1ln\u00ed p\u0159izp\u016fsobivost pro export<\/h3>\n<p data-start=\"1665\" data-end=\"2042\">Sk\u0159\u00ed\u0148 tohoto stroje je vyrobena z vysokopevnostn\u00ed tv\u00e1rn\u00e9 litiny, kter\u00e1 zaji\u0161\u0165uje vynikaj\u00edc\u00ed tuhost konstrukce. Je tak\u00e9 vybaven t\u011b\u017ek\u00fdmi transportn\u00edmi koly pro pohyb v n\u00e1ro\u010dn\u00e9m ter\u00e9nu. Ergonomick\u00e1 ru\u010dn\u00ed p\u00e1ka zaji\u0161\u0165uje citliv\u00e9 a p\u0159esn\u00e9 ovl\u00e1d\u00e1n\u00ed ka\u017ed\u00e9ho \u0159ezu. \u00dadr\u017eba je rychl\u00e1 a snadn\u00e1 d\u00edky p\u0159\u00edstupov\u00e9mu panelu s otev\u0159enou horn\u00ed \u010d\u00e1st\u00ed a u\u017eivatelsky p\u0159\u00edv\u011btiv\u00e9mu uchycen\u00ed no\u017ee.<\/p>\n<p data-start=\"2044\" data-end=\"2224\">Model GQ60 podporuje mezin\u00e1rodn\u00ed standardy s mo\u017enost\u00ed nastaven\u00ed nap\u011bt\u00ed (220V\/380V, 50Hz\/60Hz), tak\u017ee je vhodn\u00fd pro export do Afriky, Asie, Ji\u017en\u00ed Ameriky a dal\u0161\u00edch zem\u00ed.<\/p>\n<h3 data-start=\"2231\" data-end=\"2281\">Kl\u00ed\u010dov\u00e9 v\u00fdhody \u0161t\u00edpa\u010dek na v\u00fdztu\u017e GQ60 s ploch\u00fdm no\u017eem<\/h3>\n<ul data-start=\"2283\" data-end=\"2506\">\n<li data-start=\"2283\" data-end=\"2337\">\n<p data-start=\"2285\" data-end=\"2337\">St\u0159\u00edh\u00e1 6-50mm armovac\u00ed pruty s rovnou, stabiln\u00ed st\u0159i\u017enou silou<\/p>\n<\/li>\n<li data-start=\"2338\" data-end=\"2396\">\n<p data-start=\"2340\" data-end=\"2396\">Vytvo\u0159eno pro velkoobjemov\u00e9 pr\u016fmyslov\u00e9 nebo infrastrukturn\u00ed pou\u017eit\u00ed<\/p>\n<\/li>\n<li data-start=\"2397\" data-end=\"2448\">\n<p data-start=\"2399\" data-end=\"2448\">V\u00fdkonn\u00fd motor a spolehliv\u00fd p\u0159enos to\u010div\u00e9ho momentu<\/p>\n<\/li>\n<li data-start=\"2449\" data-end=\"2506\">\n<p data-start=\"2451\" data-end=\"2506\">Podpora p\u0159izp\u016fsoben\u00ed mezin\u00e1rodn\u00edho nap\u011bt\u00ed pro export<\/p>\n<\/li>\n<\/ul>\n<p><iframe title=\"# stavebn\u00ed d\u011bln\u00edk # stavebn\u00ed d\u011bln\u00edk # stavebn\u00ed d\u011bln\u00edk # stavebn\u00ed d\u011bln\u00edk # stavebn\u00ed d\u011bln\u00edk # stavebn\u00ed d\u011bln\u00edk # stavebn\u00ed d\u011bln\u00edk # stavebn\u00ed d\u011bln\u00edk # stavebn\u00ed d\u011bln\u00edk\" width=\"720\" height=\"405\" src=\"https:\/\/www.youtube.com\/embed\/tdc4TA5-zRc?feature=oembed\" frameborder=\"0\" allow=\"accelerometer; autoplay; clipboard-write; encrypted-media; gyroscope; picture-in-picture; web-share\" referrerpolicy=\"strict-origin-when-cross-origin\" allowfullscreen><\/iframe><\/p>","protected":false},"excerpt":{"rendered":"<p>N\u016f\u017e na armovac\u00ed pruty GQ60 s ploch\u00fdm no\u017eem zpracov\u00e1v\u00e1 pruty o pr\u016fm\u011bru 6-50 mm s konstantn\u00ed silou a vysokou odolnost\u00ed. Ide\u00e1ln\u00ed pro pr\u00e1ce s armovac\u00edmi pruty v infrastrukturn\u00edm m\u011b\u0159\u00edtku na sv\u011btov\u00fdch stavebn\u00edch trz\u00edch.<\/p>","protected":false},"featured_media":8934,"template":"","meta":{"_kad_post_transparent":"default","_kad_post_title":"","_kad_post_layout":"default","_kad_post_sidebar_id":"","_kad_post_content_style":"default","_kad_post_vertical_padding":"default","_kad_post_feature":"","_kad_post_feature_position":"","_kad_post_header":false,"_kad_post_footer":false},"product_brand":[],"product_cat":[51],"product_tag":[988,992,990,989,993,985,994,987,984,991,986],"class_list":{"0":"post-8933","1":"product","2":"type-product","3":"status-publish","4":"has-post-thumbnail","6":"product_cat-rebar-cutting-machine","7":"product_tag-automatic-rebar-cutter","8":"product_tag-construction-steel-bar-cutter","9":"product_tag-electric-rebar-cutting-tool","10":"product_tag-hydraulic-rebar-cutting-machine","11":"product_tag-portable-rebar-cutting-machine","12":"product_tag-rebar-cutter","13":"product_tag-rebar-cutting-machine","14":"product_tag-reinforcement-bar-cutter","15":"product_tag-steel-bar-cutting-machine","16":"product_tag-steel-rod-cutter-machine","17":"product_tag-tmt-bar-cutting-machine","19":"first","20":"instock","21":"shipping-taxable","22":"product-type-simple","23":"entry","24":"content-bg","25":"loop-entry"},"yoast_head":"<!-- This site is optimized with the Yoast SEO plugin v25.3.1 - https:\/\/yoast.com\/wordpress\/plugins\/seo\/ -->\n<title>Rebar Cutting Machine GQ60 (Flat knife) - HSY Construction Machinery<\/title>\n<meta name=\"description\" content=\"Rebar Cutting Machine GQ60 (Flat Knife) delivers strong, flat-blade shearing for 6\u201350mm rebar. Designed for heavy-duty construction and international export.\" \/>\n<meta name=\"robots\" content=\"index, follow, max-snippet:-1, max-image-preview:large, max-video-preview:-1\" \/>\n<link rel=\"canonical\" href=\"https:\/\/www.hsymachinery.com\/cs\/produkt\/stroj-na-rezani-vyztuze-gq60-plochy-nuz\/\" \/>\n<meta property=\"og:locale\" content=\"cs_CZ\" \/>\n<meta property=\"og:type\" content=\"article\" \/>\n<meta property=\"og:title\" content=\"Rebar Cutting Machine GQ60 (Flat knife) - HSY Construction Machinery\" \/>\n<meta property=\"og:description\" content=\"Rebar Cutting Machine GQ60 (Flat Knife) delivers strong, flat-blade shearing for 6\u201350mm rebar. Designed for heavy-duty construction and international export.\" \/>\n<meta property=\"og:url\" content=\"https:\/\/www.hsymachinery.com\/cs\/produkt\/stroj-na-rezani-vyztuze-gq60-plochy-nuz\/\" \/>\n<meta property=\"og:site_name\" content=\"HSY Construction Machinery\" \/>\n<meta property=\"article:modified_time\" content=\"2025-06-25T14:20:03+00:00\" \/>\n<meta property=\"og:image\" content=\"https:\/\/www.hsymachinery.com\/wp-content\/uploads\/2025\/06\/Rebar-Cutting-Machine-GQ60-Flat-knife.jpg\" \/>\n\t<meta property=\"og:image:width\" content=\"600\" \/>\n\t<meta property=\"og:image:height\" content=\"600\" \/>\n\t<meta property=\"og:image:type\" content=\"image\/jpeg\" \/>\n<meta name=\"twitter:card\" content=\"summary_large_image\" \/>\n<meta name=\"twitter:label1\" content=\"Odhadovan\u00e1 doba \u010dten\u00ed\" \/>\n\t<meta name=\"twitter:data1\" content=\"2 minuty\" \/>\n<script type=\"application\/ld+json\" class=\"yoast-schema-graph\">{\"@context\":\"https:\/\/schema.org\",\"@graph\":[{\"@type\":\"WebPage\",\"@id\":\"https:\/\/www.hsymachinery.com\/product\/rebar-cutting-machine-gq60-flat-knife\/\",\"url\":\"https:\/\/www.hsymachinery.com\/product\/rebar-cutting-machine-gq60-flat-knife\/\",\"name\":\"Rebar Cutting Machine GQ60 (Flat knife) - HSY Construction Machinery\",\"isPartOf\":{\"@id\":\"https:\/\/www.hsymachinery.com\/#website\"},\"primaryImageOfPage\":{\"@id\":\"https:\/\/www.hsymachinery.com\/product\/rebar-cutting-machine-gq60-flat-knife\/#primaryimage\"},\"image\":{\"@id\":\"https:\/\/www.hsymachinery.com\/product\/rebar-cutting-machine-gq60-flat-knife\/#primaryimage\"},\"thumbnailUrl\":\"https:\/\/www.hsymachinery.com\/wp-content\/uploads\/2025\/06\/Rebar-Cutting-Machine-GQ60-Flat-knife.jpg\",\"datePublished\":\"2025-06-18T03:30:13+00:00\",\"dateModified\":\"2025-06-25T14:20:03+00:00\",\"description\":\"Rebar Cutting Machine GQ60 (Flat Knife) delivers strong, flat-blade shearing for 6\u201350mm rebar. Designed for heavy-duty construction and international export.\",\"breadcrumb\":{\"@id\":\"https:\/\/www.hsymachinery.com\/product\/rebar-cutting-machine-gq60-flat-knife\/#breadcrumb\"},\"inLanguage\":\"cs\",\"potentialAction\":[{\"@type\":\"ReadAction\",\"target\":[\"https:\/\/www.hsymachinery.com\/product\/rebar-cutting-machine-gq60-flat-knife\/\"]}]},{\"@type\":\"ImageObject\",\"inLanguage\":\"cs\",\"@id\":\"https:\/\/www.hsymachinery.com\/product\/rebar-cutting-machine-gq60-flat-knife\/#primaryimage\",\"url\":\"https:\/\/www.hsymachinery.com\/wp-content\/uploads\/2025\/06\/Rebar-Cutting-Machine-GQ60-Flat-knife.jpg\",\"contentUrl\":\"https:\/\/www.hsymachinery.com\/wp-content\/uploads\/2025\/06\/Rebar-Cutting-Machine-GQ60-Flat-knife.jpg\",\"width\":600,\"height\":600},{\"@type\":\"BreadcrumbList\",\"@id\":\"https:\/\/www.hsymachinery.com\/product\/rebar-cutting-machine-gq60-flat-knife\/#breadcrumb\",\"itemListElement\":[{\"@type\":\"ListItem\",\"position\":1,\"name\":\"home\",\"item\":\"https:\/\/www.hsymachinery.com\/\"},{\"@type\":\"ListItem\",\"position\":2,\"name\":\"products\",\"item\":\"https:\/\/www.hsymachinery.com\/products\/\"},{\"@type\":\"ListItem\",\"position\":3,\"name\":\"Rebar Cutting Machine GQ60 (Flat knife)\"}]},{\"@type\":\"WebSite\",\"@id\":\"https:\/\/www.hsymachinery.com\/#website\",\"url\":\"https:\/\/www.hsymachinery.com\/\",\"name\":\"HSY Construction Machinery\",\"description\":\"HSY Machinery \u2013 A leading China construction machinery supplier, offering a wide range of light construction equipment. Our main products include Rebar Cutting Machine, Rebar Bending Machine, Rebar Stirrup Bending Machine, Rebar Arc Bending Machine, Rebar Straightening Machine, Five-Head Rebar Stirrup Bending Machine, Tamping Rammer, Plate Compactor, Concrete Cutter, Power Trowel, and other construction machinery. We are equipped with advanced CNC machines, and we enforce strict quality inspection standards along with comprehensive after-sales service. If you are interested in our products or services, we warmly welcome your inquiries via message.\",\"publisher\":{\"@id\":\"https:\/\/www.hsymachinery.com\/#organization\"},\"potentialAction\":[{\"@type\":\"SearchAction\",\"target\":{\"@type\":\"EntryPoint\",\"urlTemplate\":\"https:\/\/www.hsymachinery.com\/?s={search_term_string}\"},\"query-input\":{\"@type\":\"PropertyValueSpecification\",\"valueRequired\":true,\"valueName\":\"search_term_string\"}}],\"inLanguage\":\"cs\"},{\"@type\":\"Organization\",\"@id\":\"https:\/\/www.hsymachinery.com\/#organization\",\"name\":\"HSY Construction Machinery\",\"url\":\"https:\/\/www.hsymachinery.com\/\",\"logo\":{\"@type\":\"ImageObject\",\"inLanguage\":\"cs\",\"@id\":\"https:\/\/www.hsymachinery.com\/#\/schema\/logo\/image\/\",\"url\":\"https:\/\/www.hsymachinery.com\/wp-content\/uploads\/2025\/06\/cropped-HSY-machinery.png\",\"contentUrl\":\"https:\/\/www.hsymachinery.com\/wp-content\/uploads\/2025\/06\/cropped-HSY-machinery.png\",\"width\":600,\"height\":240,\"caption\":\"HSY Construction Machinery\"},\"image\":{\"@id\":\"https:\/\/www.hsymachinery.com\/#\/schema\/logo\/image\/\"}}]}<\/script>\n<!-- \/ Yoast SEO plugin. -->","yoast_head_json":{"title":"\u0158ezac\u00ed stroj na v\u00fdztu\u017ee GQ60 (ploch\u00fd n\u016f\u017e) - stavebn\u00ed stroje HSY","description":"Strojek na st\u0159\u00edh\u00e1n\u00ed v\u00fdztu\u017ee GQ60 (ploch\u00fd n\u016f\u017e) poskytuje siln\u00e9 st\u0159\u00edh\u00e1n\u00ed s ploch\u00fdm no\u017eem pro v\u00fdztu\u017e 6-50 mm. Ur\u010deno pro t\u011b\u017ek\u00e9 stavebn\u00ed pr\u00e1ce a mezin\u00e1rodn\u00ed export.","robots":{"index":"index","follow":"follow","max-snippet":"max-snippet:-1","max-image-preview":"max-image-preview:large","max-video-preview":"max-video-preview:-1"},"canonical":"https:\/\/www.hsymachinery.com\/cs\/produkt\/stroj-na-rezani-vyztuze-gq60-plochy-nuz\/","og_locale":"cs_CZ","og_type":"article","og_title":"Rebar Cutting Machine GQ60 (Flat knife) - HSY Construction Machinery","og_description":"Rebar Cutting Machine GQ60 (Flat Knife) delivers strong, flat-blade shearing for 6\u201350mm rebar. Designed for heavy-duty construction and international export.","og_url":"https:\/\/www.hsymachinery.com\/cs\/produkt\/stroj-na-rezani-vyztuze-gq60-plochy-nuz\/","og_site_name":"HSY Construction Machinery","article_modified_time":"2025-06-25T14:20:03+00:00","og_image":[{"width":600,"height":600,"url":"https:\/\/www.hsymachinery.com\/wp-content\/uploads\/2025\/06\/Rebar-Cutting-Machine-GQ60-Flat-knife.jpg","type":"image\/jpeg"}],"twitter_card":"summary_large_image","twitter_misc":{"Odhadovan\u00e1 doba \u010dten\u00ed":"2 minuty"},"schema":{"@context":"https:\/\/schema.org","@graph":[{"@type":"WebPage","@id":"https:\/\/www.hsymachinery.com\/product\/rebar-cutting-machine-gq60-flat-knife\/","url":"https:\/\/www.hsymachinery.com\/product\/rebar-cutting-machine-gq60-flat-knife\/","name":"\u0158ezac\u00ed stroj na v\u00fdztu\u017ee GQ60 (ploch\u00fd n\u016f\u017e) - stavebn\u00ed stroje HSY","isPartOf":{"@id":"https:\/\/www.hsymachinery.com\/#website"},"primaryImageOfPage":{"@id":"https:\/\/www.hsymachinery.com\/product\/rebar-cutting-machine-gq60-flat-knife\/#primaryimage"},"image":{"@id":"https:\/\/www.hsymachinery.com\/product\/rebar-cutting-machine-gq60-flat-knife\/#primaryimage"},"thumbnailUrl":"https:\/\/www.hsymachinery.com\/wp-content\/uploads\/2025\/06\/Rebar-Cutting-Machine-GQ60-Flat-knife.jpg","datePublished":"2025-06-18T03:30:13+00:00","dateModified":"2025-06-25T14:20:03+00:00","description":"Strojek na st\u0159\u00edh\u00e1n\u00ed v\u00fdztu\u017ee GQ60 (ploch\u00fd n\u016f\u017e) poskytuje siln\u00e9 st\u0159\u00edh\u00e1n\u00ed s ploch\u00fdm no\u017eem pro v\u00fdztu\u017e 6-50 mm. Ur\u010deno pro t\u011b\u017ek\u00e9 stavebn\u00ed pr\u00e1ce a mezin\u00e1rodn\u00ed export.","breadcrumb":{"@id":"https:\/\/www.hsymachinery.com\/product\/rebar-cutting-machine-gq60-flat-knife\/#breadcrumb"},"inLanguage":"cs","potentialAction":[{"@type":"ReadAction","target":["https:\/\/www.hsymachinery.com\/product\/rebar-cutting-machine-gq60-flat-knife\/"]}]},{"@type":"ImageObject","inLanguage":"cs","@id":"https:\/\/www.hsymachinery.com\/product\/rebar-cutting-machine-gq60-flat-knife\/#primaryimage","url":"https:\/\/www.hsymachinery.com\/wp-content\/uploads\/2025\/06\/Rebar-Cutting-Machine-GQ60-Flat-knife.jpg","contentUrl":"https:\/\/www.hsymachinery.com\/wp-content\/uploads\/2025\/06\/Rebar-Cutting-Machine-GQ60-Flat-knife.jpg","width":600,"height":600},{"@type":"BreadcrumbList","@id":"https:\/\/www.hsymachinery.com\/product\/rebar-cutting-machine-gq60-flat-knife\/#breadcrumb","itemListElement":[{"@type":"ListItem","position":1,"name":"home","item":"https:\/\/www.hsymachinery.com\/"},{"@type":"ListItem","position":2,"name":"products","item":"https:\/\/www.hsymachinery.com\/products\/"},{"@type":"ListItem","position":3,"name":"Rebar Cutting Machine GQ60 (Flat knife)"}]},{"@type":"WebSite","@id":"https:\/\/www.hsymachinery.com\/#website","url":"https:\/\/www.hsymachinery.com\/","name":"Stavebn\u00ed stroje HSY","description":"HSY Machinery - P\u0159edn\u00ed \u010d\u00ednsk\u00fd dodavatel stavebn\u00edch stroj\u016f, kter\u00fd nab\u00edz\u00ed \u0161irokou \u0161k\u00e1lu lehk\u00fdch stavebn\u00edch stroj\u016f. Mezi na\u0161e hlavn\u00ed produkty pat\u0159\u00ed \u0159eza\u010dka prut\u016f, oh\u00fdba\u010dka prut\u016f, oh\u00fdba\u010dka prut\u016f, obloukov\u00e1 oh\u00fdba\u010dka prut\u016f, rovna\u010dka prut\u016f, p\u011btihlav\u0148ov\u00e1 oh\u00fdba\u010dka prut\u016f, p\u011bchovac\u00ed kladivo, zhut\u0148ova\u010d desek, \u0159eza\u010dka betonu, motorov\u00e1 st\u011brka a dal\u0161\u00ed stavebn\u00ed stroje. Jsme vybaveni modern\u00edmi CNC stroji a prosazujeme p\u0159\u00edsn\u00e9 standardy kontroly kvality spolu s komplexn\u00edm poprodejn\u00edm servisem. Pokud m\u00e1te z\u00e1jem o na\u0161e v\u00fdrobky nebo slu\u017eby, srde\u010dn\u011b uv\u00edt\u00e1me va\u0161e dotazy prost\u0159ednictv\u00edm zpr\u00e1vy.","publisher":{"@id":"https:\/\/www.hsymachinery.com\/#organization"},"potentialAction":[{"@type":"SearchAction","target":{"@type":"EntryPoint","urlTemplate":"https:\/\/www.hsymachinery.com\/?s={search_term_string}"},"query-input":{"@type":"PropertyValueSpecification","valueRequired":true,"valueName":"search_term_string"}}],"inLanguage":"cs"},{"@type":"Organization","@id":"https:\/\/www.hsymachinery.com\/#organization","name":"Stavebn\u00ed stroje HSY","url":"https:\/\/www.hsymachinery.com\/","logo":{"@type":"ImageObject","inLanguage":"cs","@id":"https:\/\/www.hsymachinery.com\/#\/schema\/logo\/image\/","url":"https:\/\/www.hsymachinery.com\/wp-content\/uploads\/2025\/06\/cropped-HSY-machinery.png","contentUrl":"https:\/\/www.hsymachinery.com\/wp-content\/uploads\/2025\/06\/cropped-HSY-machinery.png","width":600,"height":240,"caption":"HSY Construction Machinery"},"image":{"@id":"https:\/\/www.hsymachinery.com\/#\/schema\/logo\/image\/"}}]}},"_links":{"self":[{"href":"https:\/\/www.hsymachinery.com\/cs\/wp-json\/wp\/v2\/product\/8933","targetHints":{"allow":["GET"]}}],"collection":[{"href":"https:\/\/www.hsymachinery.com\/cs\/wp-json\/wp\/v2\/product"}],"about":[{"href":"https:\/\/www.hsymachinery.com\/cs\/wp-json\/wp\/v2\/types\/product"}],"version-history":[{"count":4,"href":"https:\/\/www.hsymachinery.com\/cs\/wp-json\/wp\/v2\/product\/8933\/revisions"}],"predecessor-version":[{"id":9338,"href":"https:\/\/www.hsymachinery.com\/cs\/wp-json\/wp\/v2\/product\/8933\/revisions\/9338"}],"wp:featuredmedia":[{"embeddable":true,"href":"https:\/\/www.hsymachinery.com\/cs\/wp-json\/wp\/v2\/media\/8934"}],"wp:attachment":[{"href":"https:\/\/www.hsymachinery.com\/cs\/wp-json\/wp\/v2\/media?parent=8933"}],"wp:term":[{"taxonomy":"product_brand","embeddable":true,"href":"https:\/\/www.hsymachinery.com\/cs\/wp-json\/wp\/v2\/product_brand?post=8933"},{"taxonomy":"product_cat","embeddable":true,"href":"https:\/\/www.hsymachinery.com\/cs\/wp-json\/wp\/v2\/product_cat?post=8933"},{"taxonomy":"product_tag","embeddable":true,"href":"https:\/\/www.hsymachinery.com\/cs\/wp-json\/wp\/v2\/product_tag?post=8933"}],"curies":[{"name":"wp","href":"https:\/\/api.w.org\/{rel}","templated":true}]}}