{"id":8927,"date":"2025-06-18T11:27:56","date_gmt":"2025-06-18T03:27:56","guid":{"rendered":"https:\/\/www.hsymachinery.com\/?post_type=product&#038;p=8927"},"modified":"2025-06-25T21:03:06","modified_gmt":"2025-06-25T13:03:06","slug":"stroj-na-rezani-vyztuze-gq55-plochy-nuz","status":"publish","type":"product","link":"https:\/\/www.hsymachinery.com\/cs\/produkt\/stroj-na-rezani-vyztuze-gq55-plochy-nuz\/","title":{"rendered":"\u0158ezac\u00ed stroj na armatury GQ55 (ploch\u00fd n\u016f\u017e)"},"content":{"rendered":"<h3 data-start=\"429\" data-end=\"519\">P\u0159ehled v\u00fdrobk\u016f - P\u0159esn\u00fd stroj na st\u0159\u00edh\u00e1n\u00ed ty\u010d\u00ed s ploch\u00fdm ost\u0159\u00edm pro t\u011b\u017ek\u00e9 aplikace<\/h3>\n<p data-start=\"521\" data-end=\"893\">Na str\u00e1nk\u00e1ch <strong data-start=\"525\" data-end=\"568\">\u0158ezac\u00ed stroj na armatury GQ55 (ploch\u00fd n\u016f\u017e)<\/strong> je ur\u010dena pro n\u00e1ro\u010dn\u00e9 \u00fakoly \u0159ez\u00e1n\u00ed oceli ve velk\u00fdch stavebn\u00edch projektech. Tento model \u00fa\u010dinn\u011b \u0159e\u017ee ocelov\u00e9 ty\u010de o pr\u016fm\u011bru od 6 mm do 42 mm, v\u010detn\u011b \u017eebrovan\u00fdch, kulat\u00fdch a uhl\u00edkov\u00fdch v\u00fdztu\u017e\u00ed. Je vybaven precizn\u011b zkonstruovan\u00fdm ploch\u00fdm no\u017eem a poskytuje ostr\u00e9 a p\u0159esn\u00e9 \u0159ezy, kter\u00e9 spl\u0148uj\u00ed normy pro stavebn\u00ed v\u00fdztu\u017ee.<\/p>\n<p data-start=\"895\" data-end=\"1076\">Na rozd\u00edl od leh\u010d\u00edch stroj\u016f poskytuje GQ55 siln\u011bj\u0161\u00ed kroutic\u00ed moment a pos\u00edlenou stabilitu, tak\u017ee je vhodn\u00fd pro mostn\u00ed konstrukce, v\u00fd\u0161kov\u00e9 stavby a prefabrika\u010dn\u00ed d\u00edlny.<\/p>\n<h3 data-start=\"1083\" data-end=\"1130\">P\u0159esn\u00fd a trvanliv\u00fd \u0159ezn\u00fd v\u00fdkon<\/h3>\n<p data-start=\"1132\" data-end=\"1363\">Syst\u00e9m ploch\u00fdch no\u017e\u016f zaji\u0161\u0165uje rovnou linii st\u0159ihu, co\u017e vede k minim\u00e1ln\u00ed deformaci ty\u010d\u00ed a \u010dist\u0161\u00edmu \u0159ezu. Krom\u011b toho tento model sni\u017euje ztr\u00e1ty materi\u00e1lu p\u0159i zpracov\u00e1n\u00ed, co\u017e pom\u00e1h\u00e1 dlouhodob\u011b sni\u017eovat provozn\u00ed n\u00e1klady.<\/p>\n<p data-start=\"1365\" data-end=\"1643\">D\u00edky m\u011bd\u011bn\u00e9mu motoru pr\u016fmyslov\u00e9 t\u0159\u00eddy nab\u00edz\u00ed \u0159eza\u010dka armatur GQ55 (ploch\u00fd n\u016f\u017e) stabiln\u00ed a nep\u0159etr\u017eit\u00fd v\u00fdkon. Mezit\u00edm byl zdokonalen vnit\u0159n\u00ed p\u0159evodov\u00fd syst\u00e9m, aby se sn\u00ed\u017eila mechanick\u00e1 hlu\u010dnost a zv\u00fd\u0161ila \u017eivotnost i p\u0159i intenzivn\u00edm pou\u017e\u00edv\u00e1n\u00ed.<\/p>\n<p data-start=\"1645\" data-end=\"1802\">Konstrukce s rychl\u00fdm p\u0159\u00edstupem nav\u00edc zjednodu\u0161uje b\u011b\u017enou \u00fadr\u017ebu. Obsluha m\u016f\u017ee snadno kontrolovat, mazat nebo m\u011bnit no\u017ee bez nutnosti demont\u00e1\u017ee n\u011bkolika panel\u016f.<\/p>\n<h3 data-start=\"1809\" data-end=\"1851\">Zes\u00edlen\u00e1 konstrukce pro dlouhodob\u00e9 pou\u017e\u00edv\u00e1n\u00ed<\/h3>\n<p data-start=\"1853\" data-end=\"2186\">Model GQ55 m\u00e1 siln\u011b zes\u00edlen\u00e9 litinov\u00e9 pouzdro, kter\u00e9 zaji\u0161\u0165uje vynikaj\u00edc\u00ed odolnost proti vibrac\u00edm a dlouhodob\u00e9mu nam\u00e1h\u00e1n\u00ed. Nav\u00edc je vybaven kole\u010dky odoln\u00fdmi proti opot\u0159eben\u00ed, kter\u00e1 umo\u017e\u0148uj\u00ed snadn\u00fd pohyb po \u010dlenit\u00e9m povrchu. Ru\u010dn\u00ed p\u00e1ka poskytuje intuitivn\u00ed ovl\u00e1d\u00e1n\u00ed a zaji\u0161\u0165uje, \u017ee ka\u017ed\u00fd \u0159ez je efektivn\u00ed a bezpe\u010dn\u00fd.<\/p>\n<p data-start=\"2188\" data-end=\"2365\">Podporuje <strong data-start=\"2200\" data-end=\"2243\">dvounap\u011b\u0165ov\u00e9 konfigurace (220V\/380V)<\/strong> a <strong data-start=\"2248\" data-end=\"2261\">50Hz\/60Hz<\/strong>, d\u00edky \u010demu\u017e je vysoce p\u0159izp\u016fsobiteln\u00fd pro exportn\u00ed trhy v Asii, na Bl\u00edzk\u00e9m v\u00fdchod\u011b, v Africe a Latinsk\u00e9 Americe.<\/p>\n<h3 data-start=\"2372\" data-end=\"2420\">Hlavn\u00ed v\u00fdhody ploch\u00e9ho no\u017ee GQ55<\/h3>\n<ul data-start=\"2422\" data-end=\"2640\">\n<li data-start=\"2422\" data-end=\"2476\">\n<p data-start=\"2424\" data-end=\"2476\">St\u0159\u00edh\u00e1 ocelov\u00e9 ty\u010de o pr\u016fm\u011bru 6-42 mm s d\u016fslednou p\u0159esnost\u00ed.<\/p>\n<\/li>\n<li data-start=\"2477\" data-end=\"2522\">\n<p data-start=\"2479\" data-end=\"2522\">Vytvo\u0159eno pro drsn\u00e9 stavebn\u00ed prost\u0159ed\u00ed<\/p>\n<\/li>\n<li data-start=\"2523\" data-end=\"2580\">\n<p data-start=\"2525\" data-end=\"2580\">Minim\u00e1ln\u00ed vibrace, dlouh\u00e1 \u017eivotnost a snadn\u00e1 \u00fadr\u017eba<\/p>\n<\/li>\n<li data-start=\"2581\" data-end=\"2640\">\n<p data-start=\"2583\" data-end=\"2640\">P\u0159izp\u016fsobiteln\u00e9 mo\u017enosti nap\u011bt\u00ed a frekvence pro glob\u00e1ln\u00ed pou\u017eit\u00ed<\/p>\n<\/li>\n<\/ul>\n<p><iframe title=\"\u0158ezac\u00ed stroj na v\u00fdztu\u017en\u00e9 ty\u010de, stroj na \u0159ez\u00e1n\u00ed ocelov\u00fdch ty\u010d\u00ed, stavebn\u00ed stroje\" width=\"720\" height=\"405\" src=\"https:\/\/www.youtube.com\/embed\/cIrJPBezWsw?feature=oembed\" frameborder=\"0\" allow=\"accelerometer; autoplay; clipboard-write; encrypted-media; gyroscope; picture-in-picture; web-share\" referrerpolicy=\"strict-origin-when-cross-origin\" allowfullscreen><\/iframe><\/p>","protected":false},"excerpt":{"rendered":"<p>N\u016f\u017eky na armaturu s ploch\u00fdm no\u017eem GQ55 jsou konstruov\u00e1ny pro st\u0159\u00edh\u00e1n\u00ed ty\u010d\u00ed o pr\u016fm\u011bru 6-42 mm, vyzna\u010duj\u00ed se vysokou pevnost\u00ed a spolehlivost\u00ed a nab\u00edzej\u00ed \u010dist\u00e9 \u0159ezy a hladk\u00fd chod pro pot\u0159eby pr\u016fmyslov\u00e9 v\u00fdstavby.<\/p>","protected":false},"featured_media":8928,"template":"","meta":{"_kad_post_transparent":"default","_kad_post_title":"","_kad_post_layout":"default","_kad_post_sidebar_id":"","_kad_post_content_style":"default","_kad_post_vertical_padding":"default","_kad_post_feature":"","_kad_post_feature_position":"","_kad_post_header":false,"_kad_post_footer":false},"product_brand":[],"product_cat":[51],"product_tag":[988,992,990,989,993,985,994,987,984,991,986],"class_list":{"0":"post-8927","1":"product","2":"type-product","3":"status-publish","4":"has-post-thumbnail","6":"product_cat-rebar-cutting-machine","7":"product_tag-automatic-rebar-cutter","8":"product_tag-construction-steel-bar-cutter","9":"product_tag-electric-rebar-cutting-tool","10":"product_tag-hydraulic-rebar-cutting-machine","11":"product_tag-portable-rebar-cutting-machine","12":"product_tag-rebar-cutter","13":"product_tag-rebar-cutting-machine","14":"product_tag-reinforcement-bar-cutter","15":"product_tag-steel-bar-cutting-machine","16":"product_tag-steel-rod-cutter-machine","17":"product_tag-tmt-bar-cutting-machine","19":"first","20":"instock","21":"shipping-taxable","22":"product-type-simple","23":"entry","24":"content-bg","25":"loop-entry"},"yoast_head":"<!-- This site is optimized with the Yoast SEO plugin v25.3.1 - https:\/\/yoast.com\/wordpress\/plugins\/seo\/ -->\n<title>Rebar Cutting Machine GQ55 (Flat knife) - HSY Construction Machinery<\/title>\n<meta name=\"description\" content=\"Rebar Cutting Machine GQ55 (Flat Knife) shears 6\u201342mm bars precisely. Heavy-duty design for durable use in global construction and steel processing sectors.\" \/>\n<meta name=\"robots\" content=\"index, follow, max-snippet:-1, max-image-preview:large, max-video-preview:-1\" \/>\n<link rel=\"canonical\" href=\"https:\/\/www.hsymachinery.com\/cs\/produkt\/stroj-na-rezani-vyztuze-gq55-plochy-nuz\/\" \/>\n<meta property=\"og:locale\" content=\"cs_CZ\" \/>\n<meta property=\"og:type\" content=\"article\" \/>\n<meta property=\"og:title\" content=\"Rebar Cutting Machine GQ55 (Flat knife) - HSY Construction Machinery\" \/>\n<meta property=\"og:description\" content=\"Rebar Cutting Machine GQ55 (Flat Knife) shears 6\u201342mm bars precisely. Heavy-duty design for durable use in global construction and steel processing sectors.\" \/>\n<meta property=\"og:url\" content=\"https:\/\/www.hsymachinery.com\/cs\/produkt\/stroj-na-rezani-vyztuze-gq55-plochy-nuz\/\" \/>\n<meta property=\"og:site_name\" content=\"HSY Construction Machinery\" \/>\n<meta property=\"article:modified_time\" content=\"2025-06-25T13:03:06+00:00\" \/>\n<meta property=\"og:image\" content=\"https:\/\/www.hsymachinery.com\/wp-content\/uploads\/2025\/06\/Rebar-Cutting-Machine-GQ55-Flat-knife.jpg\" \/>\n\t<meta property=\"og:image:width\" content=\"600\" \/>\n\t<meta property=\"og:image:height\" content=\"600\" \/>\n\t<meta property=\"og:image:type\" content=\"image\/jpeg\" \/>\n<meta name=\"twitter:card\" content=\"summary_large_image\" \/>\n<meta name=\"twitter:label1\" content=\"Odhadovan\u00e1 doba \u010dten\u00ed\" \/>\n\t<meta name=\"twitter:data1\" content=\"2 minuty\" \/>\n<script type=\"application\/ld+json\" class=\"yoast-schema-graph\">{\"@context\":\"https:\/\/schema.org\",\"@graph\":[{\"@type\":\"WebPage\",\"@id\":\"https:\/\/www.hsymachinery.com\/product\/rebar-cutting-machine-gq55-flat-knife\/\",\"url\":\"https:\/\/www.hsymachinery.com\/product\/rebar-cutting-machine-gq55-flat-knife\/\",\"name\":\"Rebar Cutting Machine GQ55 (Flat knife) - HSY Construction Machinery\",\"isPartOf\":{\"@id\":\"https:\/\/www.hsymachinery.com\/#website\"},\"primaryImageOfPage\":{\"@id\":\"https:\/\/www.hsymachinery.com\/product\/rebar-cutting-machine-gq55-flat-knife\/#primaryimage\"},\"image\":{\"@id\":\"https:\/\/www.hsymachinery.com\/product\/rebar-cutting-machine-gq55-flat-knife\/#primaryimage\"},\"thumbnailUrl\":\"https:\/\/www.hsymachinery.com\/wp-content\/uploads\/2025\/06\/Rebar-Cutting-Machine-GQ55-Flat-knife.jpg\",\"datePublished\":\"2025-06-18T03:27:56+00:00\",\"dateModified\":\"2025-06-25T13:03:06+00:00\",\"description\":\"Rebar Cutting Machine GQ55 (Flat Knife) shears 6\u201342mm bars precisely. Heavy-duty design for durable use in global construction and steel processing sectors.\",\"breadcrumb\":{\"@id\":\"https:\/\/www.hsymachinery.com\/product\/rebar-cutting-machine-gq55-flat-knife\/#breadcrumb\"},\"inLanguage\":\"cs\",\"potentialAction\":[{\"@type\":\"ReadAction\",\"target\":[\"https:\/\/www.hsymachinery.com\/product\/rebar-cutting-machine-gq55-flat-knife\/\"]}]},{\"@type\":\"ImageObject\",\"inLanguage\":\"cs\",\"@id\":\"https:\/\/www.hsymachinery.com\/product\/rebar-cutting-machine-gq55-flat-knife\/#primaryimage\",\"url\":\"https:\/\/www.hsymachinery.com\/wp-content\/uploads\/2025\/06\/Rebar-Cutting-Machine-GQ55-Flat-knife.jpg\",\"contentUrl\":\"https:\/\/www.hsymachinery.com\/wp-content\/uploads\/2025\/06\/Rebar-Cutting-Machine-GQ55-Flat-knife.jpg\",\"width\":600,\"height\":600},{\"@type\":\"BreadcrumbList\",\"@id\":\"https:\/\/www.hsymachinery.com\/product\/rebar-cutting-machine-gq55-flat-knife\/#breadcrumb\",\"itemListElement\":[{\"@type\":\"ListItem\",\"position\":1,\"name\":\"home\",\"item\":\"https:\/\/www.hsymachinery.com\/\"},{\"@type\":\"ListItem\",\"position\":2,\"name\":\"products\",\"item\":\"https:\/\/www.hsymachinery.com\/products\/\"},{\"@type\":\"ListItem\",\"position\":3,\"name\":\"Rebar Cutting Machine GQ55 (Flat knife)\"}]},{\"@type\":\"WebSite\",\"@id\":\"https:\/\/www.hsymachinery.com\/#website\",\"url\":\"https:\/\/www.hsymachinery.com\/\",\"name\":\"HSY Construction Machinery\",\"description\":\"HSY Machinery \u2013 A leading China construction machinery supplier, offering a wide range of light construction equipment. Our main products include Rebar Cutting Machine, Rebar Bending Machine, Rebar Stirrup Bending Machine, Rebar Arc Bending Machine, Rebar Straightening Machine, Five-Head Rebar Stirrup Bending Machine, Tamping Rammer, Plate Compactor, Concrete Cutter, Power Trowel, and other construction machinery. We are equipped with advanced CNC machines, and we enforce strict quality inspection standards along with comprehensive after-sales service. If you are interested in our products or services, we warmly welcome your inquiries via message.\",\"publisher\":{\"@id\":\"https:\/\/www.hsymachinery.com\/#organization\"},\"potentialAction\":[{\"@type\":\"SearchAction\",\"target\":{\"@type\":\"EntryPoint\",\"urlTemplate\":\"https:\/\/www.hsymachinery.com\/?s={search_term_string}\"},\"query-input\":{\"@type\":\"PropertyValueSpecification\",\"valueRequired\":true,\"valueName\":\"search_term_string\"}}],\"inLanguage\":\"cs\"},{\"@type\":\"Organization\",\"@id\":\"https:\/\/www.hsymachinery.com\/#organization\",\"name\":\"HSY Construction Machinery\",\"url\":\"https:\/\/www.hsymachinery.com\/\",\"logo\":{\"@type\":\"ImageObject\",\"inLanguage\":\"cs\",\"@id\":\"https:\/\/www.hsymachinery.com\/#\/schema\/logo\/image\/\",\"url\":\"https:\/\/www.hsymachinery.com\/wp-content\/uploads\/2025\/06\/cropped-HSY-machinery.png\",\"contentUrl\":\"https:\/\/www.hsymachinery.com\/wp-content\/uploads\/2025\/06\/cropped-HSY-machinery.png\",\"width\":600,\"height\":240,\"caption\":\"HSY Construction Machinery\"},\"image\":{\"@id\":\"https:\/\/www.hsymachinery.com\/#\/schema\/logo\/image\/\"}}]}<\/script>\n<!-- \/ Yoast SEO plugin. -->","yoast_head_json":{"title":"\u0158ezac\u00ed stroj na v\u00fdztu\u017ee GQ55 (ploch\u00fd n\u016f\u017e) - HSY Construction Machinery","description":"Strojek na \u0159ez\u00e1n\u00ed v\u00fdztu\u017ee GQ55 (ploch\u00fd n\u016f\u017e) p\u0159esn\u011b st\u0159\u00edh\u00e1 ty\u010de o pr\u016fm\u011bru 6-42 mm. Odoln\u00e1 konstrukce pro trval\u00e9 pou\u017eit\u00ed v celosv\u011btov\u00e9m stavebnictv\u00ed a v odv\u011btv\u00ed zpracov\u00e1n\u00ed oceli.","robots":{"index":"index","follow":"follow","max-snippet":"max-snippet:-1","max-image-preview":"max-image-preview:large","max-video-preview":"max-video-preview:-1"},"canonical":"https:\/\/www.hsymachinery.com\/cs\/produkt\/stroj-na-rezani-vyztuze-gq55-plochy-nuz\/","og_locale":"cs_CZ","og_type":"article","og_title":"Rebar Cutting Machine GQ55 (Flat knife) - HSY Construction Machinery","og_description":"Rebar Cutting Machine GQ55 (Flat Knife) shears 6\u201342mm bars precisely. Heavy-duty design for durable use in global construction and steel processing sectors.","og_url":"https:\/\/www.hsymachinery.com\/cs\/produkt\/stroj-na-rezani-vyztuze-gq55-plochy-nuz\/","og_site_name":"HSY Construction Machinery","article_modified_time":"2025-06-25T13:03:06+00:00","og_image":[{"width":600,"height":600,"url":"https:\/\/www.hsymachinery.com\/wp-content\/uploads\/2025\/06\/Rebar-Cutting-Machine-GQ55-Flat-knife.jpg","type":"image\/jpeg"}],"twitter_card":"summary_large_image","twitter_misc":{"Odhadovan\u00e1 doba \u010dten\u00ed":"2 minuty"},"schema":{"@context":"https:\/\/schema.org","@graph":[{"@type":"WebPage","@id":"https:\/\/www.hsymachinery.com\/product\/rebar-cutting-machine-gq55-flat-knife\/","url":"https:\/\/www.hsymachinery.com\/product\/rebar-cutting-machine-gq55-flat-knife\/","name":"\u0158ezac\u00ed stroj na v\u00fdztu\u017ee GQ55 (ploch\u00fd n\u016f\u017e) - HSY Construction Machinery","isPartOf":{"@id":"https:\/\/www.hsymachinery.com\/#website"},"primaryImageOfPage":{"@id":"https:\/\/www.hsymachinery.com\/product\/rebar-cutting-machine-gq55-flat-knife\/#primaryimage"},"image":{"@id":"https:\/\/www.hsymachinery.com\/product\/rebar-cutting-machine-gq55-flat-knife\/#primaryimage"},"thumbnailUrl":"https:\/\/www.hsymachinery.com\/wp-content\/uploads\/2025\/06\/Rebar-Cutting-Machine-GQ55-Flat-knife.jpg","datePublished":"2025-06-18T03:27:56+00:00","dateModified":"2025-06-25T13:03:06+00:00","description":"Strojek na \u0159ez\u00e1n\u00ed v\u00fdztu\u017ee GQ55 (ploch\u00fd n\u016f\u017e) p\u0159esn\u011b st\u0159\u00edh\u00e1 ty\u010de o pr\u016fm\u011bru 6-42 mm. Odoln\u00e1 konstrukce pro trval\u00e9 pou\u017eit\u00ed v celosv\u011btov\u00e9m stavebnictv\u00ed a v odv\u011btv\u00ed zpracov\u00e1n\u00ed oceli.","breadcrumb":{"@id":"https:\/\/www.hsymachinery.com\/product\/rebar-cutting-machine-gq55-flat-knife\/#breadcrumb"},"inLanguage":"cs","potentialAction":[{"@type":"ReadAction","target":["https:\/\/www.hsymachinery.com\/product\/rebar-cutting-machine-gq55-flat-knife\/"]}]},{"@type":"ImageObject","inLanguage":"cs","@id":"https:\/\/www.hsymachinery.com\/product\/rebar-cutting-machine-gq55-flat-knife\/#primaryimage","url":"https:\/\/www.hsymachinery.com\/wp-content\/uploads\/2025\/06\/Rebar-Cutting-Machine-GQ55-Flat-knife.jpg","contentUrl":"https:\/\/www.hsymachinery.com\/wp-content\/uploads\/2025\/06\/Rebar-Cutting-Machine-GQ55-Flat-knife.jpg","width":600,"height":600},{"@type":"BreadcrumbList","@id":"https:\/\/www.hsymachinery.com\/product\/rebar-cutting-machine-gq55-flat-knife\/#breadcrumb","itemListElement":[{"@type":"ListItem","position":1,"name":"home","item":"https:\/\/www.hsymachinery.com\/"},{"@type":"ListItem","position":2,"name":"products","item":"https:\/\/www.hsymachinery.com\/products\/"},{"@type":"ListItem","position":3,"name":"Rebar Cutting Machine GQ55 (Flat knife)"}]},{"@type":"WebSite","@id":"https:\/\/www.hsymachinery.com\/#website","url":"https:\/\/www.hsymachinery.com\/","name":"Stavebn\u00ed stroje HSY","description":"HSY Machinery - P\u0159edn\u00ed \u010d\u00ednsk\u00fd dodavatel stavebn\u00edch stroj\u016f, kter\u00fd nab\u00edz\u00ed \u0161irokou \u0161k\u00e1lu lehk\u00fdch stavebn\u00edch stroj\u016f. Mezi na\u0161e hlavn\u00ed produkty pat\u0159\u00ed \u0159eza\u010dka prut\u016f, oh\u00fdba\u010dka prut\u016f, oh\u00fdba\u010dka prut\u016f, obloukov\u00e1 oh\u00fdba\u010dka prut\u016f, rovna\u010dka prut\u016f, p\u011btihlav\u0148ov\u00e1 oh\u00fdba\u010dka prut\u016f, p\u011bchovac\u00ed kladivo, zhut\u0148ova\u010d desek, \u0159eza\u010dka betonu, motorov\u00e1 st\u011brka a dal\u0161\u00ed stavebn\u00ed stroje. Jsme vybaveni modern\u00edmi CNC stroji a prosazujeme p\u0159\u00edsn\u00e9 standardy kontroly kvality spolu s komplexn\u00edm poprodejn\u00edm servisem. Pokud m\u00e1te z\u00e1jem o na\u0161e v\u00fdrobky nebo slu\u017eby, srde\u010dn\u011b uv\u00edt\u00e1me va\u0161e dotazy prost\u0159ednictv\u00edm zpr\u00e1vy.","publisher":{"@id":"https:\/\/www.hsymachinery.com\/#organization"},"potentialAction":[{"@type":"SearchAction","target":{"@type":"EntryPoint","urlTemplate":"https:\/\/www.hsymachinery.com\/?s={search_term_string}"},"query-input":{"@type":"PropertyValueSpecification","valueRequired":true,"valueName":"search_term_string"}}],"inLanguage":"cs"},{"@type":"Organization","@id":"https:\/\/www.hsymachinery.com\/#organization","name":"Stavebn\u00ed stroje HSY","url":"https:\/\/www.hsymachinery.com\/","logo":{"@type":"ImageObject","inLanguage":"cs","@id":"https:\/\/www.hsymachinery.com\/#\/schema\/logo\/image\/","url":"https:\/\/www.hsymachinery.com\/wp-content\/uploads\/2025\/06\/cropped-HSY-machinery.png","contentUrl":"https:\/\/www.hsymachinery.com\/wp-content\/uploads\/2025\/06\/cropped-HSY-machinery.png","width":600,"height":240,"caption":"HSY Construction Machinery"},"image":{"@id":"https:\/\/www.hsymachinery.com\/#\/schema\/logo\/image\/"}}]}},"_links":{"self":[{"href":"https:\/\/www.hsymachinery.com\/cs\/wp-json\/wp\/v2\/product\/8927","targetHints":{"allow":["GET"]}}],"collection":[{"href":"https:\/\/www.hsymachinery.com\/cs\/wp-json\/wp\/v2\/product"}],"about":[{"href":"https:\/\/www.hsymachinery.com\/cs\/wp-json\/wp\/v2\/types\/product"}],"version-history":[{"count":3,"href":"https:\/\/www.hsymachinery.com\/cs\/wp-json\/wp\/v2\/product\/8927\/revisions"}],"predecessor-version":[{"id":9333,"href":"https:\/\/www.hsymachinery.com\/cs\/wp-json\/wp\/v2\/product\/8927\/revisions\/9333"}],"wp:featuredmedia":[{"embeddable":true,"href":"https:\/\/www.hsymachinery.com\/cs\/wp-json\/wp\/v2\/media\/8928"}],"wp:attachment":[{"href":"https:\/\/www.hsymachinery.com\/cs\/wp-json\/wp\/v2\/media?parent=8927"}],"wp:term":[{"taxonomy":"product_brand","embeddable":true,"href":"https:\/\/www.hsymachinery.com\/cs\/wp-json\/wp\/v2\/product_brand?post=8927"},{"taxonomy":"product_cat","embeddable":true,"href":"https:\/\/www.hsymachinery.com\/cs\/wp-json\/wp\/v2\/product_cat?post=8927"},{"taxonomy":"product_tag","embeddable":true,"href":"https:\/\/www.hsymachinery.com\/cs\/wp-json\/wp\/v2\/product_tag?post=8927"}],"curies":[{"name":"wp","href":"https:\/\/api.w.org\/{rel}","templated":true}]}}