{"id":8924,"date":"2025-06-18T11:25:48","date_gmt":"2025-06-18T03:25:48","guid":{"rendered":"https:\/\/www.hsymachinery.com\/?post_type=product&#038;p=8924"},"modified":"2025-06-25T20:59:05","modified_gmt":"2025-06-25T12:59:05","slug":"stroj-na-rezani-vyztuze-gq50-kulaty-nuz","status":"publish","type":"product","link":"https:\/\/www.hsymachinery.com\/cs\/produkt\/stroj-na-rezani-vyztuze-gq50-kulaty-nuz\/","title":{"rendered":"\u0158ezac\u00ed stroj na armatury GQ50 (kulat\u00fd n\u016f\u017e)"},"content":{"rendered":"<h3 data-start=\"232\" data-end=\"318\">P\u0159ehled v\u00fdrobk\u016f - Vysokokapacitn\u00ed stroj na zpracov\u00e1n\u00ed v\u00fdztu\u017ee pro ocelov\u00e9 ty\u010de 6-40 mm<\/h3>\n<p data-start=\"320\" data-end=\"709\">Na str\u00e1nk\u00e1ch <strong data-start=\"324\" data-end=\"368\">\u0158ezac\u00ed stroj na armatury GQ50 (kulat\u00fd n\u016f\u017e)<\/strong> je v\u00fdkonn\u00fd a efektivn\u00ed stroj na \u0159ez\u00e1n\u00ed ocelov\u00fdch ty\u010d\u00ed ur\u010den\u00fd pro rozs\u00e1hl\u00fd a nep\u0159etr\u017eit\u00fd provoz. Podporuje \u0159ez\u00e1n\u00ed <strong data-start=\"497\" data-end=\"512\">6 mm a\u017e 40 mm<\/strong> uhl\u00edkov\u00e1 ocel, deformovan\u00e9 ty\u010de a kruhov\u00e9 v\u00fdztu\u017ee. Jeho kulat\u00e1 konstrukce no\u017ee nab\u00edz\u00ed \u0159ez\u00e1n\u00ed s valiv\u00fdm st\u0159ihem, co\u017e v\u00fdrazn\u011b sni\u017euje odpor a opot\u0159eben\u00ed \u010depele ve srovn\u00e1n\u00ed s tradi\u010dn\u00edmi ploch\u00fdmi no\u017ei.<\/p>\n<p data-start=\"711\" data-end=\"855\">Tento model se \u0161iroce pou\u017e\u00edv\u00e1 p\u0159i stavb\u011b silnic a most\u016f, komer\u010dn\u00edch budov, v d\u00edln\u00e1ch pro prefabrikaci v\u00fdztu\u017ee a p\u0159i rozvoji infrastruktury.<\/p>\n<h3 data-start=\"862\" data-end=\"913\">V\u00e1le\u010dkov\u00fd st\u0159i\u017en\u00fd mechanismus pro \u010dist\u00e9 a rychl\u00e9 \u0159ezy<\/h3>\n<p data-start=\"915\" data-end=\"1212\">Syst\u00e9m kulat\u00fdch no\u017e\u016f zaji\u0161\u0165uje hlad\u0161\u00ed \u0159ez\u00e1n\u00ed d\u00edky valiv\u00e9mu tlaku na ocelovou ty\u010d. V\u00fdsledkem je \u010dist\u0161\u00ed a rovnom\u011brn\u011bj\u0161\u00ed \u0159ezn\u00e1 plocha, kter\u00e1 je m\u00e9n\u011b n\u00e1chyln\u00e1 k deformaci. Krom\u011b toho tato konstrukce sni\u017euje nam\u00e1h\u00e1n\u00ed motoru a prodlu\u017euje \u017eivotnost no\u017e\u016f.<\/p>\n<p data-start=\"1214\" data-end=\"1524\">Na str\u00e1nk\u00e1ch <strong data-start=\"1218\" data-end=\"1262\"><a href=\"https:\/\/www.hsymachinery.com\/cs\/produkty\/stroj-na-rezani-vyztuze\/\" target=\"_blank\" rel=\"noopener\">\u0158ezac\u00ed stroj na v\u00fdztu\u017e<\/a> GQ50 (kulat\u00fd n\u016f\u017e)<\/strong> je vybavena vysoce \u00fa\u010dinn\u00fdm m\u011bd\u011bn\u00fdm motorem a p\u0159esnou p\u0159evodovkou, kter\u00e9 spole\u010dn\u011b zaji\u0161\u0165uj\u00ed st\u00e1l\u00fd to\u010div\u00fd moment i p\u0159i dlouh\u00e9 pr\u00e1ci. Motor pracuje s minim\u00e1ln\u00edm zah\u0159\u00edv\u00e1n\u00edm a vibracemi, co\u017e zaji\u0161\u0165uje bezpe\u010dn\u00fd, tich\u00fd a stabiln\u00ed provoz.<\/p>\n<h3 data-start=\"1531\" data-end=\"1587\">Odoln\u00e1 konstrukce s glob\u00e1ln\u00ed kompatibilitou<\/h3>\n<p data-start=\"1589\" data-end=\"1844\">R\u00e1m je vyroben ze zes\u00edlen\u00e9 litiny, kter\u00e1 zaji\u0161\u0165uje vynikaj\u00edc\u00ed pevnost a odolnost proti n\u00e1raz\u016fm. Stroj je vybaven pevn\u00fdmi koly pro snadn\u00e9 p\u0159emis\u0165ov\u00e1n\u00ed po staveni\u0161ti a jeho ru\u010dn\u00ed ovl\u00e1dac\u00ed p\u00e1ka umo\u017e\u0148uje obsluze p\u0159esn\u00e9 ovl\u00e1d\u00e1n\u00ed ka\u017ed\u00e9ho \u0159ezu.<\/p>\n<p data-start=\"1846\" data-end=\"2037\">D\u00edky otev\u0159en\u00e9 konstrukci je nav\u00edc v\u00fdm\u011bna lopatek a vnit\u0159n\u00ed servis rychl\u00fd a jednoduch\u00fd. S <strong data-start=\"1947\" data-end=\"1982\">220V\/380V a 50Hz\/60Hz volby<\/strong>, je tento stroj pln\u011b p\u0159ipraven pro mezin\u00e1rodn\u00ed v\u00fdvoz.<\/p>\n<h3 data-start=\"2044\" data-end=\"2089\">Pro\u010d si vybrat kulat\u00fd n\u016f\u017e GQ50?<\/h3>\n<ul data-start=\"2091\" data-end=\"2296\">\n<li data-start=\"2091\" data-end=\"2149\">\n<p data-start=\"2093\" data-end=\"2149\">\u0158e\u017ee ocelov\u00e9 ty\u010de o pr\u016fm\u011bru 6-40 mm pomoc\u00ed v\u00e1lcov\u00e1n\u00ed s kulat\u00fdm ost\u0159\u00edm<\/p>\n<\/li>\n<li data-start=\"2150\" data-end=\"2205\">\n<p data-start=\"2152\" data-end=\"2205\">Sni\u017euje \u0159ezn\u00fd odpor a zvy\u0161uje \u00fa\u010dinnost<\/p>\n<\/li>\n<li data-start=\"2206\" data-end=\"2254\">\n<p data-start=\"2208\" data-end=\"2254\">Odoln\u00e1 konstrukce s rychl\u00fdm p\u0159\u00edstupem k \u00fadr\u017eb\u011b<\/p>\n<\/li>\n<li data-start=\"2255\" data-end=\"2296\">\n<p data-start=\"2257\" data-end=\"2296\">Ide\u00e1ln\u00ed pro t\u011b\u017ek\u00e9 n\u00e1kladn\u00ed vozy a exportn\u00ed trhy<\/p>\n<\/li>\n<\/ul>\n<p data-start=\"2298\" data-end=\"2419\">Vyberte si <strong data-start=\"2309\" data-end=\"2353\">\u0158ezac\u00ed stroj na armatury GQ50 (kulat\u00fd n\u016f\u017e)<\/strong> zefektivnit zpracov\u00e1n\u00ed ocelov\u00fdch ty\u010d\u00ed s maxim\u00e1ln\u00ed spolehlivost\u00ed.<\/p>\n<p><iframe title=\"\u0158ezac\u00ed stroj na v\u00fdztu\u017en\u00e9 ty\u010de, stroj na \u0159ez\u00e1n\u00ed ocelov\u00fdch ty\u010d\u00ed, stavebn\u00ed stroje\" width=\"720\" height=\"405\" src=\"https:\/\/www.youtube.com\/embed\/cIrJPBezWsw?feature=oembed\" frameborder=\"0\" allow=\"accelerometer; autoplay; clipboard-write; encrypted-media; gyroscope; picture-in-picture; web-share\" referrerpolicy=\"strict-origin-when-cross-origin\" allowfullscreen><\/iframe><\/p>","protected":false},"excerpt":{"rendered":"<p>\u0158ezac\u00ed stroj na kulat\u00e9 no\u017ee GQ50 \u00fa\u010dinn\u011b zpracov\u00e1v\u00e1 ocelov\u00e9 ty\u010de o pr\u016fm\u011bru 6-40 mm pomoc\u00ed v\u00e1lcovac\u00edch n\u016f\u017eek, \u010d\u00edm\u017e zaji\u0161\u0165uje hladk\u00e9 \u0159ezy, n\u00edzk\u00fd odpor a vysokou odolnost pro nep\u0159etr\u017eitou pr\u00e1ci na staveni\u0161ti.<\/p>","protected":false},"featured_media":8925,"template":"","meta":{"_kad_post_transparent":"default","_kad_post_title":"","_kad_post_layout":"default","_kad_post_sidebar_id":"","_kad_post_content_style":"default","_kad_post_vertical_padding":"default","_kad_post_feature":"","_kad_post_feature_position":"","_kad_post_header":false,"_kad_post_footer":false},"product_brand":[],"product_cat":[51],"product_tag":[988,992,990,989,993,985,994,987,984,991,986],"class_list":{"0":"post-8924","1":"product","2":"type-product","3":"status-publish","4":"has-post-thumbnail","6":"product_cat-rebar-cutting-machine","7":"product_tag-automatic-rebar-cutter","8":"product_tag-construction-steel-bar-cutter","9":"product_tag-electric-rebar-cutting-tool","10":"product_tag-hydraulic-rebar-cutting-machine","11":"product_tag-portable-rebar-cutting-machine","12":"product_tag-rebar-cutter","13":"product_tag-rebar-cutting-machine","14":"product_tag-reinforcement-bar-cutter","15":"product_tag-steel-bar-cutting-machine","16":"product_tag-steel-rod-cutter-machine","17":"product_tag-tmt-bar-cutting-machine","19":"first","20":"instock","21":"shipping-taxable","22":"product-type-simple","23":"entry","24":"content-bg","25":"loop-entry"},"yoast_head":"<!-- This site is optimized with the Yoast SEO plugin v25.3.1 - https:\/\/yoast.com\/wordpress\/plugins\/seo\/ -->\n<title>Rebar Cutting Machine GQ50 (Round knife) - HSY Construction Machinery<\/title>\n<meta name=\"description\" content=\"Rebar Cutting Machine GQ50 (Round Knife) delivers fast, clean rolling-shear cuts for 6\u201340mm rebar. Built for high-output construction and international markets.\" \/>\n<meta name=\"robots\" content=\"index, follow, max-snippet:-1, max-image-preview:large, max-video-preview:-1\" \/>\n<link rel=\"canonical\" href=\"https:\/\/www.hsymachinery.com\/cs\/produkt\/stroj-na-rezani-vyztuze-gq50-kulaty-nuz\/\" \/>\n<meta property=\"og:locale\" content=\"cs_CZ\" \/>\n<meta property=\"og:type\" content=\"article\" \/>\n<meta property=\"og:title\" content=\"Rebar Cutting Machine GQ50 (Round knife) - HSY Construction Machinery\" \/>\n<meta property=\"og:description\" content=\"Rebar Cutting Machine GQ50 (Round Knife) delivers fast, clean rolling-shear cuts for 6\u201340mm rebar. Built for high-output construction and international markets.\" \/>\n<meta property=\"og:url\" content=\"https:\/\/www.hsymachinery.com\/cs\/produkt\/stroj-na-rezani-vyztuze-gq50-kulaty-nuz\/\" \/>\n<meta property=\"og:site_name\" content=\"HSY Construction Machinery\" \/>\n<meta property=\"article:modified_time\" content=\"2025-06-25T12:59:05+00:00\" \/>\n<meta property=\"og:image\" content=\"https:\/\/www.hsymachinery.com\/wp-content\/uploads\/2025\/06\/Rebar-Cutting-Machine-GQ50-Round-knife.jpg\" \/>\n\t<meta property=\"og:image:width\" content=\"600\" \/>\n\t<meta property=\"og:image:height\" content=\"600\" \/>\n\t<meta property=\"og:image:type\" content=\"image\/jpeg\" \/>\n<meta name=\"twitter:card\" content=\"summary_large_image\" \/>\n<meta name=\"twitter:label1\" content=\"Odhadovan\u00e1 doba \u010dten\u00ed\" \/>\n\t<meta name=\"twitter:data1\" content=\"2 minuty\" \/>\n<script type=\"application\/ld+json\" class=\"yoast-schema-graph\">{\"@context\":\"https:\/\/schema.org\",\"@graph\":[{\"@type\":\"WebPage\",\"@id\":\"https:\/\/www.hsymachinery.com\/product\/rebar-cutting-machine-gq50-round-knife\/\",\"url\":\"https:\/\/www.hsymachinery.com\/product\/rebar-cutting-machine-gq50-round-knife\/\",\"name\":\"Rebar Cutting Machine GQ50 (Round knife) - HSY Construction Machinery\",\"isPartOf\":{\"@id\":\"https:\/\/www.hsymachinery.com\/#website\"},\"primaryImageOfPage\":{\"@id\":\"https:\/\/www.hsymachinery.com\/product\/rebar-cutting-machine-gq50-round-knife\/#primaryimage\"},\"image\":{\"@id\":\"https:\/\/www.hsymachinery.com\/product\/rebar-cutting-machine-gq50-round-knife\/#primaryimage\"},\"thumbnailUrl\":\"https:\/\/www.hsymachinery.com\/wp-content\/uploads\/2025\/06\/Rebar-Cutting-Machine-GQ50-Round-knife.jpg\",\"datePublished\":\"2025-06-18T03:25:48+00:00\",\"dateModified\":\"2025-06-25T12:59:05+00:00\",\"description\":\"Rebar Cutting Machine GQ50 (Round Knife) delivers fast, clean rolling-shear cuts for 6\u201340mm rebar. Built for high-output construction and international markets.\",\"breadcrumb\":{\"@id\":\"https:\/\/www.hsymachinery.com\/product\/rebar-cutting-machine-gq50-round-knife\/#breadcrumb\"},\"inLanguage\":\"cs\",\"potentialAction\":[{\"@type\":\"ReadAction\",\"target\":[\"https:\/\/www.hsymachinery.com\/product\/rebar-cutting-machine-gq50-round-knife\/\"]}]},{\"@type\":\"ImageObject\",\"inLanguage\":\"cs\",\"@id\":\"https:\/\/www.hsymachinery.com\/product\/rebar-cutting-machine-gq50-round-knife\/#primaryimage\",\"url\":\"https:\/\/www.hsymachinery.com\/wp-content\/uploads\/2025\/06\/Rebar-Cutting-Machine-GQ50-Round-knife.jpg\",\"contentUrl\":\"https:\/\/www.hsymachinery.com\/wp-content\/uploads\/2025\/06\/Rebar-Cutting-Machine-GQ50-Round-knife.jpg\",\"width\":600,\"height\":600},{\"@type\":\"BreadcrumbList\",\"@id\":\"https:\/\/www.hsymachinery.com\/product\/rebar-cutting-machine-gq50-round-knife\/#breadcrumb\",\"itemListElement\":[{\"@type\":\"ListItem\",\"position\":1,\"name\":\"home\",\"item\":\"https:\/\/www.hsymachinery.com\/\"},{\"@type\":\"ListItem\",\"position\":2,\"name\":\"products\",\"item\":\"https:\/\/www.hsymachinery.com\/products\/\"},{\"@type\":\"ListItem\",\"position\":3,\"name\":\"Rebar Cutting Machine GQ50 (Round knife)\"}]},{\"@type\":\"WebSite\",\"@id\":\"https:\/\/www.hsymachinery.com\/#website\",\"url\":\"https:\/\/www.hsymachinery.com\/\",\"name\":\"HSY Construction Machinery\",\"description\":\"HSY Machinery \u2013 A leading China construction machinery supplier, offering a wide range of light construction equipment. Our main products include Rebar Cutting Machine, Rebar Bending Machine, Rebar Stirrup Bending Machine, Rebar Arc Bending Machine, Rebar Straightening Machine, Five-Head Rebar Stirrup Bending Machine, Tamping Rammer, Plate Compactor, Concrete Cutter, Power Trowel, and other construction machinery. We are equipped with advanced CNC machines, and we enforce strict quality inspection standards along with comprehensive after-sales service. If you are interested in our products or services, we warmly welcome your inquiries via message.\",\"publisher\":{\"@id\":\"https:\/\/www.hsymachinery.com\/#organization\"},\"potentialAction\":[{\"@type\":\"SearchAction\",\"target\":{\"@type\":\"EntryPoint\",\"urlTemplate\":\"https:\/\/www.hsymachinery.com\/?s={search_term_string}\"},\"query-input\":{\"@type\":\"PropertyValueSpecification\",\"valueRequired\":true,\"valueName\":\"search_term_string\"}}],\"inLanguage\":\"cs\"},{\"@type\":\"Organization\",\"@id\":\"https:\/\/www.hsymachinery.com\/#organization\",\"name\":\"HSY Construction Machinery\",\"url\":\"https:\/\/www.hsymachinery.com\/\",\"logo\":{\"@type\":\"ImageObject\",\"inLanguage\":\"cs\",\"@id\":\"https:\/\/www.hsymachinery.com\/#\/schema\/logo\/image\/\",\"url\":\"https:\/\/www.hsymachinery.com\/wp-content\/uploads\/2025\/06\/cropped-HSY-machinery.png\",\"contentUrl\":\"https:\/\/www.hsymachinery.com\/wp-content\/uploads\/2025\/06\/cropped-HSY-machinery.png\",\"width\":600,\"height\":240,\"caption\":\"HSY Construction Machinery\"},\"image\":{\"@id\":\"https:\/\/www.hsymachinery.com\/#\/schema\/logo\/image\/\"}}]}<\/script>\n<!-- \/ Yoast SEO plugin. -->","yoast_head_json":{"title":"\u0158ezac\u00ed stroj na v\u00fdztu\u017ee GQ50 (kulat\u00fd n\u016f\u017e) - HSY Construction Machinery","description":"\u0158ezac\u00ed stroj na armaturu GQ50 (kulat\u00fd n\u016f\u017e) zaji\u0161\u0165uje rychl\u00e9 a \u010dist\u00e9 \u0159ezy v\u00e1lcov\u00e1n\u00edm a st\u0159\u00edh\u00e1n\u00edm pro armaturu o pr\u016fm\u011bru 6-40 mm. Vytvo\u0159en pro vysoce v\u00fdkonn\u00e9 stavebnictv\u00ed a mezin\u00e1rodn\u00ed trhy.","robots":{"index":"index","follow":"follow","max-snippet":"max-snippet:-1","max-image-preview":"max-image-preview:large","max-video-preview":"max-video-preview:-1"},"canonical":"https:\/\/www.hsymachinery.com\/cs\/produkt\/stroj-na-rezani-vyztuze-gq50-kulaty-nuz\/","og_locale":"cs_CZ","og_type":"article","og_title":"Rebar Cutting Machine GQ50 (Round knife) - HSY Construction Machinery","og_description":"Rebar Cutting Machine GQ50 (Round Knife) delivers fast, clean rolling-shear cuts for 6\u201340mm rebar. Built for high-output construction and international markets.","og_url":"https:\/\/www.hsymachinery.com\/cs\/produkt\/stroj-na-rezani-vyztuze-gq50-kulaty-nuz\/","og_site_name":"HSY Construction Machinery","article_modified_time":"2025-06-25T12:59:05+00:00","og_image":[{"width":600,"height":600,"url":"https:\/\/www.hsymachinery.com\/wp-content\/uploads\/2025\/06\/Rebar-Cutting-Machine-GQ50-Round-knife.jpg","type":"image\/jpeg"}],"twitter_card":"summary_large_image","twitter_misc":{"Odhadovan\u00e1 doba \u010dten\u00ed":"2 minuty"},"schema":{"@context":"https:\/\/schema.org","@graph":[{"@type":"WebPage","@id":"https:\/\/www.hsymachinery.com\/product\/rebar-cutting-machine-gq50-round-knife\/","url":"https:\/\/www.hsymachinery.com\/product\/rebar-cutting-machine-gq50-round-knife\/","name":"\u0158ezac\u00ed stroj na v\u00fdztu\u017ee GQ50 (kulat\u00fd n\u016f\u017e) - HSY Construction Machinery","isPartOf":{"@id":"https:\/\/www.hsymachinery.com\/#website"},"primaryImageOfPage":{"@id":"https:\/\/www.hsymachinery.com\/product\/rebar-cutting-machine-gq50-round-knife\/#primaryimage"},"image":{"@id":"https:\/\/www.hsymachinery.com\/product\/rebar-cutting-machine-gq50-round-knife\/#primaryimage"},"thumbnailUrl":"https:\/\/www.hsymachinery.com\/wp-content\/uploads\/2025\/06\/Rebar-Cutting-Machine-GQ50-Round-knife.jpg","datePublished":"2025-06-18T03:25:48+00:00","dateModified":"2025-06-25T12:59:05+00:00","description":"\u0158ezac\u00ed stroj na armaturu GQ50 (kulat\u00fd n\u016f\u017e) zaji\u0161\u0165uje rychl\u00e9 a \u010dist\u00e9 \u0159ezy v\u00e1lcov\u00e1n\u00edm a st\u0159\u00edh\u00e1n\u00edm pro armaturu o pr\u016fm\u011bru 6-40 mm. Vytvo\u0159en pro vysoce v\u00fdkonn\u00e9 stavebnictv\u00ed a mezin\u00e1rodn\u00ed trhy.","breadcrumb":{"@id":"https:\/\/www.hsymachinery.com\/product\/rebar-cutting-machine-gq50-round-knife\/#breadcrumb"},"inLanguage":"cs","potentialAction":[{"@type":"ReadAction","target":["https:\/\/www.hsymachinery.com\/product\/rebar-cutting-machine-gq50-round-knife\/"]}]},{"@type":"ImageObject","inLanguage":"cs","@id":"https:\/\/www.hsymachinery.com\/product\/rebar-cutting-machine-gq50-round-knife\/#primaryimage","url":"https:\/\/www.hsymachinery.com\/wp-content\/uploads\/2025\/06\/Rebar-Cutting-Machine-GQ50-Round-knife.jpg","contentUrl":"https:\/\/www.hsymachinery.com\/wp-content\/uploads\/2025\/06\/Rebar-Cutting-Machine-GQ50-Round-knife.jpg","width":600,"height":600},{"@type":"BreadcrumbList","@id":"https:\/\/www.hsymachinery.com\/product\/rebar-cutting-machine-gq50-round-knife\/#breadcrumb","itemListElement":[{"@type":"ListItem","position":1,"name":"home","item":"https:\/\/www.hsymachinery.com\/"},{"@type":"ListItem","position":2,"name":"products","item":"https:\/\/www.hsymachinery.com\/products\/"},{"@type":"ListItem","position":3,"name":"Rebar Cutting Machine GQ50 (Round knife)"}]},{"@type":"WebSite","@id":"https:\/\/www.hsymachinery.com\/#website","url":"https:\/\/www.hsymachinery.com\/","name":"Stavebn\u00ed stroje HSY","description":"HSY Machinery - P\u0159edn\u00ed \u010d\u00ednsk\u00fd dodavatel stavebn\u00edch stroj\u016f, kter\u00fd nab\u00edz\u00ed \u0161irokou \u0161k\u00e1lu lehk\u00fdch stavebn\u00edch stroj\u016f. Mezi na\u0161e hlavn\u00ed produkty pat\u0159\u00ed \u0159eza\u010dka prut\u016f, oh\u00fdba\u010dka prut\u016f, oh\u00fdba\u010dka prut\u016f, obloukov\u00e1 oh\u00fdba\u010dka prut\u016f, rovna\u010dka prut\u016f, p\u011btihlav\u0148ov\u00e1 oh\u00fdba\u010dka prut\u016f, p\u011bchovac\u00ed kladivo, zhut\u0148ova\u010d desek, \u0159eza\u010dka betonu, motorov\u00e1 st\u011brka a dal\u0161\u00ed stavebn\u00ed stroje. Jsme vybaveni modern\u00edmi CNC stroji a prosazujeme p\u0159\u00edsn\u00e9 standardy kontroly kvality spolu s komplexn\u00edm poprodejn\u00edm servisem. Pokud m\u00e1te z\u00e1jem o na\u0161e v\u00fdrobky nebo slu\u017eby, srde\u010dn\u011b uv\u00edt\u00e1me va\u0161e dotazy prost\u0159ednictv\u00edm zpr\u00e1vy.","publisher":{"@id":"https:\/\/www.hsymachinery.com\/#organization"},"potentialAction":[{"@type":"SearchAction","target":{"@type":"EntryPoint","urlTemplate":"https:\/\/www.hsymachinery.com\/?s={search_term_string}"},"query-input":{"@type":"PropertyValueSpecification","valueRequired":true,"valueName":"search_term_string"}}],"inLanguage":"cs"},{"@type":"Organization","@id":"https:\/\/www.hsymachinery.com\/#organization","name":"Stavebn\u00ed stroje HSY","url":"https:\/\/www.hsymachinery.com\/","logo":{"@type":"ImageObject","inLanguage":"cs","@id":"https:\/\/www.hsymachinery.com\/#\/schema\/logo\/image\/","url":"https:\/\/www.hsymachinery.com\/wp-content\/uploads\/2025\/06\/cropped-HSY-machinery.png","contentUrl":"https:\/\/www.hsymachinery.com\/wp-content\/uploads\/2025\/06\/cropped-HSY-machinery.png","width":600,"height":240,"caption":"HSY Construction Machinery"},"image":{"@id":"https:\/\/www.hsymachinery.com\/#\/schema\/logo\/image\/"}}]}},"_links":{"self":[{"href":"https:\/\/www.hsymachinery.com\/cs\/wp-json\/wp\/v2\/product\/8924","targetHints":{"allow":["GET"]}}],"collection":[{"href":"https:\/\/www.hsymachinery.com\/cs\/wp-json\/wp\/v2\/product"}],"about":[{"href":"https:\/\/www.hsymachinery.com\/cs\/wp-json\/wp\/v2\/types\/product"}],"version-history":[{"count":3,"href":"https:\/\/www.hsymachinery.com\/cs\/wp-json\/wp\/v2\/product\/8924\/revisions"}],"predecessor-version":[{"id":9331,"href":"https:\/\/www.hsymachinery.com\/cs\/wp-json\/wp\/v2\/product\/8924\/revisions\/9331"}],"wp:featuredmedia":[{"embeddable":true,"href":"https:\/\/www.hsymachinery.com\/cs\/wp-json\/wp\/v2\/media\/8925"}],"wp:attachment":[{"href":"https:\/\/www.hsymachinery.com\/cs\/wp-json\/wp\/v2\/media?parent=8924"}],"wp:term":[{"taxonomy":"product_brand","embeddable":true,"href":"https:\/\/www.hsymachinery.com\/cs\/wp-json\/wp\/v2\/product_brand?post=8924"},{"taxonomy":"product_cat","embeddable":true,"href":"https:\/\/www.hsymachinery.com\/cs\/wp-json\/wp\/v2\/product_cat?post=8924"},{"taxonomy":"product_tag","embeddable":true,"href":"https:\/\/www.hsymachinery.com\/cs\/wp-json\/wp\/v2\/product_tag?post=8924"}],"curies":[{"name":"wp","href":"https:\/\/api.w.org\/{rel}","templated":true}]}}