{"id":8921,"date":"2025-06-18T11:24:46","date_gmt":"2025-06-18T03:24:46","guid":{"rendered":"https:\/\/www.hsymachinery.com\/?post_type=product&#038;p=8921"},"modified":"2025-06-25T20:50:31","modified_gmt":"2025-06-25T12:50:31","slug":"stroj-na-rezani-vyztuze-gq50-plochy-nuz","status":"publish","type":"product","link":"https:\/\/www.hsymachinery.com\/cs\/produkt\/stroj-na-rezani-vyztuze-gq50-plochy-nuz\/","title":{"rendered":"\u0158ezac\u00ed stroj na v\u00fdztu\u017ee GQ50 (ploch\u00fd n\u016f\u017e)"},"content":{"rendered":"<h3 data-start=\"419\" data-end=\"476\">T\u011b\u017ek\u00fd \u0159ezac\u00ed stroj na ocelov\u00e9 v\u00fdztu\u017ee do 40 mm<\/h3>\n<h3 data-start=\"483\" data-end=\"570\">\u00a0P\u0159ehled v\u00fdrobk\u016f - Pr\u016fmyslov\u00e9 za\u0159\u00edzen\u00ed na zpracov\u00e1n\u00ed v\u00fdztu\u017ee pro velkoplo\u0161n\u00e9 \u0159ez\u00e1n\u00ed<\/h3>\n<p data-start=\"572\" data-end=\"990\">Na str\u00e1nk\u00e1ch <strong data-start=\"576\" data-end=\"619\">\u0158ezac\u00ed stroj na v\u00fdztu\u017ee GQ50 (ploch\u00fd n\u016f\u017e)<\/strong> je velkokapacitn\u00ed stroj na \u0159ez\u00e1n\u00ed oceli ur\u010den\u00fd pro n\u00e1ro\u010dn\u00e9 stavebn\u00ed pr\u00e1ce. Navr\u017een k \u0159ez\u00e1n\u00ed <strong data-start=\"724\" data-end=\"739\">6 mm a\u017e 40 mm<\/strong> Tento model je ide\u00e1ln\u00ed pro aplikace v oblasti infrastruktury, most\u016f, tunel\u016f a prefabrikace. Jeho \u0159ezac\u00ed mechanismus s ploch\u00fdmi no\u017ei zaji\u0161\u0165uje stabiln\u00ed a \u010dist\u00fd proces st\u0159\u00edh\u00e1n\u00ed, poskytuje trvale hladk\u00e9 hrany a sni\u017euje ztr\u00e1ty materi\u00e1lu.<\/p>\n<h3 data-start=\"997\" data-end=\"1062\">Stabiln\u00ed \u0159ezn\u00fd v\u00fdkon s vysoce pevnou konstrukc\u00ed no\u017ee<\/h3>\n<p data-start=\"1064\" data-end=\"1407\">Tento model vyu\u017e\u00edv\u00e1 <strong data-start=\"1082\" data-end=\"1112\">syst\u00e9m st\u0159\u00edh\u00e1n\u00ed ploch\u00fdm no\u017eem<\/strong> kter\u00fd vyv\u00edj\u00ed rovnom\u011brn\u00fd tlak na ka\u017ed\u00fd segment v\u00fdztu\u017ee. V\u00fdsledkem jsou p\u0159esn\u00e9 a \u010dist\u00e9 \u0159ezy bez deformac\u00ed a ot\u0159ep\u016f. Robustn\u00ed \u010depel vydr\u017e\u00ed vysok\u00e9 pracovn\u00ed zat\u00ed\u017een\u00ed a z\u00e1rove\u0148 si zachov\u00e1v\u00e1 p\u0159esnost v pr\u016fb\u011bhu \u010dasu. D\u00edky syst\u00e9mu rychl\u00e9 v\u00fdm\u011bny no\u017e\u016f je nav\u00edc \u00fadr\u017eba rychl\u00e1 a nen\u00e1ro\u010dn\u00e1 na n\u00e1\u0159ad\u00ed.<\/p>\n<p data-start=\"1409\" data-end=\"1692\">Na str\u00e1nk\u00e1ch <strong data-start=\"1413\" data-end=\"1456\"><a href=\"https:\/\/www.hsymachinery.com\/cs\/produkty\/stroj-na-rezani-vyztuze\/\" target=\"_blank\" rel=\"noopener\">\u0158ezac\u00ed stroj na v\u00fdztu\u017e<\/a> GQ50 (ploch\u00fd n\u016f\u017e)<\/strong> je poh\u00e1n\u011bn vysoce \u00fa\u010dinn\u00fdm m\u011bd\u011bn\u00fdm motorem, kter\u00fd poskytuje siln\u00fd to\u010div\u00fd moment p\u0159i n\u00edzk\u00e9 spot\u0159eb\u011b energie. V kombinaci s precizn\u011b zpracovanou p\u0159evodovkou pracuje tento stroj s minim\u00e1ln\u00edmi vibracemi a n\u00edzkou hlu\u010dnost\u00ed, a to i p\u0159i nep\u0159etr\u017eit\u00e9m provozu.<\/p>\n<h3 data-start=\"1699\" data-end=\"1749\">Robustn\u00ed r\u00e1m a design p\u0159ipraven\u00fd na glob\u00e1ln\u00ed export<\/h3>\n<p data-start=\"1751\" data-end=\"2081\">Stroj m\u00e1 zes\u00edlen\u00e9 litinov\u00e9 t\u011bleso, kter\u00e9 zaji\u0161\u0165uje struktur\u00e1ln\u00ed integritu p\u0159i dlouhodob\u00e9m mechanick\u00e9m nam\u00e1h\u00e1n\u00ed. Masivn\u00ed gumov\u00e1 kola zlep\u0161uj\u00ed mobilitu na pracovi\u0161ti a ru\u010dn\u00ed ovl\u00e1dac\u00ed rukoje\u0165 zaji\u0161\u0165uje u\u017eivatelsky p\u0159\u00edv\u011btiv\u00e9 ovl\u00e1d\u00e1n\u00ed. Otev\u0159en\u00fd kryt nav\u00edc umo\u017e\u0148uje snadn\u00fd p\u0159\u00edstup p\u0159i \u00fadr\u017eb\u011b a v\u00fdm\u011bn\u011b no\u017e\u016f.<\/p>\n<p data-start=\"2083\" data-end=\"2335\">Tento stroj podporuje v\u00edce standard\u016f nap\u011bt\u00ed (220V\/380V, 50Hz\/60Hz) a je vhodn\u00fd pro mezin\u00e1rodn\u00ed trhy. Profesion\u00e1lov\u00e9 si model GQ50 s ploch\u00fdm no\u017eem vyb\u00edraj\u00ed pro jeho dlouhodobou spolehlivost, konzistentnost \u0159ez\u00e1n\u00ed a vysokou n\u00e1vratnost investice.<\/p>\n<h3 data-start=\"2342\" data-end=\"2388\">\u00a0Pro\u010d si vybrat \u0159eza\u010dku armatur s ploch\u00fdm no\u017eem GQ50?<\/h3>\n<ul data-start=\"2390\" data-end=\"2631\">\n<li data-start=\"2390\" data-end=\"2452\">\n<p data-start=\"2392\" data-end=\"2452\">\u0158ez\u00e1n\u00ed v\u00fdztu\u017ee od 6 mm do 40 mm s \u010dist\u00fdm a stabiln\u00edm v\u00fdkonem<\/p>\n<\/li>\n<li data-start=\"2453\" data-end=\"2525\">\n<p data-start=\"2455\" data-end=\"2525\">Odoln\u00e1 konstrukce pro dlouh\u00e9 hodiny \u0159ez\u00e1n\u00ed bez ztr\u00e1ty p\u0159esnosti<\/p>\n<\/li>\n<li data-start=\"2526\" data-end=\"2574\">\n<p data-start=\"2528\" data-end=\"2574\">Rychl\u00e1 v\u00fdm\u011bna no\u017e\u016f a snadn\u00e1 \u00fadr\u017eba<\/p>\n<\/li>\n<li data-start=\"2575\" data-end=\"2631\">\n<p data-start=\"2577\" data-end=\"2631\">P\u0159ipraveno na export s p\u0159izp\u016fsoben\u00edm nap\u011bt\u00ed pro glob\u00e1ln\u00ed pou\u017eit\u00ed<\/p>\n<\/li>\n<\/ul>\n<p><iframe title=\"\u0158ezac\u00ed stroj na v\u00fdztu\u017en\u00e9 ty\u010de, stroj na \u0159ez\u00e1n\u00ed ocelov\u00fdch ty\u010d\u00ed, stavebn\u00ed stroje\" width=\"720\" height=\"405\" src=\"https:\/\/www.youtube.com\/embed\/cIrJPBezWsw?feature=oembed\" frameborder=\"0\" allow=\"accelerometer; autoplay; clipboard-write; encrypted-media; gyroscope; picture-in-picture; web-share\" referrerpolicy=\"strict-origin-when-cross-origin\" allowfullscreen><\/iframe><\/p>","protected":false},"excerpt":{"rendered":"<p>\u0158eza\u010dka armatur s ploch\u00fdm no\u017eem GQ50 zaji\u0161\u0165uje stabiln\u00ed a \u010dist\u00e9 \u0159ezy ocelov\u00fdch ty\u010d\u00ed o pr\u016fm\u011bru 6-40 mm. Ide\u00e1ln\u00ed pro stavebn\u00ed prost\u0159ed\u00ed s vysok\u00fdm zat\u00ed\u017een\u00edm a dlouhodob\u00e9 pou\u017e\u00edv\u00e1n\u00ed na stavb\u00e1ch.<\/p>","protected":false},"featured_media":8922,"template":"","meta":{"_kad_post_transparent":"default","_kad_post_title":"","_kad_post_layout":"default","_kad_post_sidebar_id":"","_kad_post_content_style":"default","_kad_post_vertical_padding":"default","_kad_post_feature":"","_kad_post_feature_position":"","_kad_post_header":false,"_kad_post_footer":false},"product_brand":[],"product_cat":[51],"product_tag":[988,992,990,989,993,985,994,987,984,991,986],"class_list":{"0":"post-8921","1":"product","2":"type-product","3":"status-publish","4":"has-post-thumbnail","6":"product_cat-rebar-cutting-machine","7":"product_tag-automatic-rebar-cutter","8":"product_tag-construction-steel-bar-cutter","9":"product_tag-electric-rebar-cutting-tool","10":"product_tag-hydraulic-rebar-cutting-machine","11":"product_tag-portable-rebar-cutting-machine","12":"product_tag-rebar-cutter","13":"product_tag-rebar-cutting-machine","14":"product_tag-reinforcement-bar-cutter","15":"product_tag-steel-bar-cutting-machine","16":"product_tag-steel-rod-cutter-machine","17":"product_tag-tmt-bar-cutting-machine","19":"first","20":"instock","21":"shipping-taxable","22":"product-type-simple","23":"entry","24":"content-bg","25":"loop-entry"},"yoast_head":"<!-- This site is optimized with the Yoast SEO plugin v25.3.1 - https:\/\/yoast.com\/wordpress\/plugins\/seo\/ -->\n<title>Rebar Cutting Machine GQ50 (Flat knife) - HSY Construction Machinery<\/title>\n<meta name=\"description\" content=\"Rebar Cutting Machine GQ50 (Flat Knife) cuts 6\u201340mm rebar with clean edges and high efficiency. Designed for heavy-duty construction and export demands.\" \/>\n<meta name=\"robots\" content=\"index, follow, max-snippet:-1, max-image-preview:large, max-video-preview:-1\" \/>\n<link rel=\"canonical\" href=\"https:\/\/www.hsymachinery.com\/cs\/produkt\/stroj-na-rezani-vyztuze-gq50-plochy-nuz\/\" \/>\n<meta property=\"og:locale\" content=\"cs_CZ\" \/>\n<meta property=\"og:type\" content=\"article\" \/>\n<meta property=\"og:title\" content=\"Rebar Cutting Machine GQ50 (Flat knife) - HSY Construction Machinery\" \/>\n<meta property=\"og:description\" content=\"Rebar Cutting Machine GQ50 (Flat Knife) cuts 6\u201340mm rebar with clean edges and high efficiency. Designed for heavy-duty construction and export demands.\" \/>\n<meta property=\"og:url\" content=\"https:\/\/www.hsymachinery.com\/cs\/produkt\/stroj-na-rezani-vyztuze-gq50-plochy-nuz\/\" \/>\n<meta property=\"og:site_name\" content=\"HSY Construction Machinery\" \/>\n<meta property=\"article:modified_time\" content=\"2025-06-25T12:50:31+00:00\" \/>\n<meta property=\"og:image\" content=\"https:\/\/www.hsymachinery.com\/wp-content\/uploads\/2025\/06\/Rebar-Cutting-Machine-GQ50-Flat-knife.jpg\" \/>\n\t<meta property=\"og:image:width\" content=\"600\" \/>\n\t<meta property=\"og:image:height\" content=\"600\" \/>\n\t<meta property=\"og:image:type\" content=\"image\/jpeg\" \/>\n<meta name=\"twitter:card\" content=\"summary_large_image\" \/>\n<meta name=\"twitter:label1\" content=\"Odhadovan\u00e1 doba \u010dten\u00ed\" \/>\n\t<meta name=\"twitter:data1\" content=\"2 minuty\" \/>\n<script type=\"application\/ld+json\" class=\"yoast-schema-graph\">{\"@context\":\"https:\/\/schema.org\",\"@graph\":[{\"@type\":\"WebPage\",\"@id\":\"https:\/\/www.hsymachinery.com\/product\/rebar-cutting-machine-gq50-flat-knife\/\",\"url\":\"https:\/\/www.hsymachinery.com\/product\/rebar-cutting-machine-gq50-flat-knife\/\",\"name\":\"Rebar Cutting Machine GQ50 (Flat knife) - HSY Construction Machinery\",\"isPartOf\":{\"@id\":\"https:\/\/www.hsymachinery.com\/#website\"},\"primaryImageOfPage\":{\"@id\":\"https:\/\/www.hsymachinery.com\/product\/rebar-cutting-machine-gq50-flat-knife\/#primaryimage\"},\"image\":{\"@id\":\"https:\/\/www.hsymachinery.com\/product\/rebar-cutting-machine-gq50-flat-knife\/#primaryimage\"},\"thumbnailUrl\":\"https:\/\/www.hsymachinery.com\/wp-content\/uploads\/2025\/06\/Rebar-Cutting-Machine-GQ50-Flat-knife.jpg\",\"datePublished\":\"2025-06-18T03:24:46+00:00\",\"dateModified\":\"2025-06-25T12:50:31+00:00\",\"description\":\"Rebar Cutting Machine GQ50 (Flat Knife) cuts 6\u201340mm rebar with clean edges and high efficiency. Designed for heavy-duty construction and export demands.\",\"breadcrumb\":{\"@id\":\"https:\/\/www.hsymachinery.com\/product\/rebar-cutting-machine-gq50-flat-knife\/#breadcrumb\"},\"inLanguage\":\"cs\",\"potentialAction\":[{\"@type\":\"ReadAction\",\"target\":[\"https:\/\/www.hsymachinery.com\/product\/rebar-cutting-machine-gq50-flat-knife\/\"]}]},{\"@type\":\"ImageObject\",\"inLanguage\":\"cs\",\"@id\":\"https:\/\/www.hsymachinery.com\/product\/rebar-cutting-machine-gq50-flat-knife\/#primaryimage\",\"url\":\"https:\/\/www.hsymachinery.com\/wp-content\/uploads\/2025\/06\/Rebar-Cutting-Machine-GQ50-Flat-knife.jpg\",\"contentUrl\":\"https:\/\/www.hsymachinery.com\/wp-content\/uploads\/2025\/06\/Rebar-Cutting-Machine-GQ50-Flat-knife.jpg\",\"width\":600,\"height\":600},{\"@type\":\"BreadcrumbList\",\"@id\":\"https:\/\/www.hsymachinery.com\/product\/rebar-cutting-machine-gq50-flat-knife\/#breadcrumb\",\"itemListElement\":[{\"@type\":\"ListItem\",\"position\":1,\"name\":\"home\",\"item\":\"https:\/\/www.hsymachinery.com\/\"},{\"@type\":\"ListItem\",\"position\":2,\"name\":\"products\",\"item\":\"https:\/\/www.hsymachinery.com\/products\/\"},{\"@type\":\"ListItem\",\"position\":3,\"name\":\"Rebar Cutting Machine GQ50 (Flat knife)\"}]},{\"@type\":\"WebSite\",\"@id\":\"https:\/\/www.hsymachinery.com\/#website\",\"url\":\"https:\/\/www.hsymachinery.com\/\",\"name\":\"HSY Construction Machinery\",\"description\":\"HSY Machinery \u2013 A leading China construction machinery supplier, offering a wide range of light construction equipment. Our main products include Rebar Cutting Machine, Rebar Bending Machine, Rebar Stirrup Bending Machine, Rebar Arc Bending Machine, Rebar Straightening Machine, Five-Head Rebar Stirrup Bending Machine, Tamping Rammer, Plate Compactor, Concrete Cutter, Power Trowel, and other construction machinery. We are equipped with advanced CNC machines, and we enforce strict quality inspection standards along with comprehensive after-sales service. If you are interested in our products or services, we warmly welcome your inquiries via message.\",\"publisher\":{\"@id\":\"https:\/\/www.hsymachinery.com\/#organization\"},\"potentialAction\":[{\"@type\":\"SearchAction\",\"target\":{\"@type\":\"EntryPoint\",\"urlTemplate\":\"https:\/\/www.hsymachinery.com\/?s={search_term_string}\"},\"query-input\":{\"@type\":\"PropertyValueSpecification\",\"valueRequired\":true,\"valueName\":\"search_term_string\"}}],\"inLanguage\":\"cs\"},{\"@type\":\"Organization\",\"@id\":\"https:\/\/www.hsymachinery.com\/#organization\",\"name\":\"HSY Construction Machinery\",\"url\":\"https:\/\/www.hsymachinery.com\/\",\"logo\":{\"@type\":\"ImageObject\",\"inLanguage\":\"cs\",\"@id\":\"https:\/\/www.hsymachinery.com\/#\/schema\/logo\/image\/\",\"url\":\"https:\/\/www.hsymachinery.com\/wp-content\/uploads\/2025\/06\/cropped-HSY-machinery.png\",\"contentUrl\":\"https:\/\/www.hsymachinery.com\/wp-content\/uploads\/2025\/06\/cropped-HSY-machinery.png\",\"width\":600,\"height\":240,\"caption\":\"HSY Construction Machinery\"},\"image\":{\"@id\":\"https:\/\/www.hsymachinery.com\/#\/schema\/logo\/image\/\"}}]}<\/script>\n<!-- \/ Yoast SEO plugin. -->","yoast_head_json":{"title":"\u0158ezac\u00ed stroj na v\u00fdztu\u017ee GQ50 (ploch\u00fd n\u016f\u017e) - HSY Construction Machinery","description":"\u0158ezac\u00ed stroj na armatury GQ50 (ploch\u00fd n\u016f\u017e) \u0159e\u017ee armatury o pr\u016fm\u011bru 6-40 mm s \u010dist\u00fdmi hranami a vysokou \u00fa\u010dinnost\u00ed. Navr\u017een pro n\u00e1ro\u010dn\u00e9 stavebn\u00ed pr\u00e1ce a exportn\u00ed po\u017eadavky.","robots":{"index":"index","follow":"follow","max-snippet":"max-snippet:-1","max-image-preview":"max-image-preview:large","max-video-preview":"max-video-preview:-1"},"canonical":"https:\/\/www.hsymachinery.com\/cs\/produkt\/stroj-na-rezani-vyztuze-gq50-plochy-nuz\/","og_locale":"cs_CZ","og_type":"article","og_title":"Rebar Cutting Machine GQ50 (Flat knife) - HSY Construction Machinery","og_description":"Rebar Cutting Machine GQ50 (Flat Knife) cuts 6\u201340mm rebar with clean edges and high efficiency. Designed for heavy-duty construction and export demands.","og_url":"https:\/\/www.hsymachinery.com\/cs\/produkt\/stroj-na-rezani-vyztuze-gq50-plochy-nuz\/","og_site_name":"HSY Construction Machinery","article_modified_time":"2025-06-25T12:50:31+00:00","og_image":[{"width":600,"height":600,"url":"https:\/\/www.hsymachinery.com\/wp-content\/uploads\/2025\/06\/Rebar-Cutting-Machine-GQ50-Flat-knife.jpg","type":"image\/jpeg"}],"twitter_card":"summary_large_image","twitter_misc":{"Odhadovan\u00e1 doba \u010dten\u00ed":"2 minuty"},"schema":{"@context":"https:\/\/schema.org","@graph":[{"@type":"WebPage","@id":"https:\/\/www.hsymachinery.com\/product\/rebar-cutting-machine-gq50-flat-knife\/","url":"https:\/\/www.hsymachinery.com\/product\/rebar-cutting-machine-gq50-flat-knife\/","name":"\u0158ezac\u00ed stroj na v\u00fdztu\u017ee GQ50 (ploch\u00fd n\u016f\u017e) - HSY Construction Machinery","isPartOf":{"@id":"https:\/\/www.hsymachinery.com\/#website"},"primaryImageOfPage":{"@id":"https:\/\/www.hsymachinery.com\/product\/rebar-cutting-machine-gq50-flat-knife\/#primaryimage"},"image":{"@id":"https:\/\/www.hsymachinery.com\/product\/rebar-cutting-machine-gq50-flat-knife\/#primaryimage"},"thumbnailUrl":"https:\/\/www.hsymachinery.com\/wp-content\/uploads\/2025\/06\/Rebar-Cutting-Machine-GQ50-Flat-knife.jpg","datePublished":"2025-06-18T03:24:46+00:00","dateModified":"2025-06-25T12:50:31+00:00","description":"\u0158ezac\u00ed stroj na armatury GQ50 (ploch\u00fd n\u016f\u017e) \u0159e\u017ee armatury o pr\u016fm\u011bru 6-40 mm s \u010dist\u00fdmi hranami a vysokou \u00fa\u010dinnost\u00ed. Navr\u017een pro n\u00e1ro\u010dn\u00e9 stavebn\u00ed pr\u00e1ce a exportn\u00ed po\u017eadavky.","breadcrumb":{"@id":"https:\/\/www.hsymachinery.com\/product\/rebar-cutting-machine-gq50-flat-knife\/#breadcrumb"},"inLanguage":"cs","potentialAction":[{"@type":"ReadAction","target":["https:\/\/www.hsymachinery.com\/product\/rebar-cutting-machine-gq50-flat-knife\/"]}]},{"@type":"ImageObject","inLanguage":"cs","@id":"https:\/\/www.hsymachinery.com\/product\/rebar-cutting-machine-gq50-flat-knife\/#primaryimage","url":"https:\/\/www.hsymachinery.com\/wp-content\/uploads\/2025\/06\/Rebar-Cutting-Machine-GQ50-Flat-knife.jpg","contentUrl":"https:\/\/www.hsymachinery.com\/wp-content\/uploads\/2025\/06\/Rebar-Cutting-Machine-GQ50-Flat-knife.jpg","width":600,"height":600},{"@type":"BreadcrumbList","@id":"https:\/\/www.hsymachinery.com\/product\/rebar-cutting-machine-gq50-flat-knife\/#breadcrumb","itemListElement":[{"@type":"ListItem","position":1,"name":"home","item":"https:\/\/www.hsymachinery.com\/"},{"@type":"ListItem","position":2,"name":"products","item":"https:\/\/www.hsymachinery.com\/products\/"},{"@type":"ListItem","position":3,"name":"Rebar Cutting Machine GQ50 (Flat knife)"}]},{"@type":"WebSite","@id":"https:\/\/www.hsymachinery.com\/#website","url":"https:\/\/www.hsymachinery.com\/","name":"Stavebn\u00ed stroje HSY","description":"HSY Machinery - P\u0159edn\u00ed \u010d\u00ednsk\u00fd dodavatel stavebn\u00edch stroj\u016f, kter\u00fd nab\u00edz\u00ed \u0161irokou \u0161k\u00e1lu lehk\u00fdch stavebn\u00edch stroj\u016f. Mezi na\u0161e hlavn\u00ed produkty pat\u0159\u00ed \u0159eza\u010dka prut\u016f, oh\u00fdba\u010dka prut\u016f, oh\u00fdba\u010dka prut\u016f, obloukov\u00e1 oh\u00fdba\u010dka prut\u016f, rovna\u010dka prut\u016f, p\u011btihlav\u0148ov\u00e1 oh\u00fdba\u010dka prut\u016f, p\u011bchovac\u00ed kladivo, zhut\u0148ova\u010d desek, \u0159eza\u010dka betonu, motorov\u00e1 st\u011brka a dal\u0161\u00ed stavebn\u00ed stroje. Jsme vybaveni modern\u00edmi CNC stroji a prosazujeme p\u0159\u00edsn\u00e9 standardy kontroly kvality spolu s komplexn\u00edm poprodejn\u00edm servisem. Pokud m\u00e1te z\u00e1jem o na\u0161e v\u00fdrobky nebo slu\u017eby, srde\u010dn\u011b uv\u00edt\u00e1me va\u0161e dotazy prost\u0159ednictv\u00edm zpr\u00e1vy.","publisher":{"@id":"https:\/\/www.hsymachinery.com\/#organization"},"potentialAction":[{"@type":"SearchAction","target":{"@type":"EntryPoint","urlTemplate":"https:\/\/www.hsymachinery.com\/?s={search_term_string}"},"query-input":{"@type":"PropertyValueSpecification","valueRequired":true,"valueName":"search_term_string"}}],"inLanguage":"cs"},{"@type":"Organization","@id":"https:\/\/www.hsymachinery.com\/#organization","name":"Stavebn\u00ed stroje HSY","url":"https:\/\/www.hsymachinery.com\/","logo":{"@type":"ImageObject","inLanguage":"cs","@id":"https:\/\/www.hsymachinery.com\/#\/schema\/logo\/image\/","url":"https:\/\/www.hsymachinery.com\/wp-content\/uploads\/2025\/06\/cropped-HSY-machinery.png","contentUrl":"https:\/\/www.hsymachinery.com\/wp-content\/uploads\/2025\/06\/cropped-HSY-machinery.png","width":600,"height":240,"caption":"HSY Construction Machinery"},"image":{"@id":"https:\/\/www.hsymachinery.com\/#\/schema\/logo\/image\/"}}]}},"_links":{"self":[{"href":"https:\/\/www.hsymachinery.com\/cs\/wp-json\/wp\/v2\/product\/8921","targetHints":{"allow":["GET"]}}],"collection":[{"href":"https:\/\/www.hsymachinery.com\/cs\/wp-json\/wp\/v2\/product"}],"about":[{"href":"https:\/\/www.hsymachinery.com\/cs\/wp-json\/wp\/v2\/types\/product"}],"version-history":[{"count":3,"href":"https:\/\/www.hsymachinery.com\/cs\/wp-json\/wp\/v2\/product\/8921\/revisions"}],"predecessor-version":[{"id":9329,"href":"https:\/\/www.hsymachinery.com\/cs\/wp-json\/wp\/v2\/product\/8921\/revisions\/9329"}],"wp:featuredmedia":[{"embeddable":true,"href":"https:\/\/www.hsymachinery.com\/cs\/wp-json\/wp\/v2\/media\/8922"}],"wp:attachment":[{"href":"https:\/\/www.hsymachinery.com\/cs\/wp-json\/wp\/v2\/media?parent=8921"}],"wp:term":[{"taxonomy":"product_brand","embeddable":true,"href":"https:\/\/www.hsymachinery.com\/cs\/wp-json\/wp\/v2\/product_brand?post=8921"},{"taxonomy":"product_cat","embeddable":true,"href":"https:\/\/www.hsymachinery.com\/cs\/wp-json\/wp\/v2\/product_cat?post=8921"},{"taxonomy":"product_tag","embeddable":true,"href":"https:\/\/www.hsymachinery.com\/cs\/wp-json\/wp\/v2\/product_tag?post=8921"}],"curies":[{"name":"wp","href":"https:\/\/api.w.org\/{rel}","templated":true}]}}