{"id":8912,"date":"2025-06-18T11:19:29","date_gmt":"2025-06-18T03:19:29","guid":{"rendered":"https:\/\/www.hsymachinery.com\/?post_type=product&#038;p=8912"},"modified":"2025-06-25T20:33:40","modified_gmt":"2025-06-25T12:33:40","slug":"stroj-na-rezani-vyztuze-gq40a-kulaty-nuz","status":"publish","type":"product","link":"https:\/\/www.hsymachinery.com\/cs\/produkt\/stroj-na-rezani-vyztuze-gq40a-kulaty-nuz\/","title":{"rendered":"\u0158ezac\u00ed stroj na armatury GQ40A (kulat\u00fd n\u016f\u017e)"},"content":{"rendered":"<h3 data-start=\"238\" data-end=\"303\">Vysoce \u00fa\u010dinn\u00e1 \u0159eza\u010dka v\u00fdztu\u017ee s hladk\u00fdm valiv\u00fdm ost\u0159\u00edm<\/h3>\n<h3 data-start=\"310\" data-end=\"333\">\u00a0P\u0159ehled produkt\u016f<\/h3>\n<p data-start=\"335\" data-end=\"723\">Na str\u00e1nk\u00e1ch <strong data-start=\"339\" data-end=\"384\">\u0158ezac\u00ed stroj na armatury GQ40A (kulat\u00fd n\u016f\u017e)<\/strong> je navr\u017eena pro vysoce efektivn\u00ed \u0159ez\u00e1n\u00ed ocelov\u00fdch ty\u010d\u00ed na modern\u00edch staveni\u0161t\u00edch. Je navr\u017een tak, aby zvl\u00e1dal v\u00fdztu\u017en\u00e9 ty\u010de o pr\u016fm\u011bru<strong> od 6 mm do 32 mm, v\u010detn\u011b uhl\u00edkov\u00e9 oceli, kruhov\u00e9 oceli a deformovan\u00fdch ty\u010d\u00ed. Jeho kulat\u00e1 struktura no\u017e\u016f zaji\u0161\u0165uje jedine\u010dn\u00fd valiv\u00fd st\u0159i\u017en\u00fd \u00fa\u010dinek, kter\u00fd sni\u017euje \u0159ezn\u00fd odpor a zvy\u0161uje efektivitu pr\u00e1ce.<\/strong><\/p>\n<h3 data-start=\"730\" data-end=\"764\">\u00a0Hladk\u00e9 a v\u00fdkonn\u00e9 \u0159ez\u00e1n\u00ed<\/h3>\n<p data-start=\"766\" data-end=\"1114\">Vybaveno <strong data-start=\"782\" data-end=\"811\">vysoce kvalitn\u00ed m\u011bd\u011bn\u00fd motor<\/strong>, tento stroj zaji\u0161\u0165uje st\u00e1l\u00fd to\u010div\u00fd moment a stabiln\u00ed v\u00fdkon. Pracuje plynule i p\u0159i velk\u00e9m zat\u00ed\u017een\u00ed, tak\u017ee je ide\u00e1ln\u00ed pro dlouh\u00e9 sm\u011bny na n\u00e1ro\u010dn\u00fdch stavebn\u00edch projektech. P\u0159esn\u00e1 p\u0159evodovka nav\u00edc sni\u017euje vibrace a mechanick\u00e9 opot\u0159eben\u00ed, \u010d\u00edm\u017e prodlu\u017euje \u017eivotnost stroje.<\/p>\n<p data-start=\"1116\" data-end=\"1384\">Na str\u00e1nk\u00e1ch <strong data-start=\"1120\" data-end=\"1165\"><a href=\"https:\/\/www.hsymachinery.com\/cs\/produkty\/stroj-na-rezani-vyztuze\/\" target=\"_blank\" rel=\"noopener\">\u0158ezac\u00ed stroj na v\u00fdztu\u017e<\/a> GQ40A (kulat\u00fd n\u016f\u017e)<\/strong> vynik\u00e1 kvalitou \u0159ez\u00e1n\u00ed. Kulat\u00fd n\u016f\u017e nejen\u017ee vytv\u00e1\u0159\u00ed \u010dist\u0161\u00ed hrany, ale tak\u00e9 minimalizuje deformace v\u00fdztu\u017ee b\u011bhem \u0159ez\u00e1n\u00ed. U\u017eivatel\u00e9 si tak mohou u\u017e\u00edvat rychlej\u0161\u00edch \u0159ezn\u00fdch cykl\u016f a men\u0161\u00edho odpadu materi\u00e1lu.<\/p>\n<h3 data-start=\"1391\" data-end=\"1439\">\u00a0Pevn\u00e1 struktura a u\u017eivatelsky p\u0159\u00edv\u011btiv\u00fd design<\/h3>\n<p data-start=\"1441\" data-end=\"1799\">Tento model m\u00e1 litinov\u00fd r\u00e1m pro maxim\u00e1ln\u00ed odolnost a provozn\u00ed stabilitu. Krom\u011b toho je vybaven pevn\u00fdmi koly pro snadnou mobilitu po staveni\u0161ti. Obsluha m\u016f\u017ee ovl\u00e1dat zdvih seka\u010dky pomoc\u00ed ru\u010dn\u00ed p\u00e1ky, co\u017e umo\u017e\u0148uje p\u0159esn\u00fd a bezpe\u010dn\u00fd provoz. \u00dadr\u017eba je jednoduch\u00e1 d\u00edky otev\u00edrateln\u00e9mu krytu a mechanismu rychl\u00e9 v\u00fdm\u011bny no\u017e\u016f.<\/p>\n<p data-start=\"1806\" data-end=\"2069\">Model GQ40A (kulat\u00fd n\u016f\u017e) podporuje p\u0159izp\u016fsoben\u00ed nap\u011bt\u00ed (220V\/380V, 50Hz\/60Hz), tak\u017ee je ide\u00e1ln\u00ed pro glob\u00e1ln\u00ed export. A\u0165 u\u017e je tento stroj pou\u017e\u00edv\u00e1n v bytov\u00e9 v\u00fdstavb\u011b, d\u00e1lni\u010dn\u00ed infrastruktu\u0159e nebo v za\u0159\u00edzen\u00edch na zpracov\u00e1n\u00ed oceli, pod\u00e1v\u00e1 ka\u017ed\u00fd den konzistentn\u00ed v\u00fdkon.<\/p>\n<p><iframe title=\"\u0158ezac\u00ed stroj na v\u00fdztu\u017en\u00e9 ty\u010de, stroj na \u0159ez\u00e1n\u00ed ocelov\u00fdch ty\u010d\u00ed, stavebn\u00ed stroje\" width=\"720\" height=\"405\" src=\"https:\/\/www.youtube.com\/embed\/cIrJPBezWsw?feature=oembed\" frameborder=\"0\" allow=\"accelerometer; autoplay; clipboard-write; encrypted-media; gyroscope; picture-in-picture; web-share\" referrerpolicy=\"strict-origin-when-cross-origin\" allowfullscreen><\/iframe><\/p>","protected":false},"excerpt":{"rendered":"<p>\u0158ezac\u00ed stroj na armatury GQ40A s kulat\u00fdm no\u017eem umo\u017e\u0148uje rychl\u00e9 \u0159ez\u00e1n\u00ed ocelov\u00fdch ty\u010d\u00ed o pr\u016fm\u011bru 6-32 mm s n\u00edzk\u00fdm odporem. Ide\u00e1ln\u00ed pro ka\u017edodenn\u00ed t\u011b\u017ek\u00e9 stavebn\u00ed pr\u00e1ce.<\/p>","protected":false},"featured_media":8913,"template":"","meta":{"_kad_post_transparent":"default","_kad_post_title":"","_kad_post_layout":"default","_kad_post_sidebar_id":"","_kad_post_content_style":"default","_kad_post_vertical_padding":"default","_kad_post_feature":"","_kad_post_feature_position":"","_kad_post_header":false,"_kad_post_footer":false},"product_brand":[],"product_cat":[51],"product_tag":[988,992,990,989,993,985,994,987,984,991,986],"class_list":{"0":"post-8912","1":"product","2":"type-product","3":"status-publish","4":"has-post-thumbnail","6":"product_cat-rebar-cutting-machine","7":"product_tag-automatic-rebar-cutter","8":"product_tag-construction-steel-bar-cutter","9":"product_tag-electric-rebar-cutting-tool","10":"product_tag-hydraulic-rebar-cutting-machine","11":"product_tag-portable-rebar-cutting-machine","12":"product_tag-rebar-cutter","13":"product_tag-rebar-cutting-machine","14":"product_tag-reinforcement-bar-cutter","15":"product_tag-steel-bar-cutting-machine","16":"product_tag-steel-rod-cutter-machine","17":"product_tag-tmt-bar-cutting-machine","19":"first","20":"instock","21":"shipping-taxable","22":"product-type-simple","23":"entry","24":"content-bg","25":"loop-entry"},"yoast_head":"<!-- This site is optimized with the Yoast SEO plugin v25.3.1 - https:\/\/yoast.com\/wordpress\/plugins\/seo\/ -->\n<title>Rebar Cutting Machine GQ40A (Round knife) - HSY Construction Machinery<\/title>\n<meta name=\"description\" content=\"Rebar Cutting Machine GQ40A (Round Knife) delivers smooth, fast cutting of 6\u201332mm steel bars. Rolling blade design reduces resistance and boosts efficiency.\" \/>\n<meta name=\"robots\" content=\"index, follow, max-snippet:-1, max-image-preview:large, max-video-preview:-1\" \/>\n<link rel=\"canonical\" href=\"https:\/\/www.hsymachinery.com\/cs\/produkt\/stroj-na-rezani-vyztuze-gq40a-kulaty-nuz\/\" \/>\n<meta property=\"og:locale\" content=\"cs_CZ\" \/>\n<meta property=\"og:type\" content=\"article\" \/>\n<meta property=\"og:title\" content=\"Rebar Cutting Machine GQ40A (Round knife) - HSY Construction Machinery\" \/>\n<meta property=\"og:description\" content=\"Rebar Cutting Machine GQ40A (Round Knife) delivers smooth, fast cutting of 6\u201332mm steel bars. Rolling blade design reduces resistance and boosts efficiency.\" \/>\n<meta property=\"og:url\" content=\"https:\/\/www.hsymachinery.com\/cs\/produkt\/stroj-na-rezani-vyztuze-gq40a-kulaty-nuz\/\" \/>\n<meta property=\"og:site_name\" content=\"HSY Construction Machinery\" \/>\n<meta property=\"article:modified_time\" content=\"2025-06-25T12:33:40+00:00\" \/>\n<meta property=\"og:image\" content=\"https:\/\/www.hsymachinery.com\/wp-content\/uploads\/2025\/06\/Rebar-Cutting-Machine-GQ40A-Round-knife.jpg\" \/>\n\t<meta property=\"og:image:width\" content=\"600\" \/>\n\t<meta property=\"og:image:height\" content=\"600\" \/>\n\t<meta property=\"og:image:type\" content=\"image\/jpeg\" \/>\n<meta name=\"twitter:card\" content=\"summary_large_image\" \/>\n<meta name=\"twitter:label1\" content=\"Odhadovan\u00e1 doba \u010dten\u00ed\" \/>\n\t<meta name=\"twitter:data1\" content=\"2 minuty\" \/>\n<script type=\"application\/ld+json\" class=\"yoast-schema-graph\">{\"@context\":\"https:\/\/schema.org\",\"@graph\":[{\"@type\":\"WebPage\",\"@id\":\"https:\/\/www.hsymachinery.com\/product\/rebar-cutting-machine-gq40a-round-knife\/\",\"url\":\"https:\/\/www.hsymachinery.com\/product\/rebar-cutting-machine-gq40a-round-knife\/\",\"name\":\"Rebar Cutting Machine GQ40A (Round knife) - HSY Construction Machinery\",\"isPartOf\":{\"@id\":\"https:\/\/www.hsymachinery.com\/#website\"},\"primaryImageOfPage\":{\"@id\":\"https:\/\/www.hsymachinery.com\/product\/rebar-cutting-machine-gq40a-round-knife\/#primaryimage\"},\"image\":{\"@id\":\"https:\/\/www.hsymachinery.com\/product\/rebar-cutting-machine-gq40a-round-knife\/#primaryimage\"},\"thumbnailUrl\":\"https:\/\/www.hsymachinery.com\/wp-content\/uploads\/2025\/06\/Rebar-Cutting-Machine-GQ40A-Round-knife.jpg\",\"datePublished\":\"2025-06-18T03:19:29+00:00\",\"dateModified\":\"2025-06-25T12:33:40+00:00\",\"description\":\"Rebar Cutting Machine GQ40A (Round Knife) delivers smooth, fast cutting of 6\u201332mm steel bars. Rolling blade design reduces resistance and boosts efficiency.\",\"breadcrumb\":{\"@id\":\"https:\/\/www.hsymachinery.com\/product\/rebar-cutting-machine-gq40a-round-knife\/#breadcrumb\"},\"inLanguage\":\"cs\",\"potentialAction\":[{\"@type\":\"ReadAction\",\"target\":[\"https:\/\/www.hsymachinery.com\/product\/rebar-cutting-machine-gq40a-round-knife\/\"]}]},{\"@type\":\"ImageObject\",\"inLanguage\":\"cs\",\"@id\":\"https:\/\/www.hsymachinery.com\/product\/rebar-cutting-machine-gq40a-round-knife\/#primaryimage\",\"url\":\"https:\/\/www.hsymachinery.com\/wp-content\/uploads\/2025\/06\/Rebar-Cutting-Machine-GQ40A-Round-knife.jpg\",\"contentUrl\":\"https:\/\/www.hsymachinery.com\/wp-content\/uploads\/2025\/06\/Rebar-Cutting-Machine-GQ40A-Round-knife.jpg\",\"width\":600,\"height\":600},{\"@type\":\"BreadcrumbList\",\"@id\":\"https:\/\/www.hsymachinery.com\/product\/rebar-cutting-machine-gq40a-round-knife\/#breadcrumb\",\"itemListElement\":[{\"@type\":\"ListItem\",\"position\":1,\"name\":\"home\",\"item\":\"https:\/\/www.hsymachinery.com\/\"},{\"@type\":\"ListItem\",\"position\":2,\"name\":\"products\",\"item\":\"https:\/\/www.hsymachinery.com\/products\/\"},{\"@type\":\"ListItem\",\"position\":3,\"name\":\"Rebar Cutting Machine GQ40A (Round knife)\"}]},{\"@type\":\"WebSite\",\"@id\":\"https:\/\/www.hsymachinery.com\/#website\",\"url\":\"https:\/\/www.hsymachinery.com\/\",\"name\":\"HSY Construction Machinery\",\"description\":\"HSY Machinery \u2013 A leading China construction machinery supplier, offering a wide range of light construction equipment. Our main products include Rebar Cutting Machine, Rebar Bending Machine, Rebar Stirrup Bending Machine, Rebar Arc Bending Machine, Rebar Straightening Machine, Five-Head Rebar Stirrup Bending Machine, Tamping Rammer, Plate Compactor, Concrete Cutter, Power Trowel, and other construction machinery. We are equipped with advanced CNC machines, and we enforce strict quality inspection standards along with comprehensive after-sales service. If you are interested in our products or services, we warmly welcome your inquiries via message.\",\"publisher\":{\"@id\":\"https:\/\/www.hsymachinery.com\/#organization\"},\"potentialAction\":[{\"@type\":\"SearchAction\",\"target\":{\"@type\":\"EntryPoint\",\"urlTemplate\":\"https:\/\/www.hsymachinery.com\/?s={search_term_string}\"},\"query-input\":{\"@type\":\"PropertyValueSpecification\",\"valueRequired\":true,\"valueName\":\"search_term_string\"}}],\"inLanguage\":\"cs\"},{\"@type\":\"Organization\",\"@id\":\"https:\/\/www.hsymachinery.com\/#organization\",\"name\":\"HSY Construction Machinery\",\"url\":\"https:\/\/www.hsymachinery.com\/\",\"logo\":{\"@type\":\"ImageObject\",\"inLanguage\":\"cs\",\"@id\":\"https:\/\/www.hsymachinery.com\/#\/schema\/logo\/image\/\",\"url\":\"https:\/\/www.hsymachinery.com\/wp-content\/uploads\/2025\/06\/cropped-HSY-machinery.png\",\"contentUrl\":\"https:\/\/www.hsymachinery.com\/wp-content\/uploads\/2025\/06\/cropped-HSY-machinery.png\",\"width\":600,\"height\":240,\"caption\":\"HSY Construction Machinery\"},\"image\":{\"@id\":\"https:\/\/www.hsymachinery.com\/#\/schema\/logo\/image\/\"}}]}<\/script>\n<!-- \/ Yoast SEO plugin. -->","yoast_head_json":{"title":"\u0158ezac\u00ed stroj na v\u00fdztu\u017ee GQ40A (kulat\u00fd n\u016f\u017e) - HSY Construction Machinery","description":"\u0158eza\u010dka armatur GQ40A (kulat\u00fd n\u016f\u017e) zaji\u0161\u0165uje hladk\u00e9 a rychl\u00e9 \u0159ez\u00e1n\u00ed ocelov\u00fdch ty\u010d\u00ed o pr\u016fm\u011bru 6-32 mm. Valiv\u00e1 konstrukce no\u017ee sni\u017euje odpor a zvy\u0161uje \u00fa\u010dinnost.","robots":{"index":"index","follow":"follow","max-snippet":"max-snippet:-1","max-image-preview":"max-image-preview:large","max-video-preview":"max-video-preview:-1"},"canonical":"https:\/\/www.hsymachinery.com\/cs\/produkt\/stroj-na-rezani-vyztuze-gq40a-kulaty-nuz\/","og_locale":"cs_CZ","og_type":"article","og_title":"Rebar Cutting Machine GQ40A (Round knife) - HSY Construction Machinery","og_description":"Rebar Cutting Machine GQ40A (Round Knife) delivers smooth, fast cutting of 6\u201332mm steel bars. Rolling blade design reduces resistance and boosts efficiency.","og_url":"https:\/\/www.hsymachinery.com\/cs\/produkt\/stroj-na-rezani-vyztuze-gq40a-kulaty-nuz\/","og_site_name":"HSY Construction Machinery","article_modified_time":"2025-06-25T12:33:40+00:00","og_image":[{"width":600,"height":600,"url":"https:\/\/www.hsymachinery.com\/wp-content\/uploads\/2025\/06\/Rebar-Cutting-Machine-GQ40A-Round-knife.jpg","type":"image\/jpeg"}],"twitter_card":"summary_large_image","twitter_misc":{"Odhadovan\u00e1 doba \u010dten\u00ed":"2 minuty"},"schema":{"@context":"https:\/\/schema.org","@graph":[{"@type":"WebPage","@id":"https:\/\/www.hsymachinery.com\/product\/rebar-cutting-machine-gq40a-round-knife\/","url":"https:\/\/www.hsymachinery.com\/product\/rebar-cutting-machine-gq40a-round-knife\/","name":"\u0158ezac\u00ed stroj na v\u00fdztu\u017ee GQ40A (kulat\u00fd n\u016f\u017e) - HSY Construction Machinery","isPartOf":{"@id":"https:\/\/www.hsymachinery.com\/#website"},"primaryImageOfPage":{"@id":"https:\/\/www.hsymachinery.com\/product\/rebar-cutting-machine-gq40a-round-knife\/#primaryimage"},"image":{"@id":"https:\/\/www.hsymachinery.com\/product\/rebar-cutting-machine-gq40a-round-knife\/#primaryimage"},"thumbnailUrl":"https:\/\/www.hsymachinery.com\/wp-content\/uploads\/2025\/06\/Rebar-Cutting-Machine-GQ40A-Round-knife.jpg","datePublished":"2025-06-18T03:19:29+00:00","dateModified":"2025-06-25T12:33:40+00:00","description":"\u0158eza\u010dka armatur GQ40A (kulat\u00fd n\u016f\u017e) zaji\u0161\u0165uje hladk\u00e9 a rychl\u00e9 \u0159ez\u00e1n\u00ed ocelov\u00fdch ty\u010d\u00ed o pr\u016fm\u011bru 6-32 mm. Valiv\u00e1 konstrukce no\u017ee sni\u017euje odpor a zvy\u0161uje \u00fa\u010dinnost.","breadcrumb":{"@id":"https:\/\/www.hsymachinery.com\/product\/rebar-cutting-machine-gq40a-round-knife\/#breadcrumb"},"inLanguage":"cs","potentialAction":[{"@type":"ReadAction","target":["https:\/\/www.hsymachinery.com\/product\/rebar-cutting-machine-gq40a-round-knife\/"]}]},{"@type":"ImageObject","inLanguage":"cs","@id":"https:\/\/www.hsymachinery.com\/product\/rebar-cutting-machine-gq40a-round-knife\/#primaryimage","url":"https:\/\/www.hsymachinery.com\/wp-content\/uploads\/2025\/06\/Rebar-Cutting-Machine-GQ40A-Round-knife.jpg","contentUrl":"https:\/\/www.hsymachinery.com\/wp-content\/uploads\/2025\/06\/Rebar-Cutting-Machine-GQ40A-Round-knife.jpg","width":600,"height":600},{"@type":"BreadcrumbList","@id":"https:\/\/www.hsymachinery.com\/product\/rebar-cutting-machine-gq40a-round-knife\/#breadcrumb","itemListElement":[{"@type":"ListItem","position":1,"name":"home","item":"https:\/\/www.hsymachinery.com\/"},{"@type":"ListItem","position":2,"name":"products","item":"https:\/\/www.hsymachinery.com\/products\/"},{"@type":"ListItem","position":3,"name":"Rebar Cutting Machine GQ40A (Round knife)"}]},{"@type":"WebSite","@id":"https:\/\/www.hsymachinery.com\/#website","url":"https:\/\/www.hsymachinery.com\/","name":"Stavebn\u00ed stroje HSY","description":"HSY Machinery - P\u0159edn\u00ed \u010d\u00ednsk\u00fd dodavatel stavebn\u00edch stroj\u016f, kter\u00fd nab\u00edz\u00ed \u0161irokou \u0161k\u00e1lu lehk\u00fdch stavebn\u00edch stroj\u016f. Mezi na\u0161e hlavn\u00ed produkty pat\u0159\u00ed \u0159eza\u010dka prut\u016f, oh\u00fdba\u010dka prut\u016f, oh\u00fdba\u010dka prut\u016f, obloukov\u00e1 oh\u00fdba\u010dka prut\u016f, rovna\u010dka prut\u016f, p\u011btihlav\u0148ov\u00e1 oh\u00fdba\u010dka prut\u016f, p\u011bchovac\u00ed kladivo, zhut\u0148ova\u010d desek, \u0159eza\u010dka betonu, motorov\u00e1 st\u011brka a dal\u0161\u00ed stavebn\u00ed stroje. Jsme vybaveni modern\u00edmi CNC stroji a prosazujeme p\u0159\u00edsn\u00e9 standardy kontroly kvality spolu s komplexn\u00edm poprodejn\u00edm servisem. Pokud m\u00e1te z\u00e1jem o na\u0161e v\u00fdrobky nebo slu\u017eby, srde\u010dn\u011b uv\u00edt\u00e1me va\u0161e dotazy prost\u0159ednictv\u00edm zpr\u00e1vy.","publisher":{"@id":"https:\/\/www.hsymachinery.com\/#organization"},"potentialAction":[{"@type":"SearchAction","target":{"@type":"EntryPoint","urlTemplate":"https:\/\/www.hsymachinery.com\/?s={search_term_string}"},"query-input":{"@type":"PropertyValueSpecification","valueRequired":true,"valueName":"search_term_string"}}],"inLanguage":"cs"},{"@type":"Organization","@id":"https:\/\/www.hsymachinery.com\/#organization","name":"Stavebn\u00ed stroje HSY","url":"https:\/\/www.hsymachinery.com\/","logo":{"@type":"ImageObject","inLanguage":"cs","@id":"https:\/\/www.hsymachinery.com\/#\/schema\/logo\/image\/","url":"https:\/\/www.hsymachinery.com\/wp-content\/uploads\/2025\/06\/cropped-HSY-machinery.png","contentUrl":"https:\/\/www.hsymachinery.com\/wp-content\/uploads\/2025\/06\/cropped-HSY-machinery.png","width":600,"height":240,"caption":"HSY Construction Machinery"},"image":{"@id":"https:\/\/www.hsymachinery.com\/#\/schema\/logo\/image\/"}}]}},"_links":{"self":[{"href":"https:\/\/www.hsymachinery.com\/cs\/wp-json\/wp\/v2\/product\/8912","targetHints":{"allow":["GET"]}}],"collection":[{"href":"https:\/\/www.hsymachinery.com\/cs\/wp-json\/wp\/v2\/product"}],"about":[{"href":"https:\/\/www.hsymachinery.com\/cs\/wp-json\/wp\/v2\/types\/product"}],"version-history":[{"count":3,"href":"https:\/\/www.hsymachinery.com\/cs\/wp-json\/wp\/v2\/product\/8912\/revisions"}],"predecessor-version":[{"id":9322,"href":"https:\/\/www.hsymachinery.com\/cs\/wp-json\/wp\/v2\/product\/8912\/revisions\/9322"}],"wp:featuredmedia":[{"embeddable":true,"href":"https:\/\/www.hsymachinery.com\/cs\/wp-json\/wp\/v2\/media\/8913"}],"wp:attachment":[{"href":"https:\/\/www.hsymachinery.com\/cs\/wp-json\/wp\/v2\/media?parent=8912"}],"wp:term":[{"taxonomy":"product_brand","embeddable":true,"href":"https:\/\/www.hsymachinery.com\/cs\/wp-json\/wp\/v2\/product_brand?post=8912"},{"taxonomy":"product_cat","embeddable":true,"href":"https:\/\/www.hsymachinery.com\/cs\/wp-json\/wp\/v2\/product_cat?post=8912"},{"taxonomy":"product_tag","embeddable":true,"href":"https:\/\/www.hsymachinery.com\/cs\/wp-json\/wp\/v2\/product_tag?post=8912"}],"curies":[{"name":"wp","href":"https:\/\/api.w.org\/{rel}","templated":true}]}}