{"id":8909,"date":"2025-06-18T11:16:17","date_gmt":"2025-06-18T03:16:17","guid":{"rendered":"https:\/\/www.hsymachinery.com\/?post_type=product&#038;p=8909"},"modified":"2025-06-25T20:25:23","modified_gmt":"2025-06-25T12:25:23","slug":"stroj-na-rezani-vyztuze-gq40a-plochy-nuz","status":"publish","type":"product","link":"https:\/\/www.hsymachinery.com\/cs\/produkt\/stroj-na-rezani-vyztuze-gq40a-plochy-nuz\/","title":{"rendered":"\u0158ezac\u00ed stroj na v\u00fdztu\u017ee GQ40A (ploch\u00fd n\u016f\u017e)"},"content":{"rendered":"<h3 data-start=\"285\" data-end=\"362\">Vysoce p\u0159esn\u00e9 \u0159e\u0161en\u00ed \u0159ez\u00e1n\u00ed v\u00fdztu\u017ee pro n\u00e1ro\u010dn\u00e9 stavebn\u00ed projekty<\/h3>\n<h3 data-start=\"369\" data-end=\"421\">P\u0159ehled produkt\u016f: Vytvo\u0159eno pro ka\u017edodenn\u00ed v\u00fdkon<\/h3>\n<p data-start=\"423\" data-end=\"831\">Na str\u00e1nk\u00e1ch <strong data-start=\"427\" data-end=\"471\">\u0158ezac\u00ed stroj na v\u00fdztu\u017ee GQ40A (ploch\u00fd n\u016f\u017e)<\/strong> je profesion\u00e1ln\u00ed \u0159eza\u010dka ocelov\u00fdch ty\u010d\u00ed navr\u017een\u00e1 tak, aby spl\u0148ovala ka\u017edodenn\u00ed po\u017eadavky stavebn\u00edch a ocel\u00e1\u0159sk\u00fdch projekt\u016f. Jako vylep\u0161en\u00e1 verze modelu GQ40 v sob\u011b spojuje siln\u00fd v\u00fdkon, vysokou p\u0159esnost a mimo\u0159\u00e1dnou odolnost. Dodavatel\u00e9 po cel\u00e9m sv\u011bt\u011b ji pou\u017e\u00edvaj\u00ed v projektech, jako jsou silnice, mosty, tunely a \u017eelezobetonov\u00e9 budovy.<\/p>\n<h3 data-start=\"838\" data-end=\"885\">Efektivn\u00ed \u0159ez\u00e1n\u00ed d\u00edky ploch\u00e9mu designu no\u017ee<\/h3>\n<p data-start=\"887\" data-end=\"1302\">J\u00e1drem tohoto stroje je jeho <strong data-start=\"924\" data-end=\"953\">syst\u00e9m \u0159ez\u00e1n\u00ed ploch\u00fdm no\u017eem<\/strong>, kter\u00fd zaji\u0161\u0165uje \u010dist\u00fd a hladk\u00fd \u0159ez ocelov\u00fdch ty\u010d\u00ed. Tato konstrukce vyv\u00edj\u00ed p\u0159i ka\u017ed\u00e9 operaci rovnom\u011brn\u00fd tlak, \u010d\u00edm\u017e zabra\u0148uje deformaci v\u00fdztu\u017ee a minimalizuje ztr\u00e1ty materi\u00e1lu. Str\u00e1nka <strong data-start=\"1126\" data-end=\"1170\">\u0158ezac\u00ed stroj na v\u00fdztu\u017ee GQ40A (ploch\u00fd n\u016f\u017e)<\/strong> si snadno porad\u00ed s ocelov\u00fdmi ty\u010demi o pr\u016fm\u011bru od <strong data-start=\"1228\" data-end=\"1243\">6 mm a\u017e 32 mm<\/strong>, v\u010detn\u011b kulat\u00e9 oceli, \u017eebrovan\u00fdch ty\u010d\u00ed a n\u00edzkouhl\u00edkov\u00e9 oceli.<\/p>\n<p data-start=\"1304\" data-end=\"1493\">Ploch\u00fd n\u016f\u017e se nav\u00edc snadno udr\u017euje a vym\u011b\u0148uje, co\u017e zaji\u0161\u0165uje minim\u00e1ln\u00ed prostoje na staveni\u0161ti. Jeho vynikaj\u00edc\u00ed st\u0159i\u017en\u00fd v\u00fdkon zvy\u0161uje efektivitu pr\u00e1ce a sni\u017euje \u00fanavu obsluhy.<\/p>\n<h3 data-start=\"1500\" data-end=\"1549\">V\u00fdkonn\u00fd motor a plynul\u00e1 p\u0159evodovka<\/h3>\n<p data-start=\"1551\" data-end=\"1837\">Tento model vyu\u017e\u00edv\u00e1 <strong data-start=\"1569\" data-end=\"1602\">vysoce v\u00fdkonn\u00fd m\u011bd\u011bn\u00fd motor<\/strong> kter\u00fd poskytuje siln\u00fd to\u010div\u00fd moment p\u0159i n\u00edzk\u00e9 spot\u0159eb\u011b energie. Pracuje hladce, s minim\u00e1ln\u00edm hlukem a vibracemi, tak\u017ee je vhodn\u00fd pro nep\u0159etr\u017eit\u00e9 pou\u017eit\u00ed. P\u0159esn\u011b zpracovan\u00e1 p\u0159evodovka zaji\u0161\u0165uje stabiln\u00ed p\u0159enos i p\u0159i velk\u00e9m pracovn\u00edm zat\u00ed\u017een\u00ed.<\/p>\n<p data-start=\"1839\" data-end=\"1979\">D\u00edky tomu si stroj zachov\u00e1v\u00e1 p\u0159esnost \u0159ez\u00e1n\u00ed po tis\u00edce operac\u00ed a prodlu\u017euje \u017eivotnost motoru i \u0159ezn\u00fdch no\u017e\u016f.<\/p>\n<h3 data-start=\"1986\" data-end=\"2036\">\u00a0Pevn\u00e1 struktura a u\u017eivatelsky p\u0159\u00edv\u011btiv\u00e1 mobilita<\/h3>\n<p data-start=\"2038\" data-end=\"2272\">T\u011blo stroje je vybaveno <strong data-start=\"2064\" data-end=\"2101\">vysoce kvalitn\u00ed litinov\u00e1 konstrukce<\/strong>, kter\u00fd zaji\u0161\u0165uje pevnost a odolnost proti vibrac\u00edm. Krom\u011b toho kompaktn\u00ed konstrukce a <strong data-start=\"2188\" data-end=\"2207\">vestav\u011bn\u00e1 kola<\/strong> usnad\u0148uj\u00ed p\u0159epravu a p\u0159emis\u0165ov\u00e1n\u00ed, a to i na nerovn\u00e9m povrchu.<\/p>\n<p data-start=\"2274\" data-end=\"2456\">Otev\u00edrateln\u00fd horn\u00ed kryt umo\u017e\u0148uje rychl\u00fd p\u0159\u00edstup pro \u00fadr\u017ebu a v\u00fdm\u011bnu no\u017e\u016f. P\u00e1ka pro ru\u010dn\u00ed ovl\u00e1d\u00e1n\u00ed umo\u017e\u0148uje u\u017eivatel\u016fm p\u0159esn\u011b a bezpe\u010dn\u011b kontrolovat ka\u017ed\u00fd \u0159ez.<\/p>\n<h3 data-start=\"2463\" data-end=\"2493\">Bezpe\u010dnost a p\u0159izp\u016fsobivost<\/h3>\n<p data-start=\"2495\" data-end=\"2727\">Na str\u00e1nk\u00e1ch <strong data-start=\"2499\" data-end=\"2543\">\u0158ezac\u00ed stroj na v\u00fdztu\u017ee GQ40A (ploch\u00fd n\u016f\u017e)<\/strong> obsahuje vestav\u011bn\u00e9 bezpe\u010dnostn\u00ed kryty, kter\u00e9 zabra\u0148uj\u00ed n\u00e1hodn\u00e9mu kontaktu s pohybliv\u00fdmi \u010d\u00e1stmi. Ovl\u00e1dac\u00ed mechanismus je jednoduch\u00fd, tak\u017ee je ide\u00e1ln\u00ed jak pro zku\u0161en\u00e9 pracovn\u00edky, tak pro za\u010d\u00ednaj\u00edc\u00ed obsluhu.<\/p>\n<p data-start=\"2729\" data-end=\"2959\">Krom\u011b toho stroj podporuje <strong data-start=\"2760\" data-end=\"2816\">vlastn\u00ed konfigurace nap\u011bt\u00ed (220V\/380V, 50Hz\/60Hz)<\/strong> pro kompatibilitu s glob\u00e1ln\u00edmi energetick\u00fdmi standardy. D\u00edky tomu je velmi vhodn\u00fd pro mezin\u00e1rodn\u00ed odb\u011bratele a distributory stavebn\u00edch stroj\u016f.<\/p>\n<h3 data-start=\"2966\" data-end=\"3013\">\u00a0Pro\u010d si vybrat \u0159eza\u010dku armatur s ploch\u00fdm no\u017eem GQ40A?<\/h3>\n<ul data-start=\"3015\" data-end=\"3260\">\n<li data-start=\"3015\" data-end=\"3067\">\n<p data-start=\"3017\" data-end=\"3067\">Poskytuje \u010dist\u00e9 a konzistentn\u00ed \u0159ezy pro 6-32mm armovac\u00ed pruty<\/p>\n<\/li>\n<li data-start=\"3068\" data-end=\"3120\">\n<p data-start=\"3070\" data-end=\"3120\">Siln\u00fd motor se spolehliv\u00fdm to\u010div\u00fdm momentem a \u00fa\u010dinnost\u00ed<\/p>\n<\/li>\n<li data-start=\"3121\" data-end=\"3169\">\n<p data-start=\"3123\" data-end=\"3169\">Snadn\u00e1 \u00fadr\u017eba s rychlou v\u00fdm\u011bnou no\u017e\u016f<\/p>\n<\/li>\n<li data-start=\"3170\" data-end=\"3218\">\n<p data-start=\"3172\" data-end=\"3218\">Mobiln\u00ed, kompaktn\u00ed a robustn\u00ed pro pou\u017eit\u00ed na staveni\u0161ti<\/p>\n<\/li>\n<li data-start=\"3219\" data-end=\"3260\">\n<p data-start=\"3221\" data-end=\"3260\">P\u0159ipraveno na export s p\u0159izp\u016fsoben\u00edm nap\u011bt\u00ed<\/p>\n<\/li>\n<\/ul>\n<p data-start=\"3262\" data-end=\"3479\">A\u0165 u\u017e pracujete na rozs\u00e1hl\u00e9 infrastruktu\u0159e, nebo na b\u011b\u017en\u00e9m zpracov\u00e1n\u00ed oceli. <strong data-start=\"3349\" data-end=\"3393\"><a href=\"https:\/\/www.hsymachinery.com\/cs\/produkty\/stroj-na-rezani-vyztuze\/\" target=\"_blank\" rel=\"noopener\">\u0158ezac\u00ed stroj na v\u00fdztu\u017e<\/a> GQ40A (ploch\u00fd n\u016f\u017e)<\/strong> poskytuje spolehliv\u00e9, vysokorychlostn\u00ed \u0159ezac\u00ed \u0159e\u0161en\u00ed, kter\u00e9 p\u0159in\u00e1\u0161\u00ed p\u0159idanou hodnotu ka\u017ed\u00e9mu projektu.<\/p>\n<p><iframe title=\"# stavebn\u00ed d\u011bln\u00edk # stavebn\u00ed d\u011bln\u00edk # stavebn\u00ed d\u011bln\u00edk # stavebn\u00ed d\u011bln\u00edk # stavebn\u00ed d\u011bln\u00edk # stavebn\u00ed d\u011bln\u00edk # stavebn\u00ed d\u011bln\u00edk # stavebn\u00ed d\u011bln\u00edk # stavebn\u00ed d\u011bln\u00edk\" width=\"720\" height=\"405\" src=\"https:\/\/www.youtube.com\/embed\/tdc4TA5-zRc?feature=oembed\" frameborder=\"0\" allow=\"accelerometer; autoplay; clipboard-write; encrypted-media; gyroscope; picture-in-picture; web-share\" referrerpolicy=\"strict-origin-when-cross-origin\" allowfullscreen><\/iframe><\/p>","protected":false},"excerpt":{"rendered":"<p>Ploch\u00e9 no\u017ee GQ40A pro \u0159ez\u00e1n\u00ed v\u00fdztu\u017ee nab\u00edzej\u00ed rychl\u00e9 a hladk\u00e9 \u0159ezy ocelov\u00fdch ty\u010d\u00ed o pr\u016fm\u011bru 6-32 mm. Ide\u00e1ln\u00ed pro ka\u017edodenn\u00ed pou\u017eit\u00ed na stavb\u00e1ch a exportn\u00edch trz\u00edch.<\/p>","protected":false},"featured_media":8910,"template":"","meta":{"_kad_post_transparent":"default","_kad_post_title":"","_kad_post_layout":"default","_kad_post_sidebar_id":"","_kad_post_content_style":"default","_kad_post_vertical_padding":"default","_kad_post_feature":"","_kad_post_feature_position":"","_kad_post_header":false,"_kad_post_footer":false},"product_brand":[],"product_cat":[51],"product_tag":[988,992,990,989,993,985,994,987,984,991,986],"class_list":{"0":"post-8909","1":"product","2":"type-product","3":"status-publish","4":"has-post-thumbnail","6":"product_cat-rebar-cutting-machine","7":"product_tag-automatic-rebar-cutter","8":"product_tag-construction-steel-bar-cutter","9":"product_tag-electric-rebar-cutting-tool","10":"product_tag-hydraulic-rebar-cutting-machine","11":"product_tag-portable-rebar-cutting-machine","12":"product_tag-rebar-cutter","13":"product_tag-rebar-cutting-machine","14":"product_tag-reinforcement-bar-cutter","15":"product_tag-steel-bar-cutting-machine","16":"product_tag-steel-rod-cutter-machine","17":"product_tag-tmt-bar-cutting-machine","19":"first","20":"instock","21":"shipping-taxable","22":"product-type-simple","23":"entry","24":"content-bg","25":"loop-entry"},"yoast_head":"<!-- This site is optimized with the Yoast SEO plugin v25.3.1 - https:\/\/yoast.com\/wordpress\/plugins\/seo\/ -->\n<title>Rebar Cutting Machine GQ40A (Flat knife) - HSY Construction Machinery<\/title>\n<meta name=\"description\" content=\"The Rebar Cutting Machine GQ40A (Flat Knife) cuts 6\u201332mm rebar cleanly and efficiently. Designed for high-volume construction and global export.\" \/>\n<meta name=\"robots\" content=\"index, follow, max-snippet:-1, max-image-preview:large, max-video-preview:-1\" \/>\n<link rel=\"canonical\" href=\"https:\/\/www.hsymachinery.com\/cs\/produkt\/stroj-na-rezani-vyztuze-gq40a-plochy-nuz\/\" \/>\n<meta property=\"og:locale\" content=\"cs_CZ\" \/>\n<meta property=\"og:type\" content=\"article\" \/>\n<meta property=\"og:title\" content=\"Rebar Cutting Machine GQ40A (Flat knife) - HSY Construction Machinery\" \/>\n<meta property=\"og:description\" content=\"The Rebar Cutting Machine GQ40A (Flat Knife) cuts 6\u201332mm rebar cleanly and efficiently. Designed for high-volume construction and global export.\" \/>\n<meta property=\"og:url\" content=\"https:\/\/www.hsymachinery.com\/cs\/produkt\/stroj-na-rezani-vyztuze-gq40a-plochy-nuz\/\" \/>\n<meta property=\"og:site_name\" content=\"HSY Construction Machinery\" \/>\n<meta property=\"article:modified_time\" content=\"2025-06-25T12:25:23+00:00\" \/>\n<meta property=\"og:image\" content=\"https:\/\/www.hsymachinery.com\/wp-content\/uploads\/2025\/06\/Rebar-Cutting-Machine-GQ40A-Flat-knife.jpg\" \/>\n\t<meta property=\"og:image:width\" content=\"600\" \/>\n\t<meta property=\"og:image:height\" content=\"600\" \/>\n\t<meta property=\"og:image:type\" content=\"image\/jpeg\" \/>\n<meta name=\"twitter:card\" content=\"summary_large_image\" \/>\n<meta name=\"twitter:label1\" content=\"Odhadovan\u00e1 doba \u010dten\u00ed\" \/>\n\t<meta name=\"twitter:data1\" content=\"3 minuty\" \/>\n<script type=\"application\/ld+json\" class=\"yoast-schema-graph\">{\"@context\":\"https:\/\/schema.org\",\"@graph\":[{\"@type\":\"WebPage\",\"@id\":\"https:\/\/www.hsymachinery.com\/product\/rebar-cutting-machine-gq40a-flat-knife\/\",\"url\":\"https:\/\/www.hsymachinery.com\/product\/rebar-cutting-machine-gq40a-flat-knife\/\",\"name\":\"Rebar Cutting Machine GQ40A (Flat knife) - HSY Construction Machinery\",\"isPartOf\":{\"@id\":\"https:\/\/www.hsymachinery.com\/#website\"},\"primaryImageOfPage\":{\"@id\":\"https:\/\/www.hsymachinery.com\/product\/rebar-cutting-machine-gq40a-flat-knife\/#primaryimage\"},\"image\":{\"@id\":\"https:\/\/www.hsymachinery.com\/product\/rebar-cutting-machine-gq40a-flat-knife\/#primaryimage\"},\"thumbnailUrl\":\"https:\/\/www.hsymachinery.com\/wp-content\/uploads\/2025\/06\/Rebar-Cutting-Machine-GQ40A-Flat-knife.jpg\",\"datePublished\":\"2025-06-18T03:16:17+00:00\",\"dateModified\":\"2025-06-25T12:25:23+00:00\",\"description\":\"The Rebar Cutting Machine GQ40A (Flat Knife) cuts 6\u201332mm rebar cleanly and efficiently. Designed for high-volume construction and global export.\",\"breadcrumb\":{\"@id\":\"https:\/\/www.hsymachinery.com\/product\/rebar-cutting-machine-gq40a-flat-knife\/#breadcrumb\"},\"inLanguage\":\"cs\",\"potentialAction\":[{\"@type\":\"ReadAction\",\"target\":[\"https:\/\/www.hsymachinery.com\/product\/rebar-cutting-machine-gq40a-flat-knife\/\"]}]},{\"@type\":\"ImageObject\",\"inLanguage\":\"cs\",\"@id\":\"https:\/\/www.hsymachinery.com\/product\/rebar-cutting-machine-gq40a-flat-knife\/#primaryimage\",\"url\":\"https:\/\/www.hsymachinery.com\/wp-content\/uploads\/2025\/06\/Rebar-Cutting-Machine-GQ40A-Flat-knife.jpg\",\"contentUrl\":\"https:\/\/www.hsymachinery.com\/wp-content\/uploads\/2025\/06\/Rebar-Cutting-Machine-GQ40A-Flat-knife.jpg\",\"width\":600,\"height\":600},{\"@type\":\"BreadcrumbList\",\"@id\":\"https:\/\/www.hsymachinery.com\/product\/rebar-cutting-machine-gq40a-flat-knife\/#breadcrumb\",\"itemListElement\":[{\"@type\":\"ListItem\",\"position\":1,\"name\":\"home\",\"item\":\"https:\/\/www.hsymachinery.com\/\"},{\"@type\":\"ListItem\",\"position\":2,\"name\":\"products\",\"item\":\"https:\/\/www.hsymachinery.com\/products\/\"},{\"@type\":\"ListItem\",\"position\":3,\"name\":\"Rebar Cutting Machine GQ40A (Flat knife)\"}]},{\"@type\":\"WebSite\",\"@id\":\"https:\/\/www.hsymachinery.com\/#website\",\"url\":\"https:\/\/www.hsymachinery.com\/\",\"name\":\"HSY Construction Machinery\",\"description\":\"HSY Machinery \u2013 A leading China construction machinery supplier, offering a wide range of light construction equipment. Our main products include Rebar Cutting Machine, Rebar Bending Machine, Rebar Stirrup Bending Machine, Rebar Arc Bending Machine, Rebar Straightening Machine, Five-Head Rebar Stirrup Bending Machine, Tamping Rammer, Plate Compactor, Concrete Cutter, Power Trowel, and other construction machinery. We are equipped with advanced CNC machines, and we enforce strict quality inspection standards along with comprehensive after-sales service. If you are interested in our products or services, we warmly welcome your inquiries via message.\",\"publisher\":{\"@id\":\"https:\/\/www.hsymachinery.com\/#organization\"},\"potentialAction\":[{\"@type\":\"SearchAction\",\"target\":{\"@type\":\"EntryPoint\",\"urlTemplate\":\"https:\/\/www.hsymachinery.com\/?s={search_term_string}\"},\"query-input\":{\"@type\":\"PropertyValueSpecification\",\"valueRequired\":true,\"valueName\":\"search_term_string\"}}],\"inLanguage\":\"cs\"},{\"@type\":\"Organization\",\"@id\":\"https:\/\/www.hsymachinery.com\/#organization\",\"name\":\"HSY Construction Machinery\",\"url\":\"https:\/\/www.hsymachinery.com\/\",\"logo\":{\"@type\":\"ImageObject\",\"inLanguage\":\"cs\",\"@id\":\"https:\/\/www.hsymachinery.com\/#\/schema\/logo\/image\/\",\"url\":\"https:\/\/www.hsymachinery.com\/wp-content\/uploads\/2025\/06\/cropped-HSY-machinery.png\",\"contentUrl\":\"https:\/\/www.hsymachinery.com\/wp-content\/uploads\/2025\/06\/cropped-HSY-machinery.png\",\"width\":600,\"height\":240,\"caption\":\"HSY Construction Machinery\"},\"image\":{\"@id\":\"https:\/\/www.hsymachinery.com\/#\/schema\/logo\/image\/\"}}]}<\/script>\n<!-- \/ Yoast SEO plugin. -->","yoast_head_json":{"title":"\u0158ezac\u00ed stroj na v\u00fdztu\u017ee GQ40A (ploch\u00fd n\u016f\u017e) - HSY Construction Machinery","description":"\u0158eza\u010dka armatur GQ40A (ploch\u00fd n\u016f\u017e) \u0159e\u017ee armatury o pr\u016fm\u011bru 6-32 mm \u010dist\u011b a efektivn\u011b. Navr\u017eeno pro velkoobjemovou v\u00fdstavbu a glob\u00e1ln\u00ed export.","robots":{"index":"index","follow":"follow","max-snippet":"max-snippet:-1","max-image-preview":"max-image-preview:large","max-video-preview":"max-video-preview:-1"},"canonical":"https:\/\/www.hsymachinery.com\/cs\/produkt\/stroj-na-rezani-vyztuze-gq40a-plochy-nuz\/","og_locale":"cs_CZ","og_type":"article","og_title":"Rebar Cutting Machine GQ40A (Flat knife) - HSY Construction Machinery","og_description":"The Rebar Cutting Machine GQ40A (Flat Knife) cuts 6\u201332mm rebar cleanly and efficiently. Designed for high-volume construction and global export.","og_url":"https:\/\/www.hsymachinery.com\/cs\/produkt\/stroj-na-rezani-vyztuze-gq40a-plochy-nuz\/","og_site_name":"HSY Construction Machinery","article_modified_time":"2025-06-25T12:25:23+00:00","og_image":[{"width":600,"height":600,"url":"https:\/\/www.hsymachinery.com\/wp-content\/uploads\/2025\/06\/Rebar-Cutting-Machine-GQ40A-Flat-knife.jpg","type":"image\/jpeg"}],"twitter_card":"summary_large_image","twitter_misc":{"Odhadovan\u00e1 doba \u010dten\u00ed":"3 minuty"},"schema":{"@context":"https:\/\/schema.org","@graph":[{"@type":"WebPage","@id":"https:\/\/www.hsymachinery.com\/product\/rebar-cutting-machine-gq40a-flat-knife\/","url":"https:\/\/www.hsymachinery.com\/product\/rebar-cutting-machine-gq40a-flat-knife\/","name":"\u0158ezac\u00ed stroj na v\u00fdztu\u017ee GQ40A (ploch\u00fd n\u016f\u017e) - HSY Construction Machinery","isPartOf":{"@id":"https:\/\/www.hsymachinery.com\/#website"},"primaryImageOfPage":{"@id":"https:\/\/www.hsymachinery.com\/product\/rebar-cutting-machine-gq40a-flat-knife\/#primaryimage"},"image":{"@id":"https:\/\/www.hsymachinery.com\/product\/rebar-cutting-machine-gq40a-flat-knife\/#primaryimage"},"thumbnailUrl":"https:\/\/www.hsymachinery.com\/wp-content\/uploads\/2025\/06\/Rebar-Cutting-Machine-GQ40A-Flat-knife.jpg","datePublished":"2025-06-18T03:16:17+00:00","dateModified":"2025-06-25T12:25:23+00:00","description":"\u0158eza\u010dka armatur GQ40A (ploch\u00fd n\u016f\u017e) \u0159e\u017ee armatury o pr\u016fm\u011bru 6-32 mm \u010dist\u011b a efektivn\u011b. Navr\u017eeno pro velkoobjemovou v\u00fdstavbu a glob\u00e1ln\u00ed export.","breadcrumb":{"@id":"https:\/\/www.hsymachinery.com\/product\/rebar-cutting-machine-gq40a-flat-knife\/#breadcrumb"},"inLanguage":"cs","potentialAction":[{"@type":"ReadAction","target":["https:\/\/www.hsymachinery.com\/product\/rebar-cutting-machine-gq40a-flat-knife\/"]}]},{"@type":"ImageObject","inLanguage":"cs","@id":"https:\/\/www.hsymachinery.com\/product\/rebar-cutting-machine-gq40a-flat-knife\/#primaryimage","url":"https:\/\/www.hsymachinery.com\/wp-content\/uploads\/2025\/06\/Rebar-Cutting-Machine-GQ40A-Flat-knife.jpg","contentUrl":"https:\/\/www.hsymachinery.com\/wp-content\/uploads\/2025\/06\/Rebar-Cutting-Machine-GQ40A-Flat-knife.jpg","width":600,"height":600},{"@type":"BreadcrumbList","@id":"https:\/\/www.hsymachinery.com\/product\/rebar-cutting-machine-gq40a-flat-knife\/#breadcrumb","itemListElement":[{"@type":"ListItem","position":1,"name":"home","item":"https:\/\/www.hsymachinery.com\/"},{"@type":"ListItem","position":2,"name":"products","item":"https:\/\/www.hsymachinery.com\/products\/"},{"@type":"ListItem","position":3,"name":"Rebar Cutting Machine GQ40A (Flat knife)"}]},{"@type":"WebSite","@id":"https:\/\/www.hsymachinery.com\/#website","url":"https:\/\/www.hsymachinery.com\/","name":"Stavebn\u00ed stroje HSY","description":"HSY Machinery - P\u0159edn\u00ed \u010d\u00ednsk\u00fd dodavatel stavebn\u00edch stroj\u016f, kter\u00fd nab\u00edz\u00ed \u0161irokou \u0161k\u00e1lu lehk\u00fdch stavebn\u00edch stroj\u016f. Mezi na\u0161e hlavn\u00ed produkty pat\u0159\u00ed \u0159eza\u010dka prut\u016f, oh\u00fdba\u010dka prut\u016f, oh\u00fdba\u010dka prut\u016f, obloukov\u00e1 oh\u00fdba\u010dka prut\u016f, rovna\u010dka prut\u016f, p\u011btihlav\u0148ov\u00e1 oh\u00fdba\u010dka prut\u016f, p\u011bchovac\u00ed kladivo, zhut\u0148ova\u010d desek, \u0159eza\u010dka betonu, motorov\u00e1 st\u011brka a dal\u0161\u00ed stavebn\u00ed stroje. Jsme vybaveni modern\u00edmi CNC stroji a prosazujeme p\u0159\u00edsn\u00e9 standardy kontroly kvality spolu s komplexn\u00edm poprodejn\u00edm servisem. Pokud m\u00e1te z\u00e1jem o na\u0161e v\u00fdrobky nebo slu\u017eby, srde\u010dn\u011b uv\u00edt\u00e1me va\u0161e dotazy prost\u0159ednictv\u00edm zpr\u00e1vy.","publisher":{"@id":"https:\/\/www.hsymachinery.com\/#organization"},"potentialAction":[{"@type":"SearchAction","target":{"@type":"EntryPoint","urlTemplate":"https:\/\/www.hsymachinery.com\/?s={search_term_string}"},"query-input":{"@type":"PropertyValueSpecification","valueRequired":true,"valueName":"search_term_string"}}],"inLanguage":"cs"},{"@type":"Organization","@id":"https:\/\/www.hsymachinery.com\/#organization","name":"Stavebn\u00ed stroje HSY","url":"https:\/\/www.hsymachinery.com\/","logo":{"@type":"ImageObject","inLanguage":"cs","@id":"https:\/\/www.hsymachinery.com\/#\/schema\/logo\/image\/","url":"https:\/\/www.hsymachinery.com\/wp-content\/uploads\/2025\/06\/cropped-HSY-machinery.png","contentUrl":"https:\/\/www.hsymachinery.com\/wp-content\/uploads\/2025\/06\/cropped-HSY-machinery.png","width":600,"height":240,"caption":"HSY Construction Machinery"},"image":{"@id":"https:\/\/www.hsymachinery.com\/#\/schema\/logo\/image\/"}}]}},"_links":{"self":[{"href":"https:\/\/www.hsymachinery.com\/cs\/wp-json\/wp\/v2\/product\/8909","targetHints":{"allow":["GET"]}}],"collection":[{"href":"https:\/\/www.hsymachinery.com\/cs\/wp-json\/wp\/v2\/product"}],"about":[{"href":"https:\/\/www.hsymachinery.com\/cs\/wp-json\/wp\/v2\/types\/product"}],"version-history":[{"count":4,"href":"https:\/\/www.hsymachinery.com\/cs\/wp-json\/wp\/v2\/product\/8909\/revisions"}],"predecessor-version":[{"id":9320,"href":"https:\/\/www.hsymachinery.com\/cs\/wp-json\/wp\/v2\/product\/8909\/revisions\/9320"}],"wp:featuredmedia":[{"embeddable":true,"href":"https:\/\/www.hsymachinery.com\/cs\/wp-json\/wp\/v2\/media\/8910"}],"wp:attachment":[{"href":"https:\/\/www.hsymachinery.com\/cs\/wp-json\/wp\/v2\/media?parent=8909"}],"wp:term":[{"taxonomy":"product_brand","embeddable":true,"href":"https:\/\/www.hsymachinery.com\/cs\/wp-json\/wp\/v2\/product_brand?post=8909"},{"taxonomy":"product_cat","embeddable":true,"href":"https:\/\/www.hsymachinery.com\/cs\/wp-json\/wp\/v2\/product_cat?post=8909"},{"taxonomy":"product_tag","embeddable":true,"href":"https:\/\/www.hsymachinery.com\/cs\/wp-json\/wp\/v2\/product_tag?post=8909"}],"curies":[{"name":"wp","href":"https:\/\/api.w.org\/{rel}","templated":true}]}}