{"id":8892,"date":"2025-06-16T10:10:43","date_gmt":"2025-06-16T02:10:43","guid":{"rendered":"https:\/\/www.hsymachinery.com\/?post_type=product&#038;p=8892"},"modified":"2025-06-25T20:14:34","modified_gmt":"2025-06-25T12:14:34","slug":"stroj-na-rezani-vyztuze-gq40-plochy-nuz","status":"publish","type":"product","link":"https:\/\/www.hsymachinery.com\/cs\/produkt\/stroj-na-rezani-vyztuze-gq40-plochy-nuz\/","title":{"rendered":"\u0158ezac\u00ed stroj na v\u00fdztu\u017ee GQ40 (ploch\u00fd n\u016f\u017e)"},"content":{"rendered":"<p data-start=\"333\" data-end=\"553\">Na str\u00e1nk\u00e1ch <strong data-start=\"337\" data-end=\"383\">GQ40 \u0158ezac\u00ed stroj na armatury s ploch\u00fdm no\u017eem<\/strong> poskytuje rychl\u00e9 a p\u0159esn\u00e9 \u0159ez\u00e1n\u00ed ocelov\u00fdch ty\u010d\u00ed. Stavebn\u00ed t\u00fdmy po cel\u00e9m sv\u011bt\u011b se na n\u011bj spol\u00e9haj\u00ed p\u0159i ka\u017edodenn\u00ed pr\u00e1ci na stavb\u00e1ch, mostn\u00edch projektech a p\u0159i stavb\u011b silnic.<\/p>\n<p data-start=\"555\" data-end=\"790\">Tento stroj pou\u017e\u00edv\u00e1 syst\u00e9m ploch\u00fdch no\u017e\u016f k \u0159ez\u00e1n\u00ed uhl\u00edkov\u00e9 oceli, deformovan\u00fdch ocelov\u00fdch ty\u010d\u00ed a kruhov\u00fdch ty\u010d\u00ed. M\u016f\u017eete \u0159ezat v\u00fdztu\u017en\u00e9 ty\u010de o pr\u016fm\u011bru od 6 mm do 28 mm. Ploch\u00fd n\u016f\u017e p\u016fsob\u00ed rovnom\u011brnou silou a zaji\u0161\u0165uje, \u017ee ka\u017ed\u00fd \u0159ez je \u010dist\u00fd a bez ot\u0159ep\u016f.<\/p>\n<p data-start=\"792\" data-end=\"1029\">Model GQ40 je vybaven vysoce v\u00fdkonn\u00fdm motorem a odoln\u00fdm p\u0159evodov\u00fdm syst\u00e9mem. Obsluha jej m\u016f\u017ee pou\u017e\u00edvat nep\u0159etr\u017eit\u011b, ani\u017e by se p\u0159eh\u0159\u00e1l. Stroj pracuje hladce a vytv\u00e1\u0159\u00ed minim\u00e1ln\u00ed vibrace. Vestav\u011bn\u00e1 kole\u010dka usnad\u0148uj\u00ed p\u0159esun po staveni\u0161ti.<\/p>\n<p data-start=\"1031\" data-end=\"1198\">R\u00e1m je vyroben z vysoce odoln\u00e9 litiny. Odol\u00e1v\u00e1 opot\u0159eben\u00ed a podporuje stabiln\u00ed \u0159ez\u00e1n\u00ed po mnoho let. Ploch\u00fd no\u017eov\u00fd modul umo\u017e\u0148uje rychlou v\u00fdm\u011bnu no\u017e\u016f a jednoduchou \u00fadr\u017ebu.<\/p>\n<p data-start=\"1200\" data-end=\"1392\">Obsluha ovl\u00e1d\u00e1 \u0159ez\u00e1n\u00ed ru\u010dn\u00ed p\u00e1kou. Stroj reaguje rychle, co\u017e zvy\u0161uje efektivitu pr\u00e1ce na m\u00edst\u011b. Bezpe\u010dnostn\u00ed kryty chr\u00e1n\u00ed u\u017eivatele p\u0159i pr\u00e1ci, ani\u017e by br\u00e1nily ve v\u00fdhledu.<\/p>\n<p data-start=\"1394\" data-end=\"1429\">Tato \u0159eza\u010dka v\u00fdztu\u017ee vyhovuje mnoha u\u017eivatel\u016fm:<\/p>\n<ul data-start=\"1430\" data-end=\"1498\">\n<li data-start=\"1430\" data-end=\"1443\">\n<p data-start=\"1432\" data-end=\"1443\">Dodavatel\u00e9<\/p>\n<\/li>\n<li data-start=\"1444\" data-end=\"1468\">\n<p data-start=\"1446\" data-end=\"1468\">Obchody na zpracov\u00e1n\u00ed v\u00fdztu\u017ee<\/p>\n<\/li>\n<li data-start=\"1469\" data-end=\"1498\">\n<p data-start=\"1471\" data-end=\"1498\">Stavebn\u00ed spole\u010dnosti<\/p>\n<\/li>\n<\/ul>\n<p data-start=\"1500\" data-end=\"1654\">D\u00edky kompaktn\u00edm rozm\u011br\u016fm a kompatibilit\u011b s mezin\u00e1rodn\u00edm nap\u011bt\u00edm (220V\/380V, 50Hz\/60Hz) je ide\u00e1ln\u00ed pro export. Jeho instalaci zvl\u00e1dnete bez nutnosti \u0161kolen\u00ed.<\/p>\n<p data-start=\"1656\" data-end=\"1846\">Vyberte si<a href=\"https:\/\/www.hsymachinery.com\/cs\/produkty\/stroj-na-rezani-vyztuze\/\" target=\"_blank\" rel=\"noopener\"> \u0158ezac\u00ed stroj na v\u00fdztu\u017e<\/a> GQ40 (ploch\u00fd n\u016f\u017e), pokud chcete spolehliv\u00fd v\u00fdkon, nen\u00e1ro\u010dnou \u00fadr\u017ebu a rychl\u00e9 ka\u017edodenn\u00ed \u0159ez\u00e1n\u00ed. \u0160et\u0159\u00ed \u010das, sni\u017euje mno\u017estv\u00ed odpadu z v\u00fdztu\u017ee a udr\u017euje produktivitu va\u0161eho t\u00fdmu.<\/p>\n<p><iframe title=\"\u0158ezac\u00ed stroj na v\u00fdztu\u017en\u00e9 ty\u010de, stroj na \u0159ez\u00e1n\u00ed ocelov\u00fdch ty\u010d\u00ed, stavebn\u00ed stroje\" width=\"720\" height=\"405\" src=\"https:\/\/www.youtube.com\/embed\/cIrJPBezWsw?feature=oembed\" frameborder=\"0\" allow=\"accelerometer; autoplay; clipboard-write; encrypted-media; gyroscope; picture-in-picture; web-share\" referrerpolicy=\"strict-origin-when-cross-origin\" allowfullscreen><\/iframe><\/p>","protected":false},"excerpt":{"rendered":"<p>\u0158eza\u010dka armatur GQ40 s ploch\u00fdm no\u017eem \u0159e\u017ee ty\u010de o pr\u016fm\u011bru 6-28 mm rychle a p\u0159esn\u011b. P\u0159enosn\u00e1, odoln\u00e1 a ide\u00e1ln\u00ed pro ka\u017edodenn\u00ed pou\u017eit\u00ed ve stavebnictv\u00ed.<\/p>","protected":false},"featured_media":8908,"template":"","meta":{"_kad_post_transparent":"default","_kad_post_title":"","_kad_post_layout":"default","_kad_post_sidebar_id":"","_kad_post_content_style":"default","_kad_post_vertical_padding":"default","_kad_post_feature":"","_kad_post_feature_position":"","_kad_post_header":false,"_kad_post_footer":false},"product_brand":[],"product_cat":[51],"product_tag":[988,992,990,989,993,985,994,987,984,991,986],"class_list":{"0":"post-8892","1":"product","2":"type-product","3":"status-publish","4":"has-post-thumbnail","6":"product_cat-rebar-cutting-machine","7":"product_tag-automatic-rebar-cutter","8":"product_tag-construction-steel-bar-cutter","9":"product_tag-electric-rebar-cutting-tool","10":"product_tag-hydraulic-rebar-cutting-machine","11":"product_tag-portable-rebar-cutting-machine","12":"product_tag-rebar-cutter","13":"product_tag-rebar-cutting-machine","14":"product_tag-reinforcement-bar-cutter","15":"product_tag-steel-bar-cutting-machine","16":"product_tag-steel-rod-cutter-machine","17":"product_tag-tmt-bar-cutting-machine","19":"first","20":"instock","21":"shipping-taxable","22":"product-type-simple","23":"entry","24":"content-bg","25":"loop-entry"},"yoast_head":"<!-- This site is optimized with the Yoast SEO plugin v25.3.1 - https:\/\/yoast.com\/wordpress\/plugins\/seo\/ -->\n<title>Rebar Cutting Machine GQ40 (Flat knife) - HSY Construction Machinery<\/title>\n<meta name=\"description\" content=\"Export-grade GQ40 Rebar Cutting Machine with flat knife cuts 6\u201328mm rebar fast and clean. Ideal for construction and steel processing.\" \/>\n<meta name=\"robots\" content=\"index, follow, max-snippet:-1, max-image-preview:large, max-video-preview:-1\" \/>\n<link rel=\"canonical\" href=\"https:\/\/www.hsymachinery.com\/cs\/produkt\/stroj-na-rezani-vyztuze-gq40-plochy-nuz\/\" \/>\n<meta property=\"og:locale\" content=\"cs_CZ\" \/>\n<meta property=\"og:type\" content=\"article\" \/>\n<meta property=\"og:title\" content=\"Rebar Cutting Machine GQ40 (Flat knife) - HSY Construction Machinery\" \/>\n<meta property=\"og:description\" content=\"Export-grade GQ40 Rebar Cutting Machine with flat knife cuts 6\u201328mm rebar fast and clean. Ideal for construction and steel processing.\" \/>\n<meta property=\"og:url\" content=\"https:\/\/www.hsymachinery.com\/cs\/produkt\/stroj-na-rezani-vyztuze-gq40-plochy-nuz\/\" \/>\n<meta property=\"og:site_name\" content=\"HSY Construction Machinery\" \/>\n<meta property=\"article:modified_time\" content=\"2025-06-25T12:14:34+00:00\" \/>\n<meta property=\"og:image\" content=\"https:\/\/www.hsymachinery.com\/wp-content\/uploads\/2025\/06\/Rebar-Cutting-Machine-GQ40-Flat-knife.jpg\" \/>\n\t<meta property=\"og:image:width\" content=\"600\" \/>\n\t<meta property=\"og:image:height\" content=\"600\" \/>\n\t<meta property=\"og:image:type\" content=\"image\/jpeg\" \/>\n<meta name=\"twitter:card\" content=\"summary_large_image\" \/>\n<meta name=\"twitter:label1\" content=\"Odhadovan\u00e1 doba \u010dten\u00ed\" \/>\n\t<meta name=\"twitter:data1\" content=\"2 minuty\" \/>\n<script type=\"application\/ld+json\" class=\"yoast-schema-graph\">{\"@context\":\"https:\/\/schema.org\",\"@graph\":[{\"@type\":\"WebPage\",\"@id\":\"https:\/\/www.hsymachinery.com\/product\/rebar-cutting-machine-gq40-flat-knife\/\",\"url\":\"https:\/\/www.hsymachinery.com\/product\/rebar-cutting-machine-gq40-flat-knife\/\",\"name\":\"Rebar Cutting Machine GQ40 (Flat knife) - HSY Construction Machinery\",\"isPartOf\":{\"@id\":\"https:\/\/www.hsymachinery.com\/#website\"},\"primaryImageOfPage\":{\"@id\":\"https:\/\/www.hsymachinery.com\/product\/rebar-cutting-machine-gq40-flat-knife\/#primaryimage\"},\"image\":{\"@id\":\"https:\/\/www.hsymachinery.com\/product\/rebar-cutting-machine-gq40-flat-knife\/#primaryimage\"},\"thumbnailUrl\":\"https:\/\/www.hsymachinery.com\/wp-content\/uploads\/2025\/06\/Rebar-Cutting-Machine-GQ40-Flat-knife.jpg\",\"datePublished\":\"2025-06-16T02:10:43+00:00\",\"dateModified\":\"2025-06-25T12:14:34+00:00\",\"description\":\"Export-grade GQ40 Rebar Cutting Machine with flat knife cuts 6\u201328mm rebar fast and clean. Ideal for construction and steel processing.\",\"breadcrumb\":{\"@id\":\"https:\/\/www.hsymachinery.com\/product\/rebar-cutting-machine-gq40-flat-knife\/#breadcrumb\"},\"inLanguage\":\"cs\",\"potentialAction\":[{\"@type\":\"ReadAction\",\"target\":[\"https:\/\/www.hsymachinery.com\/product\/rebar-cutting-machine-gq40-flat-knife\/\"]}]},{\"@type\":\"ImageObject\",\"inLanguage\":\"cs\",\"@id\":\"https:\/\/www.hsymachinery.com\/product\/rebar-cutting-machine-gq40-flat-knife\/#primaryimage\",\"url\":\"https:\/\/www.hsymachinery.com\/wp-content\/uploads\/2025\/06\/Rebar-Cutting-Machine-GQ40-Flat-knife.jpg\",\"contentUrl\":\"https:\/\/www.hsymachinery.com\/wp-content\/uploads\/2025\/06\/Rebar-Cutting-Machine-GQ40-Flat-knife.jpg\",\"width\":600,\"height\":600},{\"@type\":\"BreadcrumbList\",\"@id\":\"https:\/\/www.hsymachinery.com\/product\/rebar-cutting-machine-gq40-flat-knife\/#breadcrumb\",\"itemListElement\":[{\"@type\":\"ListItem\",\"position\":1,\"name\":\"home\",\"item\":\"https:\/\/www.hsymachinery.com\/\"},{\"@type\":\"ListItem\",\"position\":2,\"name\":\"products\",\"item\":\"https:\/\/www.hsymachinery.com\/products\/\"},{\"@type\":\"ListItem\",\"position\":3,\"name\":\"Rebar Cutting Machine GQ40 (Flat knife)\"}]},{\"@type\":\"WebSite\",\"@id\":\"https:\/\/www.hsymachinery.com\/#website\",\"url\":\"https:\/\/www.hsymachinery.com\/\",\"name\":\"HSY Construction Machinery\",\"description\":\"HSY Machinery \u2013 A leading China construction machinery supplier, offering a wide range of light construction equipment. Our main products include Rebar Cutting Machine, Rebar Bending Machine, Rebar Stirrup Bending Machine, Rebar Arc Bending Machine, Rebar Straightening Machine, Five-Head Rebar Stirrup Bending Machine, Tamping Rammer, Plate Compactor, Concrete Cutter, Power Trowel, and other construction machinery. We are equipped with advanced CNC machines, and we enforce strict quality inspection standards along with comprehensive after-sales service. If you are interested in our products or services, we warmly welcome your inquiries via message.\",\"publisher\":{\"@id\":\"https:\/\/www.hsymachinery.com\/#organization\"},\"potentialAction\":[{\"@type\":\"SearchAction\",\"target\":{\"@type\":\"EntryPoint\",\"urlTemplate\":\"https:\/\/www.hsymachinery.com\/?s={search_term_string}\"},\"query-input\":{\"@type\":\"PropertyValueSpecification\",\"valueRequired\":true,\"valueName\":\"search_term_string\"}}],\"inLanguage\":\"cs\"},{\"@type\":\"Organization\",\"@id\":\"https:\/\/www.hsymachinery.com\/#organization\",\"name\":\"HSY Construction Machinery\",\"url\":\"https:\/\/www.hsymachinery.com\/\",\"logo\":{\"@type\":\"ImageObject\",\"inLanguage\":\"cs\",\"@id\":\"https:\/\/www.hsymachinery.com\/#\/schema\/logo\/image\/\",\"url\":\"https:\/\/www.hsymachinery.com\/wp-content\/uploads\/2025\/06\/cropped-HSY-machinery.png\",\"contentUrl\":\"https:\/\/www.hsymachinery.com\/wp-content\/uploads\/2025\/06\/cropped-HSY-machinery.png\",\"width\":600,\"height\":240,\"caption\":\"HSY Construction Machinery\"},\"image\":{\"@id\":\"https:\/\/www.hsymachinery.com\/#\/schema\/logo\/image\/\"}}]}<\/script>\n<!-- \/ Yoast SEO plugin. -->","yoast_head_json":{"title":"\u0158ezac\u00ed stroj na v\u00fdztu\u017ee GQ40 (ploch\u00fd n\u016f\u017e) - Stavebn\u00ed stroje HSY","description":"Exportn\u00ed \u0159ezac\u00ed stroj GQ40 na armatury s ploch\u00fdm no\u017eem \u0159e\u017ee armatury o pr\u016fm\u011bru 6-28 mm rychle a \u010dist\u011b. Ide\u00e1ln\u00ed pro stavebnictv\u00ed a zpracov\u00e1n\u00ed oceli.","robots":{"index":"index","follow":"follow","max-snippet":"max-snippet:-1","max-image-preview":"max-image-preview:large","max-video-preview":"max-video-preview:-1"},"canonical":"https:\/\/www.hsymachinery.com\/cs\/produkt\/stroj-na-rezani-vyztuze-gq40-plochy-nuz\/","og_locale":"cs_CZ","og_type":"article","og_title":"Rebar Cutting Machine GQ40 (Flat knife) - HSY Construction Machinery","og_description":"Export-grade GQ40 Rebar Cutting Machine with flat knife cuts 6\u201328mm rebar fast and clean. Ideal for construction and steel processing.","og_url":"https:\/\/www.hsymachinery.com\/cs\/produkt\/stroj-na-rezani-vyztuze-gq40-plochy-nuz\/","og_site_name":"HSY Construction Machinery","article_modified_time":"2025-06-25T12:14:34+00:00","og_image":[{"width":600,"height":600,"url":"https:\/\/www.hsymachinery.com\/wp-content\/uploads\/2025\/06\/Rebar-Cutting-Machine-GQ40-Flat-knife.jpg","type":"image\/jpeg"}],"twitter_card":"summary_large_image","twitter_misc":{"Odhadovan\u00e1 doba \u010dten\u00ed":"2 minuty"},"schema":{"@context":"https:\/\/schema.org","@graph":[{"@type":"WebPage","@id":"https:\/\/www.hsymachinery.com\/product\/rebar-cutting-machine-gq40-flat-knife\/","url":"https:\/\/www.hsymachinery.com\/product\/rebar-cutting-machine-gq40-flat-knife\/","name":"\u0158ezac\u00ed stroj na v\u00fdztu\u017ee GQ40 (ploch\u00fd n\u016f\u017e) - Stavebn\u00ed stroje HSY","isPartOf":{"@id":"https:\/\/www.hsymachinery.com\/#website"},"primaryImageOfPage":{"@id":"https:\/\/www.hsymachinery.com\/product\/rebar-cutting-machine-gq40-flat-knife\/#primaryimage"},"image":{"@id":"https:\/\/www.hsymachinery.com\/product\/rebar-cutting-machine-gq40-flat-knife\/#primaryimage"},"thumbnailUrl":"https:\/\/www.hsymachinery.com\/wp-content\/uploads\/2025\/06\/Rebar-Cutting-Machine-GQ40-Flat-knife.jpg","datePublished":"2025-06-16T02:10:43+00:00","dateModified":"2025-06-25T12:14:34+00:00","description":"Exportn\u00ed \u0159ezac\u00ed stroj GQ40 na armatury s ploch\u00fdm no\u017eem \u0159e\u017ee armatury o pr\u016fm\u011bru 6-28 mm rychle a \u010dist\u011b. Ide\u00e1ln\u00ed pro stavebnictv\u00ed a zpracov\u00e1n\u00ed oceli.","breadcrumb":{"@id":"https:\/\/www.hsymachinery.com\/product\/rebar-cutting-machine-gq40-flat-knife\/#breadcrumb"},"inLanguage":"cs","potentialAction":[{"@type":"ReadAction","target":["https:\/\/www.hsymachinery.com\/product\/rebar-cutting-machine-gq40-flat-knife\/"]}]},{"@type":"ImageObject","inLanguage":"cs","@id":"https:\/\/www.hsymachinery.com\/product\/rebar-cutting-machine-gq40-flat-knife\/#primaryimage","url":"https:\/\/www.hsymachinery.com\/wp-content\/uploads\/2025\/06\/Rebar-Cutting-Machine-GQ40-Flat-knife.jpg","contentUrl":"https:\/\/www.hsymachinery.com\/wp-content\/uploads\/2025\/06\/Rebar-Cutting-Machine-GQ40-Flat-knife.jpg","width":600,"height":600},{"@type":"BreadcrumbList","@id":"https:\/\/www.hsymachinery.com\/product\/rebar-cutting-machine-gq40-flat-knife\/#breadcrumb","itemListElement":[{"@type":"ListItem","position":1,"name":"home","item":"https:\/\/www.hsymachinery.com\/"},{"@type":"ListItem","position":2,"name":"products","item":"https:\/\/www.hsymachinery.com\/products\/"},{"@type":"ListItem","position":3,"name":"Rebar Cutting Machine GQ40 (Flat knife)"}]},{"@type":"WebSite","@id":"https:\/\/www.hsymachinery.com\/#website","url":"https:\/\/www.hsymachinery.com\/","name":"Stavebn\u00ed stroje HSY","description":"HSY Machinery - P\u0159edn\u00ed \u010d\u00ednsk\u00fd dodavatel stavebn\u00edch stroj\u016f, kter\u00fd nab\u00edz\u00ed \u0161irokou \u0161k\u00e1lu lehk\u00fdch stavebn\u00edch stroj\u016f. Mezi na\u0161e hlavn\u00ed produkty pat\u0159\u00ed \u0159eza\u010dka prut\u016f, oh\u00fdba\u010dka prut\u016f, oh\u00fdba\u010dka prut\u016f, obloukov\u00e1 oh\u00fdba\u010dka prut\u016f, rovna\u010dka prut\u016f, p\u011btihlav\u0148ov\u00e1 oh\u00fdba\u010dka prut\u016f, p\u011bchovac\u00ed kladivo, zhut\u0148ova\u010d desek, \u0159eza\u010dka betonu, motorov\u00e1 st\u011brka a dal\u0161\u00ed stavebn\u00ed stroje. Jsme vybaveni modern\u00edmi CNC stroji a prosazujeme p\u0159\u00edsn\u00e9 standardy kontroly kvality spolu s komplexn\u00edm poprodejn\u00edm servisem. Pokud m\u00e1te z\u00e1jem o na\u0161e v\u00fdrobky nebo slu\u017eby, srde\u010dn\u011b uv\u00edt\u00e1me va\u0161e dotazy prost\u0159ednictv\u00edm zpr\u00e1vy.","publisher":{"@id":"https:\/\/www.hsymachinery.com\/#organization"},"potentialAction":[{"@type":"SearchAction","target":{"@type":"EntryPoint","urlTemplate":"https:\/\/www.hsymachinery.com\/?s={search_term_string}"},"query-input":{"@type":"PropertyValueSpecification","valueRequired":true,"valueName":"search_term_string"}}],"inLanguage":"cs"},{"@type":"Organization","@id":"https:\/\/www.hsymachinery.com\/#organization","name":"Stavebn\u00ed stroje HSY","url":"https:\/\/www.hsymachinery.com\/","logo":{"@type":"ImageObject","inLanguage":"cs","@id":"https:\/\/www.hsymachinery.com\/#\/schema\/logo\/image\/","url":"https:\/\/www.hsymachinery.com\/wp-content\/uploads\/2025\/06\/cropped-HSY-machinery.png","contentUrl":"https:\/\/www.hsymachinery.com\/wp-content\/uploads\/2025\/06\/cropped-HSY-machinery.png","width":600,"height":240,"caption":"HSY Construction Machinery"},"image":{"@id":"https:\/\/www.hsymachinery.com\/#\/schema\/logo\/image\/"}}]}},"_links":{"self":[{"href":"https:\/\/www.hsymachinery.com\/cs\/wp-json\/wp\/v2\/product\/8892","targetHints":{"allow":["GET"]}}],"collection":[{"href":"https:\/\/www.hsymachinery.com\/cs\/wp-json\/wp\/v2\/product"}],"about":[{"href":"https:\/\/www.hsymachinery.com\/cs\/wp-json\/wp\/v2\/types\/product"}],"version-history":[{"count":10,"href":"https:\/\/www.hsymachinery.com\/cs\/wp-json\/wp\/v2\/product\/8892\/revisions"}],"predecessor-version":[{"id":9317,"href":"https:\/\/www.hsymachinery.com\/cs\/wp-json\/wp\/v2\/product\/8892\/revisions\/9317"}],"wp:featuredmedia":[{"embeddable":true,"href":"https:\/\/www.hsymachinery.com\/cs\/wp-json\/wp\/v2\/media\/8908"}],"wp:attachment":[{"href":"https:\/\/www.hsymachinery.com\/cs\/wp-json\/wp\/v2\/media?parent=8892"}],"wp:term":[{"taxonomy":"product_brand","embeddable":true,"href":"https:\/\/www.hsymachinery.com\/cs\/wp-json\/wp\/v2\/product_brand?post=8892"},{"taxonomy":"product_cat","embeddable":true,"href":"https:\/\/www.hsymachinery.com\/cs\/wp-json\/wp\/v2\/product_cat?post=8892"},{"taxonomy":"product_tag","embeddable":true,"href":"https:\/\/www.hsymachinery.com\/cs\/wp-json\/wp\/v2\/product_tag?post=8892"}],"curies":[{"name":"wp","href":"https:\/\/api.w.org\/{rel}","templated":true}]}}